{"id":38034,"date":"2025-01-26T02:05:15","date_gmt":"2025-01-26T02:05:15","guid":{"rendered":"https:\/\/nexgendecors.com\/product\/71-dining-table-for-6-8-seat-modern-metal-macaron-design-dining-room-table-with-cone-base-pandora-sintered-stone-marble-dining-table-only-table1711876968776\/"},"modified":"2025-04-06T07:52:05","modified_gmt":"2025-04-06T07:52:05","slug":"table-a-manger-71-pour-6-a-8-personnes-design-moderne-en-metal-macaron-avec-base-conique-table-a-manger-en-marbre-fritte-pandora-uniquement-table-1711876968776","status":"publish","type":"product","link":"https:\/\/nexgendecors.com\/fr\/product\/table-a-manger-71-pour-6-a-8-personnes-design-moderne-en-metal-macaron-avec-base-conique-table-a-manger-en-marbre-fritte-pandora-uniquement-table-1711876968776\/","title":{"rendered":"Table \u00e0 manger Pandora moderne au design Macaron pour 6 \u00e0 8 personnes"},"content":{"rendered":"<p data-mce-fragment=\"1\"><strong data-mce-fragment=\"1\">Rehaussez votre exp\u00e9rience culinaire avec notre table \u00e0 manger artistique\u00a0!<\/strong> \ud83c\udf7d\ufe0f\u2728<\/p>\n<ul data-mce-fragment=\"1\">\n<li data-mce-fragment=\"1\">\n<p data-mce-fragment=\"1\"><strong data-mce-fragment=\"1\">Beaut\u00e9 artistique<\/strong>Cette table \u00e0 manger n&#039;est pas un simple meuble\u00a0; c&#039;est une \u0153uvre d&#039;art exquise qui embellit et anime votre salle \u00e0 manger. Son style et sa texture uniques la rendent irr\u00e9sistible, rehaussant le confort et le charme de votre int\u00e9rieur\u00a0! \ud83c\udfa8<\/p>\n<\/li>\n<li data-mce-fragment=\"1\">\n<p data-mce-fragment=\"1\"><strong data-mce-fragment=\"1\">Entretien facile<\/strong>Gr\u00e2ce \u00e0 sa surface lisse et imperm\u00e9able, le nettoyage est un jeu d&#039;enfant ! Essuyez simplement les taches et votre table \u00e0 manger sera comme neuve. \ud83e\uddfc<\/p>\n<\/li>\n<li data-mce-fragment=\"1\">\n<p data-mce-fragment=\"1\"><strong data-mce-fragment=\"1\">Information<\/strong>:<\/p>\n<ul data-mce-fragment=\"1\">\n<li data-mce-fragment=\"1\">\n<strong data-mce-fragment=\"1\">Mat\u00e9riel<\/strong>: Pierre reconstitu\u00e9e + Acier au carbone + Cuir \u00e0 l&#039;ext\u00e9rieur<\/li>\n<li data-mce-fragment=\"1\">\n<strong data-mce-fragment=\"1\">Couleur<\/strong>: Plateau de table blanc marron + base bleu or rose<\/li>\n<li data-mce-fragment=\"1\">\n<strong data-mce-fragment=\"1\">Style<\/strong>: Moderne \/ Glamour \/ Cr\u00e9atif<\/li>\n<li data-mce-fragment=\"1\">\n<strong data-mce-fragment=\"1\">Capacit\u00e9<\/strong>: 6-8 personnes<\/li>\n<li data-mce-fragment=\"1\">\n<strong data-mce-fragment=\"1\">Dimensions<\/strong>:<\/p>\n<ul data-mce-fragment=\"1\">\n<li data-mce-fragment=\"1\">\n<strong data-mce-fragment=\"1\">Tableau<\/strong>: 71 po L x 35,5 po l x 29,5 po H<\/li>\n<li data-mce-fragment=\"1\">\n<strong data-mce-fragment=\"1\">\u00c9paisseur du plateau de table<\/strong>: 12 mm<\/li>\n<\/ul>\n<\/li>\n<li data-mce-fragment=\"1\">\n<strong data-mce-fragment=\"1\">D\u00e9tails du forfait<\/strong>:<\/p>\n<ul data-mce-fragment=\"1\">\n<li data-mce-fragment=\"1\">\n<strong data-mce-fragment=\"1\">Tabletop<\/strong>: 1 bo\u00eete (76 po L x 40,5 po l x 11 po H, poids : 233,73 lb)<\/li>\n<li data-mce-fragment=\"1\">\n<strong data-mce-fragment=\"1\">Base de table<\/strong>: 1 bo\u00eete (32,28 po L x 23,23 po l x 22 po H, poids : 47,41 lb)<\/li>\n<\/ul>\n<\/li>\n<li data-mce-fragment=\"1\">\n<strong data-mce-fragment=\"1\">Poids<\/strong>:<\/p>\n<ul data-mce-fragment=\"1\">\n<li data-mce-fragment=\"1\">\n<strong data-mce-fragment=\"1\">Poids net<\/strong>: 250 lb<\/li>\n<li data-mce-fragment=\"1\">\n<strong data-mce-fragment=\"1\">Capacit\u00e9 de poids<\/strong>: 660 livres<\/li>\n<\/ul>\n<\/li>\n<\/ul>\n<\/li>\n<li data-mce-fragment=\"1\">\n<p data-mce-fragment=\"1\"><strong data-mce-fragment=\"1\">Ce qui est inclus<\/strong>:<\/p>\n<ul data-mce-fragment=\"1\">\n<li data-mce-fragment=\"1\">\n<strong data-mce-fragment=\"1\">Tableau<\/strong>: 1 pi\u00e8ce<\/li>\n<li data-mce-fragment=\"1\">\n<strong data-mce-fragment=\"1\">Outil d&#039;assemblage<\/strong>: 1 ensemble<\/li>\n<li data-mce-fragment=\"1\">\n<strong data-mce-fragment=\"1\">Manuel d&#039;instructions<\/strong>: 1 pi\u00e8ce<\/li>\n<\/ul>\n<\/li>\n<li data-mce-fragment=\"1\">\n<p data-mce-fragment=\"1\"><strong data-mce-fragment=\"1\">Conseils chaleureux<\/strong>: 1\ufe0f\u20e3 <strong data-mce-fragment=\"1\">Assurance qualit\u00e9<\/strong>: Si vos articles arrivent endommag\u00e9s ou pr\u00e9sentent des probl\u00e8mes, contactez-nous imm\u00e9diatement pour un \u00e9change ou un remboursement gratuit. 2\ufe0f\u20e3 <strong data-mce-fragment=\"1\">Guide d&#039;installation<\/strong>Une installation incorrecte peut entra\u00eener une instabilit\u00e9. Veuillez lire attentivement les instructions ou contacter notre service client pour obtenir des conseils. <strong data-mce-fragment=\"1\">Pr\u00e9cision des couleurs<\/strong>Les images num\u00e9riques que nous affichons sont fid\u00e8les aux couleurs. Cependant, en raison des diff\u00e9rences entre les \u00e9crans, les couleurs r\u00e9elles peuvent varier.<\/p>\n<\/li>\n<\/ul>\n<p data-mce-fragment=\"1\">Transformez votre salle \u00e0 manger en un havre de paix luxueux gr\u00e2ce \u00e0 notre table \u00e0 manger artistique\u00a0! Cr\u00e9ez des souvenirs inoubliables et savourez de d\u00e9licieux repas avec vos proches. \ud83c\udf1f\ud83c\udf77<\/p>\n<div><\/div>","protected":false},"excerpt":{"rendered":"<p>Am\u00e9liorez votre exp\u00e9rience culinaire avec notre table \u00e0 manger artistique ! \ud83c\udf7d\ufe0f\u2728 Beaut\u00e9 artistique : Cette table \u00e0 manger n&#039;est pas seulement un meuble ; c&#039;est<\/p>","protected":false},"featured_media":89824,"comment_status":"open","ping_status":"closed","template":"","meta":[],"product_brand":[],"product_cat":[30825,30826,30827,30971,32],"product_tag":[],"class_list":{"0":"post-38034","1":"product","2":"type-product","3":"status-publish","4":"has-post-thumbnail","6":"product_cat-dining-chairs","7":"product_cat-dining-room","8":"product_cat-dining-tables","9":"product_cat-hp","10":"product_cat-residential-furniture","12":"first","13":"instock","14":"sale","15":"taxable","16":"shipping-taxable","17":"purchasable","18":"product-type-variable"},"_links":{"self":[{"href":"https:\/\/nexgendecors.com\/fr\/wp-json\/wp\/v2\/product\/38034","targetHints":{"allow":["GET"]}}],"collection":[{"href":"https:\/\/nexgendecors.com\/fr\/wp-json\/wp\/v2\/product"}],"about":[{"href":"https:\/\/nexgendecors.com\/fr\/wp-json\/wp\/v2\/types\/product"}],"replies":[{"embeddable":true,"href":"https:\/\/nexgendecors.com\/fr\/wp-json\/wp\/v2\/comments?post=38034"}],"version-history":[{"count":0,"href":"https:\/\/nexgendecors.com\/fr\/wp-json\/wp\/v2\/product\/38034\/revisions"}],"wp:featuredmedia":[{"embeddable":true,"href":"https:\/\/nexgendecors.com\/fr\/wp-json\/wp\/v2\/media\/89824"}],"wp:attachment":[{"href":"https:\/\/nexgendecors.com\/fr\/wp-json\/wp\/v2\/media?parent=38034"}],"wp:term":[{"taxonomy":"product_brand","embeddable":true,"href":"https:\/\/nexgendecors.com\/fr\/wp-json\/wp\/v2\/product_brand?post=38034"},{"taxonomy":"product_cat","embeddable":true,"href":"https:\/\/nexgendecors.com\/fr\/wp-json\/wp\/v2\/product_cat?post=38034"},{"taxonomy":"product_tag","embeddable":true,"href":"https:\/\/nexgendecors.com\/fr\/wp-json\/wp\/v2\/product_tag?post=38034"}],"curies":[{"name":"wp","href":"https:\/\/api.w.org\/{rel}","templated":true}]}}