{"id":38038,"date":"2025-01-26T02:05:17","date_gmt":"2025-01-26T02:05:17","guid":{"rendered":"https:\/\/nexgendecors.com\/product\/71-modern-rectangle-dining-table-for-6-8-seat-marble-dining-table-with-sintered-stone-pandora-tabletop-and-l-shape-stainless-steel-stone-slate-base-only-table1711876968719\/"},"modified":"2025-04-06T07:52:09","modified_gmt":"2025-04-06T07:52:09","slug":"71-modern-rectangle-dining-table-for-6-8-seat-marble-dining-table-with-sintered-stone-pandora-tabletop-and-l-shape-stainless-steel-stone-slate-base-only-table1711876968719","status":"publish","type":"product","link":"https:\/\/nexgendecors.com\/fr\/product\/71-modern-rectangle-dining-table-for-6-8-seat-marble-dining-table-with-sintered-stone-pandora-tabletop-and-l-shape-stainless-steel-stone-slate-base-only-table1711876968719\/","title":{"rendered":"Table \u00e0 manger moderne en marbre pour 6 \u00e0 8 personnes avec base en acier inoxydable"},"content":{"rendered":"<p data-mce-fragment=\"1\"><strong data-mce-fragment=\"1\">Experience Artistic Elegance with Our Dining Table!<\/strong> \ud83c\udf7d\ufe0f\u2728<\/p>\n<ul data-mce-fragment=\"1\">\n<li data-mce-fragment=\"1\">\n<p data-mce-fragment=\"1\"><strong data-mce-fragment=\"1\">Artistic Masterpiece<\/strong>: Our dining table is more than just furniture\u2014it&#8217;s an exquisite artwork that adds beauty and vibrancy to your dining space. Its unique style and texture create an irresistible allure, making every meal a luxurious experience! \ud83c\udfa8<\/p>\n<\/li>\n<li data-mce-fragment=\"1\">\n<p data-mce-fragment=\"1\"><strong data-mce-fragment=\"1\">Entretien facile<\/strong>: Featuring a smooth and waterproof surface, cleaning is effortless! Simply wipe off any stains, keeping your dining table looking pristine and beautiful. \ud83e\uddfc<\/p>\n<\/li>\n<li data-mce-fragment=\"1\">\n<p data-mce-fragment=\"1\"><strong data-mce-fragment=\"1\">Information<\/strong>:<\/p>\n<ul data-mce-fragment=\"1\">\n<li data-mce-fragment=\"1\">\n<strong data-mce-fragment=\"1\">Mat\u00e9riel<\/strong>: Sintered stone + Carbon Steel<\/li>\n<li data-mce-fragment=\"1\">\n<strong data-mce-fragment=\"1\">Couleur<\/strong>: White Brown table top + White Gold base<\/li>\n<li data-mce-fragment=\"1\">\n<strong data-mce-fragment=\"1\">Style<\/strong>: Moderne \/ Glamour \/ Cr\u00e9atif<\/li>\n<li data-mce-fragment=\"1\">\n<strong data-mce-fragment=\"1\">Capacit\u00e9<\/strong>: 6-8 personnes<\/li>\n<li data-mce-fragment=\"1\">\n<strong data-mce-fragment=\"1\">Dimensions<\/strong>:<\/p>\n<ul data-mce-fragment=\"1\">\n<li data-mce-fragment=\"1\">\n<strong data-mce-fragment=\"1\">Tableau<\/strong>: 71 po L x 35,5 po l x 29,5 po H<\/li>\n<li data-mce-fragment=\"1\">\n<strong data-mce-fragment=\"1\">\u00c9paisseur du plateau de table<\/strong>: 12 mm<\/li>\n<\/ul>\n<\/li>\n<li data-mce-fragment=\"1\">\n<strong data-mce-fragment=\"1\">D\u00e9tails du forfait<\/strong>:<\/p>\n<ul data-mce-fragment=\"1\">\n<li data-mce-fragment=\"1\">\n<strong data-mce-fragment=\"1\">Tabletop<\/strong>: 1 box (88.19\u201dL x 40.5\u201dW x 10\u201dH, Weight: 264.55lbs)<\/li>\n<li data-mce-fragment=\"1\">\n<strong data-mce-fragment=\"1\">Base de table<\/strong>: 1 box (40.94\u201dL x 37.79\u201dW x 17.32\u201dH, Weight: 99lbs)<\/li>\n<\/ul>\n<\/li>\n<li data-mce-fragment=\"1\">\n<strong data-mce-fragment=\"1\">Poids<\/strong>:<\/p>\n<ul data-mce-fragment=\"1\">\n<li data-mce-fragment=\"1\">\n<strong data-mce-fragment=\"1\">Poids net<\/strong>: 300lbs<\/li>\n<li data-mce-fragment=\"1\">\n<strong data-mce-fragment=\"1\">Capacit\u00e9 de poids<\/strong>: 660 livres<\/li>\n<\/ul>\n<\/li>\n<\/ul>\n<\/li>\n<li data-mce-fragment=\"1\">\n<p data-mce-fragment=\"1\"><strong data-mce-fragment=\"1\">Ce qui est inclus<\/strong>:<\/p>\n<ul data-mce-fragment=\"1\">\n<li data-mce-fragment=\"1\">\n<strong data-mce-fragment=\"1\">Tableau<\/strong>: 1 pi\u00e8ce<\/li>\n<li data-mce-fragment=\"1\">\n<strong data-mce-fragment=\"1\">Outil d&#039;assemblage<\/strong>: 1 ensemble<\/li>\n<li data-mce-fragment=\"1\">\n<strong data-mce-fragment=\"1\">Manuel d&#039;instructions<\/strong>: 1 pi\u00e8ce<\/li>\n<\/ul>\n<\/li>\n<li data-mce-fragment=\"1\">\n<p data-mce-fragment=\"1\"><strong data-mce-fragment=\"1\">Conseils chaleureux<\/strong>: 1\ufe0f\u20e3 <strong data-mce-fragment=\"1\">Assurance qualit\u00e9<\/strong>: Si vos articles arrivent endommag\u00e9s ou pr\u00e9sentent des probl\u00e8mes, contactez-nous imm\u00e9diatement pour un \u00e9change ou un remboursement gratuit. 2\ufe0f\u20e3 <strong data-mce-fragment=\"1\">Guide d&#039;installation<\/strong>Une installation incorrecte peut entra\u00eener une instabilit\u00e9. Veuillez lire attentivement les instructions ou contacter notre service client pour obtenir des conseils. <strong data-mce-fragment=\"1\">Pr\u00e9cision des couleurs<\/strong>: We strive for color accuracy in our digital images. However, due to monitor differences, actual colors may vary.<\/p>\n<\/li>\n<\/ul>\n<p data-mce-fragment=\"1\">Elevate your dining experience and transform your dining space into a luxurious retreat with our artistic dining table! Create unforgettable memories and enjoy delightful meals with your loved ones. \ud83c\udf1f\ud83c\udf77<\/p>\n<div><\/div>","protected":false},"excerpt":{"rendered":"<p>D\u00e9couvrez l&#039;\u00e9l\u00e9gance artistique avec notre table \u00e0 manger ! \ud83c\udf7d\ufe0f\u2728 Chef-d&#039;\u0153uvre artistique : Notre table \u00e0 manger est plus qu&#039;un simple meuble, c&#039;est une pi\u00e8ce exquise<\/p>","protected":false},"featured_media":89832,"comment_status":"open","ping_status":"closed","template":"","meta":[],"product_brand":[],"product_cat":[30825,30826,30827,30971,32],"product_tag":[],"class_list":{"0":"post-38038","1":"product","2":"type-product","3":"status-publish","4":"has-post-thumbnail","6":"product_cat-dining-chairs","7":"product_cat-dining-room","8":"product_cat-dining-tables","9":"product_cat-hp","10":"product_cat-residential-furniture","12":"first","13":"outofstock","14":"sale","15":"taxable","16":"shipping-taxable","17":"purchasable","18":"product-type-variable"},"_links":{"self":[{"href":"https:\/\/nexgendecors.com\/fr\/wp-json\/wp\/v2\/product\/38038","targetHints":{"allow":["GET"]}}],"collection":[{"href":"https:\/\/nexgendecors.com\/fr\/wp-json\/wp\/v2\/product"}],"about":[{"href":"https:\/\/nexgendecors.com\/fr\/wp-json\/wp\/v2\/types\/product"}],"replies":[{"embeddable":true,"href":"https:\/\/nexgendecors.com\/fr\/wp-json\/wp\/v2\/comments?post=38038"}],"version-history":[{"count":0,"href":"https:\/\/nexgendecors.com\/fr\/wp-json\/wp\/v2\/product\/38038\/revisions"}],"wp:featuredmedia":[{"embeddable":true,"href":"https:\/\/nexgendecors.com\/fr\/wp-json\/wp\/v2\/media\/89832"}],"wp:attachment":[{"href":"https:\/\/nexgendecors.com\/fr\/wp-json\/wp\/v2\/media?parent=38038"}],"wp:term":[{"taxonomy":"product_brand","embeddable":true,"href":"https:\/\/nexgendecors.com\/fr\/wp-json\/wp\/v2\/product_brand?post=38038"},{"taxonomy":"product_cat","embeddable":true,"href":"https:\/\/nexgendecors.com\/fr\/wp-json\/wp\/v2\/product_cat?post=38038"},{"taxonomy":"product_tag","embeddable":true,"href":"https:\/\/nexgendecors.com\/fr\/wp-json\/wp\/v2\/product_tag?post=38038"}],"curies":[{"name":"wp","href":"https:\/\/api.w.org\/{rel}","templated":true}]}}