{"id":38052,"date":"2025-01-26T02:05:20","date_gmt":"2025-01-26T02:05:20","guid":{"rendered":"https:\/\/nexgendecors.com\/product\/78-velvet-sofa-couch-modern-tufted-comfy-3-seater-sofa-couch-with-2-pillows-for-living-room-bedroom-apartment1711879083895\/"},"modified":"2025-04-06T07:52:17","modified_gmt":"2025-04-06T07:52:17","slug":"78-velvet-sofa-couch-modern-tufted-comfy-3-seater-sofa-couch-with-2-pillows-for-living-room-bedroom-apartment1711879083895","status":"publish","type":"product","link":"https:\/\/nexgendecors.com\/fr\/product\/78-velvet-sofa-couch-modern-tufted-comfy-3-seater-sofa-couch-with-2-pillows-for-living-room-bedroom-apartment1711879083895\/","title":{"rendered":"Canap\u00e9-lit moderne en velours capitonn\u00e9 de 78 pouces avec coussins"},"content":{"rendered":"<p data-mce-fragment=\"1\">\ud83d\udecb\ufe0f <strong data-mce-fragment=\"1\">Elegant &#038; Luxurious Velvet Sectional Sofa<\/strong>:<\/p>\n<ul data-mce-fragment=\"1\">\n<li data-mce-fragment=\"1\">Vertical channel tufting creates a modern, streamlined silhouette \ud83c\udf1f<\/li>\n<li data-mce-fragment=\"1\">Luxurious nailhead trim and polished gold stainless steel base elevate your home&#8217;s ambiance \u2728<\/li>\n<\/ul>\n<p data-mce-fragment=\"1\">\ud83e\ude91 <strong data-mce-fragment=\"1\">Softness Meets Comfort<\/strong>:<\/p>\n<ul data-mce-fragment=\"1\">\n<li data-mce-fragment=\"1\">Crafted with premium velvet upholstery for a smooth, super-soft touch \ud83c\udf51<\/li>\n<li data-mce-fragment=\"1\">High-density foam-filled seat cushion and backrest ensure an ultra-comfortable seating experience \ud83d\udecb\ufe0f<\/li>\n<\/ul>\n<p data-mce-fragment=\"1\">\ud83d\udcaa <strong data-mce-fragment=\"1\">Stability &#038; Durability<\/strong>:<\/p>\n<ul data-mce-fragment=\"1\">\n<li data-mce-fragment=\"1\">Built with a sturdy solid wood frame for maximum support \ud83c\udf33<\/li>\n<li data-mce-fragment=\"1\">Each seat can hold up to 300 pounds, promising long-lasting durability \ud83d\udcaa<\/li>\n<\/ul>\n<p data-mce-fragment=\"1\">\ud83c\udf89 <strong data-mce-fragment=\"1\">Versatile &#038; Stylish<\/strong>:<\/p>\n<ul data-mce-fragment=\"1\">\n<li data-mce-fragment=\"1\">Perfect for living rooms, bedrooms, apartments, offices, and more \ud83c\udfe0<\/li>\n<li data-mce-fragment=\"1\">Provides a cozy and pleasant seating area for you and your guests \ud83c\udf8a<\/li>\n<\/ul>\n<p data-mce-fragment=\"1\">\ud83d\udd27 <strong data-mce-fragment=\"1\">Simple Assembly<\/strong>:<\/p>\n<ul data-mce-fragment=\"1\">\n<li data-mce-fragment=\"1\">Shipped in multiple packages with clear instructions and tools included \ud83d\udce6<\/li>\n<li data-mce-fragment=\"1\">Easy splicing required to assemble and enjoy your new sofa \ud83d\udee0\ufe0f<\/li>\n<\/ul>\n<div><\/div>","protected":false},"excerpt":{"rendered":"<p>\ud83d\udecb\ufe0f Canap\u00e9 sectionnel en velours \u00e9l\u00e9gant et luxueux : le capitonnage \u00e0 canaux verticaux cr\u00e9e une silhouette moderne et \u00e9pur\u00e9e \ud83c\udf1f Garniture luxueuse \u00e0 t\u00eate de clou et<\/p>","protected":false},"featured_media":89847,"comment_status":"open","ping_status":"closed","template":"","meta":[],"product_brand":[],"product_cat":[30971,30846,32,30873],"product_tag":[],"class_list":{"0":"post-38052","1":"product","2":"type-product","3":"status-publish","4":"has-post-thumbnail","6":"product_cat-hp","7":"product_cat-living-room","8":"product_cat-residential-furniture","9":"product_cat-sofa","11":"first","12":"instock","13":"taxable","14":"shipping-taxable","15":"purchasable","16":"product-type-variable"},"_links":{"self":[{"href":"https:\/\/nexgendecors.com\/fr\/wp-json\/wp\/v2\/product\/38052","targetHints":{"allow":["GET"]}}],"collection":[{"href":"https:\/\/nexgendecors.com\/fr\/wp-json\/wp\/v2\/product"}],"about":[{"href":"https:\/\/nexgendecors.com\/fr\/wp-json\/wp\/v2\/types\/product"}],"replies":[{"embeddable":true,"href":"https:\/\/nexgendecors.com\/fr\/wp-json\/wp\/v2\/comments?post=38052"}],"version-history":[{"count":0,"href":"https:\/\/nexgendecors.com\/fr\/wp-json\/wp\/v2\/product\/38052\/revisions"}],"wp:featuredmedia":[{"embeddable":true,"href":"https:\/\/nexgendecors.com\/fr\/wp-json\/wp\/v2\/media\/89847"}],"wp:attachment":[{"href":"https:\/\/nexgendecors.com\/fr\/wp-json\/wp\/v2\/media?parent=38052"}],"wp:term":[{"taxonomy":"product_brand","embeddable":true,"href":"https:\/\/nexgendecors.com\/fr\/wp-json\/wp\/v2\/product_brand?post=38052"},{"taxonomy":"product_cat","embeddable":true,"href":"https:\/\/nexgendecors.com\/fr\/wp-json\/wp\/v2\/product_cat?post=38052"},{"taxonomy":"product_tag","embeddable":true,"href":"https:\/\/nexgendecors.com\/fr\/wp-json\/wp\/v2\/product_tag?post=38052"}],"curies":[{"name":"wp","href":"https:\/\/api.w.org\/{rel}","templated":true}]}}