{"id":38716,"date":"2025-01-26T02:06:23","date_gmt":"2025-01-26T02:06:23","guid":{"rendered":"https:\/\/nexgendecors.com\/product\/ins-pleated-floor-lamp-nordic-living-room-sofa-lamp-light-luxury-creative-wireless-charging-study-reading-vertical-table-lamp\/"},"modified":"2025-04-06T07:53:10","modified_gmt":"2025-04-06T07:53:10","slug":"lampe-de-sol-plissee-nordique-pour-salon-canape-lampe-de-table-verticale-de-luxe-creative-chargement-sans-fil-pour-etude-et-lecture","status":"publish","type":"product","link":"https:\/\/nexgendecors.com\/fr\/product\/lampe-de-sol-plissee-nordique-pour-salon-canape-lampe-de-table-verticale-de-luxe-creative-chargement-sans-fil-pour-etude-et-lecture\/","title":{"rendered":"Lampadaire en bois de style nordique \u2013 Design et caract\u00e9ristiques artistiques"},"content":{"rendered":"<p><strong>Lampadaire artistique nordique en bois\u00a0: une fusion de style et de fonctionnalit\u00e9<\/strong><\/p>\n<p>Transformez votre espace de vie avec le lampadaire en bois Artistic Nordic, o\u00f9 le design moderne rencontre l&#039;\u00e9l\u00e9gance naturelle.<\/p>\n<p><strong>Design \u00e9l\u00e9gant :<\/strong><\/p>\n<ul>\n<li>Embellissez votre maison avec ce lampadaire magnifiquement con\u00e7u, dot\u00e9 d&#039;un design \u00e9l\u00e9gant et minimaliste qui incarne l&#039;esth\u00e9tique nordique.<\/li>\n<li>La construction en bois ajoute une touche de chaleur naturelle et de sophistication, ce qui en fait une pi\u00e8ce remarquable dans n&#039;importe quelle pi\u00e8ce.<\/li>\n<\/ul>\n<p><strong>Attrait artistique :<\/strong><\/p>\n<ul>\n<li>Ce lampadaire fait \u00e9galement office d&#039;\u0153uvre d&#039;art, avec ses lignes \u00e9pur\u00e9es et sa forme \u00e9l\u00e9gante ajoutant une touche unique \u00e0 votre d\u00e9cor.<\/li>\n<li>Parfait pour les salons, les chambres ou les espaces d&#039;\u00e9tude, il apporte \u00e0 la fois lumi\u00e8re et style \u00e0 votre espace.<\/li>\n<\/ul>\n<p><strong>Artisanat de haute qualit\u00e9 :<\/strong><\/p>\n<ul>\n<li>Fabriqu\u00e9e \u00e0 partir de bois de premi\u00e8re qualit\u00e9, cette lampe assure une durabilit\u00e9 et une apparence raffin\u00e9e qui r\u00e9siste \u00e0 l&#039;\u00e9preuve du temps.<\/li>\n<li>L&#039;attention port\u00e9e aux d\u00e9tails et le savoir-faire sup\u00e9rieur mettent en valeur le design artistique et fonctionnel de la lampe.<\/li>\n<\/ul>\n<p><strong>\u00c9clairage polyvalent :<\/strong><\/p>\n<ul>\n<li>La lumi\u00e8re douce et chaleureuse qu&#039;elle \u00e9met cr\u00e9e une atmosph\u00e8re chaleureuse et accueillante, parfaite pour lire ou se d\u00e9tendre.<\/li>\n<li>Sa conception r\u00e9glable vous permet de diriger la lumi\u00e8re l\u00e0 o\u00f9 vous en avez le plus besoin, offrant \u00e0 la fois un \u00e9clairage d&#039;ambiance et de travail.<\/li>\n<\/ul>\n<p><strong>Int\u00e9gration facile :<\/strong><\/p>\n<ul>\n<li>Avec son design intemporel, ce lampadaire s&#039;int\u00e8gre parfaitement dans diff\u00e9rents styles d&#039;int\u00e9rieur, du moderne au traditionnel.<\/li>\n<li>Facile \u00e0 assembler et \u00e0 placer, c&#039;est un ajout sans tracas \u00e0 n&#039;importe quelle pi\u00e8ce de votre maison.<\/li>\n<\/ul>\n<p>Sublimez votre espace avec le lampadaire en bois Artistic Nordic. D\u00e9couvrez-le d\u00e8s maintenant et offrez \u00e0 votre int\u00e9rieur un m\u00e9lange d&#039;\u00e9l\u00e9gance naturelle et de fonctionnalit\u00e9 moderne\u00a0!<\/p>\n<ul>\n<li>\n<strong>marque<\/strong>:autre\/autre<\/li>\n<li>\n<strong>mod\u00e8le<\/strong>:ODW13366<\/li>\n<li>\n<strong>style<\/strong>:Simple et moderne<\/li>\n<li>\n<strong>Type de contr\u00f4le<\/strong>:autre<\/li>\n<li>\n<strong>Mat\u00e9riau principal du corps de la lampe<\/strong>:fer<\/li>\n<li>\n<strong>Mat\u00e9riau principal de l&#039;abat-jour<\/strong>:tissu<\/li>\n<li>\n<strong>Tension<\/strong>:111V~240V (inclus)<\/li>\n<li>\n<strong>Type de commutateur<\/strong>:Bouton<\/li>\n<li>\n<strong>Que ce soit un contr\u00f4le intelligent<\/strong>:Non<\/li>\n<li>\n<strong>Mat\u00e9riau auxiliaire pour abat-jour<\/strong>:tissu<\/li>\n<li>\n<strong>Mat\u00e9riau auxiliaire du corps de la lampe<\/strong>:Pierre<\/li>\n<li>\n<strong>Espace applicable<\/strong>:Salon, salle de bain, cuisine, bureau, autre, salle \u00e0 manger, chambre<\/li>\n<li>\n<strong>Origine<\/strong>:Chine continentale<\/li>\n<li>\n<strong>P\u00e9riode de garantie<\/strong>:3 ans<\/li>\n<li>\n<strong>Zone d&#039;irradiation<\/strong>:3\u33a1-5\u33a1<\/li>\n<li>\n<strong>La lampe a-t-elle une source lumineuse ?<\/strong>:Oui<\/li>\n<li>\n<strong>type de source lumineuse<\/strong>:Lumi\u00e8res LED<\/li>\n<li>\n<strong>Nombre de sources lumineuses<\/strong>:1<\/li>\n<li>\n<strong>Technologie<\/strong>:Autre<\/li>\n<li>\n<strong>trier par couleur<\/strong>:Transfert d&#039;eau grain de bois + abat-jour beige A trois couleurs, spectre complet \/ IRC \u2265 97 \/ grain de bois + abat-jour blanc trois couleurs, transfert d&#039;eau grain de bois + abat-jour beige A [30 * 150CM] infini, transfert d&#039;eau grain de bois + abat-jour beige A [30 * 150CM] Tmall Elf, beige [28 * 157CM] lumi\u00e8re blanche, beige [28 * 157CM] lumi\u00e8re chaude, beige [28 * 157CM] trois couleurs, beige [28 * 157CM] infini, transfert d&#039;eau grain de bois + abat-jour bleu A, transfert d&#039;eau grain de bois + abat-jour bleu A [30 * 1 50CM] Wuji, impression par transfert d&#039;eau grain de bois original + abat-jour bleu type A [30 * 150CM] Tmall Genie, impression par transfert d&#039;eau grain de bois de noyer + abat-jour beige type A, impression par transfert d&#039;eau grain de bois de noyer + abat-jour beige type A [30 * 150CM] Wuji, Impression par transfert d&#039;eau grain de bois de noyer + abat-jour beige type A [30*150CM] Tmall Genie, impression par transfert d&#039;eau grain de bois de noyer + abat-jour bleu type A, impression par transfert d&#039;eau grain de bois de noyer + abat-jour bleu type A [30*150CM] Wuji, impression par transfert d&#039;eau grain de bois de noyer + abat-jour bleu type A [30*150CM] Tmall Genie, spectre complet\/IRC \u226597\/ grain de bois de noyer + abat-jour blanc trois couleurs, noir + or + couleur noyer B trois couleurs, noir + or + couleur noyer B chargement sans fil, noir + or + couleur noyer C trois couleurs, noir + or + couleur noyer C chargement sans fil, noir + or + couleur noyer D trois couleurs, noir + or + couleur noyer D chargement sans fil, noir + or + couleur noyer E trois couleurs, noir + or + couleur noyer E chargement sans fil, noir + or + couleur noyer F trois couleurs, noir + or + couleur noyer F chargement sans fil, noir + or + couleur noyer G trois couleurs, noir + or + couleur noyer G chargement sans fil, noir + or + couleur noyer H trois couleurs, noir + or + couleur noyer H chargement sans fil, noir + or + couleur noyer J trois couleurs<\/li>\n<li>\n<strong>Num\u00e9ro de certificat 3C<\/strong>:2020011001359713<\/li>\n<li>\n<strong><\/strong>:<\/li>\n<\/ul>\n<p><img><\/p>","protected":false},"excerpt":{"rendered":"<p>Lampadaire en bois Artistic Nordic : une fusion de style et de fonctionnalit\u00e9 Transformez votre espace de vie avec le lampadaire en bois Artistic Nordic<\/p>","protected":false},"featured_media":90461,"comment_status":"open","ping_status":"closed","template":"","meta":[],"product_brand":[],"product_cat":[30971,30864],"product_tag":[],"class_list":{"0":"post-38716","1":"product","2":"type-product","3":"status-publish","4":"has-post-thumbnail","6":"product_cat-hp","7":"product_cat-new-wholesales-lights","9":"first","10":"instock","11":"taxable","12":"shipping-taxable","13":"purchasable","14":"product-type-variable"},"_links":{"self":[{"href":"https:\/\/nexgendecors.com\/fr\/wp-json\/wp\/v2\/product\/38716","targetHints":{"allow":["GET"]}}],"collection":[{"href":"https:\/\/nexgendecors.com\/fr\/wp-json\/wp\/v2\/product"}],"about":[{"href":"https:\/\/nexgendecors.com\/fr\/wp-json\/wp\/v2\/types\/product"}],"replies":[{"embeddable":true,"href":"https:\/\/nexgendecors.com\/fr\/wp-json\/wp\/v2\/comments?post=38716"}],"version-history":[{"count":0,"href":"https:\/\/nexgendecors.com\/fr\/wp-json\/wp\/v2\/product\/38716\/revisions"}],"wp:featuredmedia":[{"embeddable":true,"href":"https:\/\/nexgendecors.com\/fr\/wp-json\/wp\/v2\/media\/90461"}],"wp:attachment":[{"href":"https:\/\/nexgendecors.com\/fr\/wp-json\/wp\/v2\/media?parent=38716"}],"wp:term":[{"taxonomy":"product_brand","embeddable":true,"href":"https:\/\/nexgendecors.com\/fr\/wp-json\/wp\/v2\/product_brand?post=38716"},{"taxonomy":"product_cat","embeddable":true,"href":"https:\/\/nexgendecors.com\/fr\/wp-json\/wp\/v2\/product_cat?post=38716"},{"taxonomy":"product_tag","embeddable":true,"href":"https:\/\/nexgendecors.com\/fr\/wp-json\/wp\/v2\/product_tag?post=38716"}],"curies":[{"name":"wp","href":"https:\/\/api.w.org\/{rel}","templated":true}]}}