{"id":38751,"date":"2025-01-26T02:06:25","date_gmt":"2025-01-26T02:06:25","guid":{"rendered":"https:\/\/nexgendecors.com\/product\/stair-chandelier-wabi-sabi-style-creative-lamp-designer-japanese-style-villa-lamp-model-room-homestay-duplex-loft-lamp\/"},"modified":"2025-04-06T07:53:14","modified_gmt":"2025-04-06T07:53:14","slug":"lustre-descalier-de-style-wabi-sabi-lampe-creative-de-designer-de-style-japonais-lampe-de-villa-modele-de-chambre-maison-dhotes-duplex-loft","status":"publish","type":"product","link":"https:\/\/nexgendecors.com\/fr\/product\/lustre-descalier-de-style-wabi-sabi-lampe-creative-de-designer-de-style-japonais-lampe-de-villa-modele-de-chambre-maison-dhotes-duplex-loft\/","title":{"rendered":"Lampe suspendue moderne \u00e0 t\u00eate unique \u2013 \u00c9l\u00e9gante et polyvalente"},"content":{"rendered":"<div class=\"flex max-w-full flex-col flex-grow\">\n<div class=\"min-h-[20px] text-message flex w-full flex-col items-end gap-2 whitespace-pre-wrap break-words [.text-message+&#038;]:mt-5 overflow-x-auto\" dir=\"auto\" data-message-id=\"a2f9b4a0-5cc3-4d75-adce-2d6e68c9d7cc\" data-message-author-role=\"assistant\">\n<div class=\"flex w-full flex-col gap-1 empty:hidden first:pt-[3px]\">\n<div class=\"markdown prose w-full break-words dark:prose-invert light\">\n<p><strong>Lampe suspendue \u00e0 t\u00eate unique\u00a0: l&#039;\u00e9l\u00e9gance minimaliste japonaise<\/strong><\/p>\n<p>Illuminez votre espace avec la suspension Base \u00e0 t\u00eate unique, con\u00e7ue pour apporter une touche de style minimaliste japonais \u00e0 n&#039;importe quelle pi\u00e8ce. Cette suspension chic est parfaite pour sublimer l&#039;ambiance de votre salon, bureau ou salle de conf\u00e9rence.<\/p>\n<p><strong>Minimalisme \u00e9l\u00e9gant :<\/strong><\/p>\n<ul>\n<li>Adoptez la simplicit\u00e9 avec cette suspension \u00e0 une t\u00eate au design \u00e9pur\u00e9 et moderne, symbole du minimalisme japonais. Son \u00e9l\u00e9gance discr\u00e8te s&#039;int\u00e8gre parfaitement \u00e0 tous les int\u00e9rieurs, apportant une touche raffin\u00e9e sans pour autant surcharger votre d\u00e9coration.<\/li>\n<li>L&#039;abat-jour en polypropyl\u00e8ne offre un look lisse et contemporain qui compl\u00e8te \u00e0 la fois les environnements modernes et traditionnels.<\/li>\n<\/ul>\n<p><strong>\u00c9clairage polyvalent :<\/strong><\/p>\n<ul>\n<li>Id\u00e9ale pour de nombreuses applications, de l&#039;\u00e9clairage de votre salon et bureau \u00e0 l&#039;\u00e9clairage cibl\u00e9 d&#039;une salle de conf\u00e9rence, cette lampe s&#039;int\u00e8gre parfaitement \u00e0 tous les espaces, alliant fonctionnalit\u00e9 et \u00e9l\u00e9gance.<\/li>\n<li>La suspension offre un \u00e9clairage ambiant chaleureux qui cr\u00e9e une atmosph\u00e8re chaleureuse, parfaite pour le travail et la d\u00e9tente.<\/li>\n<\/ul>\n<p><strong>Construction de haute qualit\u00e9 :<\/strong><\/p>\n<ul>\n<li>Fabriqu\u00e9 en polypropyl\u00e8ne r\u00e9sistant, cet abat-jour est con\u00e7u pour durer tout en conservant son esth\u00e9tique \u00e9l\u00e9gante. Sa construction robuste garantit des performances fiables, ce qui en fait un choix pratique pour divers environnements.<\/li>\n<li>Le design simple mais sophistiqu\u00e9 met en valeur la qualit\u00e9 de l&#039;artisanat, ajoutant une touche d&#039;\u00e9l\u00e9gance \u00e0 votre espace.<\/li>\n<\/ul>\n<p><strong>Installation facile :<\/strong><\/p>\n<ul>\n<li>Con\u00e7ue pour \u00eatre pratique, la suspension Base \u00e0 t\u00eate unique est facile \u00e0 installer et \u00e0 r\u00e9gler, vous permettant de la positionner parfaitement selon vos besoins. Son design minimaliste en fait un ajout polyvalent \u00e0 n&#039;importe quelle pi\u00e8ce.<\/li>\n<\/ul>\n<p><strong>Attrait moderne :<\/strong><\/p>\n<ul>\n<li>Cette suspension am\u00e9liore l&#039;esth\u00e9tique de votre espace avec son style d&#039;inspiration japonaise, offrant un m\u00e9lange de forme et de fonction qui compl\u00e8te une large gamme de designs d&#039;int\u00e9rieur.<\/li>\n<\/ul>\n<p>Sublimez votre salon, votre bureau ou votre salle de conf\u00e9rence avec la suspension Base \u00e0 t\u00eate unique. D\u00e9couvrez d\u00e8s maintenant l&#039;\u00e9l\u00e9gance raffin\u00e9e du minimalisme japonais chez vous ou au bureau\u00a0!<\/p>\n<\/p><\/div>\n<\/p><\/div>\n<\/p><\/div>\n<\/div>\n<ul>\n<li>\n<strong>marque<\/strong>:Z\u00e9 Wei<\/li>\n<li>\n<strong>mod\u00e8le<\/strong>:D2001<\/li>\n<li>\n<strong>style<\/strong>:Style wabi-sabi<\/li>\n<li>\n<strong>Type de contr\u00f4le<\/strong>:autre<\/li>\n<li>\n<strong>Type de lustre<\/strong>:Autre<\/li>\n<li>\n<strong>Mat\u00e9riau principal du corps de la lampe<\/strong>:autre<\/li>\n<li>\n<strong>Mat\u00e9riau principal de l&#039;abat-jour<\/strong>:autre<\/li>\n<li>\n<strong>Tension<\/strong>:111V~240V (inclus)<\/li>\n<li>\n<strong>Type intelligent<\/strong>:Pas de support pour smart<\/li>\n<li>\n<strong>Forme de la lampe<\/strong>:Lustre en forme de ligne de p\u00eache<\/li>\n<li>\n<strong>Que ce soit un contr\u00f4le intelligent<\/strong>:Non<\/li>\n<li>\n<strong>pouvoir<\/strong>:6 W (inclus) \u2013 10 W (inclus)<\/li>\n<li>\n<strong>Nombre de t\u00eates de lampe<\/strong>:1<\/li>\n<li>\n<strong>Espace applicable<\/strong>:LOFT\/Duplex Maison Duplex\/Escalier<\/li>\n<li>\n<strong>Service en ville<\/strong>:Livraison porte-\u00e0-porte logistique intra-urbaine<\/li>\n<li>\n<strong>Origine<\/strong>:Chine continentale<\/li>\n<li>\n<strong>P\u00e9riode de garantie<\/strong>:3 ans<\/li>\n<li>\n<strong>Zone d&#039;irradiation<\/strong>:10\u33a1-15\u33a1<\/li>\n<li>\n<strong>Temp\u00e9rature de couleur de la source lumineuse Valeur K<\/strong>:3000K<\/li>\n<li>\n<strong>La lampe a-t-elle une source lumineuse ?<\/strong>:Oui<\/li>\n<li>\n<strong>Temp\u00e9rature de couleur<\/strong>:Lumi\u00e8re chaude (2700K-3500K)<\/li>\n<li>\n<strong>type de source lumineuse<\/strong>:Lumi\u00e8res LED<\/li>\n<li>\n<strong>Nombre de sources lumineuses<\/strong>:1<\/li>\n<li>\n<strong>Technologie<\/strong>:Autre<\/li>\n<li>\n<strong>trier par couleur<\/strong>:Lustre combin\u00e9 \u00e0 4 t\u00eates de disque - ABCD - gris clair - longueur de ligne 3,5 m\u00e8tres, grand lustre combin\u00e9 \u00e0 6 t\u00eates de disque - ABCDCD - gris clair, lustre combin\u00e9 \u00e0 4 t\u00eates de disque - ABCD - beige - longueur de ligne 3,5 m\u00e8tres, grand lustre combin\u00e9 \u00e0 6 t\u00eates de disque - ABCDCD - beige, A - lustre simple - 25 cm - gris clair, B - lustre simple - 28 cm - gris clair, C - lustre simple - 30 cm - gris clair, D - lustre simple - 32 cm - gris clair, A - lustre simple - 25 cm - beige, B - lustre simple - 28 cm - beige, C - lustre simple - 30 cm - beige, D - lustre simple - 32 cm - beige, lustre combin\u00e9 \u00e0 4 t\u00eates de disque - ABCD - gris clair, lustre combin\u00e9 \u00e0 6 t\u00eates de disque - ABCDCD - gris clair, lustre combin\u00e9 \u00e0 4 t\u00eates de disque - ABCD - beige, lustre combin\u00e9 \u00e0 6 t\u00eates de disque lustre-ABCDCD-beige<\/li>\n<li>\n<strong>Num\u00e9ro de certificat 3C<\/strong>:2024371001000045<\/li>\n<\/ul>\n<p><img><\/p>","protected":false},"excerpt":{"rendered":"<p>Lampe suspendue \u00e0 t\u00eate unique Base : \u00e9l\u00e9gance minimaliste japonaise Illuminez votre espace avec la lampe suspendue \u00e0 t\u00eate unique Base, con\u00e7ue pour apporter une<\/p>","protected":false},"featured_media":90488,"comment_status":"open","ping_status":"closed","template":"","meta":[],"product_brand":[],"product_cat":[30971,30864],"product_tag":[],"class_list":{"0":"post-38751","1":"product","2":"type-product","3":"status-publish","4":"has-post-thumbnail","6":"product_cat-hp","7":"product_cat-new-wholesales-lights","9":"first","10":"instock","11":"taxable","12":"shipping-taxable","13":"purchasable","14":"product-type-variable"},"_links":{"self":[{"href":"https:\/\/nexgendecors.com\/fr\/wp-json\/wp\/v2\/product\/38751","targetHints":{"allow":["GET"]}}],"collection":[{"href":"https:\/\/nexgendecors.com\/fr\/wp-json\/wp\/v2\/product"}],"about":[{"href":"https:\/\/nexgendecors.com\/fr\/wp-json\/wp\/v2\/types\/product"}],"replies":[{"embeddable":true,"href":"https:\/\/nexgendecors.com\/fr\/wp-json\/wp\/v2\/comments?post=38751"}],"version-history":[{"count":0,"href":"https:\/\/nexgendecors.com\/fr\/wp-json\/wp\/v2\/product\/38751\/revisions"}],"wp:featuredmedia":[{"embeddable":true,"href":"https:\/\/nexgendecors.com\/fr\/wp-json\/wp\/v2\/media\/90488"}],"wp:attachment":[{"href":"https:\/\/nexgendecors.com\/fr\/wp-json\/wp\/v2\/media?parent=38751"}],"wp:term":[{"taxonomy":"product_brand","embeddable":true,"href":"https:\/\/nexgendecors.com\/fr\/wp-json\/wp\/v2\/product_brand?post=38751"},{"taxonomy":"product_cat","embeddable":true,"href":"https:\/\/nexgendecors.com\/fr\/wp-json\/wp\/v2\/product_cat?post=38751"},{"taxonomy":"product_tag","embeddable":true,"href":"https:\/\/nexgendecors.com\/fr\/wp-json\/wp\/v2\/product_tag?post=38751"}],"curies":[{"name":"wp","href":"https:\/\/api.w.org\/{rel}","templated":true}]}}