{"id":39661,"date":"2025-01-26T02:08:24","date_gmt":"2025-01-26T02:08:24","guid":{"rendered":"https:\/\/nexgendecors.com\/product\/moyu-cream-style-simple-modern-rock-plate-round-table-small-size-net-red-ins-terrazzo-dining-table-and-chair-combination\/"},"modified":"2025-04-06T07:55:46","modified_gmt":"2025-04-06T07:55:46","slug":"moyu-cream-style-simple-modern-rock-plate-round-table-small-size-net-red-ins-terrazzo-dining-table-and-chair-combination","status":"publish","type":"product","link":"https:\/\/nexgendecors.com\/fr\/product\/moyu-cream-style-simple-modern-rock-plate-round-table-small-size-net-red-ins-terrazzo-dining-table-and-chair-combination\/","title":{"rendered":"Ensemble de table \u00e0 manger en pierre de style cr\u00e8me \u2013 Design \u00e9l\u00e9gant et moderne"},"content":{"rendered":"<div class=\"shopify-block shopify-app-block\" id=\"shopify-block-easy_tabs_product_tabs_easytabs_block_product_widget_YFfdCn\">\n<div data-et-settings-multiw=\"0\" data-et-settings-placement=\"\" data-et-block-type=\"section\" data-et-type=\"product\" data-block-id=\"easy_tabs_product_tabs_easytabs_block_product_widget_YFfdCn\" class=\"easytabs-block-container\">\n<div data-et-tabs-width=\"516\" id=\"1721333082807\" data-et-rs=\"\" data-et-ao=\"0\" data-et-wt=\"0\" data-et-flx=\"1\" data-et-adv=\"0\" data-et-amp=\"0\" data-et-sta=\"1\" data-et-cbr=\"0\" data-et-cbw=\"3\" data-et-min-width=\"0\" data-et-auto-accordion=\"1\" class=\"easytabs-container tab-widget-easy_tabs_product_tabs_easytabs_block_product_widget_YFfdCn easytabs-extension-container tab-widget-1721333082807 easytabs-inited easytabs-flexible\">\n<div class=\"easytabs-holder\">\n<div role=\"tablist\" class=\"easytabs-contents\">\n<div data-et-handle=\"tabs-description\" data-et-marker=\"tabs-kjell-cream-sintered-stone-dining-table-set-2\" class=\"easytabs-content-item easytabs-active\">\n<div aria-hidden=\"false\" aria-expanded=\"true\" aria-labelledby=\"easytabs-slide-label-1721333082807-0\" role=\"tabpanel\" class=\"easytabs-content-holder\">\n<p><strong>\u2728 Elevate Your Space with Our Cream Sintered Stone Dining Table Set \u2728<\/strong><\/p>\n<p>Perfect for cozy apartments and stylish, influencer-inspired interiors, this sleek dining table features a sophisticated slate surface. Paired with elegant matching chairs, it offers a chic, contemporary dining experience. Embrace the terrazzo-inspired trend and enhance your dining area with this modern, stylish set. \ud83c\udf7d\ufe0f<\/p>\n<p><strong>Cream Stone Dining Table:<\/strong><\/p>\n<ul>\n<li>\n<strong>Table Top:<\/strong> Terrazzo with a 15mm Multi-Layer Solid Wood Support Board \ud83c\udfdb\ufe0f<\/li>\n<li>\n<strong>Frame:<\/strong> Environmentally Friendly Water-Based Paint on White Ash Wood \ud83c\udf3f<\/li>\n<\/ul>\n<p><strong>Cream Style Chair:<\/strong><\/p>\n<ul>\n<li>\n<strong>Fabric:<\/strong> Premium Lamb Fleece \ud83d\udc11<\/li>\n<li>\n<strong>Seater Filling:<\/strong> Silk Cotton + Foam \ud83c\udf38<\/li>\n<li>\n<strong>Frame:<\/strong> High-Quality Steel Pipe with Integrated Welding and High-Temperature Electrostatic Painting \ud83d\udd29<\/li>\n<li>\n<strong>Seat and Backrest Base:<\/strong> Multi-Layer Solid Wood Board<\/li>\n<\/ul>\n<\/p><\/div>\n<\/p><\/div>\n<div data-et-handle=\"tabs-material\" data-et-marker=\"tabs-kjell-cream-sintered-stone-dining-table-set-3\" class=\"easytabs-content-item\"><\/div>\n<div data-et-handle=\"tabs-dimension\" data-et-marker=\"tabs-kjell-cream-sintered-stone-dining-table-set-4\" class=\"easytabs-content-item\"><\/div>\n<div data-et-handle=\"tabs-delivery\" data-et-marker=\"tabs-kjell-cream-sintered-stone-dining-table-set-s0\" class=\"easytabs-content-item easytabs-content-item-static\"><\/div>\n<\/p><\/div>\n<div class=\"easytabs-undertabs-holder\"><\/div>\n<\/p><\/div>\n<\/p><\/div>\n<\/p><\/div>\n<\/div>\n<ul>\n<li>\n<strong>style<\/strong>:Moderne et simple<\/li>\n<li>\n<strong>Assembler<\/strong>:Oui<\/li>\n<li>\n<strong>La pr\u00e9vente est-elle disponible ?<\/strong>:Non<\/li>\n<li>\n<strong>Mat\u00e9riau de finition<\/strong>:Panneau de roche<\/li>\n<li>\n<strong>S&#039;il dispose d&#039;une fonction de cuisson \u00e0 induction<\/strong>:Non<\/li>\n<li>\n<strong>volume du colis<\/strong>:1<\/li>\n<li>\n<strong>forme<\/strong>:Rond<\/li>\n<li>\n<strong>Nombre de couches<\/strong>:1 histoire<\/li>\n<li>\n<strong>Faut-il apporter une chaise ou un tabouret ?<\/strong>:Non<\/li>\n<li>\n<strong>Structure du meuble<\/strong>:Structure de soutien<\/li>\n<li>\n<strong>Y a-t-il une armoire ?<\/strong>:Non<\/li>\n<li>\n<strong>Type d&#039;emballage<\/strong>:Assembl\u00e9e<\/li>\n<li>\n<strong>Positionnement de style<\/strong>:Qualit\u00e9 Luxe<\/li>\n<li>\n<strong>trier par couleur<\/strong>:Roman terrazzo round table [0.9m] Roman terrazzo round table [1.0m] Roman terrazzo round table [1.1m] Roman terrazzo round table [1.2m] Roman terrazzo round table [1.3m] Roman terrazzo round table [1.5m] Shell dining chair * 2 Tobe dining chair * 2 Devon dining chair * 2 Bella dining chair * 2<\/li>\n<li>\n<strong>marque<\/strong>:Mo Yu (Residential Furniture)<\/li>\n<li>\n<strong>mod\u00e8le<\/strong>:T3707#<\/li>\n<li>\n<strong>\u00e9l\u00e9ments populaires<\/strong>:Roman Column<\/li>\n<li>\n<strong>Que ce soit avec un rouleau<\/strong>:Non<\/li>\n<li>\n<strong>Le bureau est-il r\u00e9glable ?<\/strong>:Non<\/li>\n<li>\n<strong>Est-ce \u00e9volutif ?<\/strong>:Non<\/li>\n<li>\n<strong>Poids brut<\/strong>:40kg<\/li>\n<li>\n<strong>Faut-il apporter une pompe ?<\/strong>:Non<\/li>\n<li>\n<strong>Faut-il apporter une platine vinyle ?<\/strong>:Non<\/li>\n<li>\n<strong>Est-ce personnalisable ?<\/strong>:Non<\/li>\n<li>\n<strong>Fonction<\/strong>:Autre<\/li>\n<li>\n<strong>Instructions d&#039;installation d\u00e9taill\u00e9es<\/strong>:No installation instructions, simple installation tools provided<\/li>\n<li>\n<strong>Nombre de personnes applicable<\/strong>:6 personnes<\/li>\n<li>\n<strong>Un taxi est-il disponible pour le transport ?<\/strong>:Non<\/li>\n<li>\n<strong>Livraison\/installation disponible<\/strong>:Foshan Zhengzhou Guiyang Guangzhou Fuzhou Harbin Xiamen Chongqing Changzhou Suzhou Xi&#039;an Shenzhen Nanjing P\u00e9kin Changsha Qingdao Wuxi Chengdu Shanghai Wuhan Nanning Shenyang Dalian Taizhou Dongguan Tianjin Autre Jinhua Hangzhou Nanchang Ningbo Wenzhou<\/li>\n<\/ul>\n<p><img><\/p>","protected":false},"excerpt":{"rendered":"<p>\u2728 Rehaussez votre espace avec notre ensemble de table \u00e0 manger en pierre fritt\u00e9e cr\u00e8me \u2728 Parfait pour les appartements confortables et \u00e9l\u00e9gants, inspir\u00e9s des influenceurs<\/p>","protected":false},"featured_media":92145,"comment_status":"open","ping_status":"closed","template":"","meta":[],"product_brand":[],"product_cat":[30852,30971,30860],"product_tag":[],"class_list":{"0":"post-39661","1":"product","2":"type-product","3":"status-publish","4":"has-post-thumbnail","6":"product_cat-dining-set","7":"product_cat-hp","8":"product_cat-wholesale-restaurant","10":"first","11":"instock","12":"sale","13":"taxable","14":"shipping-taxable","15":"purchasable","16":"product-type-variable"},"_links":{"self":[{"href":"https:\/\/nexgendecors.com\/fr\/wp-json\/wp\/v2\/product\/39661","targetHints":{"allow":["GET"]}}],"collection":[{"href":"https:\/\/nexgendecors.com\/fr\/wp-json\/wp\/v2\/product"}],"about":[{"href":"https:\/\/nexgendecors.com\/fr\/wp-json\/wp\/v2\/types\/product"}],"replies":[{"embeddable":true,"href":"https:\/\/nexgendecors.com\/fr\/wp-json\/wp\/v2\/comments?post=39661"}],"version-history":[{"count":0,"href":"https:\/\/nexgendecors.com\/fr\/wp-json\/wp\/v2\/product\/39661\/revisions"}],"wp:featuredmedia":[{"embeddable":true,"href":"https:\/\/nexgendecors.com\/fr\/wp-json\/wp\/v2\/media\/92145"}],"wp:attachment":[{"href":"https:\/\/nexgendecors.com\/fr\/wp-json\/wp\/v2\/media?parent=39661"}],"wp:term":[{"taxonomy":"product_brand","embeddable":true,"href":"https:\/\/nexgendecors.com\/fr\/wp-json\/wp\/v2\/product_brand?post=39661"},{"taxonomy":"product_cat","embeddable":true,"href":"https:\/\/nexgendecors.com\/fr\/wp-json\/wp\/v2\/product_cat?post=39661"},{"taxonomy":"product_tag","embeddable":true,"href":"https:\/\/nexgendecors.com\/fr\/wp-json\/wp\/v2\/product_tag?post=39661"}],"curies":[{"name":"wp","href":"https:\/\/api.w.org\/{rel}","templated":true}]}}