{"id":40319,"date":"2025-01-26T02:09:33","date_gmt":"2025-01-26T02:09:33","guid":{"rendered":"https:\/\/nexgendecors.com\/product\/shiji-muge-office-chair-staff-chair-conference-chair-backrest-chair-seat-chair-employee-lift-training-seat-home-chair\/"},"modified":"2025-03-11T07:40:56","modified_gmt":"2025-03-11T07:40:56","slug":"shiji-muge-office-chair-staff-chair-conference-chair-backrest-chair-seat-chair-employee-lift-training-seat-home-chair","status":"publish","type":"product","link":"https:\/\/nexgendecors.com\/fr\/product\/shiji-muge-office-chair-staff-chair-conference-chair-backrest-chair-seat-chair-employee-lift-training-seat-home-chair\/","title":{"rendered":"Chaise de bureau et de jeu ergonomique pivotante \u00e0 360\u00b0"},"content":{"rendered":"<p><strong>Office Chair High Density Mesh<\/strong>: \ud83c\udf1f High-density mesh soothes your back and allows you to sit comfortably and enjoy the comfort of your chair, with precise high elasticity. \ud83e\ude91\u2728<\/p>\n<p><strong>Soft PU Wrap Anti-Skid Wheels<\/strong>: \ud83d\udede Soft PU wrap for the wheels ensures a silent slip, making it smooth and preventing floor scratches. \ud83d\udecb\ufe0f\u2728<\/p>\n<p><strong>S-shaped Curve Engineering Chair Back<\/strong>: \ud83d\udc68\u200d\ud83d\udd2c Designed according to the human body curve to relieve spinal fatigue. \ud83d\udcba\ud83d\udd04<\/p>\n<p><strong>Chair Back Lift<\/strong>: \u2195\ufe0f Adjusts up and down to 3.9 inches (10 cm) to meet different height requirements. \ud83d\udccf\ud83d\udd27<\/p>\n<p><strong>115\u00b0 Reclining Adjustment<\/strong>: \ud83d\udecc Combined with ergonomic construction, the back of the chair always supports your back, providing a comfortable living experience. \ud83e\uddd8\u200d\u2642\ufe0f\ud83c\udf1f<\/p>\n<ul>\n<li>\n<strong>marque<\/strong>:Chanson de la saison de la po\u00e9sie<\/li>\n<li>\n<strong>mod\u00e8le<\/strong>:BGY-001<\/li>\n<li>\n<strong>Mat\u00e9riel<\/strong>:autre<\/li>\n<li>\n<strong>Origine<\/strong>:Chine continentale<\/li>\n<li>\n<strong>province<\/strong>:Province du Guangdong<\/li>\n<li>\n<strong>trier par couleur<\/strong>:Black swivel chair orange swivel chair fruit green swivel chair black arched feet<\/li>\n<li>\n<strong>Mat\u00e9riau en tissu<\/strong>:filet<\/li>\n<li>\n<strong>Est-ce pliable ?<\/strong>:Non<\/li>\n<li>\n<strong>Peut-il \u00eatre \u00e9lev\u00e9 ou abaiss\u00e9 ?<\/strong>:Oui<\/li>\n<li>\n<strong>Est-ce rotatif ?<\/strong>:Oui<\/li>\n<li>\n<strong>Puis-je m&#039;allonger ?<\/strong>:Non<\/li>\n<li>\n<strong>Est-ce empilable ?<\/strong>:Non<\/li>\n<li>\n<strong>Mat\u00e9riau de pied cinq \u00e9toiles<\/strong>:Nylon feet<\/li>\n<li>\n<strong>Type de main courante<\/strong>:Accoudoir fixe<\/li>\n<li>\n<strong><\/strong>:<\/li>\n<\/ul>\n<p><img><\/p>","protected":false},"excerpt":{"rendered":"<p>Chaise de bureau en maille haute densit\u00e9 : \ud83c\udf1f La maille haute densit\u00e9 apaise votre dos et vous permet de vous asseoir confortablement et de profiter du<\/p>","protected":false},"featured_media":93071,"comment_status":"open","ping_status":"closed","template":"","meta":[],"product_brand":[],"product_cat":[30971,30859],"product_tag":[],"class_list":{"0":"post-40319","1":"product","2":"type-product","3":"status-publish","4":"has-post-thumbnail","6":"product_cat-hp","7":"product_cat-wholesale-office","9":"first","10":"instock","11":"sale","12":"taxable","13":"shipping-taxable","14":"purchasable","15":"product-type-variable"},"_links":{"self":[{"href":"https:\/\/nexgendecors.com\/fr\/wp-json\/wp\/v2\/product\/40319","targetHints":{"allow":["GET"]}}],"collection":[{"href":"https:\/\/nexgendecors.com\/fr\/wp-json\/wp\/v2\/product"}],"about":[{"href":"https:\/\/nexgendecors.com\/fr\/wp-json\/wp\/v2\/types\/product"}],"replies":[{"embeddable":true,"href":"https:\/\/nexgendecors.com\/fr\/wp-json\/wp\/v2\/comments?post=40319"}],"version-history":[{"count":0,"href":"https:\/\/nexgendecors.com\/fr\/wp-json\/wp\/v2\/product\/40319\/revisions"}],"wp:featuredmedia":[{"embeddable":true,"href":"https:\/\/nexgendecors.com\/fr\/wp-json\/wp\/v2\/media\/93071"}],"wp:attachment":[{"href":"https:\/\/nexgendecors.com\/fr\/wp-json\/wp\/v2\/media?parent=40319"}],"wp:term":[{"taxonomy":"product_brand","embeddable":true,"href":"https:\/\/nexgendecors.com\/fr\/wp-json\/wp\/v2\/product_brand?post=40319"},{"taxonomy":"product_cat","embeddable":true,"href":"https:\/\/nexgendecors.com\/fr\/wp-json\/wp\/v2\/product_cat?post=40319"},{"taxonomy":"product_tag","embeddable":true,"href":"https:\/\/nexgendecors.com\/fr\/wp-json\/wp\/v2\/product_tag?post=40319"}],"curies":[{"name":"wp","href":"https:\/\/api.w.org\/{rel}","templated":true}]}}