{"id":40591,"date":"2025-01-26T02:10:04","date_gmt":"2025-01-26T02:10:04","guid":{"rendered":"https:\/\/nexgendecors.com\/product\/10-billion-subsidies-dining-table-chandelier-restaurant-bar-french-cream-style-round-dining-table-island-taipei-european-new-style\/"},"modified":"2025-04-06T07:57:35","modified_gmt":"2025-04-06T07:57:35","slug":"10-milliards-de-subventions-table-a-manger-lustre-restaurant-bar-francais-creme-style-table-a-manger-ronde-ile-taipei-europeen-nouveau-style","status":"publish","type":"product","link":"https:\/\/nexgendecors.com\/fr\/product\/10-milliards-de-subventions-table-a-manger-lustre-restaurant-bar-francais-creme-style-table-a-manger-ronde-ile-taipei-europeen-nouveau-style\/","title":{"rendered":"Lustre cr\u00e8me fran\u00e7ais \u2013 Style et caract\u00e9ristiques \u00e9l\u00e9gants"},"content":{"rendered":"<div class=\"flex max-w-full flex-col flex-grow\">\n<div class=\"min-h-[20px] text-message flex w-full flex-col items-end gap-2 whitespace-pre-wrap break-words [.text-message+&#038;]:mt-5 overflow-x-auto\" dir=\"auto\" data-message-id=\"9e4d22fe-39a9-4371-8ae1-740d15468200\" data-message-author-role=\"assistant\">\n<div class=\"flex w-full flex-col gap-1 empty:hidden first:pt-[3px]\">\n<div class=\"markdown prose w-full break-words dark:prose-invert light\">\n<p><strong>Lustre de style cr\u00e8me fran\u00e7ais\u00a0: sublimez votre exp\u00e9rience culinaire avec l&#039;\u00e9l\u00e9gance europ\u00e9enne<\/strong><\/p>\n<p>Transformez votre salle \u00e0 manger avec le lustre rond de style cr\u00e8me fran\u00e7ais, un superbe luminaire qui apporte une touche de sophistication europ\u00e9enne \u00e0 votre espace. Id\u00e9al pour les restaurants, les bars et les maisons \u00e0 l&#039;esth\u00e9tique raffin\u00e9e, ce lustre rehaussera l&#039;ambiance de votre table ronde ou de votre \u00eelot central gr\u00e2ce \u00e0 son \u00e9l\u00e9gance intemporelle.<\/p>\n<p><strong>Design \u00e9l\u00e9gant :<\/strong><\/p>\n<ul>\n<li>Le style cr\u00e8me fran\u00e7ais d\u00e9gage un charme classique et s&#039;int\u00e8gre harmonieusement aux int\u00e9rieurs traditionnels et contemporains. Ses tons doux et chaleureux cr\u00e9ent une atmosph\u00e8re chaleureuse et intime, id\u00e9ale pour les repas et les rencontres.<\/li>\n<li>La conception ronde compl\u00e8te les tables circulaires et les \u00eelots de cuisine, assurant un \u00e9clairage uniforme et un aspect coh\u00e9rent qui am\u00e9liore l&#039;esth\u00e9tique g\u00e9n\u00e9rale de votre espace.<\/li>\n<\/ul>\n<p><strong>Sophistication europ\u00e9enne :<\/strong><\/p>\n<ul>\n<li>Inspir\u00e9 de l&#039;\u00e9l\u00e9gance europ\u00e9enne, ce lustre allie charme ancien et modernit\u00e9. Son style in\u00e9dit insuffle \u00e0 votre salle \u00e0 manger un m\u00e9lange unique de classique et de contemporain, faisant de lui une pi\u00e8ce remarquable dans n&#039;importe quel d\u00e9cor.<\/li>\n<li>Id\u00e9al pour les restaurants haut de gamme, les bars chics ou les salles \u00e0 manger raffin\u00e9es, ce lustre apporte une sensation de luxe et de sophistication \u00e0 votre espace.<\/li>\n<\/ul>\n<p><strong>\u00c9clairage polyvalent :<\/strong><\/p>\n<ul>\n<li>Que vous organisiez un d\u00eener, profitiez d&#039;un repas tranquille ou cr\u00e9iez une ambiance chaleureuse dans un bar, le lustre French Cream offre l&#039;\u00e9clairage id\u00e9al. Sa douce lumi\u00e8re diffuse cr\u00e9e une ambiance chaleureuse et accueillante, sublimant l&#039;exp\u00e9rience culinaire.<\/li>\n<li>La conception polyvalente du lustre le rend adapt\u00e9 \u00e0 divers environnements, des salles \u00e0 manger intimes aux restaurants anim\u00e9s et aux bars branch\u00e9s.<\/li>\n<\/ul>\n<p><strong>Artisanat de qualit\u00e9 :<\/strong><\/p>\n<ul>\n<li>Fabriqu\u00e9 avec le plus grand soin et des mat\u00e9riaux de haute qualit\u00e9, ce lustre est con\u00e7u pour durer, offrant durabilit\u00e9 et beaut\u00e9 durable. Sa construction de qualit\u00e9 sup\u00e9rieure lui assure un style et une fonctionnalit\u00e9 irr\u00e9prochables pour les ann\u00e9es \u00e0 venir.<\/li>\n<li>La finition et le design complexe du lustre refl\u00e8tent le soin et le savoir-faire mis en \u0153uvre pour cr\u00e9er une pi\u00e8ce \u00e0 la fois belle et fonctionnelle.<\/li>\n<\/ul>\n<p><strong>Installation sans effort :<\/strong><\/p>\n<ul>\n<li>Con\u00e7u pour une installation facile, ce lustre s&#039;installe rapidement et en toute s\u00e9curit\u00e9, vous permettant d&#039;appr\u00e9cier sa beaut\u00e9 et sa fonctionnalit\u00e9 en un rien de temps. Sa hauteur r\u00e9glable s&#039;adapte parfaitement \u00e0 votre espace, que ce soit au-dessus d&#039;une table \u00e0 manger ou d&#039;un \u00eelot de cuisine.<\/li>\n<\/ul>\n<p><strong>Un attrait intemporel :<\/strong><\/p>\n<ul>\n<li>Le lustre rond de style cr\u00e8me fran\u00e7ais est plus qu&#039;un simple luminaire\u00a0: c&#039;est une pi\u00e8ce ma\u00eetresse qui rehausse l&#039;\u00e9l\u00e9gance et la sophistication de votre salle \u00e0 manger. Son design intemporel le rend ind\u00e9modable, ce qui en fait un ajout parfait \u00e0 tout d\u00e9cor.<\/li>\n<\/ul>\n<p>Sublimez votre salle \u00e0 manger avec ce lustre rond de style cr\u00e8me fran\u00e7ais. Achetez-le d\u00e8s maintenant et apportez une touche d&#039;\u00e9l\u00e9gance europ\u00e9enne et de sophistication moderne \u00e0 votre restaurant, bar ou maison\u00a0!<\/p>\n<\/p><\/div>\n<\/p><\/div>\n<\/p><\/div>\n<\/div>\n<div class=\"mt-1 flex gap-3 empty:hidden -ml-2\">\n<div class=\"items-center justify-start rounded-xl p-1 flex\">\n<div class=\"flex items-center\">\n<div class=\"flex\"><span data-state=\"closed\" class=\"\"><button class=\"rounded-lg text-token-text-secondary hover:bg-token-main-surface-secondary\"><span class=\"flex h-[30px] w-[30px] items-center justify-center\"><svg class=\"icon-md-heavy\" viewbox=\"0 0 24 24\" fill=\"none\" height=\"24\" width=\"24\" xmlns=\"http:\/\/www.w3.org\/2000\/svg\">\n                                <path clip-rule=\"evenodd\" d=\"M11.873 21.496a1 1 0 0 1-.992.496l-.454-.056A4 4 0 0 1 7.1 16.79L7.65 15h-.718c-2.637 0-4.553-2.508-3.859-5.052l1.364-5A4 4 0 0 1 8.296 2h9.709a3 3 0 0 1 3 3v7a3 3 0 0 1-3 3h-2c-.26 0-.5.14-.628.364zM14.005 4h-5.71a2 2 0 0 0-1.929 1.474l-1.363 5A2 2 0 0 0 6.933 13h2.072a1 1 0 0 1 .955 1.294l-.949 3.084a2 2 0 0 0 1.462 2.537l3.167-5.543a2.72 2.72 0 0 1 1.364-1.182V5a1 1 0 0 0-1-1m3 9V5c0-.35-.06-.687-.171-1h1.17a1 1 0 0 1 1 1v7a1 1 0 0 1-1 1z\" fill-rule=\"evenodd\" fill=\"currentColor\"><\/path>\n                            <\/svg><\/span><\/button><\/span><\/div>\n<div class=\"flex items-center pb-0\"><\/div>\n<p><span data-state=\"closed\" class=\"\"><button class=\"cursor-pointer h-[30px] rounded-md px-1 text-token-text-secondary hover:bg-token-main-surface-secondary\" data-state=\"closed\" aria-expanded=\"false\" aria-haspopup=\"menu\" id=\"radix-:rkc:\" type=\"button\"><\/button><\/span>\n        <\/div>\n<\/p><\/div>\n<\/div>\n<ul>\n<li>\n<strong>rand<\/strong>:CLUB DE LAMPES FANTAISIE<\/li>\n<li>\n<strong>mod\u00e8le<\/strong>:MD33001<\/li>\n<li>\n<strong>style<\/strong>:Style cr\u00e8me fran\u00e7aise<\/li>\n<li>\n<strong>trier par couleur<\/strong>:Suspension de salle \u00e0 manger haute visibilit\u00e9 \u2013 diam\u00e8tre 59 cm [Pure chip] (63% de personnes choisissent) Suspension de salle \u00e0 manger haute visibilit\u00e9 \u2013 diam\u00e8tre 49 cm [Pure chip] Suspension de salle \u00e0 manger haute visibilit\u00e9 \u2013 diam\u00e8tre 34 cm [Pure chip] Blanc cr\u00e8me \u2013 diam\u00e8tre 49 cm [mod\u00e8le standard] Gris perle \u2013 diam\u00e8tre 49 cm [mod\u00e8le standard] Blanc cr\u00e8me \u2013 diam\u00e8tre 34 cm [mod\u00e8le standard] Gris perle \u2013 diam\u00e8tre 34 cm [mod\u00e8le standard] Mod\u00e8le standard avec trous pour bulles d&#039;air\/Si vous ne l&#039;aimez pas, veuillez choisir le mod\u00e8le haute visibilit\u00e9<\/li>\n<li>\n<strong>La lampe a-t-elle une source lumineuse ?<\/strong>:Oui<\/li>\n<li>\n<strong>Tension<\/strong>:111V~240V (inclus)<\/li>\n<li>\n<strong>Mat\u00e9riau principal du corps de la lampe<\/strong>:pl\u00e2tre<\/li>\n<li>\n<strong>Mat\u00e9riau principal de l&#039;abat-jour<\/strong>:pl\u00e2tre<\/li>\n<li>\n<strong>Technologie<\/strong>:Pliage \u00e0 chaud<\/li>\n<li>\n<strong>Zone d&#039;irradiation<\/strong>:5\u33a1-10\u33a1<\/li>\n<li>\n<strong>Type de contr\u00f4le<\/strong>:autre<\/li>\n<li>\n<strong>Mat\u00e9riau auxiliaire pour abat-jour<\/strong>:pl\u00e2tre<\/li>\n<li>\n<strong>Type intelligent<\/strong>:Pas de support pour smart<\/li>\n<li>\n<strong>Que ce soit un contr\u00f4le intelligent<\/strong>:Non<\/li>\n<li>\n<strong>Forme de la lampe<\/strong>:Lustre en forme de ligne de p\u00eache<\/li>\n<li>\n<strong>Nombre de t\u00eates de lampe<\/strong>:1<\/li>\n<li>\n<strong>Type de lustre<\/strong>:Autre<\/li>\n<li>\n<strong>Num\u00e9ro de certificat 3C<\/strong>:2016171001000848<\/li>\n<\/ul>\n<p><img><\/p>","protected":false},"excerpt":{"rendered":"<p>Lustre de style cr\u00e8me fran\u00e7ais : rehaussez votre exp\u00e9rience culinaire avec l&#039;\u00e9l\u00e9gance europ\u00e9enne Transformez votre salle \u00e0 manger avec le style cr\u00e8me fran\u00e7ais<\/p>","protected":false},"featured_media":93508,"comment_status":"open","ping_status":"closed","template":"","meta":[],"product_brand":[],"product_cat":[30971,30864],"product_tag":[],"class_list":{"0":"post-40591","1":"product","2":"type-product","3":"status-publish","4":"has-post-thumbnail","6":"product_cat-hp","7":"product_cat-new-wholesales-lights","9":"first","10":"instock","11":"taxable","12":"shipping-taxable","13":"purchasable","14":"product-type-variable"},"_links":{"self":[{"href":"https:\/\/nexgendecors.com\/fr\/wp-json\/wp\/v2\/product\/40591","targetHints":{"allow":["GET"]}}],"collection":[{"href":"https:\/\/nexgendecors.com\/fr\/wp-json\/wp\/v2\/product"}],"about":[{"href":"https:\/\/nexgendecors.com\/fr\/wp-json\/wp\/v2\/types\/product"}],"replies":[{"embeddable":true,"href":"https:\/\/nexgendecors.com\/fr\/wp-json\/wp\/v2\/comments?post=40591"}],"version-history":[{"count":0,"href":"https:\/\/nexgendecors.com\/fr\/wp-json\/wp\/v2\/product\/40591\/revisions"}],"wp:featuredmedia":[{"embeddable":true,"href":"https:\/\/nexgendecors.com\/fr\/wp-json\/wp\/v2\/media\/93508"}],"wp:attachment":[{"href":"https:\/\/nexgendecors.com\/fr\/wp-json\/wp\/v2\/media?parent=40591"}],"wp:term":[{"taxonomy":"product_brand","embeddable":true,"href":"https:\/\/nexgendecors.com\/fr\/wp-json\/wp\/v2\/product_brand?post=40591"},{"taxonomy":"product_cat","embeddable":true,"href":"https:\/\/nexgendecors.com\/fr\/wp-json\/wp\/v2\/product_cat?post=40591"},{"taxonomy":"product_tag","embeddable":true,"href":"https:\/\/nexgendecors.com\/fr\/wp-json\/wp\/v2\/product_tag?post=40591"}],"curies":[{"name":"wp","href":"https:\/\/api.w.org\/{rel}","templated":true}]}}