{"id":40679,"date":"2025-01-26T02:10:14","date_gmt":"2025-01-26T02:10:14","guid":{"rendered":"https:\/\/nexgendecors.com\/product\/full-spectrum-nordic-log-style-spotlights-mounted-without-main-light-japanese-style-solid-wood-living-room-bedroom-corridor-background-wall-lamps\/"},"modified":"2025-04-06T07:57:48","modified_gmt":"2025-04-06T07:57:48","slug":"spots-de-style-nordique-a-spectre-complet-montes-sans-lumiere-principale-lampes-murales-de-fond-de-couloir-de-chambre-a-coucher-en-bois-massif-de-style-japonais","status":"publish","type":"product","link":"https:\/\/nexgendecors.com\/fr\/product\/spots-de-style-nordique-a-spectre-complet-montes-sans-lumiere-principale-lampes-murales-de-fond-de-couloir-de-chambre-a-coucher-en-bois-massif-de-style-japonais\/","title":{"rendered":"Spots \u00e0 spectre complet de style b\u00fbche nordique \u2013 Chic Lighting"},"content":{"rendered":"<p><strong>Spots \u00e0 spectre complet de style b\u00fbche nordique\u00a0: une \u00e9l\u00e9gance naturelle pour toutes les pi\u00e8ces<\/strong><\/p>\n<p>Transformez votre espace avec les spots de style b\u00fbche nordique \u00e0 spectre complet, un m\u00e9lange parfait de beaut\u00e9 naturelle et de fonctionnalit\u00e9 moderne.<\/p>\n<p><strong>Conception naturelle :<\/strong><\/p>\n<ul>\n<li>Ajoutez une touche d&#039;\u00e9l\u00e9gance d&#039;inspiration nordique et japonaise avec ces spots, dot\u00e9s d&#039;une construction en bois massif qui respire la chaleur et la simplicit\u00e9.<\/li>\n<li>La conception de style b\u00fbche s&#039;int\u00e8gre parfaitement \u00e0 divers styles de d\u00e9coration, rehaussant la beaut\u00e9 naturelle de votre salon, chambre, couloir ou murs d&#039;arri\u00e8re-plan.<\/li>\n<\/ul>\n<p><strong>\u00c9clairage polyvalent :<\/strong><\/p>\n<ul>\n<li>Ces projecteurs offrent un \u00e9clairage \u00e0 spectre complet, fournissant un \u00e9clairage naturel et vibrant qui met en valeur les couleurs et les d\u00e9tails de votre espace.<\/li>\n<li>Id\u00e9al pour cr\u00e9er un \u00e9clairage ambiant sans avoir besoin d&#039;une lumi\u00e8re principale, ces spots ajoutent une lueur subtile mais percutante \u00e0 n&#039;importe quelle pi\u00e8ce.<\/li>\n<\/ul>\n<p><strong>Artisanat de haute qualit\u00e9 :<\/strong><\/p>\n<ul>\n<li>Fabriqu\u00e9s \u00e0 partir de bois massif de premi\u00e8re qualit\u00e9, ces spots garantissent une durabilit\u00e9 et une esth\u00e9tique raffin\u00e9e qui r\u00e9siste \u00e0 l&#039;\u00e9preuve du temps.<\/li>\n<li>Le design minimaliste offre un look \u00e9pur\u00e9 et moderne, ce qui en fait un ajout polyvalent \u00e0 n&#039;importe quelle pi\u00e8ce.<\/li>\n<\/ul>\n<p><strong>Installation facile :<\/strong><\/p>\n<ul>\n<li>Con\u00e7us pour plus de commodit\u00e9, ces projecteurs sont faciles \u00e0 monter, offrant une mise \u00e0 niveau sans tracas de l&#039;\u00e9clairage de votre maison.<\/li>\n<li>Parfaits pour les salons, les chambres, les couloirs et les murs d&#039;arri\u00e8re-plan, ils offrent des options de placement flexibles adapt\u00e9es \u00e0 vos besoins.<\/li>\n<\/ul>\n<p><strong>Options personnalisables :<\/strong><\/p>\n<ul>\n<li>Choisissez parmi diff\u00e9rentes tailles et configurations pour adapter les spots \u00e0 vos pr\u00e9f\u00e9rences sp\u00e9cifiques, garantissant ainsi un ajustement parfait pour votre maison.<\/li>\n<\/ul>\n<p>Illuminez votre int\u00e9rieur avec les spots style b\u00fbche nordique \u00e0 spectre complet. Achetez-les d\u00e8s maintenant et apportez une touche d&#039;\u00e9l\u00e9gance naturelle et un \u00e9clairage moderne \u00e0 votre int\u00e9rieur\u00a0!<\/p>\n<ul>\n<li>\n<strong>marque<\/strong>:autre\/autre<\/li>\n<li>\n<strong>mod\u00e8le<\/strong>:ODW163<\/li>\n<li>\n<strong>Type de contr\u00f4le<\/strong>:autre<\/li>\n<li>\n<strong>Origine<\/strong>:Chine continentale<\/li>\n<li>\n<strong>Tension<\/strong>:111V~240V (inclus)<\/li>\n<li>\n<strong>P\u00e9riode de garantie<\/strong>:3 ans<\/li>\n<li>\n<strong>Mat\u00e9riel<\/strong>:Bois<\/li>\n<li>\n<strong>Que ce soit un contr\u00f4le intelligent<\/strong>:Non<\/li>\n<li>\n<strong>La lampe a-t-elle une source lumineuse ?<\/strong>:Oui<\/li>\n<li>\n<strong>pouvoir<\/strong>:11 W (inclus) \u2013 15 W (inclus), 16 W (inclus) \u2013 20 W (inclus), 21 W (inclus) \u2013 30 W (inclus)<\/li>\n<li>\n<strong>type de source lumineuse<\/strong>:Lumi\u00e8res LED<\/li>\n<li>\n<strong>Espace applicable<\/strong>:Salon, salle de bain, cuisine, bureau, autre, salle \u00e0 manger, chambre<\/li>\n<li>\n<strong>trier par couleur<\/strong>:Couleur bois de style A [7*17CM] trois couleurs, couleur or + bois [6CM] lumi\u00e8re blanche, couleur or + bois [6CM] trois couleurs, couleur bois de style A 2 t\u00eates [45CM] lumi\u00e8re blanche, couleur bois de style A 2 t\u00eates [45CM] lumi\u00e8re chaude, couleur bois de style A 2 t\u00eates [45CM] trois couleurs, couleur bois de style A 3 t\u00eates [80CM] lumi\u00e8re blanche, couleur bois de style A 3 t\u00eates [80CM] lumi\u00e8re chaude, couleur bois de style A 3 t\u00eates [80CM] trois couleurs, couleur bois de style A 4 t\u00eates [100CM] lumi\u00e8re blanche, couleur bois de style A 4 t\u00eates [100CM] lumi\u00e8re chaude, couleur bois de style A 4 t\u00eates [100CM] trois couleurs, couleur bois de style A 5 t\u00eates [120CM] lumi\u00e8re blanche, couleur bois de style A 5 t\u00eates [120CM] lumi\u00e8re chaude, couleur bois de style A 5 t\u00eates [120CM] trois couleurs, spectre complet\/indice d&#039;affichage \u226595\/log couleur 2 t\u00eates [45CM] lumi\u00e8re blanche, spectre complet\/indice d&#039;affichage \u226595\/log couleur 2 t\u00eates [45CM] trois couleurs, spectre complet\/indice d&#039;affichage \u226595\/log couleur 3 t\u00eates [80CM] lumi\u00e8re blanche, spectre complet\/indice d&#039;affichage \u226595\/log couleur 3 t\u00eates [80CM] trois couleurs, spectre complet\/indice d&#039;affichage \u226595\/log couleur 4 t\u00eates [100CM] lumi\u00e8re blanche, spectre complet\/indice d&#039;affichage \u226595\/log couleur 4 t\u00eates [100CM] trois couleurs, spectre complet\/indice d&#039;affichage \u226595\/log couleur 5 t\u00eates [120CM] lumi\u00e8re blanche, spectre complet\/indice d&#039;affichage \u226595\/log couleur 5 t\u00eates [120CM] trois couleurs, une couleur imitation noyer [7*17CM] trois couleurs, couleur or + noyer [ 6CM] lumi\u00e8re blanche, couleur or + noyer [6CM] trois couleurs, une couleur imitation noyer 2 t\u00eates [45CM] lumi\u00e8re blanche, une couleur imitation noyer 2 t\u00eates [45CM] lumi\u00e8re chaude, une couleur imitation noyer 2 t\u00eates [45CM] trois couleurs, une couleur imitation noyer 3 t\u00eates [80CM] lumi\u00e8re blanche, une couleur imitation noyer 3 t\u00eates [80CM] lumi\u00e8re chaude, une couleur imitation noyer 3 t\u00eates [80CM] trois couleurs, une couleur imitation noyer 4 t\u00eates [100CM] lumi\u00e8re blanche, une couleur imitation noyer 4 t\u00eates [100CM] lumi\u00e8re chaude, une couleur imitation noyer 4 t\u00eates [100CM] trois couleurs, une couleur imitation noyer 5 t\u00eates [120CM] lumi\u00e8re blanche, une couleur imitation noyer 5 t\u00eates [120CM] lumi\u00e8re chaude, une couleur imitation noyer 5 t\u00eates [120CM] trois couleurs, spectre complet\/indice d&#039;affichage \u226595\/couleur noyer 2 t\u00eates [45CM] lumi\u00e8re blanche, spectre complet\/indice d&#039;affichage \u226595\/couleur noyer 2 t\u00eates [45CM] trois couleurs, spectre complet\/affichage indice \u226595\/couleur noyer 3 t\u00eates [80CM] lumi\u00e8re blanche, spectre complet\/affichage indice \u226595\/couleur noyer 3 t\u00eates [80CM] trois couleurs, spectre complet\/affichage indice \u226595\/couleur noyer 4 t\u00eates [100CM] lumi\u00e8re blanche, spectre complet\/affichage indice \u226595\/couleur noyer 4 t\u00eates [100CM] trois couleurs, spectre complet\/affichage indice \u226595\/couleur noyer 5 t\u00eates [120CM] lumi\u00e8re blanche, spectre complet\/affichage indice \u226595\/couleur noyer 5 t\u00eates [120CM] trois couleurs, noir + couleur bois [7*17CM] trois couleurs<\/li>\n<li>\n<strong>Num\u00e9ro de certificat 3C<\/strong>:2023011001567276<\/li>\n<\/ul>\n<p><img><\/p>","protected":false},"excerpt":{"rendered":"<p>Projecteurs de style b\u00fbche nordique \u00e0 spectre complet : une \u00e9l\u00e9gance naturelle pour n&#039;importe quelle pi\u00e8ce Transformez votre espace avec le style b\u00fbche nordique \u00e0 spectre complet<\/p>","protected":false},"featured_media":93649,"comment_status":"open","ping_status":"closed","template":"","meta":[],"product_brand":[],"product_cat":[30971,30864],"product_tag":[],"class_list":{"0":"post-40679","1":"product","2":"type-product","3":"status-publish","4":"has-post-thumbnail","6":"product_cat-hp","7":"product_cat-new-wholesales-lights","9":"first","10":"instock","11":"taxable","12":"shipping-taxable","13":"purchasable","14":"product-type-variable"},"_links":{"self":[{"href":"https:\/\/nexgendecors.com\/fr\/wp-json\/wp\/v2\/product\/40679","targetHints":{"allow":["GET"]}}],"collection":[{"href":"https:\/\/nexgendecors.com\/fr\/wp-json\/wp\/v2\/product"}],"about":[{"href":"https:\/\/nexgendecors.com\/fr\/wp-json\/wp\/v2\/types\/product"}],"replies":[{"embeddable":true,"href":"https:\/\/nexgendecors.com\/fr\/wp-json\/wp\/v2\/comments?post=40679"}],"version-history":[{"count":0,"href":"https:\/\/nexgendecors.com\/fr\/wp-json\/wp\/v2\/product\/40679\/revisions"}],"wp:featuredmedia":[{"embeddable":true,"href":"https:\/\/nexgendecors.com\/fr\/wp-json\/wp\/v2\/media\/93649"}],"wp:attachment":[{"href":"https:\/\/nexgendecors.com\/fr\/wp-json\/wp\/v2\/media?parent=40679"}],"wp:term":[{"taxonomy":"product_brand","embeddable":true,"href":"https:\/\/nexgendecors.com\/fr\/wp-json\/wp\/v2\/product_brand?post=40679"},{"taxonomy":"product_cat","embeddable":true,"href":"https:\/\/nexgendecors.com\/fr\/wp-json\/wp\/v2\/product_cat?post=40679"},{"taxonomy":"product_tag","embeddable":true,"href":"https:\/\/nexgendecors.com\/fr\/wp-json\/wp\/v2\/product_tag?post=40679"}],"curies":[{"name":"wp","href":"https:\/\/api.w.org\/{rel}","templated":true}]}}