{"id":40824,"date":"2025-01-26T02:10:27","date_gmt":"2025-01-26T02:10:27","guid":{"rendered":"https:\/\/nexgendecors.com\/product\/fennavia-art-italian-light-luxury-dining-sideboard-nirvana-modern-minimalist-champagne-living-room-storage-drawer\/"},"modified":"2025-03-08T13:39:30","modified_gmt":"2025-03-08T13:39:30","slug":"fennavia-art-italien-leger-buffet-de-salle-a-manger-de-luxe-nirvana-moderne-minimaliste-champagne-tiroir-de-rangement-de-salon","status":"publish","type":"product","link":"https:\/\/nexgendecors.com\/fr\/product\/fennavia-art-italien-leger-buffet-de-salle-a-manger-de-luxe-nirvana-moderne-minimaliste-champagne-tiroir-de-rangement-de-salon\/","title":{"rendered":"Buffet glamour dor\u00e9\u00a0? Buffet chic et meuble de rangement"},"content":{"rendered":"<div class=\"flex flex-grow flex-col max-w-full\">\n<div data-message-author-role=\"assistant\" data-message-id=\"ed6f6a42-d2c5-41c4-8733-728a14b20052\" dir=\"auto\" class=\"min-h-[20px] text-message flex w-full flex-col items-end gap-2 whitespace-pre-wrap break-words [.text-message+&#038;]:mt-5 overflow-x-auto\">\n<div class=\"flex w-full flex-col gap-1 empty:hidden first:pt-[3px]\">\n<div class=\"markdown prose w-full break-words dark:prose-invert light\">\n<p>Sublimez votre salle \u00e0 manger ou votre salon avec notre buffet cr\u00e9dence Gold Glam, un m\u00e9lange saisissant de sophistication et de praticit\u00e9. Dot\u00e9 de trois armoires et de deux \u00e9tag\u00e8res int\u00e9rieures, ce meuble offre un vaste espace de rangement tout en ajoutant une touche de luxe \u00e0 votre espace.<\/p>\n<h3>Pourquoi vous allez adorer ce buffet cr\u00e9dence :<\/h3>\n<ul>\n<li>\n<strong>Design luxueux<\/strong>:La finition dor\u00e9e glamour et les lignes \u00e9pur\u00e9es cr\u00e9ent une pi\u00e8ce ma\u00eetresse qui rehausse n&#039;importe quelle pi\u00e8ce. \u2728<\/li>\n<li>\n<strong>Grand espace de rangement<\/strong>:Trois armoires et deux \u00e9tag\u00e8res int\u00e9rieures offrent beaucoup d&#039;espace pour organiser et exposer vos articles. \ud83d\uddc4\ufe0f<\/li>\n<li>\n<strong>Utilisation polyvalente<\/strong>:Id\u00e9al pour une utilisation comme buffet, solution de rangement ou accent d\u00e9coratif dans les salles \u00e0 manger, les salons ou les entr\u00e9es. \ud83c\udf7d\ufe0f<\/li>\n<\/ul>\n<h3>Avantages:<\/h3>\n<ul>\n<li>\n<strong>Finition \u00e9l\u00e9gante<\/strong>:La finition glamour dor\u00e9e ajoute une touche d&#039;opulence tout en s&#039;int\u00e9grant parfaitement \u00e0 divers styles de d\u00e9coration.<\/li>\n<li>\n<strong>Disposition fonctionnelle<\/strong>:Organisez et rangez vos essentiels en toute simplicit\u00e9, gr\u00e2ce \u00e0 la disposition bien con\u00e7ue des armoires et des \u00e9tag\u00e8res. \ud83d\udce6<\/li>\n<li>\n<strong>Int\u00e9gration facile<\/strong>:Son design sophistiqu\u00e9 s&#039;int\u00e8gre sans effort dans les int\u00e9rieurs modernes et traditionnels, ce qui en fait un ajout polyvalent \u00e0 votre maison. \ud83c\udfe1<\/li>\n<\/ul>\n<p>Transformez votre espace avec le m\u00e9lange parfait de style et de rangement. <strong>Achetez d\u00e8s maintenant le buffet cr\u00e9dence Gold Glam et ajoutez une touche d&#039;\u00e9l\u00e9gance \u00e0 votre maison !<\/strong> \ud83d\uded2<\/p>\n<\/p><\/div>\n<\/p><\/div>\n<\/p><\/div>\n<\/div>\n<ul>\n<li>\n<strong>marque<\/strong>:ART FINNNAVIEN<\/li>\n<li>\n<strong>mod\u00e8le<\/strong>:Nirvana<\/li>\n<li>\n<strong>Mat\u00e9riel<\/strong>:autre<\/li>\n<li>\n<strong>mod\u00e8le<\/strong>:Autre<\/li>\n<li>\n<strong>style<\/strong>:Minimalisme italien<\/li>\n<li>\n<strong>trier par couleur<\/strong>:Buffet (peinture m\u00e9tal import\u00e9e)<\/li>\n<li>\n<strong>haut<\/strong>:En dessous de 900 MM<\/li>\n<li>\n<strong>Est-ce personnalisable ?<\/strong>:Oui<\/li>\n<li>\n<strong>Fonctionnalit\u00e9s suppl\u00e9mentaires<\/strong>:Stockage<\/li>\n<li>\n<strong>Nombre de tiroirs<\/strong>:3<\/li>\n<li>\n<strong>Structure du meuble<\/strong>:autre<\/li>\n<li>\n<strong>Livraison\/installation disponible<\/strong>:P\u00e9kin Nanchang Harbin Dalian Shenyang Xi&#039;an Guiyang Zhengzhou Jinhua Changsha Changzhou Chengdu Dongguan Foshan Fuzhou Guangzhou Hangzhou Nanjing Nanning Dans tout le pays Ningbo Qingdao Shanghai Shenzhen Suzhou Taizhou Tianjin Wenzhou Wuxi Wuhan Xiamen Chongqing<\/li>\n<li>\n<strong>ville<\/strong>:Ville de Dongguan<\/li>\n<li>\n<strong>Districts et comt\u00e9s<\/strong>:Quartier de la ville sud<\/li>\n<li>\n<strong>Assembler<\/strong>:Non<\/li>\n<li>\n<strong>volume du colis<\/strong>:1<\/li>\n<li>\n<strong>Instructions d&#039;installation d\u00e9taill\u00e9es<\/strong>:Aucune instruction d&#039;installation<\/li>\n<\/ul>\n<p><img><\/p>","protected":false},"excerpt":{"rendered":"<p>Sublimez votre salle \u00e0 manger ou votre salon avec notre buffet cr\u00e9dence Gold Glam, un m\u00e9lange \u00e9tonnant de sophistication et de praticit\u00e9.<\/p>","protected":false},"featured_media":93855,"comment_status":"open","ping_status":"closed","template":"","meta":[],"product_brand":[],"product_cat":[30862,30971,30850,30851],"product_tag":[],"class_list":{"0":"post-40824","1":"product","2":"type-product","3":"status-publish","4":"has-post-thumbnail","6":"product_cat-wholesales-hotels","7":"product_cat-hp","8":"product_cat-wholesale-furniture","9":"product_cat-wholesale-cabinets","11":"first","12":"instock","13":"taxable","14":"shipping-taxable","15":"purchasable","16":"product-type-simple"},"_links":{"self":[{"href":"https:\/\/nexgendecors.com\/fr\/wp-json\/wp\/v2\/product\/40824","targetHints":{"allow":["GET"]}}],"collection":[{"href":"https:\/\/nexgendecors.com\/fr\/wp-json\/wp\/v2\/product"}],"about":[{"href":"https:\/\/nexgendecors.com\/fr\/wp-json\/wp\/v2\/types\/product"}],"replies":[{"embeddable":true,"href":"https:\/\/nexgendecors.com\/fr\/wp-json\/wp\/v2\/comments?post=40824"}],"version-history":[{"count":0,"href":"https:\/\/nexgendecors.com\/fr\/wp-json\/wp\/v2\/product\/40824\/revisions"}],"wp:featuredmedia":[{"embeddable":true,"href":"https:\/\/nexgendecors.com\/fr\/wp-json\/wp\/v2\/media\/93855"}],"wp:attachment":[{"href":"https:\/\/nexgendecors.com\/fr\/wp-json\/wp\/v2\/media?parent=40824"}],"wp:term":[{"taxonomy":"product_brand","embeddable":true,"href":"https:\/\/nexgendecors.com\/fr\/wp-json\/wp\/v2\/product_brand?post=40824"},{"taxonomy":"product_cat","embeddable":true,"href":"https:\/\/nexgendecors.com\/fr\/wp-json\/wp\/v2\/product_cat?post=40824"},{"taxonomy":"product_tag","embeddable":true,"href":"https:\/\/nexgendecors.com\/fr\/wp-json\/wp\/v2\/product_tag?post=40824"}],"curies":[{"name":"wp","href":"https:\/\/api.w.org\/{rel}","templated":true}]}}