{"id":40926,"date":"2025-01-26T02:10:37","date_gmt":"2025-01-26T02:10:37","guid":{"rendered":"https:\/\/nexgendecors.com\/product\/retro-above-counter-basin-courtyard-outdoor-wash-basin-single-basin-balcony-creative-art-wash-basin-home-wabi-sabi-style-basin\/"},"modified":"2025-04-06T07:58:16","modified_gmt":"2025-04-06T07:58:16","slug":"retro-above-counter-basin-courtyard-outdoor-wash-basin-single-basin-balcony-creative-art-wash-basin-home-wabi-sabi-style-basin","status":"publish","type":"product","link":"https:\/\/nexgendecors.com\/fr\/product\/retro-above-counter-basin-courtyard-outdoor-wash-basin-single-basin-balcony-creative-art-wash-basin-home-wabi-sabi-style-basin\/","title":{"rendered":"Lavabo ovale en c\u00e9ramique fait main \u2013 Design \u00e9l\u00e9gant et durable"},"content":{"rendered":"<p>Sublimez votre salle de bain avec notre superbe vasque ovale en c\u00e9ramique faite main. \ud83c\udf1f\u2728\ud83c\udf1f ...<\/p>\n<p>Caract\u00e9ristiques principales :<\/p>\n<p>\ud83d\udc8e\u00a0<strong>High Quality<\/strong>: Fired at a high temperature of 1380\u00b0C using premium ceramic materials, making the sink incredibly durable and resistant to cracking. Its contemporary look and vessel bowl shape make it ideal for bathrooms, cloakrooms, or utility rooms.<\/p>\n<p>\ud83c\udfa8\u00a0<strong>Artisanat fait main<\/strong>: High-quality porcelain clay is sculpted and painted by hand. Each pattern is unique and meticulously hand-painted, combining beauty with practicality, perfectly suited for modern lifestyles.<\/p>\n<p>\ud83d\udee1\ufe0f\u00a0<strong>Construit pour durer<\/strong>: Our wash basins feature excellent self-cleaning properties and are resistant to dimensional changes. They are easy to clean and highly hygienic, undergoing four quality checks to ensure superior product quality.<\/p>\n<p>\ud83d\udebf\u00a0<strong>Anti-Splash Design<\/strong>: The heightened design prevents splashing, with a smooth, glazed inner wall that is easy to clean. The basin&#8217;s bottom is inclined, allowing water to flow down slowly and prevent splashing. The tap can be positioned at the rear or side of the washbasin, offering versatile installation options.<\/p>\n<p>\ud83d\udee0\ufe0f\u00a0<strong>Accessoires<\/strong>: Includes faucet, tempered glass vessel sink, mounting ring, inlet pipe, angle valve, and drain pipe. <strong>Note<\/strong>: The tap and accessories are not included with the single vanity basin. If you have any concerns, please contact our customer service for the best possible solution.<\/p>\n<p>Transformez votre salle de bain avec ce magnifique et fonctionnel lavabo. \ud83c\udf3f\u2728\ud83d\udec1<\/p>\n<\/p>\n<\/p>\n<ul>\n<li>\n<strong>\u54c1\u724c<\/strong>:\u666f\u7964<\/li>\n<li>\n<strong>\u578b\u53f7<\/strong>:TSP-99<\/li>\n<li>\u6750\u8d28:\u9676\u74f7<\/li>\n<li>\n<strong>\u5bb9\u91cf<\/strong>:12L<\/li>\n<li>\n<strong>\u4ea7\u5730<\/strong>:\u4e2d\u56fd\u5927\u9646<\/li>\n<li>\n<strong>\u7701\u4efd<\/strong>:\u6c5f\u897f\u7701<\/li>\n<li>\n<strong>\u5730\u5e02<\/strong>:\u666f\u5fb7\u9547\u5e02<\/li>\n<li>\n<strong>\u5c3a\u5bf8<\/strong>:58<\/li>\n<li>\n<strong>\u989c\u8272\u5206\u7c7b<\/strong>:\u5927\u51ac\u74dc\u5355\u76c6 \u5927\u51ac\u74dc\u76c6+\u9ed1\u65b9\u9f99\u5934\u5957\u88c5 \u5c0f\u51ac\u74dc\u5355\u76c6 \u5c0f\u51ac\u74dc\u76c6+\u9ed1\u65b9\u9f99\u5934\u5957\u88c5 \u5c0f\u5143\u5b9d\u5355\u76c6 \u5c0f\u5143\u5b9d\u76c6+\u9ed1\u65b9\u9f99\u5934\u5957\u88c5 \u5927\u692d\u5706\u5355\u76c6 \u5927\u692d\u5706\u5355\u76c6+\u9ed1\u65b9\u9f99\u5934\u5957\u88c5 \u5c0f\u692d\u5706\u5355\u76c6 \u5c0f\u692d\u5706\u5355\u76c6+\u9ed1\u65b9\u9f99\u5934\u5957\u88c5 \u5927\u87ba\u5355\u76c6 \u5927\u87ba\u5355\u76c6+\u9ed1\u65b9\u9f99\u5934\u5957\u88c5 \u5c0f\u87ba\u5355\u76c6 \u5c0f\u87ba\u5355\u76c6+\u9ed1\u65b9\u9f99\u5934\u5957\u88c5 \u957f\u65b9\u5355\u76c6 \u957f\u65b9\u5355\u76c6+\u9ed1\u65b9\u9f99\u5934\u5957\u88c5 \u5e26\u5b54\u957f\u65b9\u5355\u76c6 \u5e26\u5b54\u957f\u65b9\u5355\u76c6+\u9ed1\u65b9\u9f99\u5934\u5957\u88c5 \u76f4\u7b52\u5355\u76c6 \u76f4\u7b52\u5355\u76c6+\u9ed1\u65b9\u9f99\u5934\u5957\u88c5 \u8f6e\u80ce\u5355\u76c6 \u8f6e\u80ce\u5355\u76c6+\u9ed1\u65b9\u9f99\u5934\u5957\u88c5 \u7f57\u6c49\u5355\u76c6 \u7f57\u6c49\u5355\u76c6+\u9ed1\u65b9\u9f99\u5934\u5957\u88c5 \u5c0f\u6b63\u65b9\u5355\u76c6 \u5c0f\u6b63\u65b9\u5355\u76c6+\u9ed1\u65b9\u9f99\u5934\u5957\u88c5<\/li>\n<li>\n<strong>\u540c\u57ce\u670d\u52a1<\/strong>:\u540c\u57ce\u7269\u6d41\u9001\u8d27\u4e0a\u95e8<\/li>\n<li>\n<strong>\u9f99\u5934\u5f00\u5b54<\/strong>:\u5355\u5b54<\/li>\n<li>\n<strong><\/strong>:<\/li>\n<\/ul>\n<p><img><\/p>","protected":false},"excerpt":{"rendered":"<p>Sublimez la d\u00e9coration de votre salle de bain avec notre superbe vasque ovale en c\u00e9ramique faite main. Cet \u00e9l\u00e9gant lavabo \u00e0 poser combine<\/p>","protected":false},"featured_media":94005,"comment_status":"open","ping_status":"closed","template":"","meta":[],"product_brand":[],"product_cat":[30971,30880],"product_tag":[],"class_list":{"0":"post-40926","1":"product","2":"type-product","3":"status-publish","4":"has-post-thumbnail","6":"product_cat-hp","7":"product_cat-wholesales-bathroom-sink","9":"first","10":"instock","11":"taxable","12":"shipping-taxable","13":"purchasable","14":"product-type-variable"},"_links":{"self":[{"href":"https:\/\/nexgendecors.com\/fr\/wp-json\/wp\/v2\/product\/40926","targetHints":{"allow":["GET"]}}],"collection":[{"href":"https:\/\/nexgendecors.com\/fr\/wp-json\/wp\/v2\/product"}],"about":[{"href":"https:\/\/nexgendecors.com\/fr\/wp-json\/wp\/v2\/types\/product"}],"replies":[{"embeddable":true,"href":"https:\/\/nexgendecors.com\/fr\/wp-json\/wp\/v2\/comments?post=40926"}],"version-history":[{"count":0,"href":"https:\/\/nexgendecors.com\/fr\/wp-json\/wp\/v2\/product\/40926\/revisions"}],"wp:featuredmedia":[{"embeddable":true,"href":"https:\/\/nexgendecors.com\/fr\/wp-json\/wp\/v2\/media\/94005"}],"wp:attachment":[{"href":"https:\/\/nexgendecors.com\/fr\/wp-json\/wp\/v2\/media?parent=40926"}],"wp:term":[{"taxonomy":"product_brand","embeddable":true,"href":"https:\/\/nexgendecors.com\/fr\/wp-json\/wp\/v2\/product_brand?post=40926"},{"taxonomy":"product_cat","embeddable":true,"href":"https:\/\/nexgendecors.com\/fr\/wp-json\/wp\/v2\/product_cat?post=40926"},{"taxonomy":"product_tag","embeddable":true,"href":"https:\/\/nexgendecors.com\/fr\/wp-json\/wp\/v2\/product_tag?post=40926"}],"curies":[{"name":"wp","href":"https:\/\/api.w.org\/{rel}","templated":true}]}}