{"id":41442,"date":"2025-01-26T02:11:49","date_gmt":"2025-01-26T02:11:49","guid":{"rendered":"https:\/\/nexgendecors.com\/product\/italian-oak-color-log-6-drawers-9-drawers-simple-master-bedroom-storage-cabinet-bed-end-storage-cabinet-decorative-drawer-cabinet\/"},"modified":"2025-04-06T07:59:33","modified_gmt":"2025-04-06T07:59:33","slug":"armoire-de-rangement-simple-en-chene-italien-6-tiroirs-9-tiroirs-meuble-de-rangement-de-chambre-principale-meuble-de-rangement-de-bout-de-lit-meuble-a-tiroirs-decoratif","status":"publish","type":"product","link":"https:\/\/nexgendecors.com\/fr\/product\/armoire-de-rangement-simple-en-chene-italien-6-tiroirs-9-tiroirs-meuble-de-rangement-de-chambre-principale-meuble-de-rangement-de-bout-de-lit-meuble-a-tiroirs-decoratif\/","title":{"rendered":"Armoire de rangement en ch\u00eane italien \u2013 Design \u00e9l\u00e9gant et fonctionnel"},"content":{"rendered":"<p><strong>Armoire de rangement en ch\u00eane italien\u00a0: une \u00e9l\u00e9gance intemporelle et un rangement pratique<\/strong><\/p>\n<p>Transformez votre chambre principale avec l&#039;armoire de rangement en rondins de ch\u00eane italien, un m\u00e9lange de beaut\u00e9 naturelle et de simplicit\u00e9 moderne.<\/p>\n<p><strong>Design \u00e9l\u00e9gant :<\/strong><\/p>\n<ul>\n<li>Ajoutez une touche de charme rustique avec cette armoire en rondins de couleur ch\u00eane, dot\u00e9e d&#039;un design \u00e9pur\u00e9 et minimaliste qui met en valeur n&#039;importe quel d\u00e9cor de chambre.<\/li>\n<li>La finition en ch\u00eane naturel offre un attrait intemporel, ce qui en fait un ajout parfait \u00e0 votre chambre principale ou comme pi\u00e8ce d\u00e9corative.<\/li>\n<\/ul>\n<p><strong>Grand espace de rangement :<\/strong><\/p>\n<ul>\n<li>Choisissez entre 6 ou 9 tiroirs, offrant suffisamment d&#039;espace pour garder vos affaires bien organis\u00e9es et facilement accessibles.<\/li>\n<li>Id\u00e9al pour \u00eatre utilis\u00e9 comme meuble de rangement de bout de lit, cette pi\u00e8ce ajoute \u00e0 la fois fonctionnalit\u00e9 et style \u00e0 votre espace.<\/li>\n<\/ul>\n<p><strong>Fonctionnalit\u00e9 polyvalente :<\/strong><\/p>\n<ul>\n<li>Parfait pour ranger les v\u00eatements, le linge de maison et autres objets essentiels, cette armoire garde votre chambre principale bien rang\u00e9e et bien organis\u00e9e.<\/li>\n<li>Sa conception polyvalente en fait \u00e9galement une excellente armoire \u00e0 tiroirs d\u00e9corative, ajoutant de l&#039;\u00e9l\u00e9gance \u00e0 n&#039;importe quelle pi\u00e8ce.<\/li>\n<\/ul>\n<p><strong>Artisanat de haute qualit\u00e9 :<\/strong><\/p>\n<ul>\n<li>Fabriqu\u00e9e \u00e0 partir de mat\u00e9riaux de premi\u00e8re qualit\u00e9, cette armoire garantit une durabilit\u00e9 et une apparence raffin\u00e9e qui r\u00e9siste \u00e0 l&#039;\u00e9preuve du temps.<\/li>\n<\/ul>\n<p><strong>Options personnalisables :<\/strong><\/p>\n<ul>\n<li>Adaptez l&#039;armoire \u00e0 vos besoins et pr\u00e9f\u00e9rences sp\u00e9cifiques, en vous assurant qu&#039;elle s&#039;int\u00e8gre parfaitement \u00e0 la d\u00e9coration de votre maison.<\/li>\n<\/ul>\n<p>Sublimez votre chambre principale avec le meuble de rangement en ch\u00eane italien. Achetez-le d\u00e8s maintenant pour personnaliser votre chambre et d\u00e9couvrir l&#039;alliance parfaite entre style et praticit\u00e9\u00a0!<\/p>\n<ul>\n<li>\n<strong>marque<\/strong>:\u00c9rable violet de jade<\/li>\n<li>\n<strong>mod\u00e8le<\/strong>:Y0758<\/li>\n<li>\n<strong>style<\/strong>:Italien<\/li>\n<li>\n<strong>trier par couleur<\/strong>:1200 longueur 450 profondeur 700 hauteur 6 godets 1800 longueur 450 profondeur 700 hauteur 9 godets Autres tailles personnalis\u00e9es<\/li>\n<li>\n<strong>Est-ce personnalisable ?<\/strong>:Oui<\/li>\n<li>\n<strong>Appropri\u00e9<\/strong>:Adultes<\/li>\n<li>\n<strong>Nombre de combats<\/strong>:6 seau<\/li>\n<li>\n<strong>Origine<\/strong>:Shanghai<\/li>\n<li>\n<strong>Assembler<\/strong>:Oui<\/li>\n<li>\n<strong>volume du colis<\/strong>:1<\/li>\n<\/ul>\n<p><img><\/p>","protected":false},"excerpt":{"rendered":"<p>Armoire de rangement en rondins de ch\u00eane italien : \u00e9l\u00e9gance intemporelle avec rangement pratique Transformez votre chambre principale avec l&#039;armoire de rangement en rondins de ch\u00eane italien<\/p>","protected":false},"featured_media":94911,"comment_status":"open","ping_status":"closed","template":"","meta":[],"product_brand":[],"product_cat":[30862,30971,30850,30851,30854],"product_tag":[],"class_list":{"0":"post-41442","1":"product","2":"type-product","3":"status-publish","4":"has-post-thumbnail","6":"product_cat-wholesales-hotels","7":"product_cat-hp","8":"product_cat-wholesale-furniture","9":"product_cat-wholesale-cabinets","10":"product_cat-wholesale-side-table","12":"first","13":"instock","14":"taxable","15":"shipping-taxable","16":"purchasable","17":"product-type-variable"},"_links":{"self":[{"href":"https:\/\/nexgendecors.com\/fr\/wp-json\/wp\/v2\/product\/41442","targetHints":{"allow":["GET"]}}],"collection":[{"href":"https:\/\/nexgendecors.com\/fr\/wp-json\/wp\/v2\/product"}],"about":[{"href":"https:\/\/nexgendecors.com\/fr\/wp-json\/wp\/v2\/types\/product"}],"replies":[{"embeddable":true,"href":"https:\/\/nexgendecors.com\/fr\/wp-json\/wp\/v2\/comments?post=41442"}],"version-history":[{"count":0,"href":"https:\/\/nexgendecors.com\/fr\/wp-json\/wp\/v2\/product\/41442\/revisions"}],"wp:featuredmedia":[{"embeddable":true,"href":"https:\/\/nexgendecors.com\/fr\/wp-json\/wp\/v2\/media\/94911"}],"wp:attachment":[{"href":"https:\/\/nexgendecors.com\/fr\/wp-json\/wp\/v2\/media?parent=41442"}],"wp:term":[{"taxonomy":"product_brand","embeddable":true,"href":"https:\/\/nexgendecors.com\/fr\/wp-json\/wp\/v2\/product_brand?post=41442"},{"taxonomy":"product_cat","embeddable":true,"href":"https:\/\/nexgendecors.com\/fr\/wp-json\/wp\/v2\/product_cat?post=41442"},{"taxonomy":"product_tag","embeddable":true,"href":"https:\/\/nexgendecors.com\/fr\/wp-json\/wp\/v2\/product_tag?post=41442"}],"curies":[{"name":"wp","href":"https:\/\/api.w.org\/{rel}","templated":true}]}}