{"id":41447,"date":"2025-01-26T02:11:50","date_gmt":"2025-01-26T02:11:50","guid":{"rendered":"https:\/\/nexgendecors.com\/product\/italian-personality-creative-dining-sideboard-storage-cabinet-color-entrance-hall-cabinet-high-cabinet-shoe-cabinet-simple-modern-customization\/"},"modified":"2025-04-06T07:59:36","modified_gmt":"2025-04-06T07:59:36","slug":"buffet-de-salle-a-manger-creatif-de-personnalite-italienne-meuble-de-rangement-de-couleur-meuble-dentree-meuble-haut-meuble-a-chaussures-simple-et-moderne-personnalisation","status":"publish","type":"product","link":"https:\/\/nexgendecors.com\/fr\/product\/buffet-de-salle-a-manger-creatif-de-personnalite-italienne-meuble-de-rangement-de-couleur-meuble-dentree-meuble-haut-meuble-a-chaussures-simple-et-moderne-personnalisation\/","title":{"rendered":"Buffet de salle \u00e0 manger cr\u00e9atif italien \u2013 \u00c9l\u00e9gant et fonctionnel"},"content":{"rendered":"<p><strong>Buffet de salle \u00e0 manger cr\u00e9atif de personnalit\u00e9 italienne\u00a0: \u00e9l\u00e9gance moderne et touche personnalis\u00e9e<\/strong><\/p>\n<p>R\u00e9novez votre espace avec le buffet de salle \u00e0 manger cr\u00e9atif Italian Personality, un m\u00e9lange de design \u00e9l\u00e9gant et de rangement pratique.<\/p>\n<p><strong>Design distinctif :<\/strong><\/p>\n<ul>\n<li>Faites une d\u00e9claration avec cette armoire haute qui pr\u00e9sente un design unique et color\u00e9, ajoutant une touche de cr\u00e9ativit\u00e9 italienne \u00e0 votre salle \u00e0 manger ou \u00e0 votre hall d&#039;entr\u00e9e.<\/li>\n<li>Ses lignes modernes et simples et son style ax\u00e9 sur la personnalit\u00e9 en font une pi\u00e8ce remarquable dans n&#039;importe quelle pi\u00e8ce.<\/li>\n<\/ul>\n<p><strong>Stockage polyvalent :<\/strong><\/p>\n<ul>\n<li>Id\u00e9al comme buffet de salle \u00e0 manger, meuble \u00e0 chaussures ou solution de rangement g\u00e9n\u00e9rale, ce buffet offre suffisamment d&#039;espace pour garder vos essentiels organis\u00e9s et accessibles.<\/li>\n<li>La conception de l&#039;armoire haute maximise le stockage tout en conservant un profil \u00e9l\u00e9gant et compact.<\/li>\n<\/ul>\n<p><strong>Fonctionnalit\u00e9s personnalisables\u00a0:<\/strong><\/p>\n<ul>\n<li>Adaptez le buffet \u00e0 vos besoins sp\u00e9cifiques et \u00e0 vos pr\u00e9f\u00e9rences de style, en vous assurant qu&#039;il s&#039;int\u00e8gre parfaitement \u00e0 la d\u00e9coration de votre maison.<\/li>\n<\/ul>\n<p><strong>Artisanat haut de gamme :<\/strong><\/p>\n<ul>\n<li>Construit avec des mat\u00e9riaux de haute qualit\u00e9, ce buffet allie durabilit\u00e9 et apparence sophistiqu\u00e9e, am\u00e9liorant votre espace de vie.<\/li>\n<\/ul>\n<p><strong>Confort moderne :<\/strong><\/p>\n<ul>\n<li>D\u00e9couvrez le m\u00e9lange parfait de cr\u00e9ativit\u00e9 et de fonctionnalit\u00e9 avec une armoire qui ajoute du style et de la praticit\u00e9 \u00e0 votre maison.<\/li>\n<\/ul>\n<p>Sublimez votre int\u00e9rieur avec le buffet de salle \u00e0 manger cr\u00e9atif Italian Personality. Achetez-le d\u00e8s maintenant pour personnaliser votre int\u00e9rieur et lui apporter une touche d&#039;\u00e9l\u00e9gance moderne\u00a0!<\/p>\n<ul>\n<li>\n<strong>marque<\/strong>:\u00c9rable violet de jade<\/li>\n<li>\n<strong>mod\u00e8le<\/strong>:Y110<\/li>\n<li>\n<strong>Mat\u00e9riel<\/strong>:Panneau multicouche en bois massif<\/li>\n<li>\n<strong>style<\/strong>:Moderne et simple<\/li>\n<li>\n<strong>trier par couleur<\/strong>:640 longueur 350 profondeur 1200 hauteur (l&#039;int\u00e9rieur est peint de la m\u00eame couleur) 640 longueur 350 profondeur 1200 hauteur (l&#039;int\u00e9rieur est peint en blanc mat par d\u00e9faut) D&#039;autres tailles peuvent \u00eatre personnalis\u00e9es avec d\u00e9p\u00f4t<\/li>\n<li>\n<strong>Est-ce personnalisable ?<\/strong>:Oui<\/li>\n<li>\n<strong>Nombre de portes<\/strong>:Double porte<\/li>\n<li>\n<strong>Fonctionnalit\u00e9s suppl\u00e9mentaires<\/strong>:Stockage<\/li>\n<li>\n<strong>Nombre de tiroirs<\/strong>:0<\/li>\n<li>\n<strong>Origine<\/strong>:Shanghai<\/li>\n<li>\n<strong>ville<\/strong>:Shanghai<\/li>\n<li>\n<strong>Assembler<\/strong>:Non<\/li>\n<li>\n<strong>volume du colis<\/strong>:1<\/li>\n<li>\n<strong><\/strong>:<\/li>\n<\/ul>\n<p><img><\/p>","protected":false},"excerpt":{"rendered":"<p>Buffet de salle \u00e0 manger cr\u00e9atif de personnalit\u00e9 italienne : \u00e9l\u00e9gance moderne avec une touche personnalis\u00e9e R\u00e9novez votre espace avec le buffet de salle \u00e0 manger cr\u00e9atif de personnalit\u00e9 italienne,<\/p>","protected":false},"featured_media":94921,"comment_status":"open","ping_status":"closed","template":"","meta":[],"product_brand":[],"product_cat":[30862,30971,30850,30851,30854],"product_tag":[],"class_list":{"0":"post-41447","1":"product","2":"type-product","3":"status-publish","4":"has-post-thumbnail","6":"product_cat-wholesales-hotels","7":"product_cat-hp","8":"product_cat-wholesale-furniture","9":"product_cat-wholesale-cabinets","10":"product_cat-wholesale-side-table","12":"first","13":"instock","14":"taxable","15":"shipping-taxable","16":"purchasable","17":"product-type-variable"},"_links":{"self":[{"href":"https:\/\/nexgendecors.com\/fr\/wp-json\/wp\/v2\/product\/41447","targetHints":{"allow":["GET"]}}],"collection":[{"href":"https:\/\/nexgendecors.com\/fr\/wp-json\/wp\/v2\/product"}],"about":[{"href":"https:\/\/nexgendecors.com\/fr\/wp-json\/wp\/v2\/types\/product"}],"replies":[{"embeddable":true,"href":"https:\/\/nexgendecors.com\/fr\/wp-json\/wp\/v2\/comments?post=41447"}],"version-history":[{"count":0,"href":"https:\/\/nexgendecors.com\/fr\/wp-json\/wp\/v2\/product\/41447\/revisions"}],"wp:featuredmedia":[{"embeddable":true,"href":"https:\/\/nexgendecors.com\/fr\/wp-json\/wp\/v2\/media\/94921"}],"wp:attachment":[{"href":"https:\/\/nexgendecors.com\/fr\/wp-json\/wp\/v2\/media?parent=41447"}],"wp:term":[{"taxonomy":"product_brand","embeddable":true,"href":"https:\/\/nexgendecors.com\/fr\/wp-json\/wp\/v2\/product_brand?post=41447"},{"taxonomy":"product_cat","embeddable":true,"href":"https:\/\/nexgendecors.com\/fr\/wp-json\/wp\/v2\/product_cat?post=41447"},{"taxonomy":"product_tag","embeddable":true,"href":"https:\/\/nexgendecors.com\/fr\/wp-json\/wp\/v2\/product_tag?post=41447"}],"curies":[{"name":"wp","href":"https:\/\/api.w.org\/{rel}","templated":true}]}}