{"id":42343,"date":"2025-01-26T02:13:33","date_gmt":"2025-01-26T02:13:33","guid":{"rendered":"https:\/\/nexgendecors.com\/product\/thickened-plastic-stool-for-adults-home-dining-table-high-stool-modern-simple-stylish-creative-nordic-round-stool-chair\/"},"modified":"2025-03-09T17:47:12","modified_gmt":"2025-03-09T17:47:12","slug":"thickened-plastic-stool-for-adults-home-dining-table-high-stool-modern-simple-stylish-creative-nordic-round-stool-chair","status":"publish","type":"product","link":"https:\/\/nexgendecors.com\/fr\/product\/thickened-plastic-stool-for-adults-home-dining-table-high-stool-modern-simple-stylish-creative-nordic-round-stool-chair\/","title":{"rendered":"Tabouret de bureau \u00e9l\u00e9gant sans dossier aux couleurs vives"},"content":{"rendered":"<div class=\"flex flex-grow flex-col max-w-full\">\n<div data-message-author-role=\"assistant\" data-message-id=\"b1549640-a653-46e1-9bba-9727d580e356\" dir=\"auto\" class=\"min-h-[20px] text-message flex w-full flex-col items-end gap-2 whitespace-pre-wrap break-words [.text-message+&#038;]:mt-5 overflow-x-auto\">\n<div class=\"flex w-full flex-col gap-1 empty:hidden first:pt-[3px]\">\n<div class=\"markdown prose w-full break-words dark:prose-invert light\">\n<h3>Elevate Your Workspace with Style and Functionality<\/h3>\n<p>Transform your office with our modern backless office stools, designed to offer the perfect mix of elegance and practicality.<\/p>\n<h3>Principaux avantages :<\/h3>\n<ul>\n<li>\n<strong>Sleek Design:<\/strong> The backless design creates a minimalist, contemporary look that complements any office decor. \ud83c\udf3f<\/li>\n<li>\n<strong>Color Variety:<\/strong> Choose from a range of attractive colors to match your workspace and personal style. \ud83c\udfa8<\/li>\n<li>\n<strong>Utilisation polyvalente :<\/strong> Ideal for desks, workstations, or collaborative spaces, providing flexible seating options. \ud83c\udfe2<\/li>\n<li>\n<strong>Compact and Efficient:<\/strong> The streamlined shape ensures easy mobility and efficient use of space, making it perfect for busy work environments. \ud83d\ude80<\/li>\n<\/ul>\n<h3>Pourquoi nous choisir?<\/h3>\n<ul>\n<li>\n<strong>Comfort &#038; Style:<\/strong> Enjoy a comfortable seating experience without sacrificing style. The modern design fits seamlessly into any professional setting. \ud83d\udcba<\/li>\n<li>\n<strong>Entretien facile :<\/strong> Simple to clean and maintain, keeping your workspace looking pristine with minimal effort. \ud83e\uddfc<\/li>\n<li>\n<strong>Durable Build:<\/strong> Crafted for lasting use, ensuring reliability and longevity in your office environment. \ud83d\udee0\ufe0f<\/li>\n<\/ul>\n<h3>Achetez maintenant ! \ud83d\uded2<\/h3>\n<p>Upgrade your workspace with our modern backless office stools. Explore our collection today to find the perfect blend of style and functionality for your office. Enhance your environment now! \ud83c\udf1f<\/p>\n<\/p><\/div>\n<\/p><\/div>\n<\/p><\/div>\n<\/div>\n<ul>\n<li>\n<strong>marque<\/strong>:Original sentiment<\/li>\n<li>\n<strong>mod\u00e8le<\/strong>:216<\/li>\n<li>\n<strong>Mat\u00e9riel<\/strong>:plastique<\/li>\n<li>\n<strong>Mati\u00e8re plastique<\/strong>:ABS<\/li>\n<li>\n<strong>style<\/strong>:Europe du Nord<\/li>\n<li>\n<strong>trier par couleur<\/strong>:Watermelon red, lemon yellow, classic black, youth white, gentleman gray, haze blue, letters are random, no designation is accepted<\/li>\n<li>\n<strong>Appropri\u00e9<\/strong>:Adultes<\/li>\n<li>\n<strong>Assembler<\/strong>:Non<\/li>\n<\/ul>\n<p><img><\/p>","protected":false},"excerpt":{"rendered":"<p>Am\u00e9liorez votre espace de travail avec style et fonctionnalit\u00e9 Transformez votre bureau avec nos tabourets de bureau modernes sans dossier, con\u00e7us pour offrir<\/p>","protected":false},"featured_media":96150,"comment_status":"open","ping_status":"closed","template":"","meta":[],"product_brand":[],"product_cat":[30855,30971,30849],"product_tag":[],"class_list":{"0":"post-42343","1":"product","2":"type-product","3":"status-publish","4":"has-post-thumbnail","6":"product_cat-wholesale-chairs","7":"product_cat-hp","8":"product_cat-kindergarten-school-furniture","10":"first","11":"instock","12":"taxable","13":"shipping-taxable","14":"purchasable","15":"product-type-variable"},"_links":{"self":[{"href":"https:\/\/nexgendecors.com\/fr\/wp-json\/wp\/v2\/product\/42343","targetHints":{"allow":["GET"]}}],"collection":[{"href":"https:\/\/nexgendecors.com\/fr\/wp-json\/wp\/v2\/product"}],"about":[{"href":"https:\/\/nexgendecors.com\/fr\/wp-json\/wp\/v2\/types\/product"}],"replies":[{"embeddable":true,"href":"https:\/\/nexgendecors.com\/fr\/wp-json\/wp\/v2\/comments?post=42343"}],"version-history":[{"count":0,"href":"https:\/\/nexgendecors.com\/fr\/wp-json\/wp\/v2\/product\/42343\/revisions"}],"wp:featuredmedia":[{"embeddable":true,"href":"https:\/\/nexgendecors.com\/fr\/wp-json\/wp\/v2\/media\/96150"}],"wp:attachment":[{"href":"https:\/\/nexgendecors.com\/fr\/wp-json\/wp\/v2\/media?parent=42343"}],"wp:term":[{"taxonomy":"product_brand","embeddable":true,"href":"https:\/\/nexgendecors.com\/fr\/wp-json\/wp\/v2\/product_brand?post=42343"},{"taxonomy":"product_cat","embeddable":true,"href":"https:\/\/nexgendecors.com\/fr\/wp-json\/wp\/v2\/product_cat?post=42343"},{"taxonomy":"product_tag","embeddable":true,"href":"https:\/\/nexgendecors.com\/fr\/wp-json\/wp\/v2\/product_tag?post=42343"}],"curies":[{"name":"wp","href":"https:\/\/api.w.org\/{rel}","templated":true}]}}