{"id":42752,"date":"2025-01-26T02:14:23","date_gmt":"2025-01-26T02:14:23","guid":{"rendered":"https:\/\/nexgendecors.com\/product\/bedside-lamp-light-luxury-modern-simple-atmosphere-glass-advanced-2024-new-zhongshan-lamp-room-bedroom-chandelier\/"},"modified":"2025-04-06T08:02:21","modified_gmt":"2025-04-06T08:02:21","slug":"bedside-lamp-light-luxury-modern-simple-atmosphere-glass-advanced-2024-new-zhongshan-lamp-room-bedroom-chandelier","status":"publish","type":"product","link":"https:\/\/nexgendecors.com\/fr\/product\/bedside-lamp-light-luxury-modern-simple-atmosphere-glass-advanced-2024-new-zhongshan-lamp-room-bedroom-chandelier\/","title":{"rendered":"Lampe de chevet moderne en verre de luxe au design \u00e9l\u00e9gant"},"content":{"rendered":"<p>Enhance your bedroom with the 2024 Modern Luxury Glass Bedside Lamp! \ud83c\udf1f This elegant and sophisticated lamp combines modern simplicity with high-end design, creating a serene and luxurious atmosphere.<\/p>\n<ul>\n<li>\n<strong>Modern Luxury Design:<\/strong> The sleek glass design exudes sophistication, adding a touch of elegance to any bedside. \ud83d\udecf\ufe0f<\/li>\n<li>\n<strong>Simple &#038; Sophisticated:<\/strong> A minimalist aesthetic that fits seamlessly with contemporary decor, providing a chic and stylish look. \ud83c\udf3f<\/li>\n<li>\n<strong>\u00c9clairage ambiant chaleureux :<\/strong> Offers soft, ambient light, perfect for creating a cozy and relaxing atmosphere in your bedroom. \ud83d\udd6f\ufe0f<\/li>\n<li>\n<strong>Mat\u00e9riaux de haute qualit\u00e9 :<\/strong> Crafted with premium materials to ensure durability and a luxurious finish. \ud83d\udc8e<\/li>\n<li>\n<strong>Easy to Use:<\/strong> Features a user-friendly design with convenient controls for effortless operation. \ud83d\udd27<\/li>\n<li>\n<strong>Utilisation polyvalente :<\/strong> Ideal for bedrooms, living rooms, and reading nooks, enhancing any space with its elegant presence. \ud83d\udecb\ufe0f<\/li>\n<\/ul>\n<p>Upgrade your bedroom with this exquisite bedside lamp. Order now to experience the perfect blend of modern luxury and simple elegance! \ud83c\udf1f<\/p>\n<ul>\n<li>\n<strong>marque<\/strong>:Schmidt<\/li>\n<li>\n<strong>mod\u00e8le<\/strong>:D9998<\/li>\n<li>\n<strong>pouvoir<\/strong>:16W (inclusive) &#8211; 20W (inclusive)<\/li>\n<li>\n<strong>style<\/strong>:Simple et moderne<\/li>\n<li>\n<strong>Espace applicable<\/strong>:Chambre\/Bureau<\/li>\n<li>\n<strong>trier par couleur<\/strong>:[Regular model] Smoke gray-16CM-monochromatic neutral light-12 watts [Regular model] Smoke gray-16CM-three-color light-changing-12 watts [Regular model] Smoke gray-16CM-Tmall Genie-12 watts [Regular model] Smoke gray-16CM-Xiao Ai classmate-12 watts [Regular model] Smoke gray-23CM-monochromatic neutral light-18 watts [Regular model] Smoke gray-23CM-three-color light-changing-18 watts [Regular model] Smoke gray-23CM-Tmall Genie-18 watts [Regular model] Smoke gray-23CM-Xiao Ai classmate-18 watts [Lifting model] Smoke gray-16CM-three-color light-changing-12 watts [Lifting model] Smoke gray-16CM-smart Tmall Genie-12W [Lifting model] Smoke gray-23CM-three-color light-changing-18 watts [Lifting model] Smoke gray-23CM-smart Tmall Genie-18W [Regular model] Smoke gray-16CM-three-color light-changing-12 watts [two packs] [Regular model] Smoke gray-23CM-three-color light-changing-18 watts [two packs] [Lifting model] Smoke gray-16CM-three-color light-changing-12 watts [two packs] [Lifting model] Smoke gray-23CM-three-color light-changing-18 watts [two packs] Smoke gray (lifting model)-16CM-three-color light-changing-12 watts [offline voice control] Smoke gray (lifting model)-23CM-three-color light-changing-18 watts [offline voice control] Smoke gray (lifting model)-16CM-three-color light-changing-12 watts [offline voice control] [two packs] Smoke gray (lifting model)-23CM-three-color light-changing-18 watts [offline voice control] Smoke gray (round plate model)-30CM-three-color light-changing-54 watts Smoke gray (long plate model)-80CM-three-color light-changing-54 watts<\/li>\n<li>\n<strong>La lampe a-t-elle une source lumineuse ?<\/strong>:Oui<\/li>\n<li>\n<strong>Tension<\/strong>:100V-240V<\/li>\n<li>\n<strong>Mat\u00e9riau principal du corps de la lampe<\/strong>:fer<\/li>\n<li>\n<strong>Mat\u00e9riau principal de l&#039;abat-jour<\/strong>:Verre<\/li>\n<li>\n<strong>type de source lumineuse<\/strong>:Lumi\u00e8res LED<\/li>\n<li>\n<strong>Nombre de sources lumineuses<\/strong>:1<\/li>\n<li>\n<strong>Technologie<\/strong>:Gla\u00e7age \u00e0 la peinture en a\u00e9rosol<\/li>\n<li>\n<strong>Zone d&#039;irradiation<\/strong>:10\u33a1-15\u33a1<\/li>\n<li>\n<strong>Type de contr\u00f4le<\/strong>:Contr\u00f4le vocal intelligent Contr\u00f4le par application<\/li>\n<li>\n<strong>Mat\u00e9riau auxiliaire pour abat-jour<\/strong>:Verre<\/li>\n<li>\n<strong>P\u00e9riode de garantie<\/strong>:3 ans<\/li>\n<li>\n<strong>Mat\u00e9riau auxiliaire du corps de la lampe<\/strong>:fer<\/li>\n<li>\n<strong>Type intelligent<\/strong>:Connect\u00e9 \u00e0 Tmall Genie<\/li>\n<li>\n<strong>Que ce soit un contr\u00f4le intelligent<\/strong>:Oui<\/li>\n<li>\n<strong>Forme de la lampe<\/strong>:Lustre<\/li>\n<li>\n<strong>Nombre d&#039;accessoires<\/strong>:1<\/li>\n<li>\n<strong>Nombre de t\u00eates de lampe<\/strong>:1<\/li>\n<li>\n<strong>Type de lustre<\/strong>:Lustre en fer forg\u00e9<\/li>\n<li>\n<strong>Num\u00e9ro de certificat 3C<\/strong>:2023011001539682<\/li>\n<li>\n<strong><\/strong>:<\/li>\n<\/ul>\n<p><img><\/p>","protected":false},"excerpt":{"rendered":"<p>Enhance your bedroom with the 2024 Modern Luxury Glass Bedside Lamp! \ud83c\udf1f This elegant and sophisticated lamp combines modern simplicity<\/p>","protected":false},"featured_media":96896,"comment_status":"open","ping_status":"closed","template":"","meta":[],"product_brand":[],"product_cat":[30971,30864],"product_tag":[],"class_list":{"0":"post-42752","1":"product","2":"type-product","3":"status-publish","4":"has-post-thumbnail","6":"product_cat-hp","7":"product_cat-new-wholesales-lights","9":"first","10":"instock","11":"taxable","12":"shipping-taxable","13":"purchasable","14":"product-type-variable"},"_links":{"self":[{"href":"https:\/\/nexgendecors.com\/fr\/wp-json\/wp\/v2\/product\/42752","targetHints":{"allow":["GET"]}}],"collection":[{"href":"https:\/\/nexgendecors.com\/fr\/wp-json\/wp\/v2\/product"}],"about":[{"href":"https:\/\/nexgendecors.com\/fr\/wp-json\/wp\/v2\/types\/product"}],"replies":[{"embeddable":true,"href":"https:\/\/nexgendecors.com\/fr\/wp-json\/wp\/v2\/comments?post=42752"}],"version-history":[{"count":0,"href":"https:\/\/nexgendecors.com\/fr\/wp-json\/wp\/v2\/product\/42752\/revisions"}],"wp:featuredmedia":[{"embeddable":true,"href":"https:\/\/nexgendecors.com\/fr\/wp-json\/wp\/v2\/media\/96896"}],"wp:attachment":[{"href":"https:\/\/nexgendecors.com\/fr\/wp-json\/wp\/v2\/media?parent=42752"}],"wp:term":[{"taxonomy":"product_brand","embeddable":true,"href":"https:\/\/nexgendecors.com\/fr\/wp-json\/wp\/v2\/product_brand?post=42752"},{"taxonomy":"product_cat","embeddable":true,"href":"https:\/\/nexgendecors.com\/fr\/wp-json\/wp\/v2\/product_cat?post=42752"},{"taxonomy":"product_tag","embeddable":true,"href":"https:\/\/nexgendecors.com\/fr\/wp-json\/wp\/v2\/product_tag?post=42752"}],"curies":[{"name":"wp","href":"https:\/\/api.w.org\/{rel}","templated":true}]}}