{"id":42922,"date":"2025-01-26T02:14:42","date_gmt":"2025-01-26T02:14:42","guid":{"rendered":"https:\/\/nexgendecors.com\/product\/three-person-airport-chair-stainless-steel-row-chair-hospital-waiting-chair-barber-shop-sofa-waiting-chair-long-chair-1-2\/"},"modified":"2025-04-06T08:02:44","modified_gmt":"2025-04-06T08:02:44","slug":"three-person-airport-chair-stainless-steel-row-chair-hospital-waiting-chair-barber-shop-sofa-waiting-chair-long-chair-1-2","status":"publish","type":"product","link":"https:\/\/nexgendecors.com\/fr\/product\/three-person-airport-chair-stainless-steel-row-chair-hospital-waiting-chair-barber-shop-sofa-waiting-chair-long-chair-1-2\/","title":{"rendered":"Ensemble de mobilier de r\u00e9ception moderne avec cadre en m\u00e9tal et accoudoirs rembourr\u00e9s"},"content":{"rendered":"<div class=\"flex flex-grow flex-col max-w-full\">\n<div data-message-author-role=\"assistant\" data-message-id=\"5c190e91-248e-4b90-a80d-3c8eeee75b7f\" dir=\"auto\" class=\"min-h-[20px] text-message flex w-full flex-col items-end gap-2 whitespace-pre-wrap break-words [.text-message+&#038;]:mt-5 overflow-x-auto\">\n<div class=\"flex w-full flex-col gap-1 empty:hidden first:pt-[3px]\">\n<div class=\"markdown prose w-full break-words dark:prose-invert light\">\n<h2>Modern Reception Furniture Set Metal Frame with Soft Padded Armrest<\/h2>\n<p>Transform your reception area with our sleek Modern Reception Furniture Set, designed to impress and provide ultimate comfort. The sturdy metal frame ensures durability, while the soft padded armrests offer superior relaxation for your guests. This furniture set not only elevates the aesthetic appeal of your space but also ensures lasting comfort, making it the perfect blend of style and functionality.<\/p>\n<h3>Principaux avantages :<\/h3>\n<ul>\n<li>\n<strong>Durable Metal Frame<\/strong>: Guarantees long-lasting support and stability.<\/li>\n<li>\n<strong>Soft Padded Armrests<\/strong>: Offers exceptional comfort for prolonged sitting.<\/li>\n<li>\n<strong>Design moderne<\/strong>: Enhances the look of your reception area with a contemporary touch.<\/li>\n<\/ul>\n<p>Upgrade your reception area today with our Modern Reception Furniture Set. Experience the perfect combination of style, comfort, and durability. Explore our collection now and create an inviting space for your guests.<\/p>\n<\/p><\/div>\n<\/p><\/div>\n<\/p><\/div>\n<\/div>\n<ul>\n<li>\n<strong>marque<\/strong>:Hengzhida<\/li>\n<li>\n<strong>mod\u00e8le<\/strong>:V18<\/li>\n<li>\n<strong>Origine<\/strong>:Chine continentale<\/li>\n<li>\n<strong>province<\/strong>:Province du Guangdong<\/li>\n<li>\n<strong>Mat\u00e9riel<\/strong>:Acier inoxydable<\/li>\n<li>\n<strong>Nombre de personnes applicable<\/strong>:4 personnes<\/li>\n<li>\n<strong>Y a-t-il des mains courantes ?<\/strong>:Oui<\/li>\n<li>\n<strong>Service en ville<\/strong>:Livraison porte-\u00e0-porte logistique intra-urbaine<\/li>\n<li>\n<strong>Mat\u00e9riau du si\u00e8ge<\/strong>:acier<\/li>\n<li>\n<strong>trier par couleur<\/strong>:A type electroplating [single seat] thick Xipi, A type electroplating [two seats] thick Xipi, A type electroplating [three seats] thick Xipi, A type electroplating [three seats] thick Xipi, A type electroplating [three seats] thick Xipi orange and black, A type electroplating [four seats] thick Xipi, A type electroplating [five seats] thick Xipi 3030*750*780mm, A type electroplating [1+1+3 does not include coffee table] Xipi, A type stainless steel [single seat] thick Xipi, A type stainless steel [two seats] thick Xipi, A type stainless steel [three seats] thick Xipi, A type stainless steel [four seats] thick Xipi, A type stainless steel [five seats] thick Xipi, A type stainless steel [1+1+3 does not include coffee table] Xipi, A type electroplating [single seat] high-grade leather, A type electroplating [two seats] high-grade leather, A type electroplating [three seats] high-grade leather, A type electroplating [four seats] high-grade leather, A type electroplating [five seats] high-grade leather ,A electroplating [1+1+3 without coffee table] leather,A stainless steel [single seat] high-end leather,A stainless steel [two seats] high-end leather,A stainless steel [three seats] high-end leather,A stainless steel [four seats] high-end leather,A stainless steel [five seats] high-end leather,A stainless steel [1+1+3 does not include coffee table] leather,B electroplating [single seat] thick leather,B electroplating [two seats] thick leather,B electroplating [three seats] thick leather,B electroplating [four seats] thick leather,B electroplating [five seats] thick leather,B electroplating [1+1+3 does not include coffee table] leather,matching color [long coffee table] 120*60CM,matching color [short coffee table] 60*60CM,cool black [long coffee table] 120*60CM,cool black [short coffee table] 60*60CM,please leave a message to note the color when placing an order<\/li>\n<li>\n<strong><\/strong>:<\/li>\n<\/ul>\n<p><img><\/p>","protected":false},"excerpt":{"rendered":"<p>Ensemble de mobilier de r\u00e9ception moderne avec cadre en m\u00e9tal et accoudoirs rembourr\u00e9s doux Transformez votre espace de r\u00e9ception avec notre \u00e9l\u00e9gant mobilier de r\u00e9ception moderne<\/p>","protected":false},"featured_media":97224,"comment_status":"open","ping_status":"closed","template":"","meta":[],"product_brand":[],"product_cat":[30971,30853],"product_tag":[],"class_list":{"0":"post-42922","1":"product","2":"type-product","3":"status-publish","4":"has-post-thumbnail","6":"product_cat-hp","7":"product_cat-new-wholesale-public-projects","9":"first","10":"instock","11":"taxable","12":"shipping-taxable","13":"purchasable","14":"product-type-variable"},"_links":{"self":[{"href":"https:\/\/nexgendecors.com\/fr\/wp-json\/wp\/v2\/product\/42922","targetHints":{"allow":["GET"]}}],"collection":[{"href":"https:\/\/nexgendecors.com\/fr\/wp-json\/wp\/v2\/product"}],"about":[{"href":"https:\/\/nexgendecors.com\/fr\/wp-json\/wp\/v2\/types\/product"}],"replies":[{"embeddable":true,"href":"https:\/\/nexgendecors.com\/fr\/wp-json\/wp\/v2\/comments?post=42922"}],"version-history":[{"count":0,"href":"https:\/\/nexgendecors.com\/fr\/wp-json\/wp\/v2\/product\/42922\/revisions"}],"wp:featuredmedia":[{"embeddable":true,"href":"https:\/\/nexgendecors.com\/fr\/wp-json\/wp\/v2\/media\/97224"}],"wp:attachment":[{"href":"https:\/\/nexgendecors.com\/fr\/wp-json\/wp\/v2\/media?parent=42922"}],"wp:term":[{"taxonomy":"product_brand","embeddable":true,"href":"https:\/\/nexgendecors.com\/fr\/wp-json\/wp\/v2\/product_brand?post=42922"},{"taxonomy":"product_cat","embeddable":true,"href":"https:\/\/nexgendecors.com\/fr\/wp-json\/wp\/v2\/product_cat?post=42922"},{"taxonomy":"product_tag","embeddable":true,"href":"https:\/\/nexgendecors.com\/fr\/wp-json\/wp\/v2\/product_tag?post=42922"}],"curies":[{"name":"wp","href":"https:\/\/api.w.org\/{rel}","templated":true}]}}