{"id":43094,"date":"2025-01-26T02:15:07","date_gmt":"2025-01-26T02:15:07","guid":{"rendered":"https:\/\/nexgendecors.com\/product\/modern-single-sofa-chair-designer-living-room-rotating-leisure-chair-light-luxury-bedroom-study-cafe-single-chair\/"},"modified":"2025-04-06T08:03:12","modified_gmt":"2025-04-06T08:03:12","slug":"modern-single-sofa-chair-designer-living-room-rotating-leisure-chair-light-luxury-bedroom-study-cafe-single-chair","status":"publish","type":"product","link":"https:\/\/nexgendecors.com\/fr\/product\/modern-single-sofa-chair-designer-living-room-rotating-leisure-chair-light-luxury-bedroom-study-cafe-single-chair\/","title":{"rendered":"Fauteuil simple moderne \u2013 Confort \u00e9l\u00e9gant et polyvalence"},"content":{"rendered":"<div class=\"flex flex-grow flex-col max-w-full\">\n<div data-message-author-role=\"assistant\" data-message-id=\"3d3f9497-2b62-46da-b2d7-d64955c62f74\" dir=\"auto\" class=\"min-h-[20px] text-message flex w-full flex-col items-end gap-2 whitespace-pre-wrap break-words [.text-message+&#038;]:mt-5 overflow-x-auto\">\n<div class=\"flex w-full flex-col gap-1 empty:hidden first:pt-[3px]\">\n<div class=\"markdown prose w-full break-words dark:prose-invert light\">\n<h2>Modern Single Sofa Chair \u2013 Rotating Leisure Elegance<\/h2>\n<p>Elevate your living space with our modern single sofa chair, designed for both style and functionality. Featuring a rotating base and light luxury finish, this designer chair adds a touch of elegance to any living room, bedroom, study, or caf\u00e9.<\/p>\n<h3>Why You\u2019ll Love This Sofa Chair:<\/h3>\n<ul>\n<li>\n<strong>Rotating Functionality<\/strong>: Enjoy the convenience of a 360-degree rotating base, offering flexible seating and easy movement in any setting. \ud83d\udd04<\/li>\n<li>\n<strong>Light Luxury Design<\/strong>: The chic, modern design with luxurious touches enhances the aesthetic of your space, bringing a refined look to your decor. \u2728<\/li>\n<li>\n<strong>Utilisation polyvalente<\/strong>: Perfect for a variety of settings, from relaxing in the living room to adding a touch of sophistication to your bedroom or study. \ud83c\udf1f<\/li>\n<\/ul>\n<h3>Avantages:<\/h3>\n<ul>\n<li>\n<strong>Ajout \u00e9l\u00e9gant<\/strong>: The contemporary design and light luxury finish elevate your space with a sophisticated flair. \ud83c\udf3f<\/li>\n<li>\n<strong>Comfort and Convenience<\/strong>: The rotating feature and plush seating provide both comfort and functional ease, ideal for lounging or reading. \ud83d\udcba<\/li>\n<li>\n<strong>Conception adaptable<\/strong>: Suitable for multiple environments, including living rooms, bedrooms, studies, and caf\u00e9s, seamlessly blending with various styles. \ud83c\udfe1<\/li>\n<\/ul>\n<p>Transform your space with a blend of modern design and luxurious comfort. <strong>Explore our modern single sofa chair now and enhance your environment with stylish versatility!<\/strong> \ud83d\uded2<\/p>\n<\/p><\/div>\n<\/p><\/div>\n<\/p><\/div>\n<\/div>\n<ul>\n<li>\n<strong>marque<\/strong>:autre\/autre<\/li>\n<li>\n<strong>mod\u00e8le<\/strong>:2335<\/li>\n<li>\n<strong>Mat\u00e9riel<\/strong>:tissu<\/li>\n<li>\n<strong>mod\u00e8le<\/strong>:abstrait<\/li>\n<li>\n<strong>style<\/strong>:Style de luxe l\u00e9ger<\/li>\n<li>\n<strong>\u00e9l\u00e9ments populaires<\/strong>:Forme sp\u00e9ciale, \u00e9pissure, m\u00e9tal<\/li>\n<li>\n<strong>trier par couleur<\/strong>:Wine red, lotus pink, customized color<\/li>\n<li>\n<strong>Poids brut<\/strong>:35<\/li>\n<li>\n<strong>Remplissage<\/strong>:Goose down<\/li>\n<li>\n<strong>Est-ce personnalisable ?<\/strong>:Non<\/li>\n<li>\n<strong>Appropri\u00e9<\/strong>:G\u00e9n\u00e9ral<\/li>\n<li>\n<strong>Est-ce rempla\u00e7able ?<\/strong>:Non<\/li>\n<li>\n<strong>Livraison\/installation disponible<\/strong>:Shanghai, autres, P\u00e9kin, Nanjing, Nanchang, Harbin, Dalian, Tianjin, Ningbo, Guangzhou, Chengdu, Hangzhou, Wuhan, Shenyang, Shenzhen, Wenzhou, Suzhou, Xi&#039;an, Guiyang, Zhengzhou, Chongqing, Jinhua, Changsha, Dongguan, Fuzhou, Qingdao, Wuxi, Taizhou, Changzhou, Foshan, Xiamen, Nanning<\/li>\n<li>\n<strong>Assembler<\/strong>:Non<\/li>\n<li>\n<strong>volume du colis<\/strong>:0.65<\/li>\n<li>\n<strong>Un taxi est-il disponible pour le transport ?<\/strong>:Non<\/li>\n<li>\n<strong>Positionnement de style<\/strong>:Qualit\u00e9 Luxe<\/li>\n<li>\n<strong>Instructions d&#039;installation d\u00e9taill\u00e9es<\/strong>:Fournir des instructions d&#039;installation, une vid\u00e9o d&#039;installation et des outils d&#039;installation simples<\/li>\n<li>\n<strong><\/strong>:<\/li>\n<\/ul>\n<p><img><\/p>","protected":false},"excerpt":{"rendered":"<p>Fauteuil canap\u00e9 simple moderne \u2013 \u00c9l\u00e9gance de loisirs rotative Am\u00e9liorez votre espace de vie avec notre fauteuil canap\u00e9 simple moderne, con\u00e7u pour<\/p>","protected":false},"featured_media":97588,"comment_status":"open","ping_status":"closed","template":"","meta":[],"product_brand":[],"product_cat":[30855,30862,30971,30850],"product_tag":[],"class_list":{"0":"post-43094","1":"product","2":"type-product","3":"status-publish","4":"has-post-thumbnail","6":"product_cat-wholesale-chairs","7":"product_cat-wholesales-hotels","8":"product_cat-hp","9":"product_cat-wholesale-furniture","11":"first","12":"instock","13":"taxable","14":"shipping-taxable","15":"purchasable","16":"product-type-variable"},"_links":{"self":[{"href":"https:\/\/nexgendecors.com\/fr\/wp-json\/wp\/v2\/product\/43094","targetHints":{"allow":["GET"]}}],"collection":[{"href":"https:\/\/nexgendecors.com\/fr\/wp-json\/wp\/v2\/product"}],"about":[{"href":"https:\/\/nexgendecors.com\/fr\/wp-json\/wp\/v2\/types\/product"}],"replies":[{"embeddable":true,"href":"https:\/\/nexgendecors.com\/fr\/wp-json\/wp\/v2\/comments?post=43094"}],"version-history":[{"count":0,"href":"https:\/\/nexgendecors.com\/fr\/wp-json\/wp\/v2\/product\/43094\/revisions"}],"wp:featuredmedia":[{"embeddable":true,"href":"https:\/\/nexgendecors.com\/fr\/wp-json\/wp\/v2\/media\/97588"}],"wp:attachment":[{"href":"https:\/\/nexgendecors.com\/fr\/wp-json\/wp\/v2\/media?parent=43094"}],"wp:term":[{"taxonomy":"product_brand","embeddable":true,"href":"https:\/\/nexgendecors.com\/fr\/wp-json\/wp\/v2\/product_brand?post=43094"},{"taxonomy":"product_cat","embeddable":true,"href":"https:\/\/nexgendecors.com\/fr\/wp-json\/wp\/v2\/product_cat?post=43094"},{"taxonomy":"product_tag","embeddable":true,"href":"https:\/\/nexgendecors.com\/fr\/wp-json\/wp\/v2\/product_tag?post=43094"}],"curies":[{"name":"wp","href":"https:\/\/api.w.org\/{rel}","templated":true}]}}