{"id":43866,"date":"2025-01-26T02:17:01","date_gmt":"2025-01-26T02:17:01","guid":{"rendered":"https:\/\/nexgendecors.com\/product\/maifan-coffee-table-small-apartment-modern-iron-coffee-table-combination-nordic-living-room-light-luxury-simple-round-coffee-table-home\/"},"modified":"2025-04-06T08:05:28","modified_gmt":"2025-04-06T08:05:28","slug":"table-basse-maifan-pour-petit-appartement-table-basse-moderne-en-fer-combinaison-de-salon-nordique-table-basse-ronde-simple-et-legere-de-luxe-pour-la-maison","status":"publish","type":"product","link":"https:\/\/nexgendecors.com\/fr\/product\/table-basse-maifan-pour-petit-appartement-table-basse-moderne-en-fer-combinaison-de-salon-nordique-table-basse-ronde-simple-et-legere-de-luxe-pour-la-maison\/","title":{"rendered":"Table basse nordique moderne\u00a0: design \u00e9l\u00e9gant et fonctionnalit\u00e9"},"content":{"rendered":"<div class=\"flex flex-grow flex-col max-w-full\">\n<div data-message-author-role=\"assistant\" data-message-id=\"2aec5333-8c02-42da-b589-4c5bdb6bee83\" dir=\"auto\" class=\"min-h-[20px] text-message flex w-full flex-col items-end gap-2 whitespace-pre-wrap break-words [.text-message+&#038;]:mt-5 overflow-x-auto\">\n<div class=\"flex w-full flex-col gap-1 empty:hidden first:pt-[3px]\">\n<div class=\"markdown prose w-full break-words dark:prose-invert light\">\n<h2>Table basse moderne en fer \u2013 Sublimez votre petit appartement<\/h2>\n<p>Sublimez votre petit appartement avec notre table basse moderne en fer, au design nordique qui respire le luxe l\u00e9ger. Son \u00e9l\u00e9gance simple et \u00e9pur\u00e9e en fait le compl\u00e9ment id\u00e9al de tout salon, apportant une touche de sophistication \u00e0 votre espace.<\/p>\n<h3>Pourquoi vous allez adorer cette table basse :<\/h3>\n<ul>\n<li>\n<strong>L&#039;\u00e9l\u00e9gance nordique<\/strong>:Le design moderne en fer apporte un look chic et minimaliste qui compl\u00e8te sans effort divers styles de d\u00e9coration. \u2728<\/li>\n<li>\n<strong>Sophistication compacte<\/strong>:Id\u00e9ale pour les petits appartements, cette table ajoute \u00e0 la fois style et fonctionnalit\u00e9 sans surcharger votre espace.<\/li>\n<li>\n<strong>Un attrait polyvalent<\/strong>:Parfait pour les salons, offrant une pi\u00e8ce ma\u00eetresse \u00e9l\u00e9gante qui am\u00e9liore l&#039;esth\u00e9tique de votre maison. \ud83d\udecb\ufe0f<\/li>\n<\/ul>\n<h3>Avantages:<\/h3>\n<ul>\n<li>\n<strong>Design \u00e9l\u00e9gant<\/strong>:Les lignes \u00e9pur\u00e9es et la finition luxueuse et l\u00e9g\u00e8re apportent une touche sophistiqu\u00e9e, donnant \u00e0 votre salon un aspect \u00e9l\u00e9gant et sans effort. \ud83c\udf1f<\/li>\n<li>\n<strong>Construction durable<\/strong>:Fabriqu\u00e9 en fer de haute qualit\u00e9, garantissant une durabilit\u00e9 et une r\u00e9sistance durables. \ud83d\udcaa<\/li>\n<li>\n<strong>Int\u00e9gration facile<\/strong>:S&#039;int\u00e8gre parfaitement dans votre espace de vie, ajoutant une touche raffin\u00e9e qui rehausse l&#039;ambiance g\u00e9n\u00e9rale. \ud83c\udfe0<\/li>\n<\/ul>\n<p>Transformez votre espace de vie avec un m\u00e9lange de style moderne et de praticit\u00e9. <strong>D\u00e9couvrez d\u00e8s maintenant notre table basse moderne en fer et ajoutez une touche d&#039;\u00e9l\u00e9gance nordique \u00e0 votre petit appartement !<\/strong> \ud83d\uded2<\/p>\n<\/p><\/div>\n<\/p><\/div>\n<\/p><\/div>\n<\/div>\n<ul>\n<li>\n<strong>marque<\/strong>:Mai Fan<\/li>\n<li>\n<strong>mod\u00e8le<\/strong>:TOY88-8129<\/li>\n<li>\n<strong>Mat\u00e9riel<\/strong>:M\u00e9tal<\/li>\n<li>\n<strong>Mat\u00e9riau m\u00e9tallique<\/strong>:fer<\/li>\n<li>\n<strong>style<\/strong>:Europe du Nord<\/li>\n<li>\n<strong>forme<\/strong>:Rond<\/li>\n<li>\n<strong>Installation<\/strong>:Paquet<\/li>\n<li>\n<strong>trier par couleur<\/strong>:Blanc mat petite taille couleur acier inoxydable \u2013 combinaison grande et petite taille couleur acier inoxydable petite taille combinaison blanc mat combinaison noir mat noir mat petite taille abricot petite taille blanc mat grande taille couleur acier inoxydable grande taille noir mat grande taille combinaison abricot abricot grande taille<\/li>\n<li>\n<strong>Technologie de finition<\/strong>:Travail des m\u00e9taux<\/li>\n<li>\n<strong>Proc\u00e9d\u00e9 de finition des m\u00e9taux<\/strong>:autre<\/li>\n<li>\n<strong>Est-ce personnalisable ?<\/strong>:Non<\/li>\n<li>\n<strong>Nombre de portes<\/strong>:Pas de porte<\/li>\n<li>\n<strong>Origine<\/strong>:Province du Fujian<\/li>\n<li>\n<strong>ville<\/strong>:Ville de Quanzhou<\/li>\n<li>\n<strong>Districts et comt\u00e9s<\/strong>:Comt\u00e9 d&#039;Anxi<\/li>\n<li>\n<strong>Assembler<\/strong>:Non<\/li>\n<li>\n<strong>volume du colis<\/strong>:0.1<\/li>\n<li>\n<strong>La pr\u00e9vente est-elle disponible ?<\/strong>:Oui<\/li>\n<li>\n<strong>Table basse en forme d&#039;angle<\/strong>:Rond<\/li>\n<li>\n<strong>Positionnement de style<\/strong>:Qualit\u00e9 Luxe<\/li>\n<\/ul>\n<p><img><\/p>","protected":false},"excerpt":{"rendered":"<p>Table basse en fer moderne \u2013 Rehaussez votre petit appartement Am\u00e9liorez votre petit appartement avec notre table basse en fer moderne, dot\u00e9e<\/p>","protected":false},"featured_media":99026,"comment_status":"open","ping_status":"closed","template":"","meta":[],"product_brand":[],"product_cat":[30862,30971,30850,30857],"product_tag":[],"class_list":{"0":"post-43866","1":"product","2":"type-product","3":"status-publish","4":"has-post-thumbnail","6":"product_cat-wholesales-hotels","7":"product_cat-hp","8":"product_cat-wholesale-furniture","9":"product_cat-wholesale-sofa-table","11":"first","12":"instock","13":"taxable","14":"shipping-taxable","15":"purchasable","16":"product-type-variable"},"_links":{"self":[{"href":"https:\/\/nexgendecors.com\/fr\/wp-json\/wp\/v2\/product\/43866","targetHints":{"allow":["GET"]}}],"collection":[{"href":"https:\/\/nexgendecors.com\/fr\/wp-json\/wp\/v2\/product"}],"about":[{"href":"https:\/\/nexgendecors.com\/fr\/wp-json\/wp\/v2\/types\/product"}],"replies":[{"embeddable":true,"href":"https:\/\/nexgendecors.com\/fr\/wp-json\/wp\/v2\/comments?post=43866"}],"version-history":[{"count":0,"href":"https:\/\/nexgendecors.com\/fr\/wp-json\/wp\/v2\/product\/43866\/revisions"}],"wp:featuredmedia":[{"embeddable":true,"href":"https:\/\/nexgendecors.com\/fr\/wp-json\/wp\/v2\/media\/99026"}],"wp:attachment":[{"href":"https:\/\/nexgendecors.com\/fr\/wp-json\/wp\/v2\/media?parent=43866"}],"wp:term":[{"taxonomy":"product_brand","embeddable":true,"href":"https:\/\/nexgendecors.com\/fr\/wp-json\/wp\/v2\/product_brand?post=43866"},{"taxonomy":"product_cat","embeddable":true,"href":"https:\/\/nexgendecors.com\/fr\/wp-json\/wp\/v2\/product_cat?post=43866"},{"taxonomy":"product_tag","embeddable":true,"href":"https:\/\/nexgendecors.com\/fr\/wp-json\/wp\/v2\/product_tag?post=43866"}],"curies":[{"name":"wp","href":"https:\/\/api.w.org\/{rel}","templated":true}]}}