{"id":44171,"date":"2025-01-26T02:17:41","date_gmt":"2025-01-26T02:17:41","guid":{"rendered":"https:\/\/nexgendecors.com\/product\/nordic-trumpet-side-cabinet-creative-light-luxury-high-end-dining-side-cabinet-personality-paint-tea-cabinet-modern-porch-cabinet-against-the-wall\/"},"modified":"2025-04-06T08:06:15","modified_gmt":"2025-04-06T08:06:15","slug":"armoire-laterale-de-trompette-nordique-armoire-laterale-de-salle-a-manger-de-luxe-haut-de-gamme-armoire-a-the-de-personnalite-armoire-de-porche-moderne-contre-le-mur","status":"publish","type":"product","link":"https:\/\/nexgendecors.com\/fr\/product\/armoire-laterale-de-trompette-nordique-armoire-laterale-de-salle-a-manger-de-luxe-haut-de-gamme-armoire-a-the-de-personnalite-armoire-de-porche-moderne-contre-le-mur\/","title":{"rendered":"Meuble d&#039;appoint Nordic Trumpet\u00a0: une solution de rangement \u00e9l\u00e9gante"},"content":{"rendered":"<p><strong>Meuble d&#039;appoint Nordic Trumpet\u00a0: sublimez votre espace avec une \u00e9l\u00e9gance haut de gamme<\/strong><\/p>\n<p>Transformez votre maison avec l&#039;armoire lat\u00e9rale Nordic Trumpet, un m\u00e9lange de design cr\u00e9atif et de luxe l\u00e9ger.<\/p>\n<p><strong>Design \u00e9l\u00e9gant :<\/strong><\/p>\n<ul>\n<li>Affirmez votre style avec ce meuble d&#039;appoint haut de gamme, dot\u00e9 d&#039;une forme trompette unique et d&#039;une finition peinte sophistiqu\u00e9e. Son allure moderne, l\u00e9g\u00e8re et luxueuse ajoute une touche de raffinement \u00e0 toute salle \u00e0 manger ou v\u00e9randa.<\/li>\n<li>Le design cr\u00e9atif et le style ax\u00e9 sur la personnalit\u00e9 am\u00e9liorent votre espace, ce qui en fait un \u00e9l\u00e9ment remarquable contre n&#039;importe quel mur.<\/li>\n<\/ul>\n<p><strong>Fonctionnalit\u00e9 polyvalente :<\/strong><\/p>\n<ul>\n<li>Parfait comme meuble \u00e0 th\u00e9 ou rangement g\u00e9n\u00e9ral, ce meuble offre amplement d&#039;espace pour organiser l&#039;essentiel tout en ajoutant un \u00e9l\u00e9ment d\u00e9coratif \u00e0 votre pi\u00e8ce.<\/li>\n<li>Sa conception polyvalente lui permet de compl\u00e9ter divers espaces, des salles \u00e0 manger aux porches modernes.<\/li>\n<\/ul>\n<p><strong>Artisanat haut de gamme :<\/strong><\/p>\n<ul>\n<li>Fabriqu\u00e9e avec des mat\u00e9riaux de qualit\u00e9, cette armoire promet durabilit\u00e9 et apparence soign\u00e9e, rehaussant la d\u00e9coration de votre maison.<\/li>\n<\/ul>\n<p><strong>Rangement \u00e9l\u00e9gant :<\/strong><\/p>\n<ul>\n<li>Combinez style et praticit\u00e9 avec une armoire qui offre des solutions de rangement \u00e9l\u00e9gantes tout en am\u00e9liorant l&#039;esth\u00e9tique de votre maison.<\/li>\n<\/ul>\n<p>D\u00e9couvrez l&#039;armoire d&#039;appoint Nordic Trumpet et sublimez votre espace avec une touche de sophistication haut de gamme. Achetez d\u00e8s maintenant et d\u00e9couvrez l&#039;alliance parfaite de la cr\u00e9ativit\u00e9 et du luxe\u00a0!<\/p>\n<ul>\n<li>\n<strong>marque<\/strong>:\u00c9rable violet de jade<\/li>\n<li>\n<strong>mod\u00e8le<\/strong>:Y0354<\/li>\n<li>\n<strong>Mat\u00e9riel<\/strong>:Panneau multicouche en bois massif<\/li>\n<li>\n<strong>style<\/strong>:Style nordique<\/li>\n<li>\n<strong>trier par couleur<\/strong>:D&#039;autres tailles sont vendues au prix total 800 longueur 480 profondeur 700 hauteur 1200 longueur 480 profondeur 700 hauteur 1400 longueur 480 profondeur 700 hauteur 1000 longueur 480 profondeur 700 hauteur<\/li>\n<li>\n<strong>Poids brut<\/strong>:100<\/li>\n<li>\n<strong>Mat\u00e9riau de finition<\/strong>:Panneaux \u00e0 base de bois<\/li>\n<li>\n<strong>haut<\/strong>:En dessous de 900 MM<\/li>\n<li>\n<strong>Est-ce personnalisable ?<\/strong>:Oui<\/li>\n<li>\n<strong>Nombre de portes<\/strong>:Double porte 3 portes<\/li>\n<li>\n<strong>Nombre de tiroirs<\/strong>:0<\/li>\n<li>\n<strong>Structure du meuble<\/strong>:Structure de cadre en bo\u00eete<\/li>\n<li>\n<strong>Livraison\/installation disponible<\/strong>:\u00c0 l&#039;\u00e9chelle nationale<\/li>\n<li>\n<strong>Origine<\/strong>:Shanghai<\/li>\n<li>\n<strong>ville<\/strong>:Shanghai<\/li>\n<li>\n<strong>Assembler<\/strong>:Oui<\/li>\n<li>\n<strong>volume du colis<\/strong>:1<\/li>\n<li>\n<strong>Instructions d&#039;installation d\u00e9taill\u00e9es<\/strong>:Aucune instruction d&#039;installation<\/li>\n<\/ul>","protected":false},"excerpt":{"rendered":"<p>Armoire lat\u00e9rale Nordic Trumpet : rehaussez votre espace avec une \u00e9l\u00e9gance haut de gamme Transformez votre maison avec l&#039;armoire lat\u00e9rale Nordic Trumpet, une<\/p>","protected":false},"featured_media":99573,"comment_status":"open","ping_status":"closed","template":"","meta":[],"product_brand":[],"product_cat":[30862,30971,30850,30851,30854],"product_tag":[],"class_list":{"0":"post-44171","1":"product","2":"type-product","3":"status-publish","4":"has-post-thumbnail","6":"product_cat-wholesales-hotels","7":"product_cat-hp","8":"product_cat-wholesale-furniture","9":"product_cat-wholesale-cabinets","10":"product_cat-wholesale-side-table","12":"first","13":"instock","14":"taxable","15":"shipping-taxable","16":"purchasable","17":"product-type-variable"},"_links":{"self":[{"href":"https:\/\/nexgendecors.com\/fr\/wp-json\/wp\/v2\/product\/44171","targetHints":{"allow":["GET"]}}],"collection":[{"href":"https:\/\/nexgendecors.com\/fr\/wp-json\/wp\/v2\/product"}],"about":[{"href":"https:\/\/nexgendecors.com\/fr\/wp-json\/wp\/v2\/types\/product"}],"replies":[{"embeddable":true,"href":"https:\/\/nexgendecors.com\/fr\/wp-json\/wp\/v2\/comments?post=44171"}],"version-history":[{"count":0,"href":"https:\/\/nexgendecors.com\/fr\/wp-json\/wp\/v2\/product\/44171\/revisions"}],"wp:featuredmedia":[{"embeddable":true,"href":"https:\/\/nexgendecors.com\/fr\/wp-json\/wp\/v2\/media\/99573"}],"wp:attachment":[{"href":"https:\/\/nexgendecors.com\/fr\/wp-json\/wp\/v2\/media?parent=44171"}],"wp:term":[{"taxonomy":"product_brand","embeddable":true,"href":"https:\/\/nexgendecors.com\/fr\/wp-json\/wp\/v2\/product_brand?post=44171"},{"taxonomy":"product_cat","embeddable":true,"href":"https:\/\/nexgendecors.com\/fr\/wp-json\/wp\/v2\/product_cat?post=44171"},{"taxonomy":"product_tag","embeddable":true,"href":"https:\/\/nexgendecors.com\/fr\/wp-json\/wp\/v2\/product_tag?post=44171"}],"curies":[{"name":"wp","href":"https:\/\/api.w.org\/{rel}","templated":true}]}}