{"id":44396,"date":"2025-01-26T02:18:08","date_gmt":"2025-01-26T02:18:08","guid":{"rendered":"https:\/\/nexgendecors.com\/product\/howvin-outdoor-parasol-villa-courtyard-umbrella-terrace-balcony-garden-large-sun-umbrella-large-roman-umbrella-outdoor\/"},"modified":"2025-04-06T08:06:52","modified_gmt":"2025-04-06T08:06:52","slug":"howvin-outdoor-parasol-villa-courtyard-umbrella-terrace-balcony-garden-large-sun-umbrella-large-roman-umbrella-outdoor","status":"publish","type":"product","link":"https:\/\/nexgendecors.com\/fr\/product\/howvin-outdoor-parasol-villa-courtyard-umbrella-terrace-balcony-garden-large-sun-umbrella-large-roman-umbrella-outdoor\/","title":{"rendered":"Parasol d&#039;ext\u00e9rieur \u00e9l\u00e9gant pour les cours de villa"},"content":{"rendered":"<h3>\u2602\ufe0f Outdoor Parasol Villa Courtyard Umbrella Terrace Balcony Garden Large Sun Umbrella Large Roman Umbrella Outdoor<\/h3>\n<p>Elevate your outdoor space with our Outdoor Parasol Villa Courtyard Umbrella Terrace Balcony Garden Large Sun Umbrella Large Roman Umbrella. This stunning addition to your garden or terrace provides ample shade and an elegant touch, making your outdoor areas perfect for relaxing and entertaining. Its robust construction and stylish design ensure both durability and visual appeal, transforming any outdoor setting into a luxurious retreat.<\/p>\n<h4>\u2728 Key Benefits:<\/h4>\n<ul>\n<li>\n<strong>Ample Shade<\/strong>: The large canopy offers extensive coverage, protecting you and your guests from the sun&#8217;s harsh rays.<\/li>\n<li>\n<strong>Design \u00e9l\u00e9gant<\/strong>: The sophisticated look of the Roman-style umbrella adds a touch of class to any outdoor area.<\/li>\n<li>\n<strong>Construction durable<\/strong>: High-quality materials ensure that the umbrella withstands various weather conditions, providing long-lasting use.<\/li>\n<li>\n<strong>Placement polyvalent<\/strong>: Ideal for villas, courtyards, terraces, balconies, and gardens, this umbrella enhances any outdoor space.<\/li>\n<\/ul>\n<h4>\ud83c\udf1f Why Choose Us?<\/h4>\n<p>Our Outdoor Parasol Villa Courtyard Umbrella combines functionality with style, making it a perfect choice for those who want to enjoy their outdoor spaces in comfort and elegance. Whether you&#8217;re hosting a garden party or relaxing with a book, this umbrella ensures you stay cool and comfortable.<\/p>\n<h3>Ready to Enhance Your Outdoor Space? \ud83c\udf3f<\/h3>\n<p>Explore our collection now and add a touch of luxury to your garden<\/p>\n<ul>\n<li>\n<strong>marque<\/strong>:HOWVIN<\/li>\n<li>\n<strong>mod\u00e8le<\/strong>:H-219W-SL<\/li>\n<li>\n<strong>Fonctionnalit\u00e9s suppl\u00e9mentaires<\/strong>:Rotatif<\/li>\n<li>\n<strong>Est-ce personnalisable ?<\/strong>:Non<\/li>\n<li>\n<strong>Mat\u00e9riel<\/strong>:Alliage d&#039;aluminium<\/li>\n<li>\n<strong>ville<\/strong>:Guangzhou City<\/li>\n<li>\n<strong>Un taxi est-il disponible pour le transport ?<\/strong>:Non<\/li>\n<li>\n<strong>Types of umbrellas<\/strong>:Roman umbrella<\/li>\n<li>\n<strong>Positionnement de style<\/strong>:Qualit\u00e9 Luxe<\/li>\n<li>\n<strong>Livraison\/installation disponible<\/strong>:Foshan Zhengzhou Guiyang Guangzhou Fuzhou Harbin Xiamen Chongqing Changzhou Suzhou Xi&#039;an Shenzhen Nanjing P\u00e9kin Changsha Qingdao Wuxi Chengdu Shanghai Wuhan Nanning Shenyang Dalian Taizhou Dongguan Tianjin Autre Jinhua Hangzhou Nanchang Ningbo Wenzhou<\/li>\n<li>\n<strong>trier par couleur<\/strong>:3m round umbrella aluminum alloy-polyester cloth3m round umbrella aluminum alloy-Taiwan cloth3m round umbrella aluminum alloy-US sunbrella cloth2.5 square umbrella aluminum alloy-polyester cloth2.5 square umbrella aluminum alloy-Taiwan cloth2.5 square umbrella aluminum alloy-US sunbrella cloth<\/li>\n<\/ul>\n<p><img><\/p>","protected":false},"excerpt":{"rendered":"<p>\u2602\ufe0f Parasol ext\u00e9rieur Villa Cour Parasol Terrasse Balcon Jardin Grand Parasol Grand Parasol romain Ext\u00e9rieur \u00c9levez votre espace ext\u00e9rieur<\/p>","protected":false},"featured_media":99951,"comment_status":"open","ping_status":"closed","template":"","meta":[],"product_brand":[],"product_cat":[30862,30971,30856,30860],"product_tag":[],"class_list":{"0":"post-44396","1":"product","2":"type-product","3":"status-publish","4":"has-post-thumbnail","6":"product_cat-wholesales-hotels","7":"product_cat-hp","8":"product_cat-outdoor-furniture","9":"product_cat-wholesale-restaurant","11":"first","12":"instock","13":"sale","14":"taxable","15":"shipping-taxable","16":"purchasable","17":"product-type-variable"},"_links":{"self":[{"href":"https:\/\/nexgendecors.com\/fr\/wp-json\/wp\/v2\/product\/44396","targetHints":{"allow":["GET"]}}],"collection":[{"href":"https:\/\/nexgendecors.com\/fr\/wp-json\/wp\/v2\/product"}],"about":[{"href":"https:\/\/nexgendecors.com\/fr\/wp-json\/wp\/v2\/types\/product"}],"replies":[{"embeddable":true,"href":"https:\/\/nexgendecors.com\/fr\/wp-json\/wp\/v2\/comments?post=44396"}],"version-history":[{"count":0,"href":"https:\/\/nexgendecors.com\/fr\/wp-json\/wp\/v2\/product\/44396\/revisions"}],"wp:featuredmedia":[{"embeddable":true,"href":"https:\/\/nexgendecors.com\/fr\/wp-json\/wp\/v2\/media\/99951"}],"wp:attachment":[{"href":"https:\/\/nexgendecors.com\/fr\/wp-json\/wp\/v2\/media?parent=44396"}],"wp:term":[{"taxonomy":"product_brand","embeddable":true,"href":"https:\/\/nexgendecors.com\/fr\/wp-json\/wp\/v2\/product_brand?post=44396"},{"taxonomy":"product_cat","embeddable":true,"href":"https:\/\/nexgendecors.com\/fr\/wp-json\/wp\/v2\/product_cat?post=44396"},{"taxonomy":"product_tag","embeddable":true,"href":"https:\/\/nexgendecors.com\/fr\/wp-json\/wp\/v2\/product_tag?post=44396"}],"curies":[{"name":"wp","href":"https:\/\/api.w.org\/{rel}","templated":true}]}}