{"id":44511,"date":"2025-01-26T02:18:20","date_gmt":"2025-01-26T02:18:20","guid":{"rendered":"https:\/\/nexgendecors.com\/product\/nordic-outdoor-sofa-rattan-solid-wood-aluminum-alloy-courtyard-garden-villa-hotel-designer-teak-rope-chair-furniture\/"},"modified":"2025-04-06T08:07:06","modified_gmt":"2025-04-06T08:07:06","slug":"canape-dexterieur-nordique-en-rotin-bois-massif-alliage-daluminium-cour-jardin-villa-hotel-chaise-design-en-corde-de-teck","status":"publish","type":"product","link":"https:\/\/nexgendecors.com\/fr\/product\/canape-dexterieur-nordique-en-rotin-bois-massif-alliage-daluminium-cour-jardin-villa-hotel-chaise-design-en-corde-de-teck\/","title":{"rendered":"Chaise d&#039;ext\u00e9rieur tiss\u00e9e \u00e9l\u00e9gante avec coussins"},"content":{"rendered":"<h3>Chaise d&#039;ext\u00e9rieur tiss\u00e9e avec coussins \u2600\ufe0f<\/h3>\n<p>Sublimez votre espace ext\u00e9rieur avec nos chaises d&#039;ext\u00e9rieur tress\u00e9es, \u00e9l\u00e9gantes et confortables, avec coussins. Alliant \u00e9l\u00e9gance et fonctionnalit\u00e9, elles constituent la solution id\u00e9ale pour les terrasses, les jardins et les bords de piscine. Con\u00e7ues pour allier confort et durabilit\u00e9, elles vous invitent \u00e0 la d\u00e9tente et \u00e0 profiter du plein air comme jamais auparavant.<\/p>\n<ul>\n<li>\n<strong>Design chic :<\/strong> Sublimez votre espace ext\u00e9rieur avec la texture tiss\u00e9e moderne de nos chaises, parfaites pour ajouter une touche de sophistication \u00e0 n&#039;importe quel d\u00e9cor. \ud83e\ude91\u2728<\/li>\n<li>\n<strong>Confort ultime :<\/strong> Chaque chaise est livr\u00e9e avec des coussins moelleux et r\u00e9sistants aux intemp\u00e9ries qui offrent un confort sup\u00e9rieur, rendant votre exp\u00e9rience de d\u00e9tente en plein air agr\u00e9able. \ud83c\udf3f\ud83d\ude0a<\/li>\n<li>\n<strong>Durable et r\u00e9sistant aux intemp\u00e9ries :<\/strong> Fabriqu\u00e9es avec des mat\u00e9riaux de haute qualit\u00e9, nos chaises tiss\u00e9es sont con\u00e7ues pour r\u00e9sister aux \u00e9l\u00e9ments, garantissant une beaut\u00e9 et une fonctionnalit\u00e9 durables. \ud83c\udf26\ufe0f\ud83c\udfd6\ufe0f<\/li>\n<li>\n<strong>Entretien facile :<\/strong> Les coussins sont amovibles et lavables, ce qui permet un nettoyage et un entretien faciles, pour que vos chaises soient toujours fra\u00eeches et accueillantes. \ud83e\uddfc\ud83c\udf1f<\/li>\n<li>\n<strong>Style polyvalent :<\/strong> Que vous organisiez une garden-party ou que vous profitiez d&#039;une soir\u00e9e tranquille en plein air, ces chaises s&#039;int\u00e8grent parfaitement \u00e0 n&#039;importe quel style de d\u00e9coration. \ud83c\udf89\ud83c\udf37<\/li>\n<\/ul>\n<p>Ne faites aucun compromis sur le confort ou le style. Sublimez votre d\u00e9tente en plein air avec nos chaises tress\u00e9es et d\u00e9couvrez l&#039;alliance parfaite du luxe et de la praticit\u00e9. <strong>Achetez maintenant et transformez votre espace ext\u00e9rieur en un havre de confort et d&#039;\u00e9l\u00e9gance !<\/strong> \ud83d\udecd\ufe0f\ud83c\udf3a<\/p>\n<ul>\n<li>\n<strong>marque<\/strong>:autre\/autre<\/li>\n<li>\n<strong>mod\u00e8le<\/strong>:OPR-025<\/li>\n<li>\n<strong>Mat\u00e9riel<\/strong>:rotin<\/li>\n<li>\n<strong>mod\u00e8le<\/strong>:Art<\/li>\n<li>\n<strong>style<\/strong>:Europe du Nord<\/li>\n<li>\n<strong>Nombre de personnes applicable<\/strong>:autre<\/li>\n<li>\n<strong>trier par couleur<\/strong>:Canap\u00e9 simple (alliage d&#039;aluminium imitation grain de bois), canap\u00e9 double (alliage d&#039;aluminium imitation grain de bois), canap\u00e9 trois personnes (alliage d&#039;aluminium imitation grain de bois), chaise de salle \u00e0 manger (alliage d&#039;aluminium imitation grain de bois), table \u00e0 th\u00e9 ronde de 80 pouces de diam\u00e8tre (alliage d&#039;aluminium imitation grain de bois), table \u00e0 th\u00e9 carr\u00e9e de 45 pouces (alliage d&#039;aluminium imitation grain de bois), combinaison un (alliage d&#039;aluminium imitation grain de bois), combinaison deux (alliage d&#039;aluminium imitation grain de bois), une table et huit chaises (alliage d&#039;aluminium imitation grain de bois), canap\u00e9 simple (teck import\u00e9), canap\u00e9 double (teck import\u00e9), canap\u00e9 trois personnes (teck import\u00e9), chaise de salle \u00e0 manger (teck import\u00e9), table \u00e0 th\u00e9 ronde de 80 pouces de diam\u00e8tre (teck import\u00e9), combinaison un (teck import\u00e9), combinaison deux (teck import\u00e9), une table et six chaises (teck import\u00e9), table de 1,8 m\u00e8tre de long (teck import\u00e9), table \u00e0 manger de 2,4 m\u00e8tres (teck import\u00e9), fauteuil inclinable (teck import\u00e9), longue table \u00e0 th\u00e9 (teck import\u00e9)<\/li>\n<li>\n<strong>Poids brut<\/strong>:15<\/li>\n<li>\n<strong>Mat\u00e9riau de finition<\/strong>:autre<\/li>\n<li>\n<strong>Remplissage<\/strong>:\u00e9ponge<\/li>\n<li>\n<strong>Technologie de finition<\/strong>:Artisanat en bambou et rotin<\/li>\n<li>\n<strong>Proc\u00e9d\u00e9 de finition du bambou et du rotin<\/strong>:Tresses de connexion<\/li>\n<li>\n<strong>Est-ce personnalisable ?<\/strong>:Oui<\/li>\n<li>\n<strong>Combinaison de canap\u00e9<\/strong>:autre<\/li>\n<li>\n<strong>Est-il amovible et lavable ?<\/strong>:Oui<\/li>\n<li>\n<strong>Fonctionnalit\u00e9s suppl\u00e9mentaires<\/strong>:il peut bouger<\/li>\n<li>\n<strong>Appropri\u00e9<\/strong>:Adultes<\/li>\n<li>\n<strong>Y a-t-il un espace de stockage ?<\/strong>:Non<\/li>\n<li>\n<strong>Mat\u00e9riau en rotin<\/strong>:autre<\/li>\n<li>\n<strong>Artisanat en structure de bambou et de rotin<\/strong>:Emballage<\/li>\n<li>\n<strong>Districts et comt\u00e9s<\/strong>:District de Chancheng<\/li>\n<li>\n<strong>Assembler<\/strong>:Non<\/li>\n<li>\n<strong>volume du colis<\/strong>:0.5<\/li>\n<li>\n<strong>Pour les gens<\/strong>:adulte<\/li>\n<li>\n<strong>Un taxi est-il disponible pour le transport ?<\/strong>:Non<\/li>\n<li>\n<strong>Positionnement de style<\/strong>:Style artistique<\/li>\n<li>\n<strong>Instructions d&#039;installation d\u00e9taill\u00e9es<\/strong>:Aucune instruction d&#039;installation<\/li>\n<li>\n<strong><\/strong>:<\/li>\n<\/ul>\n<p><img><\/p>","protected":false},"excerpt":{"rendered":"<p>Chaise d&#039;ext\u00e9rieur tiss\u00e9e avec coussins \u2600\ufe0f Am\u00e9liorez votre espace de vie ext\u00e9rieur avec nos chaises d&#039;ext\u00e9rieur tiss\u00e9es \u00e9l\u00e9gantes et confortables avec<\/p>","protected":false},"featured_media":100114,"comment_status":"open","ping_status":"closed","template":"","meta":[],"product_brand":[],"product_cat":[30862,30971,30856,30860],"product_tag":[],"class_list":{"0":"post-44511","1":"product","2":"type-product","3":"status-publish","4":"has-post-thumbnail","6":"product_cat-wholesales-hotels","7":"product_cat-hp","8":"product_cat-outdoor-furniture","9":"product_cat-wholesale-restaurant","11":"first","12":"instock","13":"sale","14":"taxable","15":"shipping-taxable","16":"purchasable","17":"product-type-variable"},"_links":{"self":[{"href":"https:\/\/nexgendecors.com\/fr\/wp-json\/wp\/v2\/product\/44511","targetHints":{"allow":["GET"]}}],"collection":[{"href":"https:\/\/nexgendecors.com\/fr\/wp-json\/wp\/v2\/product"}],"about":[{"href":"https:\/\/nexgendecors.com\/fr\/wp-json\/wp\/v2\/types\/product"}],"replies":[{"embeddable":true,"href":"https:\/\/nexgendecors.com\/fr\/wp-json\/wp\/v2\/comments?post=44511"}],"version-history":[{"count":0,"href":"https:\/\/nexgendecors.com\/fr\/wp-json\/wp\/v2\/product\/44511\/revisions"}],"wp:featuredmedia":[{"embeddable":true,"href":"https:\/\/nexgendecors.com\/fr\/wp-json\/wp\/v2\/media\/100114"}],"wp:attachment":[{"href":"https:\/\/nexgendecors.com\/fr\/wp-json\/wp\/v2\/media?parent=44511"}],"wp:term":[{"taxonomy":"product_brand","embeddable":true,"href":"https:\/\/nexgendecors.com\/fr\/wp-json\/wp\/v2\/product_brand?post=44511"},{"taxonomy":"product_cat","embeddable":true,"href":"https:\/\/nexgendecors.com\/fr\/wp-json\/wp\/v2\/product_cat?post=44511"},{"taxonomy":"product_tag","embeddable":true,"href":"https:\/\/nexgendecors.com\/fr\/wp-json\/wp\/v2\/product_tag?post=44511"}],"curies":[{"name":"wp","href":"https:\/\/api.w.org\/{rel}","templated":true}]}}