{"id":44581,"date":"2025-01-26T02:18:26","date_gmt":"2025-01-26T02:18:26","guid":{"rendered":"https:\/\/nexgendecors.com\/product\/restaurant-lamp-pastoral-style-dining-table-bar-chandelier-full-spectrum-eye-protection-bedroom-bedside-hanging-line-lamp-modern-simple-lamp\/"},"modified":"2025-04-06T08:07:16","modified_gmt":"2025-04-06T08:07:16","slug":"lampe-de-restaurant-de-style-pastoral-lustre-de-table-a-manger-de-bar-protection-des-yeux-a-spectre-complet-lampe-de-chevet-suspendue-pour-chambre-a-coucher-lampe-simple-et-moderne","status":"publish","type":"product","link":"https:\/\/nexgendecors.com\/fr\/product\/lampe-de-restaurant-de-style-pastoral-lustre-de-table-a-manger-de-bar-protection-des-yeux-a-spectre-complet-lampe-de-chevet-suspendue-pour-chambre-a-coucher-lampe-simple-et-moderne\/","title":{"rendered":"Lustre pastoral pour une table \u00e0 manger \u00e9l\u00e9gante"},"content":{"rendered":"<p>Ajoutez une touche de charme \u00e0 votre exp\u00e9rience culinaire avec notre <strong>Lustre de table \u00e0 manger de style pastoral<\/strong>! \ud83c\udf38 Parfait pour les restaurants, les bars et les salles \u00e0 manger \u00e0 domicile, ce lustre offre une protection oculaire \u00e0 spectre complet, ce qui le rend id\u00e9al pour lire, d\u00eener et cr\u00e9er une atmosph\u00e8re chaleureuse. \ud83d\udd6f\ufe0f\u2728<\/p>\n<ul>\n<li>\n<strong>Charme pastoral<\/strong>:Un design rustique ravissant qui compl\u00e8te n&#039;importe quel d\u00e9cor de salle \u00e0 manger \ud83c\udf3e<\/li>\n<li>\n<strong>Utilisation polyvalente<\/strong>:Parfait pour les tables \u00e0 manger, les bars, les chambres et les tables de chevet \ud83c\udf7d\ufe0f<\/li>\n<li>\n<strong>Protection des yeux<\/strong>:\u00c9clairage \u00e0 spectre complet qui r\u00e9duit la fatigue oculaire et offre une exp\u00e9rience de lumi\u00e8re naturelle \ud83d\udc40\ud83d\udca1<\/li>\n<li>\n<strong>Simplicit\u00e9 moderne<\/strong>: Combine un design moderne avec une \u00e9l\u00e9gance simple pour un look intemporel \ud83c\udfe1<\/li>\n<li>\n<strong>Installation facile<\/strong>: Comprend une corde de suspension pour une installation \u00e9l\u00e9gante et transparente \ud83d\udee0\ufe0f<\/li>\n<\/ul>\n<p>Am\u00e9liorez votre salle \u00e0 manger avec ce magnifique lustre, offrant \u00e0 la fois style et fonctionnalit\u00e9 pour n&#039;importe quel espace. \ud83c\udf1f\ud83c\udf77<\/p>\n<ul>\n<li>\n<strong>marque<\/strong>:autre\/autre<\/li>\n<li>\n<strong>mod\u00e8le<\/strong>:ODW1815<\/li>\n<li>\n<strong>style<\/strong>:Style cr\u00e8me<\/li>\n<li>\n<strong>Origine<\/strong>:Chine continentale<\/li>\n<li>\n<strong>trier par couleur<\/strong>:Blanc cass\u00e9 [35CM] lumi\u00e8re blanche, blanc cass\u00e9 [35CM] lumi\u00e8re chaude, blanc cass\u00e9 [35CM] trois couleurs, vert lait [35CM] lumi\u00e8re blanche, vert lait [35CM] lumi\u00e8re chaude, vert lait [35CM] trois couleurs, couleur grain de bois [35CM] lumi\u00e8re blanche, couleur grain de bois [35CM] lumi\u00e8re chaude, couleur grain de bois [35CM] trois couleurs, spectre complet\/indice d&#039;affichage \u226597\/blanc cass\u00e9 [35CM] trois couleurs, spectre complet\/indice d&#039;affichage \u226597\/vert lait [35CM] trois couleurs, spectre complet\/indice d&#039;affichage \u226597\/couleur grain de bois [35CM] trois couleurs<\/li>\n<li>\n<strong>La lampe a-t-elle une source lumineuse ?<\/strong>:Oui<\/li>\n<li>\n<strong>Tension<\/strong>:111V~240V (inclus)<\/li>\n<li>\n<strong>Mat\u00e9riau principal du corps de la lampe<\/strong>:fer<\/li>\n<li>\n<strong>Mat\u00e9riau principal de l&#039;abat-jour<\/strong>:Abat-jour en PMMA \u00e0 haute transmission lumineuse<\/li>\n<li>\n<strong>type de source lumineuse<\/strong>:Lumi\u00e8res LED<\/li>\n<li>\n<strong>Nombre de sources lumineuses<\/strong>:1<\/li>\n<li>\n<strong>Technologie<\/strong>:Autre<\/li>\n<li>\n<strong>Zone d&#039;irradiation<\/strong>:5\u33a1-10\u33a1<\/li>\n<li>\n<strong>Type de contr\u00f4le<\/strong>:autre<\/li>\n<li>\n<strong>Mat\u00e9riau auxiliaire pour abat-jour<\/strong>:Abat-jour en PMMA \u00e0 haute transmission lumineuse<\/li>\n<li>\n<strong>P\u00e9riode de garantie<\/strong>:3 ans<\/li>\n<li>\n<strong>Mat\u00e9riau auxiliaire du corps de la lampe<\/strong>:Ch\u00e2ssis ABS+Mat\u00e9riel<\/li>\n<li>\n<strong>Type intelligent<\/strong>:Pas de support pour smart<\/li>\n<li>\n<strong>Que ce soit un contr\u00f4le intelligent<\/strong>:Non<\/li>\n<li>\n<strong>Forme de la lampe<\/strong>:Lustre<\/li>\n<li>\n<strong>Nombre de t\u00eates de lampe<\/strong>:1<\/li>\n<li>\n<strong>Type de lustre<\/strong>:Lustre en fer forg\u00e9<\/li>\n<li>\n<strong>Num\u00e9ro de certificat 3C<\/strong>:2023011001567276<\/li>\n<li>\n<strong><\/strong>:<\/li>\n<\/ul>\n<p><img><\/p>","protected":false},"excerpt":{"rendered":"<p>Add a touch of charm to your dining experience with our Pastoral Style Dining Table Chandelier! \ud83c\udf38 Perfect for restaurants,<\/p>","protected":false},"featured_media":100235,"comment_status":"open","ping_status":"closed","template":"","meta":[],"product_brand":[],"product_cat":[30971,30864],"product_tag":[],"class_list":{"0":"post-44581","1":"product","2":"type-product","3":"status-publish","4":"has-post-thumbnail","6":"product_cat-hp","7":"product_cat-new-wholesales-lights","9":"first","10":"instock","11":"taxable","12":"shipping-taxable","13":"purchasable","14":"product-type-variable"},"_links":{"self":[{"href":"https:\/\/nexgendecors.com\/fr\/wp-json\/wp\/v2\/product\/44581","targetHints":{"allow":["GET"]}}],"collection":[{"href":"https:\/\/nexgendecors.com\/fr\/wp-json\/wp\/v2\/product"}],"about":[{"href":"https:\/\/nexgendecors.com\/fr\/wp-json\/wp\/v2\/types\/product"}],"replies":[{"embeddable":true,"href":"https:\/\/nexgendecors.com\/fr\/wp-json\/wp\/v2\/comments?post=44581"}],"version-history":[{"count":0,"href":"https:\/\/nexgendecors.com\/fr\/wp-json\/wp\/v2\/product\/44581\/revisions"}],"wp:featuredmedia":[{"embeddable":true,"href":"https:\/\/nexgendecors.com\/fr\/wp-json\/wp\/v2\/media\/100235"}],"wp:attachment":[{"href":"https:\/\/nexgendecors.com\/fr\/wp-json\/wp\/v2\/media?parent=44581"}],"wp:term":[{"taxonomy":"product_brand","embeddable":true,"href":"https:\/\/nexgendecors.com\/fr\/wp-json\/wp\/v2\/product_brand?post=44581"},{"taxonomy":"product_cat","embeddable":true,"href":"https:\/\/nexgendecors.com\/fr\/wp-json\/wp\/v2\/product_cat?post=44581"},{"taxonomy":"product_tag","embeddable":true,"href":"https:\/\/nexgendecors.com\/fr\/wp-json\/wp\/v2\/product_tag?post=44581"}],"curies":[{"name":"wp","href":"https:\/\/api.w.org\/{rel}","templated":true}]}}