{"id":44635,"date":"2025-01-26T02:18:34","date_gmt":"2025-01-26T02:18:34","guid":{"rendered":"https:\/\/nexgendecors.com\/product\/full-spectrum-eye-protection-no-flicker-childrens-room-lamp-creative-cream-style-cartoon-airplane-lamp-nordic-log-style-bedroom-lamp\/"},"modified":"2025-04-06T08:07:24","modified_gmt":"2025-04-06T08:07:24","slug":"full-spectrum-eye-protection-no-flicker-childrens-room-lamp-creative-cream-style-cartoon-airplane-lamp-nordic-log-style-bedroom-lamp","status":"publish","type":"product","link":"https:\/\/nexgendecors.com\/fr\/product\/full-spectrum-eye-protection-no-flicker-childrens-room-lamp-creative-cream-style-cartoon-airplane-lamp-nordic-log-style-bedroom-lamp\/","title":{"rendered":"Plafonnier LED moderne encastr\u00e9 avec temp\u00e9rature de couleur"},"content":{"rendered":"<p>Illuminate your space with our <strong>Plane Shape LED Flush Mount Ceiling Light<\/strong>! \u2728 This sleek and modern ceiling light features a unique plane shape design and offers adjustable color temperatures to suit any mood or occasion. Perfect for living rooms, bedrooms, offices, and more, this light combines style and functionality. \ud83c\udfe0\ud83d\udca1<\/p>\n<ul>\n<li>\n<strong>Conception unique<\/strong>: Eye-catching plane shape for a modern look \u2708\ufe0f<\/li>\n<li>\n<strong>Adjustable Color Temperature<\/strong>: Three settings to choose from &#8211; warm, neutral, and cool light \ud83c\udf21\ufe0f<\/li>\n<li>\n<strong>Efficacit\u00e9 \u00e9nerg\u00e9tique<\/strong>: LED technology for long-lasting and eco-friendly lighting \ud83c\udf0d<\/li>\n<li>\n<strong>Utilisation polyvalente<\/strong>: Ideal for any room in your home or office \ud83d\udecb\ufe0f<\/li>\n<li>\n<strong>Installation facile<\/strong>: Flush mount design for a seamless and sleek finish \ud83d\udee0\ufe0f<\/li>\n<\/ul>\n<p>Upgrade your lighting with this innovative ceiling light and enjoy the perfect ambiance for any setting. \ud83c\udf1f\ud83d\udd27<\/p>\n<ul>\n<li>\n<strong>marque<\/strong>:autre\/autre<\/li>\n<li>\n<strong>mod\u00e8le<\/strong>:ODW972<\/li>\n<li>\n<strong>style<\/strong>:Europe du Nord<\/li>\n<li>\n<strong>Origine<\/strong>:Chine continentale<\/li>\n<li>\n<strong>mod\u00e8le<\/strong>:ODW972<\/li>\n<li>\n<strong>trier par couleur<\/strong>:Original wood grain [42*38CM] three colors, original wood grain [42*38CM] Wuji, original wood grain [42*38CM] Tmall Elf, original wood grain [42*38CM] Xiao Ai, original wood grain [60*55CM] three colors, original wood grain [60*55CM] Wuji, original wood grain [60*55CM] Tmall Elf, original wood grain [60*55CM] Xiao Ai, full spectrum\/CRI \u226597\/original Wood grain [42*38CM] three colors, full spectrum\/display index \u226597\/original wood grain [42*38CM] Wuji + Tmall, full spectrum\/display index \u226597\/original wood grain [60*55CM] three colors, full spectrum\/display index \u226597\/original wood grain [60*55CM] Wuji + Tmall, Pu Rui full spectrum\/original wood grain [42*38CM] three colors, Pu Rui full spectrum\/original wood grain [42*38CM] Tmall, Pu Rui full Spectrum\/Original Wood Grain [42*38CM] Xiaoai, Purui Full Spectrum\/Original Wood Grain [42*38CM] Apple Full Netcom, Purui Full Spectrum\/Original Wood Grain [60*55CM] Three Colors, Purui Full Spectrum\/Original Wood Grain [60*55CM] Tmall, Purui Full Spectrum\/Original Wood Grain [60*55CM] Xiaoai, Purui Full Spectrum\/Original Wood Grain [60*55CM] Apple Full Netcom, Walnut Wood Grain [42*38C M] three colors, walnut wood grain [42*38CM] Wuji, walnut wood grain [42*38CM] Tmall Elf, walnut wood grain [42*38CM] Xiao Ai classmate, walnut wood grain [60*55CM] three colors, walnut wood grain [60*55CM] Wuji, walnut wood grain [60*55CM] Tmall Elf, walnut wood grain [60*55CM] Xiao Ai classmate, full spectrum\/CRI \u226597\/walnut wood grain [ 42*38CM] three colors, full spectrum\/CRI \u226597\/walnut wood grain [42*38CM] Wuji + Tmall, full spectrum\/CRI \u226597\/walnut wood grain [60*55CM] three colors, full spectrum\/CRI \u226597\/walnut wood grain [60*55CM] Wuji + Tmall, Pu Rui full spectrum\/walnut wood grain [42*38CM] three colors, Pu Rui full spectrum\/walnut wood grain [42*38CM] Tmall, Pu Rui Rui full spectrum \/ walnut wood grain [42 * 38CM] Xiaoai, Pu Rui full spectrum \/ walnut wood grain [42 * 38CM] Apple full network, Pu Rui full spectrum \/ walnut wood grain [60 * 55CM] three colors, Pu Rui full spectrum \/ walnut wood grain [60 * 55CM] Tmall, Pu Rui full spectrum \/ walnut wood grain [60 * 55CM] Xiaoai, Pu Rui full spectrum \/ walnut wood grain [60 * 55CM] Apple full network, Pu Rui full Spectrum\/blue [41CM] three colors, Pu Rui full spectrum\/blue [41CM] Tmall, Pu Rui full spectrum\/blue [41CM] Xiao Ai, Pu Rui full spectrum\/blue [41CM] Apple full network, Pu Rui full spectrum\/blue [58CM] three colors, Pu Rui full spectrum\/blue [58CM] Tmall, Pu Rui full spectrum\/blue [58CM] Xiao Ai, Pu Rui full spectrum\/blue [58CM] Apple full network, Pu Rui full spectrum\/white [41CM] three colors, Pu Rui full spectrum\/white [41CM] Tmall, Pu Rui full spectrum\/white [41CM] Xiao Ai, Pu Rui full spectrum\/white [41CM] Apple full network, Pu Rui full spectrum\/white [58CM] three colors, Pu Rui full spectrum\/white [58CM] Tmall, Pu Rui full spectrum\/white [58CM] Xiao Ai, Pu Rui full spectrum\/white [58CM] Apple full network<\/li>\n<li>\n<strong>La lampe a-t-elle une source lumineuse ?<\/strong>:Oui<\/li>\n<li>\n<strong>Tension<\/strong>:111V~240V (inclus)<\/li>\n<li>\n<strong>Mat\u00e9riau principal du corps de la lampe<\/strong>:fer<\/li>\n<li>\n<strong>Mat\u00e9riau principal de l&#039;abat-jour<\/strong>:Abat-jour en PMMA \u00e0 haute transmission lumineuse<\/li>\n<li>\n<strong>type de source lumineuse<\/strong>:Lumi\u00e8res LED<\/li>\n<li>\n<strong>Nombre de sources lumineuses<\/strong>:1<\/li>\n<li>\n<strong>Technologie<\/strong>:Autre<\/li>\n<li>\n<strong>Zone d&#039;irradiation<\/strong>:5\u33a1-10\u33a1,10\u33a1-15\u33a1<\/li>\n<li>\n<strong>Type de contr\u00f4le<\/strong>:autre<\/li>\n<li>\n<strong>Mat\u00e9riau auxiliaire pour abat-jour<\/strong>:Abat-jour en PMMA \u00e0 haute transmission lumineuse<\/li>\n<li>\n<strong>P\u00e9riode de garantie<\/strong>:3 ans<\/li>\n<li>\n<strong>Mat\u00e9riau auxiliaire du corps de la lampe<\/strong>:Ch\u00e2ssis ABS+Mat\u00e9riel<\/li>\n<li>\n<strong>Type intelligent<\/strong>:Pas de support pour smart<\/li>\n<li>\n<strong>Que ce soit un contr\u00f4le intelligent<\/strong>:Non<\/li>\n<li>\n<strong>Type de plafonnier<\/strong>:Plafonnier en fer forg\u00e9<\/li>\n<li>\n<strong>Num\u00e9ro de certificat 3C<\/strong>:2020011001350286<\/li>\n<\/ul>\n<p><img><\/p>","protected":false},"excerpt":{"rendered":"<p>Illuminate your space with our Plane Shape LED Flush Mount Ceiling Light! \u2728 This sleek and modern ceiling light features<\/p>","protected":false},"featured_media":100311,"comment_status":"open","ping_status":"closed","template":"","meta":[],"product_brand":[],"product_cat":[30971,30864],"product_tag":[],"class_list":{"0":"post-44635","1":"product","2":"type-product","3":"status-publish","4":"has-post-thumbnail","6":"product_cat-hp","7":"product_cat-new-wholesales-lights","9":"first","10":"instock","11":"taxable","12":"shipping-taxable","13":"purchasable","14":"product-type-variable"},"_links":{"self":[{"href":"https:\/\/nexgendecors.com\/fr\/wp-json\/wp\/v2\/product\/44635","targetHints":{"allow":["GET"]}}],"collection":[{"href":"https:\/\/nexgendecors.com\/fr\/wp-json\/wp\/v2\/product"}],"about":[{"href":"https:\/\/nexgendecors.com\/fr\/wp-json\/wp\/v2\/types\/product"}],"replies":[{"embeddable":true,"href":"https:\/\/nexgendecors.com\/fr\/wp-json\/wp\/v2\/comments?post=44635"}],"version-history":[{"count":0,"href":"https:\/\/nexgendecors.com\/fr\/wp-json\/wp\/v2\/product\/44635\/revisions"}],"wp:featuredmedia":[{"embeddable":true,"href":"https:\/\/nexgendecors.com\/fr\/wp-json\/wp\/v2\/media\/100311"}],"wp:attachment":[{"href":"https:\/\/nexgendecors.com\/fr\/wp-json\/wp\/v2\/media?parent=44635"}],"wp:term":[{"taxonomy":"product_brand","embeddable":true,"href":"https:\/\/nexgendecors.com\/fr\/wp-json\/wp\/v2\/product_brand?post=44635"},{"taxonomy":"product_cat","embeddable":true,"href":"https:\/\/nexgendecors.com\/fr\/wp-json\/wp\/v2\/product_cat?post=44635"},{"taxonomy":"product_tag","embeddable":true,"href":"https:\/\/nexgendecors.com\/fr\/wp-json\/wp\/v2\/product_tag?post=44635"}],"curies":[{"name":"wp","href":"https:\/\/api.w.org\/{rel}","templated":true}]}}