{"id":45266,"date":"2025-01-26T02:19:33","date_gmt":"2025-01-26T02:19:33","guid":{"rendered":"https:\/\/nexgendecors.com\/product\/nordic-dining-chair-home-leisure-net-red-transparent-dining-table-chair-simple-b-b-hotel-shell-chair-sun-chair\/"},"modified":"2025-04-06T08:08:31","modified_gmt":"2025-04-06T08:08:31","slug":"nordic-dining-chair-home-leisure-net-red-transparent-dining-table-chair-simple-b-b-hotel-shell-chair-sun-chair","status":"publish","type":"product","link":"https:\/\/nexgendecors.com\/fr\/product\/nordic-dining-chair-home-leisure-net-red-transparent-dining-table-chair-simple-b-b-hotel-shell-chair-sun-chair\/","title":{"rendered":"Chaise d&#039;appoint empilable scandinave\u00a0? Design moderne et \u00e9l\u00e9gant"},"content":{"rendered":"<div class=\"flex flex-grow flex-col max-w-full\">\n<div data-message-author-role=\"assistant\" data-message-id=\"5cb77ee6-0b0a-4b3a-ab98-75d47c3e684f\" dir=\"auto\" class=\"min-h-[20px] text-message flex w-full flex-col items-end gap-2 whitespace-pre-wrap break-words [.text-message+&#038;]:mt-5 overflow-x-auto\">\n<div class=\"flex w-full flex-col gap-1 empty:hidden first:pt-[3px]\">\n<div class=\"markdown prose w-full break-words dark:prose-invert light\">\n<h2>Enhance Your Decor with Our Scandinavian Side Chair<\/h2>\n<p>Elevate your space with our Scandinavian side chair, where sleek design meets practical elegance. The eye-catching silver legs and durable plastic &#038; acrylic construction ensure a blend of style and resilience that complements any modern decor.<\/p>\n<h3>Pourquoi vous allez adorer notre chaise d&#039;appoint scandinave :<\/h3>\n<ul>\n<li>\n<strong>Design \u00e9l\u00e9gant<\/strong>: The chic silver legs and minimalistic silhouette add a sophisticated touch to any room. \u2728<\/li>\n<li>\n<strong>Mat\u00e9riaux durables<\/strong>: Constructed with high-quality plastic and acrylic, this chair stands up to daily use while maintaining its sleek appearance. \ud83d\udc8e<\/li>\n<li>\n<strong>Commodit\u00e9 empilable<\/strong>: Save space effortlessly with a design that stacks for easy storage and versatility. \ud83d\udce6<\/li>\n<\/ul>\n<h3>Avantages:<\/h3>\n<ul>\n<li>\n<strong>Style polyvalent<\/strong>: Perfect for dining areas, home offices, or living rooms, seamlessly integrating with various design themes. \ud83c\udfe0<\/li>\n<li>\n<strong>Entretien facile<\/strong>: Smooth surfaces make cleaning a breeze, keeping your space looking pristine with minimal effort. \ud83e\uddfd<\/li>\n<li>\n<strong>Gain de place<\/strong>: L\u00e9ger et empilable, id\u00e9al pour les petits comme pour les grands espaces. \ud83c\udf1f<\/li>\n<\/ul>\n<p>Revamp your decor with the perfect blend of style and functionality. <strong>Explore our Scandinavian side chair now and give your space a chic upgrade!<\/strong> \ud83d\uded2<\/p>\n<\/p><\/div>\n<\/p><\/div>\n<\/p><\/div>\n<\/div>\n<ul>\n<li>\n<strong>marque<\/strong>:Beisheng<\/li>\n<li>\n<strong>mod\u00e8le<\/strong>:054<\/li>\n<li>\n<strong>Mat\u00e9riel<\/strong>:M\u00e9tal<\/li>\n<li>\n<strong>Mat\u00e9riau m\u00e9tallique<\/strong>:autre<\/li>\n<li>\n<strong>style<\/strong>:Europe du Nord<\/li>\n<li>\n<strong>trier par couleur<\/strong>:Black,Milky white,Transparent,Dark green,Bright yellow,Turmeric,Smoke gray,Matcha green,Brown<\/li>\n<li>\n<strong>Hauteur du dossier<\/strong>:125 mm (non inclus) \u2013 800 mm (non inclus)<\/li>\n<li>\n<strong>Est-ce personnalisable ?<\/strong>:Non<\/li>\n<li>\n<strong>Est-ce rotatif ?<\/strong>:Non<\/li>\n<li>\n<strong>Y a-t-il des mains courantes ?<\/strong>:Non<\/li>\n<li>\n<strong>Appropri\u00e9<\/strong>:Adultes<\/li>\n<li>\n<strong>Origine<\/strong>:Province du Hebei<\/li>\n<li>\n<strong>Assembler<\/strong>:Oui<\/li>\n<li>\n<strong>Positionnement de style<\/strong>:Style artistique<\/li>\n<\/ul>\n<p><img><\/p>","protected":false},"excerpt":{"rendered":"<p>Rehaussez votre d\u00e9cor avec notre chaise d&#039;appoint scandinave Rehaussez votre espace avec notre chaise d&#039;appoint scandinave, o\u00f9 le design \u00e9l\u00e9gant rencontre<\/p>","protected":false},"featured_media":101125,"comment_status":"open","ping_status":"closed","template":"","meta":[],"product_brand":[],"product_cat":[30855,30852,30971,30859,30860],"product_tag":[],"class_list":{"0":"post-45266","1":"product","2":"type-product","3":"status-publish","4":"has-post-thumbnail","6":"product_cat-wholesale-chairs","7":"product_cat-dining-set","8":"product_cat-hp","9":"product_cat-wholesale-office","10":"product_cat-wholesale-restaurant","12":"first","13":"instock","14":"sale","15":"taxable","16":"shipping-taxable","17":"purchasable","18":"product-type-variable"},"_links":{"self":[{"href":"https:\/\/nexgendecors.com\/fr\/wp-json\/wp\/v2\/product\/45266","targetHints":{"allow":["GET"]}}],"collection":[{"href":"https:\/\/nexgendecors.com\/fr\/wp-json\/wp\/v2\/product"}],"about":[{"href":"https:\/\/nexgendecors.com\/fr\/wp-json\/wp\/v2\/types\/product"}],"replies":[{"embeddable":true,"href":"https:\/\/nexgendecors.com\/fr\/wp-json\/wp\/v2\/comments?post=45266"}],"version-history":[{"count":0,"href":"https:\/\/nexgendecors.com\/fr\/wp-json\/wp\/v2\/product\/45266\/revisions"}],"wp:featuredmedia":[{"embeddable":true,"href":"https:\/\/nexgendecors.com\/fr\/wp-json\/wp\/v2\/media\/101125"}],"wp:attachment":[{"href":"https:\/\/nexgendecors.com\/fr\/wp-json\/wp\/v2\/media?parent=45266"}],"wp:term":[{"taxonomy":"product_brand","embeddable":true,"href":"https:\/\/nexgendecors.com\/fr\/wp-json\/wp\/v2\/product_brand?post=45266"},{"taxonomy":"product_cat","embeddable":true,"href":"https:\/\/nexgendecors.com\/fr\/wp-json\/wp\/v2\/product_cat?post=45266"},{"taxonomy":"product_tag","embeddable":true,"href":"https:\/\/nexgendecors.com\/fr\/wp-json\/wp\/v2\/product_tag?post=45266"}],"curies":[{"name":"wp","href":"https:\/\/api.w.org\/{rel}","templated":true}]}}