{"id":45277,"date":"2025-01-26T02:19:34","date_gmt":"2025-01-26T02:19:34","guid":{"rendered":"https:\/\/nexgendecors.com\/product\/simple-modern-dining-chair-home-thickened-plastic-chair-adult-dining-table-stool-backrest-net-celebrity-leisure-horn-chair\/"},"modified":"2025-04-06T08:08:34","modified_gmt":"2025-04-06T08:08:34","slug":"chaise-de-salle-a-manger-simple-et-moderne-chaise-en-plastique-epais-pour-la-maison-tabouret-de-table-a-manger-pour-adultes-dossier-en-filet-chaise-de-loisirs-en-corne-pour-celebrites","status":"publish","type":"product","link":"https:\/\/nexgendecors.com\/fr\/product\/chaise-de-salle-a-manger-simple-et-moderne-chaise-en-plastique-epais-pour-la-maison-tabouret-de-table-a-manger-pour-adultes-dossier-en-filet-chaise-de-loisirs-en-corne-pour-celebrites\/","title":{"rendered":"Chaise de salle \u00e0 manger empilable scandinave en acrylique"},"content":{"rendered":"<div class=\"flex flex-grow flex-col max-w-full\">\n<div data-message-author-role=\"assistant\" data-message-id=\"c3276644-3d71-4dfc-bcb6-e26b73a588d6\" dir=\"auto\" class=\"min-h-[20px] text-message flex w-full flex-col items-end gap-2 whitespace-pre-wrap break-words [.text-message+&#038;]:mt-5 overflow-x-auto\">\n<div class=\"flex w-full flex-col gap-1 empty:hidden first:pt-[3px]\">\n<div class=\"markdown prose w-full break-words dark:prose-invert light\">\n<h2>Chaise de cuisine et de salle \u00e0 manger empilable en plastique et acrylique de style scandinave<\/h2>\n<p>Rafra\u00eechissez votre cuisine ou votre salle \u00e0 manger avec notre chaise d&#039;appoint de style scandinave, con\u00e7ue pour allier \u00e9l\u00e9gance et praticit\u00e9. Dot\u00e9e d&#039;une structure \u00e9l\u00e9gante en plastique et acrylique, cette chaise d\u00e9gage un charme moderne tout en offrant une fonctionnalit\u00e9 polyvalente.<\/p>\n<h3>Pourquoi vous allez adorer notre chaise d&#039;appoint scandinave :<\/h3>\n<ul>\n<li>\n<strong>Design \u00e9l\u00e9gant<\/strong>:L&#039;esth\u00e9tique scandinave, avec ses lignes \u00e9pur\u00e9es et son attrait minimaliste, met en valeur n&#039;importe quel d\u00e9cor de salle \u00e0 manger ou de cuisine. \u2728<\/li>\n<li>\n<strong>Mat\u00e9riaux durables<\/strong>:Fabriqu\u00e9e \u00e0 partir de plastique et d&#039;acrylique de haute qualit\u00e9, cette chaise offre \u00e0 la fois style et durabilit\u00e9 pour un usage quotidien. \ud83d\udc8e<\/li>\n<li>\n<strong>Commodit\u00e9 empilable<\/strong>:Gagnez de l&#039;espace sans effort gr\u00e2ce \u00e0 une conception qui s&#039;empile parfaitement pour un rangement facile et une flexibilit\u00e9. \ud83d\udce6<\/li>\n<\/ul>\n<h3>Avantages:<\/h3>\n<ul>\n<li>\n<strong>Style polyvalent<\/strong>:Parfait pour les cuisines modernes, les salles \u00e0 manger ou comme si\u00e8ge suppl\u00e9mentaire pour les rassemblements. \ud83c\udf7d\ufe0f<\/li>\n<li>\n<strong>Entretien sans effort<\/strong>:Les surfaces lisses facilitent le nettoyage, conservant ainsi un aspect frais et bien rang\u00e9. \ud83e\uddfd<\/li>\n<li>\n<strong>Gain de place<\/strong>: L\u00e9ger et empilable, id\u00e9al pour les petits comme pour les grands espaces. \ud83c\udf1f<\/li>\n<\/ul>\n<p>Rehaussez votre salle \u00e0 manger avec une touche de sophistication scandinave et de design pratique. <strong>D\u00e9couvrez d\u00e8s maintenant notre collection de chaises d&#039;appoint empilables et am\u00e9liorez votre espace en toute simplicit\u00e9 !<\/strong> \ud83d\uded2<\/p>\n<\/p><\/div>\n<\/p><\/div>\n<\/p><\/div>\n<\/div>\n<ul>\n<li>\n<strong>marque<\/strong>:Beisheng<\/li>\n<li>\n<strong>mod\u00e8le<\/strong>:069<\/li>\n<li>\n<strong>Mat\u00e9riel<\/strong>:plastique<\/li>\n<li>\n<strong>Mati\u00e8re plastique<\/strong>:ABS<\/li>\n<li>\n<strong>style<\/strong>:Simple et moderne<\/li>\n<li>\n<strong>trier par couleur<\/strong>:Gris, bleu paon, blanc, noir, vert matcha, bleu gris, orange, rouge pamplemousse, prix de gros pour 4 ou plus<\/li>\n<li>\n<strong>Hauteur du dossier<\/strong>:125 mm (non inclus) \u2013 800 mm (non inclus)<\/li>\n<li>\n<strong>Est-ce personnalisable ?<\/strong>:Non<\/li>\n<li>\n<strong>Est-ce rotatif ?<\/strong>:Non<\/li>\n<li>\n<strong>Y a-t-il des mains courantes ?<\/strong>:Non<\/li>\n<li>\n<strong>Fonctionnalit\u00e9s suppl\u00e9mentaires<\/strong>:il peut bouger<\/li>\n<li>\n<strong>Appropri\u00e9<\/strong>:Adultes<\/li>\n<li>\n<strong>Origine<\/strong>:Province du Hebei<\/li>\n<li>\n<strong>ville<\/strong>:Ville de Langfang<\/li>\n<li>\n<strong>Assembler<\/strong>:Non<\/li>\n<li>\n<strong>Un taxi est-il disponible pour le transport ?<\/strong>:Non<\/li>\n<li>\n<strong>Positionnement de style<\/strong>:Style artistique<\/li>\n<li>\n<strong><\/strong>:<\/li>\n<\/ul>\n<p><img><\/p>","protected":false},"excerpt":{"rendered":"<p>Chaise d&#039;appoint empilable de cuisine et de salle \u00e0 manger en plastique et acrylique de style scandinave Rafra\u00eechissez votre cuisine ou votre salle \u00e0 manger avec notre chaise d&#039;appoint empilable de cuisine et de salle \u00e0 manger de style scandinave<\/p>","protected":false},"featured_media":101148,"comment_status":"open","ping_status":"closed","template":"","meta":[],"product_brand":[],"product_cat":[30855,30852,30971,30859,30860,30866],"product_tag":[],"class_list":{"0":"post-45277","1":"product","2":"type-product","3":"status-publish","4":"has-post-thumbnail","6":"product_cat-wholesale-chairs","7":"product_cat-dining-set","8":"product_cat-hp","9":"product_cat-wholesale-office","10":"product_cat-wholesale-restaurant","11":"product_cat-wholesales-university-high-schools","13":"first","14":"instock","15":"taxable","16":"shipping-taxable","17":"purchasable","18":"product-type-variable"},"_links":{"self":[{"href":"https:\/\/nexgendecors.com\/fr\/wp-json\/wp\/v2\/product\/45277","targetHints":{"allow":["GET"]}}],"collection":[{"href":"https:\/\/nexgendecors.com\/fr\/wp-json\/wp\/v2\/product"}],"about":[{"href":"https:\/\/nexgendecors.com\/fr\/wp-json\/wp\/v2\/types\/product"}],"replies":[{"embeddable":true,"href":"https:\/\/nexgendecors.com\/fr\/wp-json\/wp\/v2\/comments?post=45277"}],"version-history":[{"count":0,"href":"https:\/\/nexgendecors.com\/fr\/wp-json\/wp\/v2\/product\/45277\/revisions"}],"wp:featuredmedia":[{"embeddable":true,"href":"https:\/\/nexgendecors.com\/fr\/wp-json\/wp\/v2\/media\/101148"}],"wp:attachment":[{"href":"https:\/\/nexgendecors.com\/fr\/wp-json\/wp\/v2\/media?parent=45277"}],"wp:term":[{"taxonomy":"product_brand","embeddable":true,"href":"https:\/\/nexgendecors.com\/fr\/wp-json\/wp\/v2\/product_brand?post=45277"},{"taxonomy":"product_cat","embeddable":true,"href":"https:\/\/nexgendecors.com\/fr\/wp-json\/wp\/v2\/product_cat?post=45277"},{"taxonomy":"product_tag","embeddable":true,"href":"https:\/\/nexgendecors.com\/fr\/wp-json\/wp\/v2\/product_tag?post=45277"}],"curies":[{"name":"wp","href":"https:\/\/api.w.org\/{rel}","templated":true}]}}