{"id":45323,"date":"2025-01-26T02:19:42","date_gmt":"2025-01-26T02:19:42","guid":{"rendered":"https:\/\/nexgendecors.com\/product\/simple-light-luxury-high-end-chair-nordic-dining-chair-cream-style-backrest-chair-mermaid-small-apartment-dining-table-stool\/"},"modified":"2025-04-06T08:08:49","modified_gmt":"2025-04-06T08:08:49","slug":"simple-light-luxury-high-end-chair-nordic-dining-chair-cream-style-backrest-chair-mermaid-small-apartment-dining-table-stool","status":"publish","type":"product","link":"https:\/\/nexgendecors.com\/fr\/product\/simple-light-luxury-high-end-chair-nordic-dining-chair-cream-style-backrest-chair-mermaid-small-apartment-dining-table-stool\/","title":{"rendered":"Chaises de salle \u00e0 manger de luxe Nordic Light \u2013 \u00c9l\u00e9gantes et styl\u00e9es"},"content":{"rendered":"<h2>Simple Light Luxury Nordic Dining Chairs \ud83e\ude91\u2728<\/h2>\n<p>Elevate your dining area with our simple light luxury Nordic dining chairs, perfect for small apartments. These cream-style backrest chairs, inspired by the elegance of mermaids, bring a touch of sophistication and comfort to your dining table.<\/p>\n<h3>Avantages:<\/h3>\n<ul>\n<li>\n<strong>Space-Efficient Design<\/strong>: Ideal for small apartments, these chairs maximize space without sacrificing style. \ud83c\udfe1<\/li>\n<li>\n<strong>Elegant Comfort<\/strong>: The high-end backrest offers superb support, ensuring a comfortable dining experience every time. \ud83c\udf1f<\/li>\n<li>\n<strong>Cream Style<\/strong>: The soft, neutral tones add a touch of serene elegance, blending seamlessly with any decor. \ud83c\udfa8<\/li>\n<li>\n<strong>Durable &#038; Sturdy<\/strong>: Crafted from premium materials, these chairs are built to last, offering long-term durability. \ud83d\udee0\ufe0f<\/li>\n<li>\n<strong>Nordic Aesthetic<\/strong>: The minimalist design reflects Nordic simplicity and luxury, enhancing any dining space. \ud83c\udfde\ufe0f<\/li>\n<\/ul>\n<p>Transform your dining area into a chic and cozy retreat with our Nordic dining chairs. Enjoy the perfect combination of functionality and style, making every meal a delightful experience.<\/p>\n<p><strong>Upgrade your dining space today with our mermaid-inspired backrest chairs \u2013 explore our collection now and add a touch of light luxury to your home! \ud83d\uded2\ud83c\udf7d\ufe0f<\/strong><\/p>\n<ul>\n<li>\n<strong>marque<\/strong>:CUHOK\/CUHOK Furniture<\/li>\n<li>\n<strong>mod\u00e8le<\/strong>:KH8004-N<\/li>\n<li>\n<strong>\u00e9l\u00e9ments populaires<\/strong>:Master Design Metal<\/li>\n<li>\n<strong>style<\/strong>:Simple et moderne<\/li>\n<li>\n<strong>Assembler<\/strong>:Oui<\/li>\n<li>\n<strong>Poids brut<\/strong>:8kg<\/li>\n<li>\n<strong>Appropri\u00e9<\/strong>:Adultes<\/li>\n<li>\n<strong>Est-ce rotatif ?<\/strong>:Non<\/li>\n<li>\n<strong>La pr\u00e9vente est-elle disponible ?<\/strong>:Oui<\/li>\n<li>\n<strong>Mat\u00e9riau de finition<\/strong>:cuir<\/li>\n<li>\n<strong>Processus de finition du cuir<\/strong>:Soft surface<\/li>\n<li>\n<strong>Fonctionnalit\u00e9s suppl\u00e9mentaires<\/strong>:il peut bouger<\/li>\n<li>\n<strong>volume du colis<\/strong>:0.24<\/li>\n<li>\n<strong>Mat\u00e9riau m\u00e9tallique<\/strong>:acier<\/li>\n<li>\n<strong>Est-ce personnalisable ?<\/strong>:Oui<\/li>\n<li>\n<strong>Mat\u00e9riel<\/strong>:M\u00e9tal<\/li>\n<li>\n<strong>Instructions d&#039;installation d\u00e9taill\u00e9es<\/strong>:Provide simple installation tools Provide installation instructions Provide installation video<\/li>\n<li>\n<strong>Hauteur du dossier<\/strong>:125 mm (non inclus) \u2013 800 mm (non inclus)<\/li>\n<li>\n<strong>Y a-t-il des mains courantes ?<\/strong>:Non<\/li>\n<li>\n<strong>Un taxi est-il disponible pour le transport ?<\/strong>:Oui<\/li>\n<li>\n<strong>Positionnement de style<\/strong>:Qualit\u00e9 Luxe<\/li>\n<li>\n<strong>Livraison\/installation disponible<\/strong>:Chengdu Shanghai Foshan Wuhan Guangzhou Fuzhou Xiamen Shenyang Chongqing Shenzhen Hangzhou Beijing Qingdao Changsha<\/li>\n<li>\n<strong>trier par couleur<\/strong>:Black White Black Gold Foot White Gold Foot<\/li>\n<li>\n<strong><\/strong>:<\/li>\n<\/ul>\n<p><img><\/p>","protected":false},"excerpt":{"rendered":"<p>Chaises de salle \u00e0 manger nordiques simples et l\u00e9g\u00e8res de luxe \ud83e\ude91\u2728 Rehaussez votre salle \u00e0 manger avec nos chaises de salle \u00e0 manger nordiques simples et l\u00e9g\u00e8res de luxe, parfaites<\/p>","protected":false},"featured_media":101247,"comment_status":"open","ping_status":"closed","template":"","meta":[],"product_brand":[],"product_cat":[30855,30852,30862,30971,30860],"product_tag":[],"class_list":{"0":"post-45323","1":"product","2":"type-product","3":"status-publish","4":"has-post-thumbnail","6":"product_cat-wholesale-chairs","7":"product_cat-dining-set","8":"product_cat-wholesales-hotels","9":"product_cat-hp","10":"product_cat-wholesale-restaurant","12":"first","13":"instock","14":"sale","15":"taxable","16":"shipping-taxable","17":"purchasable","18":"product-type-variable"},"_links":{"self":[{"href":"https:\/\/nexgendecors.com\/fr\/wp-json\/wp\/v2\/product\/45323","targetHints":{"allow":["GET"]}}],"collection":[{"href":"https:\/\/nexgendecors.com\/fr\/wp-json\/wp\/v2\/product"}],"about":[{"href":"https:\/\/nexgendecors.com\/fr\/wp-json\/wp\/v2\/types\/product"}],"replies":[{"embeddable":true,"href":"https:\/\/nexgendecors.com\/fr\/wp-json\/wp\/v2\/comments?post=45323"}],"version-history":[{"count":0,"href":"https:\/\/nexgendecors.com\/fr\/wp-json\/wp\/v2\/product\/45323\/revisions"}],"wp:featuredmedia":[{"embeddable":true,"href":"https:\/\/nexgendecors.com\/fr\/wp-json\/wp\/v2\/media\/101247"}],"wp:attachment":[{"href":"https:\/\/nexgendecors.com\/fr\/wp-json\/wp\/v2\/media?parent=45323"}],"wp:term":[{"taxonomy":"product_brand","embeddable":true,"href":"https:\/\/nexgendecors.com\/fr\/wp-json\/wp\/v2\/product_brand?post=45323"},{"taxonomy":"product_cat","embeddable":true,"href":"https:\/\/nexgendecors.com\/fr\/wp-json\/wp\/v2\/product_cat?post=45323"},{"taxonomy":"product_tag","embeddable":true,"href":"https:\/\/nexgendecors.com\/fr\/wp-json\/wp\/v2\/product_tag?post=45323"}],"curies":[{"name":"wp","href":"https:\/\/api.w.org\/{rel}","templated":true}]}}