{"id":45378,"date":"2025-01-26T02:19:50","date_gmt":"2025-01-26T02:19:50","guid":{"rendered":"https:\/\/nexgendecors.com\/product\/outdoor-park-bench-bench-garden-long-stool-outdoor-anti-corrosion-stadium-seat-double-rest-wooden-bench-2\/"},"modified":"2025-04-06T08:09:01","modified_gmt":"2025-04-06T08:09:01","slug":"banc-de-parc-exterieur-banc-de-jardin-tabouret-long-siege-de-stade-exterieur-anticorrosion-double-repos-banc-en-bois-2","status":"publish","type":"product","link":"https:\/\/nexgendecors.com\/fr\/product\/banc-de-parc-exterieur-banc-de-jardin-tabouret-long-siege-de-stade-exterieur-anticorrosion-double-repos-banc-en-bois-2\/","title":{"rendered":"Banc de pique-nique en bois Simplicity \u2013 Forme de bande ext\u00e9rieure"},"content":{"rendered":"<div class=\"flex flex-grow flex-col max-w-full\">\n<div data-message-author-role=\"assistant\" data-message-id=\"ee49c830-41d6-49b0-9f05-1daf84fc53a4\" dir=\"auto\" class=\"min-h-[20px] text-message flex w-full flex-col items-end gap-2 whitespace-pre-wrap break-words [.text-message+&#038;]:mt-5 overflow-x-auto\">\n<div class=\"flex w-full flex-col gap-1 empty:hidden first:pt-[3px]\">\n<div class=\"markdown prose w-full break-words dark:prose-invert light\">\n<h2>Banc de pique-nique en forme de bande Simplicity\u00a0: si\u00e8ges d&#039;ext\u00e9rieur en bois \ud83c\udf33\ud83c\udf43<\/h2>\n<p>Sublimez vos rassemblements en plein air avec notre banc de pique-nique Simplicity en forme de bande, con\u00e7u pour une esth\u00e9tique minimaliste et un confort pratique. Fabriqu\u00e9 en bois de haute qualit\u00e9, ce banc pr\u00e9sente un design \u00e9l\u00e9gant et sans dossier qui s&#039;int\u00e8gre parfaitement \u00e0 tout am\u00e9nagement ext\u00e9rieur. Id\u00e9al pour les pique-niques, les jardins et les r\u00e9unions d\u00e9contract\u00e9es, il offre une esth\u00e9tique \u00e9pur\u00e9e et une assise robuste.<\/p>\n<h3>Principaux avantages :<\/h3>\n<ul>\n<li>\n<strong>Design \u00e9l\u00e9gant en bois<\/strong>:Ajoute une touche de beaut\u00e9 naturelle \u00e0 votre espace ext\u00e9rieur. \ud83c\udf32<\/li>\n<li>\n<strong>Sans dossier et sans accoudoir<\/strong>: Offre une option d&#039;assise polyvalente pour des environnements d\u00e9tendus et informels.<\/li>\n<li>\n<strong>Construction durable<\/strong>:Con\u00e7u pour r\u00e9sister aux \u00e9l\u00e9ments et offrir une utilisation durable.<\/li>\n<\/ul>\n<p>Transformez votre espace ext\u00e9rieur avec la simplicit\u00e9 et le charme de notre banc de pique-nique en bois. Id\u00e9al pour cr\u00e9er une assise \u00e9l\u00e9gante et fonctionnelle. D\u00e9couvrez d\u00e8s aujourd&#039;hui l&#039;ajout parfait \u00e0 votre espace ext\u00e9rieur. \ud83c\udf1f\ud83c\udf42<\/p>\n<\/p><\/div>\n<\/p><\/div>\n<\/p><\/div>\n<\/div>\n<ul>\n<li>\n<strong>Poids brut<\/strong>:40<\/li>\n<li>\n<strong>marque<\/strong>:autre\/autre<\/li>\n<li>\n<strong>mod\u00e8le<\/strong>:002<\/li>\n<li>\n<strong>\u00e9l\u00e9ments populaires<\/strong>:Master Design,Autre,M\u00e9tal<\/li>\n<li>\n<strong>style<\/strong>:Simple et moderne<\/li>\n<li>\n<strong>ville<\/strong>:Wuhan<\/li>\n<li>\n<strong>Districts et comt\u00e9s<\/strong>:District de Dongxihu<\/li>\n<li>\n<strong>Fonctionnalit\u00e9s suppl\u00e9mentaires<\/strong>:il peut bouger<\/li>\n<li>\n<strong>Est-ce personnalisable ?<\/strong>:Oui<\/li>\n<li>\n<strong>Mat\u00e9riau du si\u00e8ge<\/strong>:Acier inoxydable<\/li>\n<li>\n<strong>Structure du meuble<\/strong>:Cadre<\/li>\n<li>\n<strong>Origine<\/strong>:Province du Hubei<\/li>\n<li>\n<strong>mod\u00e8le<\/strong>:Art<\/li>\n<li>\n<strong>Un taxi est-il disponible pour le transport ?<\/strong>:Non<\/li>\n<li>\n<strong>Positionnement de style<\/strong>:\u00c9conomique<\/li>\n<li>\n<strong>Livraison\/installation disponible<\/strong>:autre<\/li>\n<li>\n<strong>trier par couleur<\/strong>:Acier inoxydable trap\u00e9zo\u00efdal + 120*40*45, Acier inoxydable trap\u00e9zo\u00efdal + 150*40*45, Acier inoxydable trap\u00e9zo\u00efdal + 180*40*45, Acier inoxydable + main courante + dossier + 150*40*45, Acier inoxydable + main courante + dossier + 180*40*45<\/li>\n<li>\n<strong><\/strong>:<\/li>\n<\/ul>\n<p><img><\/p>","protected":false},"excerpt":{"rendered":"<p>Banc de pique-nique en forme de bande Simplicity : si\u00e8ges d&#039;ext\u00e9rieur en bois \ud83c\udf33\ud83c\udf43 Am\u00e9liorez vos rassemblements en plein air avec notre banc de pique-nique en forme de bande Simplicity,<\/p>","protected":false},"featured_media":101353,"comment_status":"open","ping_status":"closed","template":"","meta":[],"product_brand":[],"product_cat":[30971,30853],"product_tag":[],"class_list":{"0":"post-45378","1":"product","2":"type-product","3":"status-publish","4":"has-post-thumbnail","6":"product_cat-hp","7":"product_cat-new-wholesale-public-projects","9":"first","10":"instock","11":"taxable","12":"shipping-taxable","13":"purchasable","14":"product-type-variable"},"_links":{"self":[{"href":"https:\/\/nexgendecors.com\/fr\/wp-json\/wp\/v2\/product\/45378","targetHints":{"allow":["GET"]}}],"collection":[{"href":"https:\/\/nexgendecors.com\/fr\/wp-json\/wp\/v2\/product"}],"about":[{"href":"https:\/\/nexgendecors.com\/fr\/wp-json\/wp\/v2\/types\/product"}],"replies":[{"embeddable":true,"href":"https:\/\/nexgendecors.com\/fr\/wp-json\/wp\/v2\/comments?post=45378"}],"version-history":[{"count":0,"href":"https:\/\/nexgendecors.com\/fr\/wp-json\/wp\/v2\/product\/45378\/revisions"}],"wp:featuredmedia":[{"embeddable":true,"href":"https:\/\/nexgendecors.com\/fr\/wp-json\/wp\/v2\/media\/101353"}],"wp:attachment":[{"href":"https:\/\/nexgendecors.com\/fr\/wp-json\/wp\/v2\/media?parent=45378"}],"wp:term":[{"taxonomy":"product_brand","embeddable":true,"href":"https:\/\/nexgendecors.com\/fr\/wp-json\/wp\/v2\/product_brand?post=45378"},{"taxonomy":"product_cat","embeddable":true,"href":"https:\/\/nexgendecors.com\/fr\/wp-json\/wp\/v2\/product_cat?post=45378"},{"taxonomy":"product_tag","embeddable":true,"href":"https:\/\/nexgendecors.com\/fr\/wp-json\/wp\/v2\/product_tag?post=45378"}],"curies":[{"name":"wp","href":"https:\/\/api.w.org\/{rel}","templated":true}]}}