{"id":45778,"date":"2025-01-26T02:20:31","date_gmt":"2025-01-26T02:20:31","guid":{"rendered":"https:\/\/nexgendecors.com\/product\/spotlight-led-track-light-nordic-home-living-room-ceiling-downlight-open-type-cloakroom-clothing-store-commercial-spotlight-1\/"},"modified":"2025-04-06T08:09:51","modified_gmt":"2025-04-06T08:09:51","slug":"spot-led-sur-rail-pour-maison-salon-plafond-downlight-type-ouvert-vestiaire-magasin-de-vetements-spot-commercial-1","status":"publish","type":"product","link":"https:\/\/nexgendecors.com\/fr\/product\/spot-led-sur-rail-pour-maison-salon-plafond-downlight-type-ouvert-vestiaire-magasin-de-vetements-spot-commercial-1\/","title":{"rendered":"Spot LED moderne sur rail \u2013 \u00c9l\u00e9gant et polyvalent"},"content":{"rendered":"<p><strong>Spot LED sur rail\u00a0: illuminez avec l&#039;\u00e9l\u00e9gance nordique<\/strong><\/p>\n<p>Illuminez votre espace avec notre \u00e9clairage sur rail \u00e0 LED Spotlight, con\u00e7u pour offrir \u00e0 la fois style et fonctionnalit\u00e9.<\/p>\n<p><strong>Illumination moderne :<\/strong><\/p>\n<ul>\n<li>Am\u00e9liorez votre maison ou votre espace commercial avec ce plafonnier d&#039;inspiration nordique, offrant un design \u00e9l\u00e9gant et ouvert qui se marie parfaitement avec les int\u00e9rieurs contemporains.<\/li>\n<li>Id\u00e9al pour les salons, les vestiaires ou les magasins de v\u00eatements, il offre un \u00e9clairage pr\u00e9cis qui met en valeur votre espace avec une touche sophistiqu\u00e9e.<\/li>\n<\/ul>\n<p><strong>Application polyvalente :<\/strong><\/p>\n<ul>\n<li>Parfait pour les environnements commerciaux ou pour un usage domestique, ce rail d&#039;\u00e9clairage fournit un \u00e9clairage polyvalent et r\u00e9glable qui s&#039;adapte \u00e0 vos besoins.<\/li>\n<li>Utilisez-le pour mettre en valeur des zones sp\u00e9cifiques ou cr\u00e9er un environnement bien \u00e9clair\u00e9 et accueillant dans n&#039;importe quelle pi\u00e8ce.<\/li>\n<\/ul>\n<p><strong>\u00c9clairage efficace :<\/strong><\/p>\n<ul>\n<li>Dot\u00e9 d&#039;une technologie LED avanc\u00e9e, ce rail d&#039;\u00e9clairage offre un \u00e9clairage lumineux et \u00e9conome en \u00e9nergie qui r\u00e9duit les co\u00fbts d&#039;\u00e9lectricit\u00e9 et prolonge la dur\u00e9e de vie de l&#039;ampoule.<\/li>\n<\/ul>\n<p><strong>\u00c9levez votre espace :<\/strong><\/p>\n<ul>\n<li>Am\u00e9liorez votre \u00e9clairage avec un luminaire qui combine le style nordique avec une fonctionnalit\u00e9 pratique, ajoutant une touche moderne \u00e0 n&#039;importe quelle pi\u00e8ce.<\/li>\n<\/ul>\n<p>Illuminez votre espace avec le spot LED sur rail Spotlight, \u00e9l\u00e9gant et performant. D\u00e9couvrez d\u00e8s maintenant l&#039;alliance parfaite entre style et performance\u00a0!<\/p>\n<ul>\n<li>\n<strong>marque<\/strong>:Kim Landa<\/li>\n<li>\n<strong>mod\u00e8le<\/strong>:JLD0975<\/li>\n<li>\n<strong>Mat\u00e9riel<\/strong>:fer<\/li>\n<li>\n<strong>pouvoir<\/strong>:21 W (inclus) \u2013 30 W (inclus)<\/li>\n<li>\n<strong>Origine<\/strong>:Chine continentale<\/li>\n<li>\n<strong>Espace applicable<\/strong>:Salon, chambre, salle \u00e0 manger, autre\/autre<\/li>\n<li>\n<strong>trier par couleur<\/strong>:Blanc mat 3 t\u00eates [120CM] lumi\u00e8re blanche, blanc mat 3 t\u00eates [120CM] lumi\u00e8re chaude, blanc mat 3 t\u00eates [120CM] trois couleurs, blanc mat 3 t\u00eates [120CM] infini, blanc mat 3 t\u00eates [150CM] lumi\u00e8re blanche, blanc mat 3 t\u00eates [150CM] lumi\u00e8re chaude, blanc mat 3 t\u00eates [150CM] trois couleurs, blanc mat 3 t\u00eates [150CM] infini, blanc mat 4 t\u00eates [200CM] lumi\u00e8re blanche, blanc mat 4 t\u00eates [200CM] lumi\u00e8re chaude, blanc mat 4 t\u00eates [200CM] trois couleurs, blanc mat 4 t\u00eates [200CM] infini, noir mat 3 t\u00eates [120CM] lumi\u00e8re blanche, noir mat 3 t\u00eates [120CM] lumi\u00e8re chaude, noir mat 3 t\u00eates [120CM] trois couleurs, noir mat 3 t\u00eates [150CM] lumi\u00e8re blanche, noir mat 3 t\u00eates [150CM] lumi\u00e8re chaude, noir mat 3 t\u00eates [150CM] trois couleurs, noir mat 4 t\u00eates [200CM] lumi\u00e8re blanche, noir mat 4 t\u00eates [200CM] lumi\u00e8re chaude, noir mat 4 t\u00eates [200CM] trois couleurs, blanc mat spectre complet am\u00e9lior\u00e9 2 t\u00eates [100CM] lumi\u00e8re blanche, blanc mat spectre complet am\u00e9lior\u00e9 2 t\u00eates [100CM] lumi\u00e8re chaude, blanc mat spectre complet am\u00e9lior\u00e9 2 t\u00eates [100CM] trois couleurs, blanc mat spectre complet am\u00e9lior\u00e9 2 t\u00eates [100CM] infini, blanc mat spectre complet am\u00e9lior\u00e9 3 t\u00eates [120CM] lumi\u00e8re blanche, blanc mat spectre complet am\u00e9lior\u00e9 3 t\u00eates [120CM] lumi\u00e8re chaude, blanc mat spectre complet am\u00e9lior\u00e9 3 t\u00eates [120CM] trois couleurs, blanc mat spectre complet am\u00e9lior\u00e9 3 t\u00eates [120CM] infini, blanc mat spectre complet am\u00e9lior\u00e9 3 t\u00eates [150CM] lumi\u00e8re blanche, blanc mat Niveau spectre complet am\u00e9lior\u00e9 3 t\u00eates [150CM] lumi\u00e8re chaude, blanc mat spectre complet am\u00e9lior\u00e9 3 t\u00eates [150CM] trois couleurs, blanc mat spectre complet am\u00e9lior\u00e9 3 t\u00eates [150CM] infini, blanc mat spectre complet am\u00e9lior\u00e9 4 t\u00eates [200CM] lumi\u00e8re blanche, blanc mat spectre complet am\u00e9lior\u00e9 4 t\u00eates [200CM] lumi\u00e8re chaude, blanc mat spectre complet am\u00e9lior\u00e9 4 t\u00eates [200CM] trois couleurs, blanc mat spectre complet am\u00e9lior\u00e9 4 t\u00eates [200CM] infini, noir mat spectre complet am\u00e9lior\u00e9 2 t\u00eates [100CM] lumi\u00e8re blanche, noir mat spectre complet am\u00e9lior\u00e9 2 t\u00eates [100CM] lumi\u00e8re chaude, noir mat spectre complet am\u00e9lior\u00e9 2 t\u00eates [100CM] trois couleurs, noir mat spectre complet am\u00e9lior\u00e9 3 t\u00eates [120CM] lumi\u00e8re blanche, noir mat spectre complet am\u00e9lior\u00e9 3 t\u00eates [120CM] lumi\u00e8re chaude, noir mat spectre complet am\u00e9lior\u00e9 3 t\u00eates [120CM] trois couleurs, noir mat spectre complet am\u00e9lior\u00e9 3 t\u00eates [150CM] lumi\u00e8re blanche, noir mat spectre complet am\u00e9lior\u00e9 3 t\u00eates [150CM] lumi\u00e8re chaude, noir mat spectre complet am\u00e9lior\u00e9 3 t\u00eates [150CM] trois couleurs, noir mat, spectre complet am\u00e9lior\u00e9, 4 t\u00eates [200CM] lumi\u00e8re blanche, noir mat, spectre complet am\u00e9lior\u00e9, 4 t\u00eates [200CM] lumi\u00e8re chaude, noir mat, spectre complet am\u00e9lior\u00e9, 4 t\u00eates [200CM] trois couleurs, blanc + or, 3 t\u00eates [100CM] trois couleurs, blanc + or, 4 t\u00eates [150CM] trois couleurs, blanc + or, 5 t\u00eates [150CM] trois couleurs, blanc + or, 6 t\u00eates [200CM] trois couleurs, blanc, 2 t\u00eates [100CM] lumi\u00e8re chaude, blanc, 3 t\u00eates [150CM] lumi\u00e8re chaude, blanc, 4 t\u00eates [200CM] lumi\u00e8re chaude<\/li>\n<li>\n<strong>La lampe a-t-elle une source lumineuse ?<\/strong>:Oui<\/li>\n<li>\n<strong>Tension<\/strong>:111V~240V (inclus)<\/li>\n<li>\n<strong>type de source lumineuse<\/strong>:Lumi\u00e8res LED<\/li>\n<li>\n<strong>Type de contr\u00f4le<\/strong>:autre<\/li>\n<li>\n<strong>P\u00e9riode de garantie<\/strong>:3 ans<\/li>\n<li>\n<strong>Que ce soit un contr\u00f4le intelligent<\/strong>:Non<\/li>\n<li>\n<strong>Num\u00e9ro de certificat 3C<\/strong>:2023011001567269<\/li>\n<\/ul>\n<p><img><\/p>","protected":false},"excerpt":{"rendered":"<p>Spotlight LED Track Light: Illuminate with Nordic Elegance Brighten up your space with our Spotlight LED Track Light, designed to<\/p>","protected":false},"featured_media":101820,"comment_status":"open","ping_status":"closed","template":"","meta":[],"product_brand":[],"product_cat":[30971,30864],"product_tag":[],"class_list":{"0":"post-45778","1":"product","2":"type-product","3":"status-publish","4":"has-post-thumbnail","6":"product_cat-hp","7":"product_cat-new-wholesales-lights","9":"first","10":"instock","11":"taxable","12":"shipping-taxable","13":"purchasable","14":"product-type-variable"},"_links":{"self":[{"href":"https:\/\/nexgendecors.com\/fr\/wp-json\/wp\/v2\/product\/45778","targetHints":{"allow":["GET"]}}],"collection":[{"href":"https:\/\/nexgendecors.com\/fr\/wp-json\/wp\/v2\/product"}],"about":[{"href":"https:\/\/nexgendecors.com\/fr\/wp-json\/wp\/v2\/types\/product"}],"replies":[{"embeddable":true,"href":"https:\/\/nexgendecors.com\/fr\/wp-json\/wp\/v2\/comments?post=45778"}],"version-history":[{"count":0,"href":"https:\/\/nexgendecors.com\/fr\/wp-json\/wp\/v2\/product\/45778\/revisions"}],"wp:featuredmedia":[{"embeddable":true,"href":"https:\/\/nexgendecors.com\/fr\/wp-json\/wp\/v2\/media\/101820"}],"wp:attachment":[{"href":"https:\/\/nexgendecors.com\/fr\/wp-json\/wp\/v2\/media?parent=45778"}],"wp:term":[{"taxonomy":"product_brand","embeddable":true,"href":"https:\/\/nexgendecors.com\/fr\/wp-json\/wp\/v2\/product_brand?post=45778"},{"taxonomy":"product_cat","embeddable":true,"href":"https:\/\/nexgendecors.com\/fr\/wp-json\/wp\/v2\/product_cat?post=45778"},{"taxonomy":"product_tag","embeddable":true,"href":"https:\/\/nexgendecors.com\/fr\/wp-json\/wp\/v2\/product_tag?post=45778"}],"curies":[{"name":"wp","href":"https:\/\/api.w.org\/{rel}","templated":true}]}}