{"id":45903,"date":"2025-01-26T02:20:39","date_gmt":"2025-01-26T02:20:39","guid":{"rendered":"https:\/\/nexgendecors.com\/product\/nordic-dining-chair-household-plastic-chair-modern-simple-horn-negotiation-desk-chair-stool-backrest-net-celebrity-makeup-chair\/"},"modified":"2025-04-06T08:09:58","modified_gmt":"2025-04-06T08:09:58","slug":"nordic-dining-chair-household-plastic-chair-modern-simple-horn-negotiation-desk-chair-stool-backrest-net-celebrity-makeup-chair","status":"publish","type":"product","link":"https:\/\/nexgendecors.com\/fr\/product\/nordic-dining-chair-household-plastic-chair-modern-simple-horn-negotiation-desk-chair-stool-backrest-net-celebrity-makeup-chair\/","title":{"rendered":"Tabouret rond empilable en plastique \u2013 Design moderne et durable"},"content":{"rendered":"<div class=\"flex flex-grow flex-col max-w-full\">\n<div data-message-author-role=\"assistant\" data-message-id=\"112ae0f6-6f30-45e9-86c1-82c4c65b3c0b\" dir=\"auto\" class=\"min-h-[20px] text-message flex w-full flex-col items-end gap-2 whitespace-pre-wrap break-words [.text-message+&#038;]:mt-5 overflow-x-auto\">\n<div class=\"flex w-full flex-col gap-1 empty:hidden first:pt-[3px]\">\n<div class=\"markdown prose w-full break-words dark:prose-invert light\">\n<h2>Transform Your Dining Area with Our Nordic Plastic Chair<\/h2>\n<p>Elevate your dining space with our Nordic plastic chair, where modern design meets unparalleled comfort. Feel the difference with a chair that supports your posture, featuring a stylish yet ergonomic backrest. Whether you\u2019re dining with family, applying makeup at your vanity, or sealing deals at your negotiation desk, this chair enhances every moment.<\/p>\n<h3>Why Choose Our Nordic Plastic Chair?<\/h3>\n<ul>\n<li>\n<strong>Design moderne<\/strong>: Sleek lines and contemporary aesthetics add a touch of sophistication to any setting. \u2728<\/li>\n<li>\n<strong>Comfortable Backrest<\/strong>: Enjoy superior support that keeps you comfortable through long meals or productive sessions. \ud83e\ude91<\/li>\n<li>\n<strong>Utilisation polyvalente<\/strong>: Perfect for dining rooms, makeup stations, and office desks, making it a versatile addition to your home or workspace. \ud83d\udc84\ud83d\udda5\ufe0f<\/li>\n<\/ul>\n<h3>Avantages:<\/h3>\n<ul>\n<li>\n<strong>Durable and Sturdy<\/strong>: Crafted from high-quality plastic, ensuring long-lasting use. \ud83d\udcaa<\/li>\n<li>\n<strong>Facile \u00e0 nettoyer<\/strong>: Low-maintenance design keeps your space looking fresh with minimal effort. \ud83e\uddfd<\/li>\n<li>\n<strong>Gain de place<\/strong>: Lightweight and stackable, perfect for maximizing space in smaller areas. \ud83c\udfe0<\/li>\n<\/ul>\n<p>Experience the blend of style, comfort, and versatility with our Nordic plastic chair. Don\u2019t wait to transform your space\u2014explore our collection now and find the perfect chair to suit your needs. <strong>Shop now and elevate your everyday living!<\/strong> \ud83d\udecd\ufe0f<\/p>\n<\/p><\/div>\n<\/p><\/div>\n<\/p><\/div>\n<\/div>\n<ul>\n<li>\n<strong>marque<\/strong>:Beisheng<\/li>\n<li>\n<strong>mod\u00e8le<\/strong>:A86<\/li>\n<li>\n<strong>style<\/strong>:Europe du Nord<\/li>\n<li>\n<strong>\u00e9l\u00e9ments populaires<\/strong>:Conception principale<\/li>\n<li>\n<strong>trier par couleur<\/strong>:Peacock blue, ginger yellow, Danish gray, elegant black, natural white, maca pink, hollow version 2 or more unit price<\/li>\n<li>\n<strong>Est-ce personnalisable ?<\/strong>:Non<\/li>\n<li>\n<strong>Appropri\u00e9<\/strong>:Adultes<\/li>\n<li>\n<strong>Assembler<\/strong>:Oui<\/li>\n<li>\n<strong>Positionnement de style<\/strong>:\u00c9conomique<\/li>\n<li>\n<strong><\/strong>:<\/li>\n<\/ul>\n<p><img><\/p>","protected":false},"excerpt":{"rendered":"<p>Transformez votre salle \u00e0 manger avec notre chaise nordique en plastique Rehaussez votre espace salle \u00e0 manger avec notre chaise nordique en plastique, o\u00f9 la modernit\u00e9<\/p>","protected":false},"featured_media":101965,"comment_status":"open","ping_status":"closed","template":"","meta":[],"product_brand":[],"product_cat":[30855,30852,30971,30859,30860,30866],"product_tag":[],"class_list":{"0":"post-45903","1":"product","2":"type-product","3":"status-publish","4":"has-post-thumbnail","6":"product_cat-wholesale-chairs","7":"product_cat-dining-set","8":"product_cat-hp","9":"product_cat-wholesale-office","10":"product_cat-wholesale-restaurant","11":"product_cat-wholesales-university-high-schools","13":"first","14":"instock","15":"taxable","16":"shipping-taxable","17":"purchasable","18":"product-type-variable"},"_links":{"self":[{"href":"https:\/\/nexgendecors.com\/fr\/wp-json\/wp\/v2\/product\/45903","targetHints":{"allow":["GET"]}}],"collection":[{"href":"https:\/\/nexgendecors.com\/fr\/wp-json\/wp\/v2\/product"}],"about":[{"href":"https:\/\/nexgendecors.com\/fr\/wp-json\/wp\/v2\/types\/product"}],"replies":[{"embeddable":true,"href":"https:\/\/nexgendecors.com\/fr\/wp-json\/wp\/v2\/comments?post=45903"}],"version-history":[{"count":0,"href":"https:\/\/nexgendecors.com\/fr\/wp-json\/wp\/v2\/product\/45903\/revisions"}],"wp:featuredmedia":[{"embeddable":true,"href":"https:\/\/nexgendecors.com\/fr\/wp-json\/wp\/v2\/media\/101965"}],"wp:attachment":[{"href":"https:\/\/nexgendecors.com\/fr\/wp-json\/wp\/v2\/media?parent=45903"}],"wp:term":[{"taxonomy":"product_brand","embeddable":true,"href":"https:\/\/nexgendecors.com\/fr\/wp-json\/wp\/v2\/product_brand?post=45903"},{"taxonomy":"product_cat","embeddable":true,"href":"https:\/\/nexgendecors.com\/fr\/wp-json\/wp\/v2\/product_cat?post=45903"},{"taxonomy":"product_tag","embeddable":true,"href":"https:\/\/nexgendecors.com\/fr\/wp-json\/wp\/v2\/product_tag?post=45903"}],"curies":[{"name":"wp","href":"https:\/\/api.w.org\/{rel}","templated":true}]}}