{"id":45912,"date":"2025-01-26T02:20:42","date_gmt":"2025-01-26T02:20:42","guid":{"rendered":"https:\/\/nexgendecors.com\/product\/simple-modern-dining-chair-home-thickened-plastic-chair-adult-dining-table-stool-backrest-net-celebrity-leisure-horn-chair-1\/"},"modified":"2025-04-06T08:10:01","modified_gmt":"2025-04-06T08:10:01","slug":"chaise-de-salle-a-manger-simple-et-moderne-chaise-en-plastique-epaissie-pour-la-maison-tabouret-de-table-a-manger-pour-adulte-dossier-en-filet-chaise-de-loisirs-en-corne-pour-celebrites-1","status":"publish","type":"product","link":"https:\/\/nexgendecors.com\/fr\/product\/chaise-de-salle-a-manger-simple-et-moderne-chaise-en-plastique-epaissie-pour-la-maison-tabouret-de-table-a-manger-pour-adulte-dossier-en-filet-chaise-de-loisirs-en-corne-pour-celebrites-1\/","title":{"rendered":"Collection de chaises d&#039;appoint empilables en plastique scandinaves"},"content":{"rendered":"<div class=\"flex flex-grow flex-col max-w-full\">\n<div data-message-author-role=\"assistant\" data-message-id=\"84f301d7-c88c-42a5-988a-6906c3c94657\" dir=\"auto\" class=\"min-h-[20px] text-message flex w-full flex-col items-end gap-2 whitespace-pre-wrap break-words [.text-message+&#038;]:mt-5 overflow-x-auto\">\n<div class=\"flex w-full flex-col gap-1 empty:hidden first:pt-[3px]\">\n<div class=\"markdown prose w-full break-words dark:prose-invert light\">\n<h3>\u00c9levez votre espace avec une \u00e9l\u00e9gance moderne<\/h3>\n<p>D\u00e9couvrez l&#039;alliance parfaite du style et de la fonctionnalit\u00e9 avec nos chaises d&#039;appoint empilables en plastique scandinave. Dot\u00e9es d&#039;un dossier bas et d&#039;une esth\u00e9tique moderne, ces chaises sublimeront n&#039;importe quelle pi\u00e8ce gr\u00e2ce \u00e0 leur design \u00e9pur\u00e9.<\/p>\n<h3>Principaux avantages :<\/h3>\n<ul>\n<li>\n<strong>Design scandinave :<\/strong> Le style minimaliste scandinave ajoute une touche de sophistication contemporaine \u00e0 votre maison ou \u00e0 votre bureau. \ud83c\udf3f<\/li>\n<li>\n<strong>Commodit\u00e9 empilable :<\/strong> Empilez ces chaises sans effort pour un rangement facile et un gain de place, id\u00e9ales pour les petits et les grands espaces. \ud83d\udccf<\/li>\n<li>\n<strong>\u00c9l\u00e9gance moderne :<\/strong> Les lignes \u00e9pur\u00e9es et le design simple apportent un look frais et moderne \u00e0 n&#039;importe quel environnement, des salles \u00e0 manger aux espaces de travail. \ud83c\udf1f<\/li>\n<li>\n<strong>Si\u00e8ges confortables :<\/strong> Le bas du dos offre un soutien tout en conservant un profil \u00e9l\u00e9gant, garantissant un confort lors d&#039;une utilisation prolong\u00e9e. \ud83d\udcba<\/li>\n<\/ul>\n<h3>Pourquoi nous choisir?<\/h3>\n<ul>\n<li>\n<strong>Durable et pratique :<\/strong> Fabriqu\u00e9es \u00e0 partir de plastique de haute qualit\u00e9, ces chaises sont con\u00e7ues pour durer tout en \u00e9tant faciles \u00e0 nettoyer et \u00e0 entretenir. \ud83d\udee0\ufe0f<\/li>\n<li>\n<strong>Utilisation polyvalente :<\/strong> Parfait pour les salles \u00e0 manger, les bureaux ou tout espace n\u00e9cessitant une touche d&#039;\u00e9l\u00e9gance moderne et de praticit\u00e9. \ud83c\udfe1<\/li>\n<\/ul>\n<h3>Achetez maintenant ! \ud83d\uded2<\/h3>\n<p>Sublimez votre espace avec nos chaises d&#039;appoint empilables en plastique scandinave. D\u00e9couvrez notre collection d\u00e8s aujourd&#039;hui et d\u00e9couvrez l&#039;alliance parfaite entre style, confort et praticit\u00e9. Transformez votre int\u00e9rieur d\u00e8s maintenant\u00a0! \ud83c\udf1f<\/p>\n<\/p><\/div>\n<\/p><\/div>\n<\/p><\/div>\n<\/div>\n<div class=\"mt-1 flex gap-3 empty:hidden -ml-2\">\n<div class=\"items-center justify-start rounded-xl p-1 flex\">\n<div class=\"flex items-center\">\n<span class=\"\" data-state=\"closed\"><button class=\"rounded-lg text-token-text-secondary hover:bg-token-main-surface-secondary\"><span class=\"flex h-[30px] w-[30px] items-center justify-center\"><svg xmlns=\"http:\/\/www.w3.org\/2000\/svg\" width=\"24\" height=\"24\" fill=\"none\" viewbox=\"0 0 24 24\" class=\"icon-md-heavy\">\n                            <path fill=\"currentColor\" fill-rule=\"evenodd\" d=\"M11 4.91a.5.5 0 0 0-.838-.369L6.676 7.737A1 1 0 0 1 6 8H4a1 1 0 0 0-1 1v6a1 1 0 0 0 1 1h2a1 1 0 0 1 .676.263l3.486 3.196A.5.5 0 0 0 11 19.09zM8.81 3.067C10.415 1.597 13 2.735 13 4.91v14.18c0 2.175-2.586 3.313-4.19 1.843L5.612 18H4a3 3 0 0 1-3-3V9a3 3 0 0 1 3-3h1.611zm11.507 3.29a1 1 0 0 1 1.355.401A10.96 10.96 0 0 1 23 12c0 1.85-.458 3.597-1.268 5.13a1 1 0 1 1-1.768-.934A8.96 8.96 0 0 0 21 12a8.96 8.96 0 0 0-1.085-4.287 1 1 0 0 1 .402-1.356M15.799 7.9a1 1 0 0 1 1.4.2 6.48 6.48 0 0 1 1.3 3.9c0 1.313-.39 2.537-1.06 3.56a1 1 0 0 1-1.673-1.096A4.47 4.47 0 0 0 16.5 12a4.47 4.47 0 0 0-.9-2.7 1 1 0 0 1 .2-1.4\" clip-rule=\"evenodd\"><\/path>\n                        <\/svg><\/span><\/button><\/span><span class=\"\" data-state=\"closed\"><button class=\"rounded-lg text-token-text-secondary hover:bg-token-main-surface-secondary\"><span class=\"flex h-[30px] w-[30px] items-center justify-center\"><svg xmlns=\"http:\/\/www.w3.org\/2000\/svg\" width=\"24\" height=\"24\" fill=\"none\" viewbox=\"0 0 24 24\" class=\"icon-md-heavy\">\n                            <path fill=\"currentColor\" fill-rule=\"evenodd\" d=\"M7 5a3 3 0 0 1 3-3h9a3 3 0 0 1 3 3v9a3 3 0 0 1-3 3h-2v2a3 3 0 0 1-3 3H5a3 3 0 0 1-3-3v-9a3 3 0 0 1 3-3h2zm2 2h5a3 3 0 0 1 3 3v5h2a1 1 0 0 0 1-1V5a1 1 0 0 0-1-1h-9a1 1 0 0 0-1 1zM5 9a1 1 0 0 0-1 1v9a1 1 0 0 0 1 1h9a1 1 0 0 0 1-1v-9a1 1 0 0 0-1-1z\" clip-rule=\"evenodd\"><\/path>\n                        <\/svg><\/span><\/button><\/span><span class=\"\" data-state=\"closed\"><button class=\"rounded-lg text-token-text-secondary hover:bg-token-main-surface-secondary\"><span class=\"flex h-[30px] w-[30px] items-center justify-center\"><svg xmlns=\"http:\/\/www.w3.org\/2000\/svg\" width=\"24\" height=\"24\" fill=\"none\" viewbox=\"0 0 24 24\" class=\"icon-md-heavy\">\n                            <path fill=\"currentColor\" d=\"M3.07 10.876C3.623 6.436 7.41 3 12 3a9.15 9.15 0 0 1 6.012 2.254V4a1 1 0 1 1 2 0v4a1 1 0 0 1-1 1H15a1 1 0 1 1 0-2h1.957A7.15 7.15 0 0 0 12 5a7 7 0 0 0-6.946 6.124 1 1 0 1 1-1.984-.248m16.992 1.132a1 1 0 0 1 .868 1.116C20.377 17.564 16.59 21 12 21a9.15 9.15 0 0 1-6-2.244V20a1 1 0 1 1-2 0v-4a1 1 0 0 1 1-1h4a1 1 0 1 1 0 2H7.043A7.15 7.15 0 0 0 12 19a7 7 0 0 0 6.946-6.124 1 1 0 0 1 1.116-.868\"><\/path>\n                        <\/svg><\/span><\/button><\/span><\/p>\n<div class=\"flex\"><span class=\"\" data-state=\"closed\"><button class=\"rounded-lg text-token-text-secondary hover:bg-token-main-surface-secondary\"><span class=\"flex h-[30px] w-[30px] items-center justify-center\"><svg xmlns=\"http:\/\/www.w3.org\/2000\/svg\" width=\"24\" height=\"24\" fill=\"none\" viewbox=\"0 0 24 24\" class=\"icon-md-heavy\">\n                                <path fill=\"currentColor\" fill-rule=\"evenodd\" d=\"M11.873 21.496a1 1 0 0 1-.992.496l-.454-.056A4 4 0 0 1 7.1 16.79L7.65 15h-.718c-2.637 0-4.553-2.508-3.859-5.052l1.364-5A4 4 0 0 1 8.296 2h9.709a3 3 0 0 1 3 3v7a3 3 0 0 1-3 3h-2c-.26 0-.5.14-.628.364zM14.005 4h-5.71a2 2 0 0 0-1.929 1.474l-1.363 5A2 2 0 0 0 6.933 13h2.072a1 1 0 0 1 .955 1.294l-.949 3.084a2 2 0 0 0 1.462 2.537l3.167-5.543a2.72 2.72 0 0 1 1.364-1.182V5a1 1 0 0 0-1-1m3 9V5c0-.35-.06-.687-.171-1h1.17a1 1 0 0 1 1 1v7a1 1 0 0 1-1 1z\" clip-rule=\"evenodd\"><\/path>\n                            <\/svg><\/span><\/button><\/span><\/div>\n<div class=\"flex items-center pb-0\">\n<div class=\"[&#038;_svg]:h-full [&#038;_svg]:w-full icon-md h-4 w-4\"><svg xmlns=\"http:\/\/www.w3.org\/2000\/svg\" width=\"24\" height=\"24\" fill=\"none\" viewbox=\"0 0 24 24\">\n                        <path fill=\"currentColor\" d=\"M13.091 4.246 4.682 14H11a1 1 0 0 1 .973 1.23l-1.064 4.524L19.318 10H13a1 1 0 0 1-.973-1.229l1.064-4.525Zm-.848-2.08c1.195-1.386 3.448-.238 3.029 1.544L14.262 8h5.056c1.711 0 2.632 2.01 1.514 3.306l-9.075 10.528c-1.195 1.386-3.448.238-3.029-1.544L9.738 16H4.681c-1.711 0-2.632-2.01-1.514-3.306l9.075-10.527Z\"><\/path>\n                    <\/svg><\/div>\n<p><span class=\"overflow-hidden text-clip whitespace-nowrap text-sm\">4o mini<\/span>\n            <\/div>\n<p><span class=\"\" data-state=\"closed\"><button type=\"button\" id=\"radix-:rch:\" aria-haspopup=\"menu\" aria-expanded=\"false\" data-state=\"closed\" class=\"cursor-pointer h-[30px] rounded-md px-1 text-token-text-secondary hover:bg-token-main-surface-secondary\"><\/button><\/span>\n        <\/div>\n<\/p><\/div>\n<\/div>\n<ul>\n<li>\n<strong>marque<\/strong>:Beisheng<\/li>\n<li>\n<strong>mod\u00e8le<\/strong>:088<\/li>\n<li>\n<strong>Mat\u00e9riel<\/strong>:plastique<\/li>\n<li>\n<strong>Mati\u00e8re plastique<\/strong>:ABS<\/li>\n<li>\n<strong>style<\/strong>:Simple et moderne<\/li>\n<li>\n<strong>trier par couleur<\/strong>:Gris, bleu paon, blanc, noir, vert matcha, bleu gris, rouge pamplemousse, orange, prix de gros pour 4 ou plus<\/li>\n<li>\n<strong>Est-ce personnalisable ?<\/strong>:Non<\/li>\n<li>\n<strong>Est-ce rotatif ?<\/strong>:Non<\/li>\n<li>\n<strong>Y a-t-il des mains courantes ?<\/strong>:Non<\/li>\n<li>\n<strong>Appropri\u00e9<\/strong>:Adultes<\/li>\n<li>\n<strong>Assembler<\/strong>:Non<\/li>\n<li>\n<strong>Positionnement de style<\/strong>:Style artistique<\/li>\n<li>\n<strong>Poids brut<\/strong>:3,6 kg<\/li>\n<li>\n<strong><\/strong>:<\/li>\n<\/ul>\n<p><img><\/p>","protected":false},"excerpt":{"rendered":"<p>\u00c9levez votre espace avec une \u00e9l\u00e9gance moderne D\u00e9couvrez le m\u00e9lange parfait de style et de fonctionnalit\u00e9 avec notre table d&#039;appoint empilable en plastique scandinave<\/p>","protected":false},"featured_media":101986,"comment_status":"open","ping_status":"closed","template":"","meta":[],"product_brand":[],"product_cat":[30855,30852,30971,30849,30860,30866],"product_tag":[],"class_list":{"0":"post-45912","1":"product","2":"type-product","3":"status-publish","4":"has-post-thumbnail","6":"product_cat-wholesale-chairs","7":"product_cat-dining-set","8":"product_cat-hp","9":"product_cat-kindergarten-school-furniture","10":"product_cat-wholesale-restaurant","11":"product_cat-wholesales-university-high-schools","13":"first","14":"instock","15":"taxable","16":"shipping-taxable","17":"purchasable","18":"product-type-variable"},"_links":{"self":[{"href":"https:\/\/nexgendecors.com\/fr\/wp-json\/wp\/v2\/product\/45912","targetHints":{"allow":["GET"]}}],"collection":[{"href":"https:\/\/nexgendecors.com\/fr\/wp-json\/wp\/v2\/product"}],"about":[{"href":"https:\/\/nexgendecors.com\/fr\/wp-json\/wp\/v2\/types\/product"}],"replies":[{"embeddable":true,"href":"https:\/\/nexgendecors.com\/fr\/wp-json\/wp\/v2\/comments?post=45912"}],"version-history":[{"count":0,"href":"https:\/\/nexgendecors.com\/fr\/wp-json\/wp\/v2\/product\/45912\/revisions"}],"wp:featuredmedia":[{"embeddable":true,"href":"https:\/\/nexgendecors.com\/fr\/wp-json\/wp\/v2\/media\/101986"}],"wp:attachment":[{"href":"https:\/\/nexgendecors.com\/fr\/wp-json\/wp\/v2\/media?parent=45912"}],"wp:term":[{"taxonomy":"product_brand","embeddable":true,"href":"https:\/\/nexgendecors.com\/fr\/wp-json\/wp\/v2\/product_brand?post=45912"},{"taxonomy":"product_cat","embeddable":true,"href":"https:\/\/nexgendecors.com\/fr\/wp-json\/wp\/v2\/product_cat?post=45912"},{"taxonomy":"product_tag","embeddable":true,"href":"https:\/\/nexgendecors.com\/fr\/wp-json\/wp\/v2\/product_tag?post=45912"}],"curies":[{"name":"wp","href":"https:\/\/api.w.org\/{rel}","templated":true}]}}