{"id":46527,"date":"2025-01-26T02:21:57","date_gmt":"2025-01-26T02:21:57","guid":{"rendered":"https:\/\/nexgendecors.com\/product\/nordic-outdoor-rattan-sofa-villa-courtyard-hotel-terrace-rattan-chair-three-piece-set-homestay-balcony-designer-furniture\/"},"modified":"2025-04-06T08:11:38","modified_gmt":"2025-04-06T08:11:38","slug":"nordic-outdoor-rattan-sofa-villa-courtyard-hotel-terrace-rattan-chair-three-piece-set-homestay-balcony-designer-furniture","status":"publish","type":"product","link":"https:\/\/nexgendecors.com\/fr\/product\/nordic-outdoor-rattan-sofa-villa-courtyard-hotel-terrace-rattan-chair-three-piece-set-homestay-balcony-designer-furniture\/","title":{"rendered":"Ensemble de patio en aluminium noir r\u00e9sistant aux intemp\u00e9ries \u2013 \u00c9l\u00e9gant et durable"},"content":{"rendered":"<h2>Weather-Resistant Black Aluminum Patio Set: Blue Upholstered Polypropylene Cushions \ud83c\udf1e\ud83e\ude91<\/h2>\n<p>Elevate your outdoor living with our Weather-Resistant Black Aluminum Patio Set, designed for both durability and style. Featuring sleek black aluminum frames and vibrant blue polypropylene cushions, this set combines modern aesthetics with practical comfort, making it perfect for any patio or garden.<\/p>\n<h3>Principaux avantages :<\/h3>\n<ul>\n<li>\n<strong>Weather-Resistant Aluminum Frame<\/strong>: Provides robust durability and withstands various weather conditions.<\/li>\n<li>\n<strong>Vibrant Blue Cushions<\/strong>: Adds a pop of color while offering plush comfort.<\/li>\n<li>\n<strong>Polypropylene Upholstery<\/strong>: Ensures easy maintenance and long-lasting use.<\/li>\n<li>\n<strong>Design \u00e9l\u00e9gant<\/strong>: Enhances the look of your outdoor space with contemporary elegance.<\/li>\n<\/ul>\n<p>Upgrade your patio with the perfect blend of durability and style. Explore our collection and find the ideal outdoor furniture to enhance your space today! \ud83c\udf1f\ud83c\udfe1<\/p>\n<ul>\n<li>\n<strong>marque<\/strong>:autre\/autre<\/li>\n<li>\n<strong>mod\u00e8le<\/strong>:Y<\/li>\n<li>\n<strong>Mat\u00e9riel<\/strong>:rotin<\/li>\n<li>\n<strong>mod\u00e8le<\/strong>:Art<\/li>\n<li>\n<strong>style<\/strong>:Europe du Nord<\/li>\n<li>\n<strong>Nombre de personnes applicable<\/strong>:autre<\/li>\n<li>\n<strong>\u00e9l\u00e9ments populaires<\/strong>:rattan, stitching, master design<\/li>\n<li>\n<strong>trier par couleur<\/strong>:Single sofa (thickened aluminum tube), double sofa (thickened aluminum tube), three-person sofa (thickened aluminum tube), coffee table (thickened aluminum tube), single + double + coffee table, 2 single + double + coffee table, 2 single + three + coffee table<\/li>\n<li>\n<strong>Poids brut<\/strong>:20 kg<\/li>\n<li>\n<strong>Mat\u00e9riau de finition<\/strong>:autre<\/li>\n<li>\n<strong>Remplissage<\/strong>:\u00e9ponge<\/li>\n<li>\n<strong>Technologie de finition<\/strong>:autre<\/li>\n<li>\n<strong>Est-ce personnalisable ?<\/strong>:Oui<\/li>\n<li>\n<strong>Combinaison de canap\u00e9<\/strong>:autre<\/li>\n<li>\n<strong>Est-il amovible et lavable ?<\/strong>:Oui<\/li>\n<li>\n<strong>Fonctionnalit\u00e9s suppl\u00e9mentaires<\/strong>:il peut bouger<\/li>\n<li>\n<strong>Appropri\u00e9<\/strong>:Adultes<\/li>\n<li>\n<strong>Y a-t-il un espace de stockage ?<\/strong>:Non<\/li>\n<li>\n<strong>Mat\u00e9riau en rotin<\/strong>:autre<\/li>\n<li>\n<strong>Artisanat en structure de bambou et de rotin<\/strong>:autre<\/li>\n<li>\n<strong>Livraison\/installation disponible<\/strong>:autre<\/li>\n<li>\n<strong>Assembler<\/strong>:Non<\/li>\n<li>\n<strong>volume du colis<\/strong>:1.0<\/li>\n<li>\n<strong>Pour les gens<\/strong>:autre<\/li>\n<li>\n<strong>Un taxi est-il disponible pour le transport ?<\/strong>:Non<\/li>\n<li>\n<strong>Positionnement de style<\/strong>:Qualit\u00e9 Luxe<\/li>\n<li>\n<strong>Instructions d&#039;installation d\u00e9taill\u00e9es<\/strong>:Aucune instruction d&#039;installation<\/li>\n<\/ul>\n<p><img><\/p>","protected":false},"excerpt":{"rendered":"<p>Ensemble de patio en aluminium noir r\u00e9sistant aux intemp\u00e9ries : coussins en polypropyl\u00e8ne rembourr\u00e9s bleus \ud83c\udf1e\ud83e\ude91 Am\u00e9liorez votre vie en plein air avec notre patio en aluminium noir r\u00e9sistant aux intemp\u00e9ries<\/p>","protected":false},"featured_media":103051,"comment_status":"open","ping_status":"closed","template":"","meta":[],"product_brand":[],"product_cat":[30862,30971,30856,30860],"product_tag":[],"class_list":{"0":"post-46527","1":"product","2":"type-product","3":"status-publish","4":"has-post-thumbnail","6":"product_cat-wholesales-hotels","7":"product_cat-hp","8":"product_cat-outdoor-furniture","9":"product_cat-wholesale-restaurant","11":"first","12":"instock","13":"sale","14":"taxable","15":"shipping-taxable","16":"purchasable","17":"product-type-variable"},"_links":{"self":[{"href":"https:\/\/nexgendecors.com\/fr\/wp-json\/wp\/v2\/product\/46527","targetHints":{"allow":["GET"]}}],"collection":[{"href":"https:\/\/nexgendecors.com\/fr\/wp-json\/wp\/v2\/product"}],"about":[{"href":"https:\/\/nexgendecors.com\/fr\/wp-json\/wp\/v2\/types\/product"}],"replies":[{"embeddable":true,"href":"https:\/\/nexgendecors.com\/fr\/wp-json\/wp\/v2\/comments?post=46527"}],"version-history":[{"count":0,"href":"https:\/\/nexgendecors.com\/fr\/wp-json\/wp\/v2\/product\/46527\/revisions"}],"wp:featuredmedia":[{"embeddable":true,"href":"https:\/\/nexgendecors.com\/fr\/wp-json\/wp\/v2\/media\/103051"}],"wp:attachment":[{"href":"https:\/\/nexgendecors.com\/fr\/wp-json\/wp\/v2\/media?parent=46527"}],"wp:term":[{"taxonomy":"product_brand","embeddable":true,"href":"https:\/\/nexgendecors.com\/fr\/wp-json\/wp\/v2\/product_brand?post=46527"},{"taxonomy":"product_cat","embeddable":true,"href":"https:\/\/nexgendecors.com\/fr\/wp-json\/wp\/v2\/product_cat?post=46527"},{"taxonomy":"product_tag","embeddable":true,"href":"https:\/\/nexgendecors.com\/fr\/wp-json\/wp\/v2\/product_tag?post=46527"}],"curies":[{"name":"wp","href":"https:\/\/api.w.org\/{rel}","templated":true}]}}