{"id":46769,"date":"2025-01-26T02:22:26","date_gmt":"2025-01-26T02:22:26","guid":{"rendered":"https:\/\/nexgendecors.com\/product\/acrylic-coffee-table-transparent-living-room-special-shaped-creative-irregular-villa-italian-designer-water-ripple-crystal-side-table\/"},"modified":"2025-04-06T08:12:04","modified_gmt":"2025-04-06T08:12:04","slug":"table-basse-en-acrylique-transparente-pour-salon-forme-speciale-creative-irreguliere-design-italien-table-dappoint-en-cristal-ondule","status":"publish","type":"product","link":"https:\/\/nexgendecors.com\/fr\/product\/table-basse-en-acrylique-transparente-pour-salon-forme-speciale-creative-irreguliere-design-italien-table-dappoint-en-cristal-ondule\/","title":{"rendered":"Table basse irr\u00e9guli\u00e8re en acrylique de designer italien \u2013 Water Ripple"},"content":{"rendered":"<ul>\n<li>\n<strong>marque<\/strong>:Shengbang Songya<\/li>\n<li>\n<strong>mod\u00e8le<\/strong>:XL-2023516<\/li>\n<li>\n<strong>Mat\u00e9riel<\/strong>:plastique<\/li>\n<li>\n<strong>Mati\u00e8re plastique<\/strong>:Plexiglas<\/li>\n<li>\n<strong>style<\/strong>:Style de luxe l\u00e9ger<\/li>\n<li>\n<strong>forme<\/strong>:Carr\u00e9<\/li>\n<li>\n<strong>Installation<\/strong>:Paquet<\/li>\n<li>\n<strong>\u00e9l\u00e9ments populaires<\/strong>:Conception principale, forme sp\u00e9ciale, verre \u00e0 th\u00e9<\/li>\n<li>\n<strong>trier par couleur<\/strong>:Petite table basse en acrylique, table basse moyenne en acrylique, grande table basse en acrylique, grande, moyenne et petite table basse combin\u00e9e en acrylique<\/li>\n<li>\n<strong>Mat\u00e9riau de finition<\/strong>:Verre<\/li>\n<li>\n<strong>Technologie structurelle<\/strong>:Proc\u00e9d\u00e9 plastique<\/li>\n<li>\n<strong>Technologie des structures plastiques<\/strong>:Fonderie<\/li>\n<li>\n<strong>Technologie de finition<\/strong>:Artisanat du verre<\/li>\n<li>\n<strong>Artisanat du verre<\/strong>:autre<\/li>\n<li>\n<strong>Est-ce personnalisable ?<\/strong>:Oui<\/li>\n<li>\n<strong>Que ce soit avec un rouleau<\/strong>:Non<\/li>\n<li>\n<strong>Nombre de portes<\/strong>:Pas de porte<\/li>\n<li>\n<strong>Y a-t-il un espace de stockage ?<\/strong>:Non<\/li>\n<li>\n<strong>Livraison\/installation disponible<\/strong>:Autres, Nanjing, Nanchang, Harbin, Dalian, Tianjin, Ningbo, Chengdu, Hangzhou, Wuhan, Shenyang, Wenzhou, Suzhou, Xi&#039;an, Guiyang, Zhengzhou, Chongqing, Jinhua, Changsha, Shanghai, Dongguan, P\u00e9kin, Guangzhou, Shenzhen, Fuzhou, Qingdao, Wuxi, Taizhou, Changzhou, Foshan, Xiamen, Nanning<\/li>\n<li>\n<strong>ville<\/strong>:Ville de Dongguan<\/li>\n<li>\n<strong>Districts et comt\u00e9s<\/strong>:District de la ville de Dongguan<\/li>\n<li>\n<strong>Assembler<\/strong>:Non<\/li>\n<li>\n<strong>volume du colis<\/strong>:0,34 m\u00b3<\/li>\n<li>\n<strong>Un taxi est-il disponible pour le transport ?<\/strong>:Oui<\/li>\n<li>\n<strong>Table basse en forme d&#039;angle<\/strong>:Carr\u00e9<\/li>\n<li>\n<strong>Positionnement de style<\/strong>:Style artistique<\/li>\n<li>\n<strong>Instructions d&#039;installation d\u00e9taill\u00e9es<\/strong>:Fournit des outils d&#039;installation simples, aucune instruction d&#039;installation<\/li>\n<li>\n<strong>Poids brut<\/strong>:15 kg<\/li>\n<li>\n<strong>taille<\/strong>:1,4 \u00d7 0,77 \u00d7 0,32 m<\/li>\n<\/ul>\n<p><img><\/p>","protected":false},"excerpt":{"rendered":"<p>Marque : Shengbang Songya Mod\u00e8le : XL-2023516 Mat\u00e9riau : plastique Mati\u00e8re plastique : Plexiglas Style : Style de luxe l\u00e9ger Forme : Carr\u00e9 Installation : Pack \u00c9l\u00e9ments populaires : Conception principale, forme sp\u00e9ciale, verre \u00e0 th\u00e9 Trier par<\/p>","protected":false},"featured_media":103382,"comment_status":"open","ping_status":"closed","template":"","meta":[],"product_brand":[],"product_cat":[30862,30971,30850,30857],"product_tag":[],"class_list":{"0":"post-46769","1":"product","2":"type-product","3":"status-publish","4":"has-post-thumbnail","6":"product_cat-wholesales-hotels","7":"product_cat-hp","8":"product_cat-wholesale-furniture","9":"product_cat-wholesale-sofa-table","11":"first","12":"instock","13":"taxable","14":"shipping-taxable","15":"purchasable","16":"product-type-variable"},"_links":{"self":[{"href":"https:\/\/nexgendecors.com\/fr\/wp-json\/wp\/v2\/product\/46769","targetHints":{"allow":["GET"]}}],"collection":[{"href":"https:\/\/nexgendecors.com\/fr\/wp-json\/wp\/v2\/product"}],"about":[{"href":"https:\/\/nexgendecors.com\/fr\/wp-json\/wp\/v2\/types\/product"}],"replies":[{"embeddable":true,"href":"https:\/\/nexgendecors.com\/fr\/wp-json\/wp\/v2\/comments?post=46769"}],"version-history":[{"count":0,"href":"https:\/\/nexgendecors.com\/fr\/wp-json\/wp\/v2\/product\/46769\/revisions"}],"wp:featuredmedia":[{"embeddable":true,"href":"https:\/\/nexgendecors.com\/fr\/wp-json\/wp\/v2\/media\/103382"}],"wp:attachment":[{"href":"https:\/\/nexgendecors.com\/fr\/wp-json\/wp\/v2\/media?parent=46769"}],"wp:term":[{"taxonomy":"product_brand","embeddable":true,"href":"https:\/\/nexgendecors.com\/fr\/wp-json\/wp\/v2\/product_brand?post=46769"},{"taxonomy":"product_cat","embeddable":true,"href":"https:\/\/nexgendecors.com\/fr\/wp-json\/wp\/v2\/product_cat?post=46769"},{"taxonomy":"product_tag","embeddable":true,"href":"https:\/\/nexgendecors.com\/fr\/wp-json\/wp\/v2\/product_tag?post=46769"}],"curies":[{"name":"wp","href":"https:\/\/api.w.org\/{rel}","templated":true}]}}