{"id":47136,"date":"2025-01-26T02:22:59","date_gmt":"2025-01-26T02:22:59","guid":{"rendered":"https:\/\/nexgendecors.com\/product\/adjustable-height-portable-folding-telescopic-chair-perfect-for-outdoor-camping-traveling-1706356548732\/"},"modified":"2025-04-06T08:12:25","modified_gmt":"2025-04-06T08:12:25","slug":"adjustable-height-portable-folding-telescopic-chair-perfect-for-outdoor-camping-traveling-1706356548732","status":"publish","type":"product","link":"https:\/\/nexgendecors.com\/fr\/product\/adjustable-height-portable-folding-telescopic-chair-perfect-for-outdoor-camping-traveling-1706356548732\/","title":{"rendered":"Chaise pliante t\u00e9lescopique r\u00e9glable pour le camping et les voyages"},"content":{"rendered":"<div>\n<p>\ud83c\udfa3 <strong>Product Name:<\/strong> Portable Retractable Fishing Stool<\/p>\n<p>\ud83d\udecb\ufe0f <strong>Product Material:<\/strong> Made of Polypropylene (PP plastic)<\/p>\n<p>\ud83c\udfde\ufe0f <strong>Product Category:<\/strong> Falls under the categories of Plastic Folding Stools, Queuing Telescopic Stools, Fishing Stools, and Outdoor Stools.<\/p>\n<p>\ud83c\udf33 <strong>Applicable Environment:<\/strong> Ideal for use in parks, outdoor settings, stations, supermarkets, homes, and daily use.<\/p>\n<p>\ud83e\ude91 <strong>Description du produit :<\/strong> This compact stool is perfect for sitting or resting your feet on, providing convenience and comfort wherever you go.<\/p>\n<\/div>","protected":false},"excerpt":{"rendered":"<p>\ud83c\udfa3 Nom du produit : Tabouret de p\u00eache r\u00e9tractable portable \ud83d\udecb\ufe0f Mat\u00e9riau du produit : Fabriqu\u00e9 en polypropyl\u00e8ne (plastique PP) \ud83c\udfde\ufe0f Cat\u00e9gorie de produit : Tombe sous<\/p>","protected":false},"featured_media":103561,"comment_status":"open","ping_status":"closed","template":"","meta":[],"product_brand":[],"product_cat":[30818,30971],"product_tag":[],"class_list":{"0":"post-47136","1":"product","2":"type-product","3":"status-publish","4":"has-post-thumbnail","6":"product_cat-camping-furniture","7":"product_cat-hp","9":"first","10":"instock","11":"sale","12":"taxable","13":"shipping-taxable","14":"purchasable","15":"product-type-variable"},"_links":{"self":[{"href":"https:\/\/nexgendecors.com\/fr\/wp-json\/wp\/v2\/product\/47136","targetHints":{"allow":["GET"]}}],"collection":[{"href":"https:\/\/nexgendecors.com\/fr\/wp-json\/wp\/v2\/product"}],"about":[{"href":"https:\/\/nexgendecors.com\/fr\/wp-json\/wp\/v2\/types\/product"}],"replies":[{"embeddable":true,"href":"https:\/\/nexgendecors.com\/fr\/wp-json\/wp\/v2\/comments?post=47136"}],"version-history":[{"count":0,"href":"https:\/\/nexgendecors.com\/fr\/wp-json\/wp\/v2\/product\/47136\/revisions"}],"wp:featuredmedia":[{"embeddable":true,"href":"https:\/\/nexgendecors.com\/fr\/wp-json\/wp\/v2\/media\/103561"}],"wp:attachment":[{"href":"https:\/\/nexgendecors.com\/fr\/wp-json\/wp\/v2\/media?parent=47136"}],"wp:term":[{"taxonomy":"product_brand","embeddable":true,"href":"https:\/\/nexgendecors.com\/fr\/wp-json\/wp\/v2\/product_brand?post=47136"},{"taxonomy":"product_cat","embeddable":true,"href":"https:\/\/nexgendecors.com\/fr\/wp-json\/wp\/v2\/product_cat?post=47136"},{"taxonomy":"product_tag","embeddable":true,"href":"https:\/\/nexgendecors.com\/fr\/wp-json\/wp\/v2\/product_tag?post=47136"}],"curies":[{"name":"wp","href":"https:\/\/api.w.org\/{rel}","templated":true}]}}