{"id":47161,"date":"2025-01-26T02:23:06","date_gmt":"2025-01-26T02:23:06","guid":{"rendered":"https:\/\/nexgendecors.com\/product\/airport-chair-row-chair-reinforced-thickened-stainless-steel-three-person-hospital-bench-waiting-chair-with-infusion-chair-waiting-chair-2\/"},"modified":"2025-03-08T17:33:06","modified_gmt":"2025-03-08T17:33:06","slug":"airport-chair-row-chair-reinforced-thickened-stainless-steel-three-person-hospital-bench-waiting-chair-with-infusion-chair-waiting-chair-2","status":"publish","type":"product","link":"https:\/\/nexgendecors.com\/fr\/product\/airport-chair-row-chair-reinforced-thickened-stainless-steel-three-person-hospital-bench-waiting-chair-with-infusion-chair-waiting-chair-2\/","title":{"rendered":"Banc d&#039;h\u00f4pital renforc\u00e9 en acier inoxydable pour 3 personnes"},"content":{"rendered":"<ul>\n<li>\n<strong>marque<\/strong>:Sameka<\/li>\n<li>\n<strong>mod\u00e8le<\/strong>:5945<\/li>\n<li>\n<strong>Mat\u00e9riel<\/strong>:Acier inoxydable<\/li>\n<li>\n<strong>Origine<\/strong>:Chine continentale<\/li>\n<li>\n<strong>province<\/strong>:Province du Guangdong<\/li>\n<li>\n<strong>Nombre de personnes applicable<\/strong>:5-people<\/li>\n<li>\n<strong>trier par couleur<\/strong>:Thickened and reinforced three-person seat (without leather pad), thickened and reinforced two-person seat (without leather pad), thickened and reinforced four-person seat (without leather pad), thickened and reinforced five-person seat (without leather pad), thickened and reinforced one-person seat (without leather pad), thickened and reinforced three-person seat (with leather pad), thickened and reinforced three-person seat (with leather pad), thickened and reinforced two-person seat (with leather pad), thickened and reinforced four-person seat (with leather pad), thickened and reinforced five-person seat (with leather pad), thickened and reinforced one-person seat (with leather pad), thickened and reinforced two-person coffee table ( With leather pad), upgraded version of one-person seat (without leather pad), upgraded version of two-person seat (without leather pad), upgraded version of three-person seat (without leather pad), upgraded version of four-person seat (without leather pad), upgraded version of five-person seat (without leather pad), upgraded version of two-person seat (with leather pad) needs, upgraded version of three-person seat (with leather pad) needs, upgraded version of four-person seat (with leather pad) needs, upgraded version of five-person seat (with leather pad) needs, thickened and reinforced three-person stainless steel (without leather pad), thickened and reinforced four-person stainless steel (without leather pad)<\/li>\n<li>\n<strong>Mat\u00e9riau du si\u00e8ge<\/strong>:Acier inoxydable<\/li>\n<li>\n<strong>Taille du paquet<\/strong>:0.2<\/li>\n<li>\n<strong>Normes environnementales<\/strong>:Autre<\/li>\n<li>\n<strong>Est-ce personnalisable ?<\/strong>:Non<\/li>\n<li>\n<strong>Y a-t-il des mains courantes ?<\/strong>:Oui<\/li>\n<li>\n<strong><\/strong>:<\/li>\n<\/ul>\n<p><img><\/p>","protected":false},"excerpt":{"rendered":"<p>Marque : Sameka Mod\u00e8le : 5945 Mat\u00e9riau : Acier inoxydable Origine : Chine continentale Province : Province du Guangdong Nombre de personnes applicable : 5 personnes Trier par couleur : Si\u00e8ge trois personnes \u00e9paissi et renforc\u00e9 (sans<\/p>","protected":false},"featured_media":103656,"comment_status":"open","ping_status":"closed","template":"","meta":[],"product_brand":[],"product_cat":[30971,30853],"product_tag":[],"class_list":{"0":"post-47161","1":"product","2":"type-product","3":"status-publish","4":"has-post-thumbnail","6":"product_cat-hp","7":"product_cat-new-wholesale-public-projects","9":"first","10":"instock","11":"taxable","12":"shipping-taxable","13":"purchasable","14":"product-type-variable"},"_links":{"self":[{"href":"https:\/\/nexgendecors.com\/fr\/wp-json\/wp\/v2\/product\/47161","targetHints":{"allow":["GET"]}}],"collection":[{"href":"https:\/\/nexgendecors.com\/fr\/wp-json\/wp\/v2\/product"}],"about":[{"href":"https:\/\/nexgendecors.com\/fr\/wp-json\/wp\/v2\/types\/product"}],"replies":[{"embeddable":true,"href":"https:\/\/nexgendecors.com\/fr\/wp-json\/wp\/v2\/comments?post=47161"}],"version-history":[{"count":0,"href":"https:\/\/nexgendecors.com\/fr\/wp-json\/wp\/v2\/product\/47161\/revisions"}],"wp:featuredmedia":[{"embeddable":true,"href":"https:\/\/nexgendecors.com\/fr\/wp-json\/wp\/v2\/media\/103656"}],"wp:attachment":[{"href":"https:\/\/nexgendecors.com\/fr\/wp-json\/wp\/v2\/media?parent=47161"}],"wp:term":[{"taxonomy":"product_brand","embeddable":true,"href":"https:\/\/nexgendecors.com\/fr\/wp-json\/wp\/v2\/product_brand?post=47161"},{"taxonomy":"product_cat","embeddable":true,"href":"https:\/\/nexgendecors.com\/fr\/wp-json\/wp\/v2\/product_cat?post=47161"},{"taxonomy":"product_tag","embeddable":true,"href":"https:\/\/nexgendecors.com\/fr\/wp-json\/wp\/v2\/product_tag?post=47161"}],"curies":[{"name":"wp","href":"https:\/\/api.w.org\/{rel}","templated":true}]}}