{"id":47361,"date":"2025-01-26T02:23:27","date_gmt":"2025-01-26T02:23:27","guid":{"rendered":"https:\/\/nexgendecors.com\/product\/bedside-cabinet-free-installation-of-simple-post-modern-small-cabinet-light-luxury-nordic-locker-master-bedroom-high-end-bedside-table-leather\/"},"modified":"2025-04-06T08:12:39","modified_gmt":"2025-04-06T08:12:39","slug":"bedside-cabinet-free-installation-of-simple-post-modern-small-cabinet-light-luxury-nordic-locker-master-bedroom-high-end-bedside-table-leather","status":"publish","type":"product","link":"https:\/\/nexgendecors.com\/fr\/product\/bedside-cabinet-free-installation-of-simple-post-modern-small-cabinet-light-luxury-nordic-locker-master-bedroom-high-end-bedside-table-leather\/","title":{"rendered":"Table de chevet moderne Aloma\u00a0: design \u00e9l\u00e9gant et rangement fonctionnel"},"content":{"rendered":"<p><meta charset=\"utf-8\"><\/p>\n<p><strong>Description<\/strong><\/p>\n<p>&#8211; This modern and stylish nightstand with two-tier drawers that slide easily is a simple addition to any bedroom design for devices, books, or periodicals.<\/p>\n<p>&#8211; Beautifully crafted, this two-drawer nightstand from solid wood is equally at home in the living room next to the couch or the bedroom next to your bed because of the two large drawers, each with brown leather knocks latches, for a variety of storage possibilities.<\/p>\n<p>&#8211; The pleasing contrast between the leather covering and the metal legs creates a sophisticated austerity. The MDF boards are thickly sliced to ensure structural stability, while black metal legs provide muscular strength.\u00a0<\/p>","protected":false},"excerpt":{"rendered":"<p>Description \u2013 Cette table de chevet moderne et \u00e9l\u00e9gante avec des tiroirs \u00e0 deux niveaux qui coulissent facilement est un ajout simple \u00e0 n&#039;importe quelle chambre<\/p>","protected":false},"featured_media":103807,"comment_status":"open","ping_status":"closed","template":"","meta":[],"product_brand":[],"product_cat":[30858,30971,30867],"product_tag":[12259,12260],"class_list":{"0":"post-47361","1":"product","2":"type-product","3":"status-publish","4":"has-post-thumbnail","6":"product_cat-wholesale-bedroom","7":"product_cat-hp","8":"product_cat-nightstands","9":"product_tag-_wf_cus","10":"product_tag-_wf_exc","12":"first","13":"instock","14":"sale","15":"taxable","16":"shipping-taxable","17":"purchasable","18":"product-type-variable"},"_links":{"self":[{"href":"https:\/\/nexgendecors.com\/fr\/wp-json\/wp\/v2\/product\/47361","targetHints":{"allow":["GET"]}}],"collection":[{"href":"https:\/\/nexgendecors.com\/fr\/wp-json\/wp\/v2\/product"}],"about":[{"href":"https:\/\/nexgendecors.com\/fr\/wp-json\/wp\/v2\/types\/product"}],"replies":[{"embeddable":true,"href":"https:\/\/nexgendecors.com\/fr\/wp-json\/wp\/v2\/comments?post=47361"}],"version-history":[{"count":0,"href":"https:\/\/nexgendecors.com\/fr\/wp-json\/wp\/v2\/product\/47361\/revisions"}],"wp:featuredmedia":[{"embeddable":true,"href":"https:\/\/nexgendecors.com\/fr\/wp-json\/wp\/v2\/media\/103807"}],"wp:attachment":[{"href":"https:\/\/nexgendecors.com\/fr\/wp-json\/wp\/v2\/media?parent=47361"}],"wp:term":[{"taxonomy":"product_brand","embeddable":true,"href":"https:\/\/nexgendecors.com\/fr\/wp-json\/wp\/v2\/product_brand?post=47361"},{"taxonomy":"product_cat","embeddable":true,"href":"https:\/\/nexgendecors.com\/fr\/wp-json\/wp\/v2\/product_cat?post=47361"},{"taxonomy":"product_tag","embeddable":true,"href":"https:\/\/nexgendecors.com\/fr\/wp-json\/wp\/v2\/product_tag?post=47361"}],"curies":[{"name":"wp","href":"https:\/\/api.w.org\/{rel}","templated":true}]}}