{"id":47462,"date":"2025-01-26T02:23:36","date_gmt":"2025-01-26T02:23:36","guid":{"rendered":"https:\/\/nexgendecors.com\/product\/aluminum-alloy-auditorium-chair-fixed-with-armrests-stepped-classroom-large-conference-room-row-chair-small-theater-lecture-hall-seat\/"},"modified":"2025-04-06T08:12:47","modified_gmt":"2025-04-06T08:12:47","slug":"aluminum-alloy-auditorium-chair-fixed-with-armrests-stepped-classroom-large-conference-room-row-chair-small-theater-lecture-hall-seat","status":"publish","type":"product","link":"https:\/\/nexgendecors.com\/fr\/product\/aluminum-alloy-auditorium-chair-fixed-with-armrests-stepped-classroom-large-conference-room-row-chair-small-theater-lecture-hall-seat\/","title":{"rendered":"Chaise d&#039;auditorium en alliage d&#039;aluminium avec accoudoirs"},"content":{"rendered":"<ul>\n<li>\n<strong>marque<\/strong>:Rongyi<\/li>\n<li>\n<strong>mod\u00e8le<\/strong>:RY6668<\/li>\n<li>\n<strong>Est-ce personnalisable ?<\/strong>:Oui<\/li>\n<li>\n<strong>Y a-t-il un tableau d&#039;\u00e9criture ?<\/strong>:Oui<\/li>\n<li>\n<strong>Mat\u00e9riel<\/strong>:Tissu<\/li>\n<li>\n<strong>Taille du paquet<\/strong>:65x55x60cm<\/li>\n<li>\n<strong>Poids du colis<\/strong>:75 catties<\/li>\n<li>\n<strong>Service en ville<\/strong>:Installation \u00e0 domicile par des vendeurs locaux<\/li>\n<li>\n<strong>Normes environnementales<\/strong>:E0<\/li>\n<li>\n<strong>Y a-t-il un chemin de c\u00e2bles ?<\/strong>:Non<\/li>\n<li>\n<strong>trier par couleur<\/strong>:Dark gray, gray<\/li>\n<\/ul>\n<p><img><\/p>","protected":false},"excerpt":{"rendered":"<p>Marque : Rongyi Mod\u00e8le : RY6668 Est-il personnalisable ? : oui Y a-t-il un tableau d&#039;\u00e9criture ? : oui Mat\u00e9riau : tissu Dimensions du colis : 65 x 55 x 60 cm Poids du colis : 75 catties Service en ville : installation \u00e0 domicile par<\/p>","protected":false},"featured_media":103865,"comment_status":"open","ping_status":"closed","template":"","meta":[],"product_brand":[],"product_cat":[30863,30971,30866],"product_tag":[],"class_list":{"0":"post-47462","1":"product","2":"type-product","3":"status-publish","4":"has-post-thumbnail","6":"product_cat-wholesales-cinema-theater","7":"product_cat-hp","8":"product_cat-wholesales-university-high-schools","10":"first","11":"instock","12":"taxable","13":"shipping-taxable","14":"purchasable","15":"product-type-variable"},"_links":{"self":[{"href":"https:\/\/nexgendecors.com\/fr\/wp-json\/wp\/v2\/product\/47462","targetHints":{"allow":["GET"]}}],"collection":[{"href":"https:\/\/nexgendecors.com\/fr\/wp-json\/wp\/v2\/product"}],"about":[{"href":"https:\/\/nexgendecors.com\/fr\/wp-json\/wp\/v2\/types\/product"}],"replies":[{"embeddable":true,"href":"https:\/\/nexgendecors.com\/fr\/wp-json\/wp\/v2\/comments?post=47462"}],"version-history":[{"count":0,"href":"https:\/\/nexgendecors.com\/fr\/wp-json\/wp\/v2\/product\/47462\/revisions"}],"wp:featuredmedia":[{"embeddable":true,"href":"https:\/\/nexgendecors.com\/fr\/wp-json\/wp\/v2\/media\/103865"}],"wp:attachment":[{"href":"https:\/\/nexgendecors.com\/fr\/wp-json\/wp\/v2\/media?parent=47462"}],"wp:term":[{"taxonomy":"product_brand","embeddable":true,"href":"https:\/\/nexgendecors.com\/fr\/wp-json\/wp\/v2\/product_brand?post=47462"},{"taxonomy":"product_cat","embeddable":true,"href":"https:\/\/nexgendecors.com\/fr\/wp-json\/wp\/v2\/product_cat?post=47462"},{"taxonomy":"product_tag","embeddable":true,"href":"https:\/\/nexgendecors.com\/fr\/wp-json\/wp\/v2\/product_tag?post=47462"}],"curies":[{"name":"wp","href":"https:\/\/api.w.org\/{rel}","templated":true}]}}