{"id":47543,"date":"2025-01-26T02:23:45","date_gmt":"2025-01-26T02:23:45","guid":{"rendered":"https:\/\/nexgendecors.com\/product\/aluminum-alloy-stepped-classroom-row-chairs-terraced-multimedia-solid-wood-student-desks-and-chairs-lecture-hall-seats-auditorium-chairs\/"},"modified":"2025-04-06T08:12:54","modified_gmt":"2025-04-06T08:12:54","slug":"chaises-de-classe-a-gradins-en-alliage-daluminium-bureaux-et-chaises-multimedias-en-bois-massif-pour-etudiants-sieges-damphitheatre-chaises-dauditorium","status":"publish","type":"product","link":"https:\/\/nexgendecors.com\/fr\/product\/chaises-de-classe-a-gradins-en-alliage-daluminium-bureaux-et-chaises-multimedias-en-bois-massif-pour-etudiants-sieges-damphitheatre-chaises-dauditorium\/","title":{"rendered":"Chaises et bureaux multim\u00e9dias en alliage d&#039;aluminium pour salle de classe"},"content":{"rendered":"<ul>\n<li>\n<strong>marque<\/strong>:Constitutif<\/li>\n<li>\n<strong>mod\u00e8le<\/strong>:BG-1005<\/li>\n<li>\n<strong>Mat\u00e9riel<\/strong>:Bois massif<\/li>\n<li>\n<strong>trier par couleur<\/strong>:1005 tableau d&#039;\u00e9criture fixe pour la premi\u00e8re rang\u00e9e, 1005 tableau d&#039;\u00e9criture fixe pour la deuxi\u00e8me rang\u00e9e, 1005 tableau d&#039;\u00e9criture fixe pour la troisi\u00e8me rang\u00e9e, 1006 rang\u00e9e avant, 1006 rang\u00e9e du milieu, 1006 rang\u00e9e arri\u00e8re, 1007 dossier en fer pour la premi\u00e8re rang\u00e9e, 1007 rang\u00e9e du milieu, 1007 rang\u00e9e arri\u00e8re, 1005 pied mobile 1, 1005 pied mobile 2 rang\u00e9e du milieu, 1006 pied mobile 3, 1008 rang\u00e9e du milieu, 1009 rang\u00e9e du milieu, 1100 rang\u00e9e du milieu, 1100 soft-pack rang\u00e9e du milieu, 1005 soft-pack rang\u00e9e du milieu, BG-1101 rang\u00e9e arri\u00e8re, BG-1005 carte du terrain, BG-10061 carte du terrain, BG-10061 ch\u00eane dor\u00e9, BG-1101 rang\u00e9e du milieu, BG-1008 rang\u00e9e avant, BG-1008 rang\u00e9e arri\u00e8re<\/li>\n<li>\n<strong>Service en ville<\/strong>:Livraison \u00e0 domicile par des vendeurs locaux<\/li>\n<li>\n<strong>Poids du colis<\/strong>:20 kg<\/li>\n<li>\n<strong>Y a-t-il un tableau d&#039;\u00e9criture ?<\/strong>:Oui<\/li>\n<li>\n<strong>Y a-t-il un chemin de c\u00e2bles ?<\/strong>:Non<\/li>\n<li>\n<strong><\/strong>:<\/li>\n<\/ul>\n<p><img><\/p>","protected":false},"excerpt":{"rendered":"<p>Marque : Constitutive Mod\u00e8le : BG-1005 Mat\u00e9riau : Bois massif Trier par couleur : 1005 Tableau d&#039;\u00e9criture fixe pour la premi\u00e8re rang\u00e9e, 1005 Tableau d&#039;\u00e9criture fixe pour la rang\u00e9e du milieu, 1005 Tableau d&#039;\u00e9criture fixe pour l&#039;arri\u00e8re<\/p>","protected":false},"featured_media":104007,"comment_status":"open","ping_status":"closed","template":"","meta":[],"product_brand":[],"product_cat":[30971,30866],"product_tag":[],"class_list":{"0":"post-47543","1":"product","2":"type-product","3":"status-publish","4":"has-post-thumbnail","6":"product_cat-hp","7":"product_cat-wholesales-university-high-schools","9":"first","10":"instock","11":"taxable","12":"shipping-taxable","13":"purchasable","14":"product-type-variable"},"_links":{"self":[{"href":"https:\/\/nexgendecors.com\/fr\/wp-json\/wp\/v2\/product\/47543","targetHints":{"allow":["GET"]}}],"collection":[{"href":"https:\/\/nexgendecors.com\/fr\/wp-json\/wp\/v2\/product"}],"about":[{"href":"https:\/\/nexgendecors.com\/fr\/wp-json\/wp\/v2\/types\/product"}],"replies":[{"embeddable":true,"href":"https:\/\/nexgendecors.com\/fr\/wp-json\/wp\/v2\/comments?post=47543"}],"version-history":[{"count":0,"href":"https:\/\/nexgendecors.com\/fr\/wp-json\/wp\/v2\/product\/47543\/revisions"}],"wp:featuredmedia":[{"embeddable":true,"href":"https:\/\/nexgendecors.com\/fr\/wp-json\/wp\/v2\/media\/104007"}],"wp:attachment":[{"href":"https:\/\/nexgendecors.com\/fr\/wp-json\/wp\/v2\/media?parent=47543"}],"wp:term":[{"taxonomy":"product_brand","embeddable":true,"href":"https:\/\/nexgendecors.com\/fr\/wp-json\/wp\/v2\/product_brand?post=47543"},{"taxonomy":"product_cat","embeddable":true,"href":"https:\/\/nexgendecors.com\/fr\/wp-json\/wp\/v2\/product_cat?post=47543"},{"taxonomy":"product_tag","embeddable":true,"href":"https:\/\/nexgendecors.com\/fr\/wp-json\/wp\/v2\/product_tag?post=47543"}],"curies":[{"name":"wp","href":"https:\/\/api.w.org\/{rel}","templated":true}]}}