{"id":47586,"date":"2025-01-26T02:23:50","date_gmt":"2025-01-26T02:23:50","guid":{"rendered":"https:\/\/nexgendecors.com\/product\/american-country-retro-flat-concave-glass-pastoral-style-personality-bar-restaurant-chandelier-cafe-engineering-lamp\/"},"modified":"2025-04-06T08:13:02","modified_gmt":"2025-04-06T08:13:02","slug":"american-country-retro-flat-concave-glass-pastoral-style-personality-bar-restaurant-chandelier-cafe-engineering-lamp","status":"publish","type":"product","link":"https:\/\/nexgendecors.com\/fr\/product\/american-country-retro-flat-concave-glass-pastoral-style-personality-bar-restaurant-chandelier-cafe-engineering-lamp\/","title":{"rendered":"Retro American Country Glass Chandelier for Cafes"},"content":{"rendered":"<ul>\n<li>\n<strong>marque<\/strong>:Hero Art<\/li>\n<li>\n<strong>mod\u00e8le<\/strong>:MY1002-4<\/li>\n<li>\n<strong>pouvoir<\/strong>:51W (inclusive) &#8211; 60W (inclusive)<\/li>\n<li>\n<strong>style<\/strong>:American Country<\/li>\n<li>\n<strong>Espace applicable<\/strong>:salon<\/li>\n<li>\n<strong>trier par couleur<\/strong>:Amber transparent color<\/li>\n<li>\n<strong>La lampe a-t-elle une source lumineuse ?<\/strong>:Oui<\/li>\n<li>\n<strong>Service en ville<\/strong>:Les acheteurs de la m\u00eame ville r\u00e9cup\u00e8rent les marchandises \u00e0 domicile<\/li>\n<li>\n<strong>Tension<\/strong>:111V~240V (inclus)<\/li>\n<li>\n<strong>Mat\u00e9riau principal du corps de la lampe<\/strong>:fer<\/li>\n<li>\n<strong>Mat\u00e9riau principal de l&#039;abat-jour<\/strong>:Verre<\/li>\n<li>\n<strong>type de source lumineuse<\/strong>:LED lamp incandescent lamp<\/li>\n<li>\n<strong>Nombre de sources lumineuses<\/strong>:1<\/li>\n<li>\n<strong>Technologie<\/strong>:Gla\u00e7age \u00e0 la peinture en a\u00e9rosol<\/li>\n<li>\n<strong>Zone d&#039;irradiation<\/strong>:5\u33a1-10\u33a1<\/li>\n<li>\n<strong>Mat\u00e9riau auxiliaire pour abat-jour<\/strong>:Verre<\/li>\n<li>\n<strong>P\u00e9riode de garantie<\/strong>:2 years<\/li>\n<li>\n<strong>Mat\u00e9riau auxiliaire du corps de la lampe<\/strong>:fer<\/li>\n<li>\n<strong>Type intelligent<\/strong>:Autres renseignements<\/li>\n<li>\n<strong>Que ce soit un contr\u00f4le intelligent<\/strong>:Non<\/li>\n<li>\n<strong>Forme de la lampe<\/strong>:Autres lustres de forme sp\u00e9ciale<\/li>\n<li>\n<strong>Nombre d&#039;accessoires<\/strong>:1<\/li>\n<li>\n<strong>Nombre de t\u00eates de lampe<\/strong>:1<\/li>\n<li>\n<strong>Type de lustre<\/strong>:Lustre en verre<\/li>\n<li>\n<strong>Num\u00e9ro de certificat 3C<\/strong>:2020171001003848<\/li>\n<li>\n<strong><\/strong>:<\/li>\n<\/ul>\n<p><img><\/p>","protected":false},"excerpt":{"rendered":"<p>brand:Hero Art model:MY1002-4 power:51W (inclusive) &#8211; 60W (inclusive) style:American Country Applicable space:living room sort by color:Amber transparent color Does the<\/p>","protected":false},"featured_media":104067,"comment_status":"open","ping_status":"closed","template":"","meta":[],"product_brand":[],"product_cat":[30971,30864],"product_tag":[],"class_list":{"0":"post-47586","1":"product","2":"type-product","3":"status-publish","4":"has-post-thumbnail","6":"product_cat-hp","7":"product_cat-new-wholesales-lights","9":"first","10":"instock","11":"taxable","12":"shipping-taxable","13":"purchasable","14":"product-type-variable"},"_links":{"self":[{"href":"https:\/\/nexgendecors.com\/fr\/wp-json\/wp\/v2\/product\/47586","targetHints":{"allow":["GET"]}}],"collection":[{"href":"https:\/\/nexgendecors.com\/fr\/wp-json\/wp\/v2\/product"}],"about":[{"href":"https:\/\/nexgendecors.com\/fr\/wp-json\/wp\/v2\/types\/product"}],"replies":[{"embeddable":true,"href":"https:\/\/nexgendecors.com\/fr\/wp-json\/wp\/v2\/comments?post=47586"}],"version-history":[{"count":0,"href":"https:\/\/nexgendecors.com\/fr\/wp-json\/wp\/v2\/product\/47586\/revisions"}],"wp:featuredmedia":[{"embeddable":true,"href":"https:\/\/nexgendecors.com\/fr\/wp-json\/wp\/v2\/media\/104067"}],"wp:attachment":[{"href":"https:\/\/nexgendecors.com\/fr\/wp-json\/wp\/v2\/media?parent=47586"}],"wp:term":[{"taxonomy":"product_brand","embeddable":true,"href":"https:\/\/nexgendecors.com\/fr\/wp-json\/wp\/v2\/product_brand?post=47586"},{"taxonomy":"product_cat","embeddable":true,"href":"https:\/\/nexgendecors.com\/fr\/wp-json\/wp\/v2\/product_cat?post=47586"},{"taxonomy":"product_tag","embeddable":true,"href":"https:\/\/nexgendecors.com\/fr\/wp-json\/wp\/v2\/product_tag?post=47586"}],"curies":[{"name":"wp","href":"https:\/\/api.w.org\/{rel}","templated":true}]}}