{"id":47716,"date":"2025-01-26T02:24:12","date_gmt":"2025-01-26T02:24:12","guid":{"rendered":"https:\/\/nexgendecors.com\/product\/anji-chair-italian-minimalist-dining-chair-nordic-designer-chair-modern-simple-home-dining-chair-high-end-villa-light-luxury-chair\/"},"modified":"2025-04-06T08:13:25","modified_gmt":"2025-04-06T08:13:25","slug":"anji-chair-italian-minimalist-dining-chair-nordic-designer-chair-modern-simple-home-dining-chair-high-end-villa-light-luxury-chair","status":"publish","type":"product","link":"https:\/\/nexgendecors.com\/fr\/product\/anji-chair-italian-minimalist-dining-chair-nordic-designer-chair-modern-simple-home-dining-chair-high-end-villa-light-luxury-chair\/","title":{"rendered":"Chaise Anji : chaise de salle \u00e0 manger nordique minimaliste italienne"},"content":{"rendered":"<ul>\n<li>\n<strong>marque<\/strong>:autre\/autre<\/li>\n<li>\n<strong>mod\u00e8le<\/strong>:wk0312<\/li>\n<li>\n<strong>\u00e9l\u00e9ments populaires<\/strong>:Master Design, M\u00e9tal<\/li>\n<li>\n<strong>style<\/strong>:Italien<\/li>\n<li>\n<strong>Assembler<\/strong>:Non<\/li>\n<li>\n<strong>Appropri\u00e9<\/strong>:Adultes<\/li>\n<li>\n<strong>Processus de finition du tissu<\/strong>:Autre<\/li>\n<li>\n<strong>Est-ce rotatif ?<\/strong>:Non<\/li>\n<li>\n<strong>Mat\u00e9riau de finition<\/strong>:tissu<\/li>\n<li>\n<strong>Fonctionnalit\u00e9s suppl\u00e9mentaires<\/strong>:il peut bouger<\/li>\n<li>\n<strong>volume du colis<\/strong>:0.4<\/li>\n<li>\n<strong>Mat\u00e9riau m\u00e9tallique<\/strong>:ferroalliage<\/li>\n<li>\n<strong>Est-ce personnalisable ?<\/strong>:Oui<\/li>\n<li>\n<strong>Mat\u00e9riel<\/strong>:M\u00e9tal<\/li>\n<li>\n<strong>Instructions d&#039;installation d\u00e9taill\u00e9es<\/strong>:Aucune instruction d&#039;installation<\/li>\n<li>\n<strong>Hauteur du dossier<\/strong>:125mm and below<\/li>\n<li>\n<strong>Y a-t-il des mains courantes ?<\/strong>:Oui<\/li>\n<li>\n<strong>Un taxi est-il disponible pour le transport ?<\/strong>:Oui<\/li>\n<li>\n<strong>Positionnement de style<\/strong>:Style artistique<\/li>\n<li>\n<strong>Livraison\/installation disponible<\/strong>:Foshan, Zhengzhou, Guiyang, Guangzhou, Fuzhou, Harbin, Xiamen, Chongqing, Changzhou, Suzhou, Xi&#039;an, Shenzhen, Nanjing, P\u00e9kin, Wuxi, Qingdao, Changsha, Chengdu, Shanghai, Wuhan, Nanning, Shenyang, Dalian, Taizhou, Dongguan, Tianjin, Autres, Jinhua, Hangzhou, Ningbo, Nanchang, Wenzhou<\/li>\n<li>\n<strong>trier par couleur<\/strong>:Black microfiber leather\/cotton and linen, coffee microfiber leather\/grey cotton and linen, beige cotton and linen\/coffee microfiber leather\/three-color cotton and linen, color customization\/5A carbon steel tripod, black titanium stainless steel tripod, customized genuine leather, round table matching-style can be customized, long table matching-style can be customized<\/li>\n<\/ul>\n<p><img><\/p>","protected":false},"excerpt":{"rendered":"<p>Marque : autre\/autre Mod\u00e8le : wk0312 \u00c9l\u00e9ments populaires : Master Design, M\u00e9tal Style : Italien Assemblage : non Convient : Adultes Processus de finition du tissu : Autre Est-il rotatif ? : non Mat\u00e9riau de finition : tissu Caract\u00e9ristiques suppl\u00e9mentaires : il peut<\/p>","protected":false},"featured_media":104236,"comment_status":"open","ping_status":"closed","template":"","meta":[],"product_brand":[],"product_cat":[30855,30971,30859,30850],"product_tag":[],"class_list":{"0":"post-47716","1":"product","2":"type-product","3":"status-publish","4":"has-post-thumbnail","6":"product_cat-wholesale-chairs","7":"product_cat-hp","8":"product_cat-wholesale-office","9":"product_cat-wholesale-furniture","11":"first","12":"instock","13":"sale","14":"taxable","15":"shipping-taxable","16":"purchasable","17":"product-type-variable"},"_links":{"self":[{"href":"https:\/\/nexgendecors.com\/fr\/wp-json\/wp\/v2\/product\/47716","targetHints":{"allow":["GET"]}}],"collection":[{"href":"https:\/\/nexgendecors.com\/fr\/wp-json\/wp\/v2\/product"}],"about":[{"href":"https:\/\/nexgendecors.com\/fr\/wp-json\/wp\/v2\/types\/product"}],"replies":[{"embeddable":true,"href":"https:\/\/nexgendecors.com\/fr\/wp-json\/wp\/v2\/comments?post=47716"}],"version-history":[{"count":0,"href":"https:\/\/nexgendecors.com\/fr\/wp-json\/wp\/v2\/product\/47716\/revisions"}],"wp:featuredmedia":[{"embeddable":true,"href":"https:\/\/nexgendecors.com\/fr\/wp-json\/wp\/v2\/media\/104236"}],"wp:attachment":[{"href":"https:\/\/nexgendecors.com\/fr\/wp-json\/wp\/v2\/media?parent=47716"}],"wp:term":[{"taxonomy":"product_brand","embeddable":true,"href":"https:\/\/nexgendecors.com\/fr\/wp-json\/wp\/v2\/product_brand?post=47716"},{"taxonomy":"product_cat","embeddable":true,"href":"https:\/\/nexgendecors.com\/fr\/wp-json\/wp\/v2\/product_cat?post=47716"},{"taxonomy":"product_tag","embeddable":true,"href":"https:\/\/nexgendecors.com\/fr\/wp-json\/wp\/v2\/product_tag?post=47716"}],"curies":[{"name":"wp","href":"https:\/\/api.w.org\/{rel}","templated":true}]}}