{"id":47954,"date":"2025-01-26T02:24:41","date_gmt":"2025-01-26T02:24:41","guid":{"rendered":"https:\/\/nexgendecors.com\/product\/aoduo-italian-minimalist-restaurant-pendant-lamp-log-style-hand-sweep-long-strip-lamp-creative-personality-walnut-color-lamp\/"},"modified":"2025-04-06T08:13:47","modified_gmt":"2025-04-06T08:13:47","slug":"aoduo-italian-minimalist-restaurant-pendant-lamp-log-style-hand-sweep-long-strip-lamp-creative-personality-walnut-color-lamp","status":"publish","type":"product","link":"https:\/\/nexgendecors.com\/fr\/product\/aoduo-italian-minimalist-restaurant-pendant-lamp-log-style-hand-sweep-long-strip-lamp-creative-personality-walnut-color-lamp\/","title":{"rendered":"Suspension minimaliste Aoduo en noyer \u2013 Design cr\u00e9atif"},"content":{"rendered":"<ul>\n<li>\n<strong>marque<\/strong>:AOZZO\/AODO<\/li>\n<li>\n<strong>mod\u00e8le<\/strong>:NPL030636 Walnut SS<\/li>\n<li>\n<strong>style<\/strong>:Europe du Nord<\/li>\n<li>\n<strong>Type de lustre<\/strong>:Lustre en fer forg\u00e9<\/li>\n<li>\n<strong>Mat\u00e9riau principal du corps de la lampe<\/strong>:Ch\u00e2ssis ABS+Mat\u00e9riel<\/li>\n<li>\n<strong>Mat\u00e9riau principal de l&#039;abat-jour<\/strong>:Abat-jour en PMMA \u00e0 haute transmission lumineuse<\/li>\n<li>\n<strong>Tension<\/strong>:111V~240V (inclus)<\/li>\n<li>\n<strong>Type intelligent<\/strong>:Connect\u00e9 \u00e0 Tmall Genie<\/li>\n<li>\n<strong>Zone d&#039;irradiation<\/strong>:10\u33a1-15\u33a1<\/li>\n<li>\n<strong>Forme de la lampe<\/strong>:Lustre en forme de ligne de p\u00eache<\/li>\n<li>\n<strong>Que ce soit un contr\u00f4le intelligent<\/strong>:Oui<\/li>\n<li>\n<strong>Nombre de t\u00eates de lampe<\/strong>:1<\/li>\n<li>\n<strong>trier par couleur<\/strong>:A1 living room and dining room TCLE7454 grab A1 living room and dining room TCLE7462 grab A1 living room and dining room TCLE7470 grab A2 living room and dining room TCLE7455 grab A2 living room and dining room TCLE7463 grab A8 three bedrooms and two living rooms TCLE7461 grab [original Pu Rui lamp beads] floodlight walnut color 112CM hand-sweep three colors 32W grab [original Pu Rui lamp beads] floodlight walnut + dark green 112CM hand-sweep three colors 32W grab [original Pu Rui lamp beads] grille fine sand black 112CM hand-sweep single color 32W grab [original Pu Rui lamp beads] floodlight walnut color 145CM hand-sweep three colors 56W grab [original Pu Rui lamp beads] floodlight walnut + dark green 145CM hand-sweep three colors 42W grab [original Pu Rui lamp beads] grille walnut + dark green 145CM hand-sweep single color 42W Grab [original Puli lamp beads] flood light milky white 112CM hand sweep three colors 32W Grab [original Puli lamp beads] flood light milky white 145CM hand sweep three colors 56W Grab [original Puli lamp beads] grille walnut color 145CM hand sweep single color 56W Grab<\/li>\n<li>\n<strong>Num\u00e9ro de certificat 3C<\/strong>:2019171001002973<\/li>\n<\/ul>\n<p><img><\/p>","protected":false},"excerpt":{"rendered":"<p>Marque : AOZZO\/AODO Mod\u00e8le : NPL030636 Noyer SS Style : Europe du Nord Type de lustre : Lustre en fer forg\u00e9 Mat\u00e9riau principal du corps de la lampe : ABS + ch\u00e2ssis mat\u00e9riel Mat\u00e9riau principal de l&#039;abat-jour : PMMA haute<\/p>","protected":false},"featured_media":104465,"comment_status":"open","ping_status":"closed","template":"","meta":[],"product_brand":[],"product_cat":[30971,30864],"product_tag":[],"class_list":{"0":"post-47954","1":"product","2":"type-product","3":"status-publish","4":"has-post-thumbnail","6":"product_cat-hp","7":"product_cat-new-wholesales-lights","9":"first","10":"instock","11":"taxable","12":"shipping-taxable","13":"purchasable","14":"product-type-variable"},"_links":{"self":[{"href":"https:\/\/nexgendecors.com\/fr\/wp-json\/wp\/v2\/product\/47954","targetHints":{"allow":["GET"]}}],"collection":[{"href":"https:\/\/nexgendecors.com\/fr\/wp-json\/wp\/v2\/product"}],"about":[{"href":"https:\/\/nexgendecors.com\/fr\/wp-json\/wp\/v2\/types\/product"}],"replies":[{"embeddable":true,"href":"https:\/\/nexgendecors.com\/fr\/wp-json\/wp\/v2\/comments?post=47954"}],"version-history":[{"count":0,"href":"https:\/\/nexgendecors.com\/fr\/wp-json\/wp\/v2\/product\/47954\/revisions"}],"wp:featuredmedia":[{"embeddable":true,"href":"https:\/\/nexgendecors.com\/fr\/wp-json\/wp\/v2\/media\/104465"}],"wp:attachment":[{"href":"https:\/\/nexgendecors.com\/fr\/wp-json\/wp\/v2\/media?parent=47954"}],"wp:term":[{"taxonomy":"product_brand","embeddable":true,"href":"https:\/\/nexgendecors.com\/fr\/wp-json\/wp\/v2\/product_brand?post=47954"},{"taxonomy":"product_cat","embeddable":true,"href":"https:\/\/nexgendecors.com\/fr\/wp-json\/wp\/v2\/product_cat?post=47954"},{"taxonomy":"product_tag","embeddable":true,"href":"https:\/\/nexgendecors.com\/fr\/wp-json\/wp\/v2\/product_tag?post=47954"}],"curies":[{"name":"wp","href":"https:\/\/api.w.org\/{rel}","templated":true}]}}