{"id":47970,"date":"2025-01-26T02:24:43","date_gmt":"2025-01-26T02:24:43","guid":{"rendered":"https:\/\/nexgendecors.com\/product\/aoduo-japanese-log-style-restaurant-chandelier-wabi-sabi-style-double-headed-flying-saucer-ph5-dining-table-new-eye-protection-island-table-lamp\/"},"modified":"2025-03-09T08:42:18","modified_gmt":"2025-03-09T08:42:18","slug":"aoduo-japanese-log-style-restaurant-chandelier-wabi-sabi-style-double-headed-flying-saucer-ph5-dining-table-new-eye-protection-island-table-lamp","status":"publish","type":"product","link":"https:\/\/nexgendecors.com\/fr\/product\/aoduo-japanese-log-style-restaurant-chandelier-wabi-sabi-style-double-headed-flying-saucer-ph5-dining-table-new-eye-protection-island-table-lamp\/","title":{"rendered":"Lustre soucoupe \u00e0 deux t\u00eates Aoduo Wabi-Sabi"},"content":{"rendered":"<ul>\n<li>\n<strong>marque<\/strong>:AOZZO\/AODO<\/li>\n<li>\n<strong>mod\u00e8le<\/strong>:CP-NPL030490 Milky White + Walnut GFTM<\/li>\n<li>\n<strong>style<\/strong>:Europe du Nord<\/li>\n<li>\n<strong>Type de lustre<\/strong>:Lustre en fer forg\u00e9<\/li>\n<li>\n<strong>Mat\u00e9riau principal du corps de la lampe<\/strong>:Ch\u00e2ssis ABS+Mat\u00e9riel<\/li>\n<li>\n<strong>Mat\u00e9riau principal de l&#039;abat-jour<\/strong>:Abat-jour en PMMA \u00e0 haute transmission lumineuse<\/li>\n<li>\n<strong>Tension<\/strong>:111V~240V (inclus)<\/li>\n<li>\n<strong>Type intelligent<\/strong>:Connect\u00e9 \u00e0 Tmall Genie<\/li>\n<li>\n<strong>Zone d&#039;irradiation<\/strong>:10\u33a1-15\u33a1<\/li>\n<li>\n<strong>Forme de la lampe<\/strong>:Lustre en forme de ligne de p\u00eache<\/li>\n<li>\n<strong>Que ce soit un contr\u00f4le intelligent<\/strong>:Oui<\/li>\n<li>\n<strong>Nombre de t\u00eates de lampe<\/strong>:1<\/li>\n<li>\n<strong>trier par couleur<\/strong>:A2 living room and dining room TCLE7427 grab A2 living room and dining room TCLE7441 grab living room and dining room TCLE6411 grab two bedrooms and two living rooms TCLE6414 grab [double head Purui] 10-15\u33a1 milky white + wood color 97cm Tmall smart control 36W grab [double head Purui] 10-15\u33a1 milky white + wood color 97cm Xiaoai smart control 36W grab [single head Purui] 10-15\u33a1 milky white + wood color 40cm Tmall smart control 37W grab [double head Purui] 10-15\u33a1 milky white + wood color 97cm three-color light 36W grab [double head Purui] 10-15\u33a1 milky yellow + red 97cm three-color light 36W grab [double head Purui] 10-15\u33a1 milky yellow + red 97cm Tmall smart control 36W grab [double head Purui] 10-15\u33a1 milky yellow + red 97cm Xiaoai smart control 36W Grab [Double-head Puller] 10-15\u33a1 green + red 97cm three-color light 36W Grab [Double-head Puller] 10-15\u33a1 green + red 97cm Tmall smart control 36W Grab [Single-head Puller] 10-15\u33a1 milky white + wood color 40cm three-color light 37W Grab [Single-head Puller] 10-15\u33a1 milky white + wood color 40cm Xiaoai smart control 37W Grab [Single-head Puller] 10-15\u33a1 green + red 40cm three-color light 37W Grab [Single-head Puller] 10-15\u33a1 white + chrome 40cm Tmall smart control 37W Grab<\/li>\n<li>\n<strong>Num\u00e9ro de certificat 3C<\/strong>:2019171001002973<\/li>\n<\/ul>\n<p><img><\/p>","protected":false},"excerpt":{"rendered":"<p>Marque : AOZZO\/AODO Mod\u00e8le : CP-NPL030490 Blanc laiteux + Noyer GFTM Style : Europe du Nord Type de lustre : Lustre en fer forg\u00e9 Mat\u00e9riau principal du corps de la lampe : ABS + ch\u00e2ssis mat\u00e9riel Abat-jour<\/p>","protected":false},"featured_media":104481,"comment_status":"open","ping_status":"closed","template":"","meta":[],"product_brand":[],"product_cat":[30971,30864],"product_tag":[],"class_list":{"0":"post-47970","1":"product","2":"type-product","3":"status-publish","4":"has-post-thumbnail","6":"product_cat-hp","7":"product_cat-new-wholesales-lights","9":"first","10":"instock","11":"taxable","12":"shipping-taxable","13":"purchasable","14":"product-type-variable"},"_links":{"self":[{"href":"https:\/\/nexgendecors.com\/fr\/wp-json\/wp\/v2\/product\/47970","targetHints":{"allow":["GET"]}}],"collection":[{"href":"https:\/\/nexgendecors.com\/fr\/wp-json\/wp\/v2\/product"}],"about":[{"href":"https:\/\/nexgendecors.com\/fr\/wp-json\/wp\/v2\/types\/product"}],"replies":[{"embeddable":true,"href":"https:\/\/nexgendecors.com\/fr\/wp-json\/wp\/v2\/comments?post=47970"}],"version-history":[{"count":0,"href":"https:\/\/nexgendecors.com\/fr\/wp-json\/wp\/v2\/product\/47970\/revisions"}],"wp:featuredmedia":[{"embeddable":true,"href":"https:\/\/nexgendecors.com\/fr\/wp-json\/wp\/v2\/media\/104481"}],"wp:attachment":[{"href":"https:\/\/nexgendecors.com\/fr\/wp-json\/wp\/v2\/media?parent=47970"}],"wp:term":[{"taxonomy":"product_brand","embeddable":true,"href":"https:\/\/nexgendecors.com\/fr\/wp-json\/wp\/v2\/product_brand?post=47970"},{"taxonomy":"product_cat","embeddable":true,"href":"https:\/\/nexgendecors.com\/fr\/wp-json\/wp\/v2\/product_cat?post=47970"},{"taxonomy":"product_tag","embeddable":true,"href":"https:\/\/nexgendecors.com\/fr\/wp-json\/wp\/v2\/product_tag?post=47970"}],"curies":[{"name":"wp","href":"https:\/\/api.w.org\/{rel}","templated":true}]}}