{"id":47999,"date":"2025-01-26T02:24:47","date_gmt":"2025-01-26T02:24:47","guid":{"rendered":"https:\/\/nexgendecors.com\/product\/aoduo-nordic-bedroom-wall-lamp-bedside-lamp-simple-modern-living-room-background-lamp-minimalist-creative-balcony-aisle-lamp\/"},"modified":"2025-04-06T08:13:53","modified_gmt":"2025-04-06T08:13:53","slug":"aoduo-nordic-bedroom-wall-lamp-bedside-lamp-simple-modern-living-room-background-lamp-minimalist-creative-balcony-aisle-lamp","status":"publish","type":"product","link":"https:\/\/nexgendecors.com\/fr\/product\/aoduo-nordic-bedroom-wall-lamp-bedside-lamp-simple-modern-living-room-background-lamp-minimalist-creative-balcony-aisle-lamp\/","title":{"rendered":"Applique murale minimaliste nordique Aoduo pour chambre et couloir"},"content":{"rendered":"<ul>\n<li>\n<strong>marque<\/strong>:AOZZO\/AODO<\/li>\n<li>\n<strong>Num\u00e9ro de pi\u00e8ce<\/strong>:CP-20221014004<\/li>\n<li>\n<strong>style<\/strong>:Europe du Nord<\/li>\n<li>\n<strong>Type de contr\u00f4le<\/strong>:autre<\/li>\n<li>\n<strong>Mat\u00e9riau principal du corps de la lampe<\/strong>:fer<\/li>\n<li>\n<strong>Mat\u00e9riau principal de l&#039;abat-jour<\/strong>:autre<\/li>\n<li>\n<strong>Tension<\/strong>:111V~240V (inclus)<\/li>\n<li>\n<strong>Que ce soit un contr\u00f4le intelligent<\/strong>:Non<\/li>\n<li>\n<strong>type de source lumineuse<\/strong>:Lumi\u00e8res LED<\/li>\n<li>\n<strong>Mat\u00e9riau auxiliaire du corps de la lampe<\/strong>:fer<\/li>\n<li>\n<strong>Espace applicable<\/strong>:Living room other\/other bedroom<\/li>\n<li>\n<strong>Technologie<\/strong>:Gla\u00e7age \u00e0 la peinture en a\u00e9rosol<\/li>\n<li>\n<strong>trier par couleur<\/strong>:Green 10.5*23\u3010Three-color lighting\u30115W<\/li>\n<li>\n<strong>Num\u00e9ro de certificat 3C<\/strong>:2019171001002945<\/li>\n<\/ul>\n<p><img><\/p>","protected":false},"excerpt":{"rendered":"<p>Marque : AOZZO\/AODO Num\u00e9ro de pi\u00e8ce : CP-20221014004 Style : Europe du Nord Type de contr\u00f4le : autre Mat\u00e9riau principal du corps de la lampe : fer Mat\u00e9riau principal de l&#039;abat-jour : autre Tension : 111 V ~ 240 V (inclus) Contr\u00f4le intelligent : non<\/p>","protected":false},"featured_media":104508,"comment_status":"open","ping_status":"closed","template":"","meta":[],"product_brand":[],"product_cat":[30971,30864],"product_tag":[],"class_list":{"0":"post-47999","1":"product","2":"type-product","3":"status-publish","4":"has-post-thumbnail","6":"product_cat-hp","7":"product_cat-new-wholesales-lights","9":"first","10":"instock","11":"taxable","12":"shipping-taxable","13":"purchasable","14":"product-type-simple"},"_links":{"self":[{"href":"https:\/\/nexgendecors.com\/fr\/wp-json\/wp\/v2\/product\/47999","targetHints":{"allow":["GET"]}}],"collection":[{"href":"https:\/\/nexgendecors.com\/fr\/wp-json\/wp\/v2\/product"}],"about":[{"href":"https:\/\/nexgendecors.com\/fr\/wp-json\/wp\/v2\/types\/product"}],"replies":[{"embeddable":true,"href":"https:\/\/nexgendecors.com\/fr\/wp-json\/wp\/v2\/comments?post=47999"}],"version-history":[{"count":0,"href":"https:\/\/nexgendecors.com\/fr\/wp-json\/wp\/v2\/product\/47999\/revisions"}],"wp:featuredmedia":[{"embeddable":true,"href":"https:\/\/nexgendecors.com\/fr\/wp-json\/wp\/v2\/media\/104508"}],"wp:attachment":[{"href":"https:\/\/nexgendecors.com\/fr\/wp-json\/wp\/v2\/media?parent=47999"}],"wp:term":[{"taxonomy":"product_brand","embeddable":true,"href":"https:\/\/nexgendecors.com\/fr\/wp-json\/wp\/v2\/product_brand?post=47999"},{"taxonomy":"product_cat","embeddable":true,"href":"https:\/\/nexgendecors.com\/fr\/wp-json\/wp\/v2\/product_cat?post=47999"},{"taxonomy":"product_tag","embeddable":true,"href":"https:\/\/nexgendecors.com\/fr\/wp-json\/wp\/v2\/product_tag?post=47999"}],"curies":[{"name":"wp","href":"https:\/\/api.w.org\/{rel}","templated":true}]}}