{"id":48025,"date":"2025-01-26T02:24:51","date_gmt":"2025-01-26T02:24:51","guid":{"rendered":"https:\/\/nexgendecors.com\/product\/arc-sofa-hotel-lobby-vip-club-lounge-reception-arc-sales-office-negotiation-sofa\/"},"modified":"2025-03-08T14:44:26","modified_gmt":"2025-03-08T14:44:26","slug":"arc-sofa-hotel-lobby-vip-club-lounge-reception-arc-sales-office-negotiation-sofa","status":"publish","type":"product","link":"https:\/\/nexgendecors.com\/fr\/product\/arc-sofa-hotel-lobby-vip-club-lounge-reception-arc-sales-office-negotiation-sofa\/","title":{"rendered":"Canap\u00e9 Arc\u00a0: un si\u00e8ge lounge \u00e9l\u00e9gant pour les espaces VIP"},"content":{"rendered":"<ul>\n<li>\n<strong>marque<\/strong>:Yu Ming<\/li>\n<li>\n<strong>mod\u00e8le<\/strong>:88758<\/li>\n<li>\n<strong>Mati\u00e8re cuir<\/strong>:Xipi<\/li>\n<li>\n<strong>style<\/strong>:Europ\u00e9en<\/li>\n<li>\n<strong>taille<\/strong>:10x10x10cm<\/li>\n<li>\n<strong>Assembler<\/strong>:Non<\/li>\n<li>\n<strong>Duret\u00e9 du remplissage<\/strong>:doux<\/li>\n<li>\n<strong>Appropri\u00e9<\/strong>:Adultes<\/li>\n<li>\n<strong>Technologie structurelle<\/strong>:Artisanat du bois<\/li>\n<li>\n<strong>ville<\/strong>:Ville de Quanzhou<\/li>\n<li>\n<strong>Remplissage<\/strong>:\u00e9ponge<\/li>\n<li>\n<strong>Est-ce personnalisable ?<\/strong>:Oui<\/li>\n<li>\n<strong>Combinaison de canap\u00e9<\/strong>:autre<\/li>\n<li>\n<strong>Mat\u00e9riel<\/strong>:Bois<\/li>\n<li>\n<strong>Nombre de personnes applicable<\/strong>:Seven seats<\/li>\n<li>\n<strong>Origine<\/strong>:Province du Fujian<\/li>\n<li>\n<strong>Un taxi est-il disponible pour le transport ?<\/strong>:Non<\/li>\n<li>\n<strong>Positionnement de style<\/strong>:Qualit\u00e9 Luxe<\/li>\n<li>\n<strong>Gamme de finitions en cuir<\/strong>:Surface de contact<\/li>\n<li>\n<strong>trier par couleur<\/strong>:[Color, fabric and size can be customized], single sofa * 4 + tea table combination orange, 240 long sofa + 1 + 1 + tea table combination orange, 240 long sofa + 1 + 1 + tea table combination gray, 280 long sofa + 1 + 1 + tea table combination orange, 280 long sofa + 1 + 1 + tea table combination gray, 320 long sofa + 1 + 1 + tea table combination orange, 320 long sofa + 1 + 1 + tea table combination gray, 240 long sofa + 1 + 1 + 1 + tea table combination orange, 240 long sofa + 1 + 1+1+tea table combination gray,280 long sofa +1+1+1+tea table combination orange,280 long sofa +1+1+1+tea table combination gray,320 long sofa +1+1+1+tea table combination orange,320 long sofa +1+1+1+tea table combination gray,240 long sofa orange,240 long sofa gray,280 long sofa orange,280 long sofa gray,320 long sofa orange,320 long sofa gray,single sofa orange,single sofa gray,tea table combination<\/li>\n<\/ul>\n<p><img><\/p>","protected":false},"excerpt":{"rendered":"<p>Marque : Yu Ming Mod\u00e8le : 88758 Mat\u00e9riau du cuir : Xipi Style : Europ\u00e9en Taille : 10 x 10 x 10 cm Assemblage : non Duret\u00e9 du remplissage : doux Convient aux adultes Technologie structurelle : Artisanat du bois Ville : Ville de Quanzhou Remplissage : \u00e9ponge Est-il personnalisable ? : oui<\/p>","protected":false},"featured_media":104550,"comment_status":"open","ping_status":"closed","template":"","meta":[],"product_brand":[],"product_cat":[30862,30971,30850],"product_tag":[],"class_list":{"0":"post-48025","1":"product","2":"type-product","3":"status-publish","4":"has-post-thumbnail","6":"product_cat-wholesales-hotels","7":"product_cat-hp","8":"product_cat-wholesale-furniture","10":"first","11":"instock","12":"taxable","13":"shipping-taxable","14":"purchasable","15":"product-type-variable"},"_links":{"self":[{"href":"https:\/\/nexgendecors.com\/fr\/wp-json\/wp\/v2\/product\/48025","targetHints":{"allow":["GET"]}}],"collection":[{"href":"https:\/\/nexgendecors.com\/fr\/wp-json\/wp\/v2\/product"}],"about":[{"href":"https:\/\/nexgendecors.com\/fr\/wp-json\/wp\/v2\/types\/product"}],"replies":[{"embeddable":true,"href":"https:\/\/nexgendecors.com\/fr\/wp-json\/wp\/v2\/comments?post=48025"}],"version-history":[{"count":0,"href":"https:\/\/nexgendecors.com\/fr\/wp-json\/wp\/v2\/product\/48025\/revisions"}],"wp:featuredmedia":[{"embeddable":true,"href":"https:\/\/nexgendecors.com\/fr\/wp-json\/wp\/v2\/media\/104550"}],"wp:attachment":[{"href":"https:\/\/nexgendecors.com\/fr\/wp-json\/wp\/v2\/media?parent=48025"}],"wp:term":[{"taxonomy":"product_brand","embeddable":true,"href":"https:\/\/nexgendecors.com\/fr\/wp-json\/wp\/v2\/product_brand?post=48025"},{"taxonomy":"product_cat","embeddable":true,"href":"https:\/\/nexgendecors.com\/fr\/wp-json\/wp\/v2\/product_cat?post=48025"},{"taxonomy":"product_tag","embeddable":true,"href":"https:\/\/nexgendecors.com\/fr\/wp-json\/wp\/v2\/product_tag?post=48025"}],"curies":[{"name":"wp","href":"https:\/\/api.w.org\/{rel}","templated":true}]}}