{"id":48050,"date":"2025-01-26T02:24:53","date_gmt":"2025-01-26T02:24:53","guid":{"rendered":"https:\/\/nexgendecors.com\/product\/armen-living-acapulco-26-indoor-outdoor-steel-bar-stool-with-black-rope1711876968934\/"},"modified":"2025-04-06T08:13:56","modified_gmt":"2025-04-06T08:13:56","slug":"tabouret-de-bar-armen-living-acapulco-26-en-acier-pour-interieur-et-exterieur-avec-corde-noire-1711876968934","status":"publish","type":"product","link":"https:\/\/nexgendecors.com\/fr\/product\/tabouret-de-bar-armen-living-acapulco-26-en-acier-pour-interieur-et-exterieur-avec-corde-noire-1711876968934\/","title":{"rendered":"Armen 26\u2033 Tabouret de bar en acier avec corde noire - Int\u00e9rieur\/Ext\u00e9rieur"},"content":{"rendered":"<p data-mce-fragment=\"1\"><strong data-mce-fragment=\"1\">Rehaussez votre espace ext\u00e9rieur avec style !<\/strong> \ud83c\udf1e\ud83e\ude91<\/p>\n<ul data-mce-fragment=\"1\">\n<li data-mce-fragment=\"1\">\n<p data-mce-fragment=\"1\"><strong data-mce-fragment=\"1\">Design unique et \u00e9l\u00e9gant<\/strong>Le tabouret de bar Armen Living Acapulco 26 pouces avec corde noire apporte une touche distinctive \u00e0 tout espace ext\u00e9rieur. Id\u00e9al pour votre v\u00e9randa, votre terrasse, votre balcon ou votre bar\/comptoir ext\u00e9rieur\u00a0! \u2728<\/p>\n<\/li>\n<li data-mce-fragment=\"1\">\n<p data-mce-fragment=\"1\"><strong data-mce-fragment=\"1\">Confortable et ergonomique<\/strong>: Profitez d&#039;une assise confortable et relaxante gr\u00e2ce \u00e0 son design haut et spacieux. Sa forme ergonomique vous permet de rester confortablement install\u00e9 pendant de longues p\u00e9riodes. \ud83d\udecb\ufe0f<\/p>\n<\/li>\n<li data-mce-fragment=\"1\">\n<p data-mce-fragment=\"1\"><strong data-mce-fragment=\"1\">Durable et r\u00e9silient<\/strong>Envelopp\u00e9s d&#039;un cordage de r\u00e9gate r\u00e9sistant, l&#039;assise et le dossier offrent un confort exceptionnel tout en laissant circuler l&#039;air. D\u00e9couvrez une douceur qui rivalise avec la plupart des tissus\u00a0! \ud83c\udf2c\ufe0f<\/p>\n<\/li>\n<li data-mce-fragment=\"1\">\n<p data-mce-fragment=\"1\"><strong data-mce-fragment=\"1\">Artisanat de qualit\u00e9<\/strong>: Chaque tabouret repose sur des pieds en acier durables avec une finition noire \u00e9l\u00e9gante, garantissant une qualit\u00e9 durable et un look moderne. \ud83d\udcaa<\/p>\n<\/li>\n<li data-mce-fragment=\"1\">\n<p data-mce-fragment=\"1\"><strong data-mce-fragment=\"1\">Options de taille et de couleur<\/strong>Choisissez entre une hauteur de comptoir de 66 cm ou une hauteur de bar de 76 cm pour s&#039;adapter parfaitement \u00e0 votre espace. Disponible en noir, rouge brique, gris ou wasabi pour s&#039;adapter \u00e0 votre style. \ud83c\udfa8<\/p>\n<\/li>\n<li data-mce-fragment=\"1\">\n<p data-mce-fragment=\"1\"><strong data-mce-fragment=\"1\">Dimensions du produit<\/strong>: 25\u2033L x 22\u2033P x 40\u2033H, Hauteur du si\u00e8ge : 26\u2033<\/p>\n<\/li>\n<\/ul>\n<p data-mce-fragment=\"1\">Profitez d&#039;une d\u00e9tente et d&#039;un style en plein air avec le tabouret de bar Acapulco d&#039;Armen Living\u00a0! Modernisez votre espace ext\u00e9rieur d\u00e8s aujourd&#039;hui. \ud83c\udf1f\ud83c\udf33<\/p>\n<div><\/div>","protected":false},"excerpt":{"rendered":"<p>\u00c9levez votre espace ext\u00e9rieur avec style ! \ud83c\udf1e\ud83e\ude91 Design unique et \u00e9l\u00e9gant : Le tabouret de bar Armen Living Acapulco 26\u2033 noir<\/p>","protected":false},"featured_media":104556,"comment_status":"open","ping_status":"closed","template":"","meta":[],"product_brand":[],"product_cat":[30813,30826,30971,32],"product_tag":[],"class_list":{"0":"post-48050","1":"product","2":"type-product","3":"status-publish","4":"has-post-thumbnail","6":"product_cat-bar-stools","7":"product_cat-dining-room","8":"product_cat-hp","9":"product_cat-residential-furniture","11":"first","12":"instock","13":"sale","14":"taxable","15":"shipping-taxable","16":"purchasable","17":"product-type-variable"},"_links":{"self":[{"href":"https:\/\/nexgendecors.com\/fr\/wp-json\/wp\/v2\/product\/48050","targetHints":{"allow":["GET"]}}],"collection":[{"href":"https:\/\/nexgendecors.com\/fr\/wp-json\/wp\/v2\/product"}],"about":[{"href":"https:\/\/nexgendecors.com\/fr\/wp-json\/wp\/v2\/types\/product"}],"replies":[{"embeddable":true,"href":"https:\/\/nexgendecors.com\/fr\/wp-json\/wp\/v2\/comments?post=48050"}],"version-history":[{"count":0,"href":"https:\/\/nexgendecors.com\/fr\/wp-json\/wp\/v2\/product\/48050\/revisions"}],"wp:featuredmedia":[{"embeddable":true,"href":"https:\/\/nexgendecors.com\/fr\/wp-json\/wp\/v2\/media\/104556"}],"wp:attachment":[{"href":"https:\/\/nexgendecors.com\/fr\/wp-json\/wp\/v2\/media?parent=48050"}],"wp:term":[{"taxonomy":"product_brand","embeddable":true,"href":"https:\/\/nexgendecors.com\/fr\/wp-json\/wp\/v2\/product_brand?post=48050"},{"taxonomy":"product_cat","embeddable":true,"href":"https:\/\/nexgendecors.com\/fr\/wp-json\/wp\/v2\/product_cat?post=48050"},{"taxonomy":"product_tag","embeddable":true,"href":"https:\/\/nexgendecors.com\/fr\/wp-json\/wp\/v2\/product_tag?post=48050"}],"curies":[{"name":"wp","href":"https:\/\/api.w.org\/{rel}","templated":true}]}}