{"id":48065,"date":"2025-01-26T02:24:56","date_gmt":"2025-01-26T02:24:56","guid":{"rendered":"https:\/\/nexgendecors.com\/product\/armen-living-encinitas-outdoor-patio-swivel-bar-stool-in-aluminum-and-wicker-with-grey-cushions1711877002788\/"},"modified":"2025-04-06T08:14:03","modified_gmt":"2025-04-06T08:14:03","slug":"tabouret-de-bar-pivotant-dexterieur-armen-living-encinitas-en-aluminium-et-osier-avec-coussins-gris-1711877002788","status":"publish","type":"product","link":"https:\/\/nexgendecors.com\/fr\/product\/tabouret-de-bar-pivotant-dexterieur-armen-living-encinitas-en-aluminium-et-osier-avec-coussins-gris-1711877002788\/","title":{"rendered":"Armen Living Encinitas Tabouret de bar pivotant - Aluminium et osier"},"content":{"rendered":"<p data-mce-fragment=\"1\"><strong data-mce-fragment=\"1\">Tabouret de bar et de comptoir d&#039;ext\u00e9rieur durable \ud83c\udf26\ufe0f\ud83e\ude91<\/strong><\/p>\n<p data-mce-fragment=\"1\"><strong data-mce-fragment=\"1\">Caract\u00e9ristiques principales<\/strong>:<\/p>\n<p data-mce-fragment=\"1\"><strong data-mce-fragment=\"1\">R\u00e9sistant aux intemp\u00e9ries<\/strong>:<\/p>\n<ul data-mce-fragment=\"1\">\n<li data-mce-fragment=\"1\">\n<strong data-mce-fragment=\"1\">Protection<\/strong>:Con\u00e7u pour r\u00e9sister \u00e0 diverses conditions m\u00e9t\u00e9orologiques \ud83c\udf26\ufe0f<\/li>\n<li data-mce-fragment=\"1\">\n<strong data-mce-fragment=\"1\">R\u00e9sistant aux UV, aux taches et \u00e0 la rouille<\/strong>: Assure la long\u00e9vit\u00e9 et un entretien facile \u2600\ufe0f\ud83d\udee1\ufe0f\ud83e\uddfc<\/li>\n<\/ul>\n<p data-mce-fragment=\"1\"><strong data-mce-fragment=\"1\">Dimensions<\/strong>:<\/p>\n<ul data-mce-fragment=\"1\">\n<li data-mce-fragment=\"1\">\n<strong data-mce-fragment=\"1\">Dans l&#039;ensemble<\/strong>: H : 38\u2033 x L : 22\u2033 x P : 22\u2033 \ud83d\udccf<\/li>\n<li data-mce-fragment=\"1\">\n<strong data-mce-fragment=\"1\">Hauteur du si\u00e8ge<\/strong>: 30\u2033 du sol \ud83e\ude91<\/li>\n<\/ul>\n<p data-mce-fragment=\"1\"><strong data-mce-fragment=\"1\">Polyvalence int\u00e9rieure et ext\u00e9rieure<\/strong>:<\/p>\n<ul data-mce-fragment=\"1\">\n<li data-mce-fragment=\"1\">\n<strong data-mce-fragment=\"1\">Usage<\/strong>:Parfait pour les environnements int\u00e9rieurs et ext\u00e9rieurs \ud83c\udfe1\ud83c\udf33<\/li>\n<li data-mce-fragment=\"1\">\n<strong data-mce-fragment=\"1\">Emplacements id\u00e9aux<\/strong>:Convient pour l&#039;arri\u00e8re-cour, le balcon, le porche, le patio, le jardin ou le bord de la piscine \ud83c\udf3c\ud83c\udfca<\/li>\n<li data-mce-fragment=\"1\">\n<strong data-mce-fragment=\"1\">Finition trait\u00e9e<\/strong>:Sp\u00e9cialement trait\u00e9 pour r\u00e9sister aux conditions ext\u00e9rieures \ud83c\udf27\ufe0f<\/li>\n<\/ul>\n<p data-mce-fragment=\"1\"><strong data-mce-fragment=\"1\">Options de hauteur<\/strong>:<\/p>\n<ul data-mce-fragment=\"1\">\n<li data-mce-fragment=\"1\">\n<strong data-mce-fragment=\"1\">Vari\u00e9t\u00e9<\/strong>: Disponible en hauteur de comptoir de 26\u2033 ou de bar de 30\u2033 \ud83d\udccf<\/li>\n<li data-mce-fragment=\"1\">\n<strong data-mce-fragment=\"1\">Versatilit\u00e9<\/strong>:Parfait pour les \u00eelots de cuisine, les tables de bar, les tables de pub ou tout espace ext\u00e9rieur \ud83c\udf7d\ufe0f\ud83c\udf3f<\/li>\n<\/ul>\n<p data-mce-fragment=\"1\"><strong data-mce-fragment=\"1\">Con\u00e7u pour la long\u00e9vit\u00e9<\/strong>:<\/p>\n<ul data-mce-fragment=\"1\">\n<li data-mce-fragment=\"1\">\n<strong data-mce-fragment=\"1\">Mat\u00e9riel<\/strong>:Cadre en aluminium robuste \ud83e\ude9c<\/li>\n<li data-mce-fragment=\"1\">\n<strong data-mce-fragment=\"1\">Protection<\/strong>: Rev\u00eatement en poudre multicouche pour une durabilit\u00e9 accrue \ud83d\udee1\ufe0f<\/li>\n<li data-mce-fragment=\"1\">\n<strong data-mce-fragment=\"1\">Capacit\u00e9 de poids<\/strong>: Robuste 308 lb par si\u00e8ge \ud83d\udcaa<\/li>\n<\/ul>\n<p data-mce-fragment=\"1\">Sublimez votre espace ext\u00e9rieur avec ce tabouret de bar et de comptoir durable et polyvalent. R\u00e9sistant aux intemp\u00e9ries, avec ses diff\u00e9rentes hauteurs et sa construction robuste, il s&#039;int\u00e8gre parfaitement \u00e0 tout jardin, terrasse ou int\u00e9rieur. Profitez d&#039;un confort et d&#039;un style durables\u00a0!<\/p>\n<div><\/div>","protected":false},"excerpt":{"rendered":"<p>Tabouret de bar et de comptoir durable pour l'ext\u00e9rieur \ud83c\udf26\ufe0f\ud83e\ude91 Caract\u00e9ristiques principales : R\u00e9sistant aux intemp\u00e9ries : Protection : Construit pour r\u00e9sister \u00e0 diverses conditions m\u00e9t\u00e9orologiques \ud83c\udf26\ufe0f UV,<\/p>","protected":false},"featured_media":104584,"comment_status":"open","ping_status":"closed","template":"","meta":[],"product_brand":[],"product_cat":[30813,30826,30971,32],"product_tag":[],"class_list":{"0":"post-48065","1":"product","2":"type-product","3":"status-publish","4":"has-post-thumbnail","6":"product_cat-bar-stools","7":"product_cat-dining-room","8":"product_cat-hp","9":"product_cat-residential-furniture","11":"first","12":"instock","13":"sale","14":"taxable","15":"shipping-taxable","16":"purchasable","17":"product-type-variable"},"_links":{"self":[{"href":"https:\/\/nexgendecors.com\/fr\/wp-json\/wp\/v2\/product\/48065","targetHints":{"allow":["GET"]}}],"collection":[{"href":"https:\/\/nexgendecors.com\/fr\/wp-json\/wp\/v2\/product"}],"about":[{"href":"https:\/\/nexgendecors.com\/fr\/wp-json\/wp\/v2\/types\/product"}],"replies":[{"embeddable":true,"href":"https:\/\/nexgendecors.com\/fr\/wp-json\/wp\/v2\/comments?post=48065"}],"version-history":[{"count":0,"href":"https:\/\/nexgendecors.com\/fr\/wp-json\/wp\/v2\/product\/48065\/revisions"}],"wp:featuredmedia":[{"embeddable":true,"href":"https:\/\/nexgendecors.com\/fr\/wp-json\/wp\/v2\/media\/104584"}],"wp:attachment":[{"href":"https:\/\/nexgendecors.com\/fr\/wp-json\/wp\/v2\/media?parent=48065"}],"wp:term":[{"taxonomy":"product_brand","embeddable":true,"href":"https:\/\/nexgendecors.com\/fr\/wp-json\/wp\/v2\/product_brand?post=48065"},{"taxonomy":"product_cat","embeddable":true,"href":"https:\/\/nexgendecors.com\/fr\/wp-json\/wp\/v2\/product_cat?post=48065"},{"taxonomy":"product_tag","embeddable":true,"href":"https:\/\/nexgendecors.com\/fr\/wp-json\/wp\/v2\/product_tag?post=48065"}],"curies":[{"name":"wp","href":"https:\/\/api.w.org\/{rel}","templated":true}]}}