{"id":48083,"date":"2025-01-26T02:25:03","date_gmt":"2025-01-26T02:25:03","guid":{"rendered":"https:\/\/nexgendecors.com\/product\/armen-living-jayden-mid-century-swivel-counter-height-barstool-26-gray1711877002973\/"},"modified":"2025-03-11T07:02:53","modified_gmt":"2025-03-11T07:02:53","slug":"tabouret-de-bar-pivotant-jayden-mid-century-armen-living-hauteur-comptoir-26-cm-gris-1711877002973","status":"publish","type":"product","link":"https:\/\/nexgendecors.com\/fr\/product\/tabouret-de-bar-pivotant-jayden-mid-century-armen-living-hauteur-comptoir-26-cm-gris-1711877002973\/","title":{"rendered":"Armen Living Tabouret de bar pivotant Jayden Gray Mid-Century 26\u2033 (gris)"},"content":{"rendered":"<p data-mce-fragment=\"1\"><strong data-mce-fragment=\"1\">\ud83e\ude91 Tabouret de bar hauteur comptoir Jayden d&#039;Armen Living<\/strong><\/p>\n<p data-mce-fragment=\"1\"><strong data-mce-fragment=\"1\">\ud83c\udff7\ufe0f Marque<\/strong>: Armen Living<br data-mce-fragment=\"1\"><strong data-mce-fragment=\"1\">\ud83d\udccf Dimensions du produit<\/strong>: 19\u2033P x 19\u2033L x 35\u2033H<br data-mce-fragment=\"1\"><strong data-mce-fragment=\"1\">\ud83c\udfa8 Couleur<\/strong>: Gris\/Noyer<br data-mce-fragment=\"1\"><strong data-mce-fragment=\"1\">\ud83d\udccf Taille<\/strong>: Hauteur du comptoir de 26 po<br data-mce-fragment=\"1\"><strong data-mce-fragment=\"1\">\ud83c\udfa8 Style<\/strong>: Bois de noyer<br data-mce-fragment=\"1\"><strong data-mce-fragment=\"1\">\ud83e\udeb5 Mat\u00e9riau du cadre<\/strong>: Bois<br data-mce-fragment=\"1\"><strong data-mce-fragment=\"1\">\ud83e\ude91 Mat\u00e9riau du si\u00e8ge<\/strong>: Faux cuir<br data-mce-fragment=\"1\"><strong data-mce-fragment=\"1\">\ud83d\udd32 Forme<\/strong>: En forme de U<br data-mce-fragment=\"1\"><strong data-mce-fragment=\"1\">\u2696\ufe0f Poids de l&#039;article<\/strong>: 11 livres<\/p>\n<p data-mce-fragment=\"1\"><strong data-mce-fragment=\"1\">\u00c0 propos de ce tabouret de bar \u00e9l\u00e9gant<\/strong><\/p>\n<ul data-mce-fragment=\"1\">\n<li data-mce-fragment=\"1\">\n<p data-mce-fragment=\"1\"><strong data-mce-fragment=\"1\">\ud83c\udf1f Mat\u00e9riaux de qualit\u00e9 sup\u00e9rieure<\/strong>:Fabriqu\u00e9 en similicuir et en bois de haute qualit\u00e9, le tabouret de bar Jayden offre \u00e0 la fois style et durabilit\u00e9 pour votre maison.<\/p>\n<\/li>\n<li data-mce-fragment=\"1\">\n<p data-mce-fragment=\"1\"><strong data-mce-fragment=\"1\">\ud83d\udd04 Pivotant \u00e0 360 degr\u00e9s<\/strong>: Profitez d&#039;une mobilit\u00e9 totale gr\u00e2ce \u00e0 la fonction pivotante \u00e0 360 degr\u00e9s du tabouret Jayden, offrant une facilit\u00e9 de mouvement et am\u00e9liorant votre exp\u00e9rience d&#039;assise globale.<\/p>\n<\/li>\n<li data-mce-fragment=\"1\">\n<p data-mce-fragment=\"1\"><strong data-mce-fragment=\"1\">\ud83d\udcaa Construit pour durer<\/strong>:Con\u00e7u avec une base solide en m\u00e9tal \u00e0 4 pieds, le tabouret Jayden assure la stabilit\u00e9 et une base solide, garantissant un confort et une durabilit\u00e9 durables.<\/p>\n<\/li>\n<li data-mce-fragment=\"1\">\n<p data-mce-fragment=\"1\"><strong data-mce-fragment=\"1\">\ud83c\udfa8 Pr\u00e9f\u00e9rences de couleur<\/strong>:Personnalisez votre tabouret pour qu&#039;il corresponde \u00e0 votre d\u00e9cor avec des options de finition en bois de noyer associ\u00e9 \u00e0 du similicuir gris ou marron, ou une finition noire avec du similicuir gris.<\/p>\n<\/li>\n<li data-mce-fragment=\"1\">\n<p data-mce-fragment=\"1\"><strong data-mce-fragment=\"1\">\ud83d\udecb\ufe0f Coussin plus \u00e9pais pour plus de confort<\/strong>:\u00c9quip\u00e9 d&#039;un coussin plus \u00e9pais en mousse haute densit\u00e9, le tabouret Jayden offre une assise extr\u00eamement confortable, offrant un endroit confortable pour se d\u00e9tendre.<\/p>\n<\/li>\n<li data-mce-fragment=\"1\">\n<p data-mce-fragment=\"1\"><strong data-mce-fragment=\"1\">\ud83d\udd70\ufe0f Design intemporel<\/strong>:Le tabouret de comptoir Jayden combine parfaitement l&#039;attrait moderne du milieu du si\u00e8cle avec des \u00e9l\u00e9ments de design intemporels, ce qui en fait un ajout polyvalent et durable \u00e0 tout style de d\u00e9coration int\u00e9rieure.<\/p>\n<\/li>\n<\/ul>\n<div><\/div>","protected":false},"excerpt":{"rendered":"<p>\ud83e\ude91 Armen Living Jayden Counter Height Bar Stool \ud83c\udff7\ufe0f Marque : Armen Living\ud83d\udccf Dimensions du produit : 19\u2033D x 19\u2033W x 35\u2033H\ud83c\udfa8 Couleur :<\/p>","protected":false},"featured_media":104637,"comment_status":"open","ping_status":"closed","template":"","meta":[],"product_brand":[],"product_cat":[30813,30826,30971,32],"product_tag":[],"class_list":{"0":"post-48083","1":"product","2":"type-product","3":"status-publish","4":"has-post-thumbnail","6":"product_cat-bar-stools","7":"product_cat-dining-room","8":"product_cat-hp","9":"product_cat-residential-furniture","11":"first","12":"instock","13":"sale","14":"taxable","15":"shipping-taxable","16":"purchasable","17":"product-type-variable"},"_links":{"self":[{"href":"https:\/\/nexgendecors.com\/fr\/wp-json\/wp\/v2\/product\/48083","targetHints":{"allow":["GET"]}}],"collection":[{"href":"https:\/\/nexgendecors.com\/fr\/wp-json\/wp\/v2\/product"}],"about":[{"href":"https:\/\/nexgendecors.com\/fr\/wp-json\/wp\/v2\/types\/product"}],"replies":[{"embeddable":true,"href":"https:\/\/nexgendecors.com\/fr\/wp-json\/wp\/v2\/comments?post=48083"}],"version-history":[{"count":0,"href":"https:\/\/nexgendecors.com\/fr\/wp-json\/wp\/v2\/product\/48083\/revisions"}],"wp:featuredmedia":[{"embeddable":true,"href":"https:\/\/nexgendecors.com\/fr\/wp-json\/wp\/v2\/media\/104637"}],"wp:attachment":[{"href":"https:\/\/nexgendecors.com\/fr\/wp-json\/wp\/v2\/media?parent=48083"}],"wp:term":[{"taxonomy":"product_brand","embeddable":true,"href":"https:\/\/nexgendecors.com\/fr\/wp-json\/wp\/v2\/product_brand?post=48083"},{"taxonomy":"product_cat","embeddable":true,"href":"https:\/\/nexgendecors.com\/fr\/wp-json\/wp\/v2\/product_cat?post=48083"},{"taxonomy":"product_tag","embeddable":true,"href":"https:\/\/nexgendecors.com\/fr\/wp-json\/wp\/v2\/product_tag?post=48083"}],"curies":[{"name":"wp","href":"https:\/\/api.w.org\/{rel}","templated":true}]}}