{"id":48090,"date":"2025-01-26T02:25:05","date_gmt":"2025-01-26T02:25:05","guid":{"rendered":"https:\/\/nexgendecors.com\/product\/armen-living-larisa-mid-century-modern-adjustable-height-swivel-walnut-wood-bar-stool-for-kitchen-island-counter-in-gray-faux-leather-with-black-metal1711879050094\/"},"modified":"2025-04-06T08:14:18","modified_gmt":"2025-04-06T08:14:18","slug":"tabouret-de-bar-pivotant-a-hauteur-reglable-armen-living-larisa-style-milieu-du-siecle-en-bois-de-noyer-pour-ilot-de-cuisine-en-similicuir-gris-et-metal-noir-1711879050094","status":"publish","type":"product","link":"https:\/\/nexgendecors.com\/fr\/product\/tabouret-de-bar-pivotant-a-hauteur-reglable-armen-living-larisa-style-milieu-du-siecle-en-bois-de-noyer-pour-ilot-de-cuisine-en-similicuir-gris-et-metal-noir-1711879050094\/","title":{"rendered":"Armen Living Larisa Tabouret de bar r\u00e9glable du milieu du si\u00e8cle"},"content":{"rendered":"<p data-mce-fragment=\"1\"><strong data-mce-fragment=\"1\">Tabouret de bar pivotant Armen Living \u00e0 hauteur r\u00e9glable<\/strong><\/p>\n<p data-mce-fragment=\"1\">\ud83c\udf1f <strong data-mce-fragment=\"1\">Principales caract\u00e9ristiques et sp\u00e9cifications<\/strong>:<\/p>\n<ul data-mce-fragment=\"1\">\n<li data-mce-fragment=\"1\">\n<p data-mce-fragment=\"1\"><strong data-mce-fragment=\"1\">Rev\u00eatement en similicuir de qualit\u00e9 sup\u00e9rieure<\/strong>:D\u00e9couvrez le luxe avec notre rev\u00eatement en similicuir de haute qualit\u00e9, offrant un look \u00e9l\u00e9gant et sophistiqu\u00e9 tout en garantissant durabilit\u00e9 et entretien facile. \ud83d\udecb\ufe0f<\/p>\n<\/li>\n<li data-mce-fragment=\"1\">\n<p data-mce-fragment=\"1\"><strong data-mce-fragment=\"1\">Fonction pivotante \u00e0 360 degr\u00e9s<\/strong>: Profitez d&#039;une glisse fluide gr\u00e2ce \u00e0 notre fonction pivotante \u00e0 360 degr\u00e9s. Que vous soyez en train de discuter avec vos invit\u00e9s ou de prendre un plat sur le comptoir, cette fonction pivotante offre un mouvement fluide et pratique. \ud83d\udd04<\/p>\n<\/li>\n<li data-mce-fragment=\"1\">\n<p data-mce-fragment=\"1\"><strong data-mce-fragment=\"1\">Hauteur r\u00e9glable<\/strong>Adaptez votre confort d&#039;assise \u00e0 votre convenance gr\u00e2ce \u00e0 notre levier de r\u00e9glage de la hauteur intuitif. Plac\u00e9 sous le si\u00e8ge, il permet un r\u00e9glage rapide et facile de la hauteur, adapt\u00e9 \u00e0 diff\u00e9rents utilisateurs et \u00e0 diff\u00e9rents r\u00e9glages.<\/p>\n<\/li>\n<li data-mce-fragment=\"1\">\n<p data-mce-fragment=\"1\"><strong data-mce-fragment=\"1\">Options de couleur<\/strong>:<\/p>\n<ul data-mce-fragment=\"1\">\n<li data-mce-fragment=\"1\">\n<strong data-mce-fragment=\"1\">Bois de noyer et m\u00e9tal noir<\/strong>:Finition en bois de noyer associ\u00e9e \u00e0 un m\u00e9tal noir \u00e9l\u00e9gant, disponible avec un rev\u00eatement en similicuir noir ou gris.<\/li>\n<li data-mce-fragment=\"1\">\n<strong data-mce-fragment=\"1\">Bronze noir et dor\u00e9<\/strong>: Une finition noire et bronze dor\u00e9 saisissante, compl\u00e9t\u00e9e par un rev\u00eatement en similicuir gris ou noir, au choix. Choisissez la combinaison qui correspond le mieux \u00e0 votre style de d\u00e9coration. \ud83c\udfa8<\/li>\n<\/ul>\n<\/li>\n<li data-mce-fragment=\"1\">\n<p data-mce-fragment=\"1\"><strong data-mce-fragment=\"1\">Application universelle<\/strong>Con\u00e7ue pour \u00eatre polyvalente, cette chaise de bar s&#039;int\u00e8gre parfaitement \u00e0 tous les espaces, que ce soit votre cuisine, votre bar ou votre salle \u00e0 manger. Son design intemporel et ses nombreuses options de couleurs lui permettent de s&#039;int\u00e9grer \u00e0 une multitude de styles d&#039;int\u00e9rieur.<\/p>\n<\/li>\n<li data-mce-fragment=\"1\">\n<p data-mce-fragment=\"1\"><strong data-mce-fragment=\"1\">Assurance qualit\u00e9<\/strong>Ayez l&#039;esprit tranquille gr\u00e2ce \u00e0 la garantie fabricant limit\u00e9e d&#039;un an d&#039;Armen Living. Cette garantie souligne notre engagement \u00e0 fournir des produits de qualit\u00e9 auxquels vous pourrez faire confiance et dont vous pourrez profiter pendant des ann\u00e9es. \ud83d\udee1\ufe0f<\/p>\n<\/li>\n<\/ul>\n<p data-mce-fragment=\"1\">Sublimez votre exp\u00e9rience d&#039;assise avec notre tabouret de bar pivotant Armen Living. Avec son rev\u00eatement en similicuir haut de gamme, son design polyvalent, sa hauteur r\u00e9glable et sa fonction pivotante fluide, ce tabouret de bar vous promet un confort et un style incomparables. Que vous organisiez un d\u00eener entre amis ou que vous savouriez un repas d\u00e9contract\u00e9, ce tabouret de bar est le compl\u00e9ment id\u00e9al \u00e0 votre int\u00e9rieur. \ud83c\udf1f\ud83c\udf77\ud83d\udd1d<\/p>\n<div><\/div>","protected":false},"excerpt":{"rendered":"<p>Armen Living Tabouret de bar pivotant \u00e0 hauteur r\u00e9glable \ud83c\udf1f Caract\u00e9ristiques principales et sp\u00e9cifications : Rembourrage en simili-cuir de premi\u00e8re qualit\u00e9 : D\u00e9couvrez le luxe avec ce tabouret de bar pivotant \u00e0 hauteur r\u00e9glable.<\/p>","protected":false},"featured_media":104662,"comment_status":"open","ping_status":"closed","template":"","meta":[],"product_brand":[],"product_cat":[30813,30826,30971,32],"product_tag":[],"class_list":{"0":"post-48090","1":"product","2":"type-product","3":"status-publish","4":"has-post-thumbnail","6":"product_cat-bar-stools","7":"product_cat-dining-room","8":"product_cat-hp","9":"product_cat-residential-furniture","11":"first","12":"instock","13":"sale","14":"taxable","15":"shipping-taxable","16":"purchasable","17":"product-type-variable"},"_links":{"self":[{"href":"https:\/\/nexgendecors.com\/fr\/wp-json\/wp\/v2\/product\/48090","targetHints":{"allow":["GET"]}}],"collection":[{"href":"https:\/\/nexgendecors.com\/fr\/wp-json\/wp\/v2\/product"}],"about":[{"href":"https:\/\/nexgendecors.com\/fr\/wp-json\/wp\/v2\/types\/product"}],"replies":[{"embeddable":true,"href":"https:\/\/nexgendecors.com\/fr\/wp-json\/wp\/v2\/comments?post=48090"}],"version-history":[{"count":0,"href":"https:\/\/nexgendecors.com\/fr\/wp-json\/wp\/v2\/product\/48090\/revisions"}],"wp:featuredmedia":[{"embeddable":true,"href":"https:\/\/nexgendecors.com\/fr\/wp-json\/wp\/v2\/media\/104662"}],"wp:attachment":[{"href":"https:\/\/nexgendecors.com\/fr\/wp-json\/wp\/v2\/media?parent=48090"}],"wp:term":[{"taxonomy":"product_brand","embeddable":true,"href":"https:\/\/nexgendecors.com\/fr\/wp-json\/wp\/v2\/product_brand?post=48090"},{"taxonomy":"product_cat","embeddable":true,"href":"https:\/\/nexgendecors.com\/fr\/wp-json\/wp\/v2\/product_cat?post=48090"},{"taxonomy":"product_tag","embeddable":true,"href":"https:\/\/nexgendecors.com\/fr\/wp-json\/wp\/v2\/product_tag?post=48090"}],"curies":[{"name":"wp","href":"https:\/\/api.w.org\/{rel}","templated":true}]}}