{"id":48145,"date":"2025-01-26T02:25:14","date_gmt":"2025-01-26T02:25:14","guid":{"rendered":"https:\/\/nexgendecors.com\/product\/armen-living-shelly-mid-century-faux-leather-swivel-kitchen-barstool-26-counter-height-cream1711877003001\/"},"modified":"2025-04-06T08:14:33","modified_gmt":"2025-04-06T08:14:33","slug":"tabouret-de-bar-pivotant-en-similicuir-armen-living-shelly-modele-mid-century-hauteur-comptoir-26-cm-couleur-creme-1711877003001","status":"publish","type":"product","link":"https:\/\/nexgendecors.com\/fr\/product\/tabouret-de-bar-pivotant-en-similicuir-armen-living-shelly-modele-mid-century-hauteur-comptoir-26-cm-couleur-creme-1711877003001\/","title":{"rendered":"Armen Living Tabouret de bar pivotant en simili-cuir cr\u00e8me Shelly"},"content":{"rendered":"<p data-mce-fragment=\"1\"><strong data-mce-fragment=\"1\">Tabouret de bar moderne Shelly d&#039;Armen Living du milieu du si\u00e8cle<\/strong><\/p>\n<p data-mce-fragment=\"1\"><strong data-mce-fragment=\"1\">\ud83d\udccf Dimensions du produit<\/strong>: 18\u2033P x 18\u2033L x 37\u2033H<br data-mce-fragment=\"1\"><strong data-mce-fragment=\"1\">\ud83c\udfa8 Couleur<\/strong>: Cr\u00e8me\/Noix<br data-mce-fragment=\"1\"><strong data-mce-fragment=\"1\">\ud83c\udff7\ufe0f Marque<\/strong>: Armen Living<br data-mce-fragment=\"1\"><strong data-mce-fragment=\"1\">\ud83d\udccf Taille<\/strong>: Hauteur du comptoir de 26 po<br data-mce-fragment=\"1\"><strong data-mce-fragment=\"1\">\ud83c\udfa8 Style<\/strong>: Bois de noyer<br data-mce-fragment=\"1\"><strong data-mce-fragment=\"1\">\ud83e\udeb5 Mat\u00e9riau du cadre<\/strong>: Bois<br data-mce-fragment=\"1\"><strong data-mce-fragment=\"1\">\ud83e\ude91 Mat\u00e9riau du si\u00e8ge<\/strong>: Faux cuir<br data-mce-fragment=\"1\"><strong data-mce-fragment=\"1\">\ud83d\udd32 Forme<\/strong>: Rond<br data-mce-fragment=\"1\"><strong data-mce-fragment=\"1\">\u2696\ufe0f Poids de l&#039;article<\/strong>: 16 livres<\/p>\n<p data-mce-fragment=\"1\"><strong data-mce-fragment=\"1\">\u00c0 propos de ce tabouret de bar \u00e9l\u00e9gant<\/strong><\/p>\n<ul data-mce-fragment=\"1\">\n<li data-mce-fragment=\"1\">\n<p data-mce-fragment=\"1\"><strong data-mce-fragment=\"1\">\ud83d\udd70\ufe0f \u00c9l\u00e9gance intemporelle<\/strong>:Combinant le charme moderne du milieu du si\u00e8cle avec une touche de glamour, le tabouret de bar Shelly d&#039;Armen Living rehausse le style de votre maison, s&#039;int\u00e9grant parfaitement \u00e0 n&#039;importe quel th\u00e8me de design.<\/p>\n<\/li>\n<li data-mce-fragment=\"1\">\n<p data-mce-fragment=\"1\"><strong data-mce-fragment=\"1\">\ud83d\udd04 Fonction pivotante in\u00e9gal\u00e9e<\/strong>:Con\u00e7u pour le confort et la mobilit\u00e9, le tabouret Shelly est dot\u00e9 d&#039;une fonction pivotante \u00e0 360 degr\u00e9s pour des changements de direction sans effort, ce qui le rend parfait pour la d\u00e9tente et la socialisation.<\/p>\n<\/li>\n<li data-mce-fragment=\"1\">\n<p data-mce-fragment=\"1\"><strong data-mce-fragment=\"1\">\ud83c\udfe0 Options de hauteur<\/strong>:Qu&#039;il s&#039;agisse d&#039;un \u00eelot de cuisine, d&#039;une table de bar ou d&#039;une p\u00e9ninsule, choisissez entre la hauteur du bar de 30 pouces ou la hauteur du comptoir de 26 pouces pour r\u00e9pondre parfaitement \u00e0 votre espace et \u00e0 vos besoins en mati\u00e8re de si\u00e8ges.<\/p>\n<\/li>\n<li data-mce-fragment=\"1\">\n<p data-mce-fragment=\"1\"><strong data-mce-fragment=\"1\">\ud83c\udfa8 Couleurs personnalisables<\/strong>:Disponible en finition bois de noyer avec rev\u00eatement en similicuir cr\u00e8me, gris ou marron pour un look chaleureux, ou en finition bois noir avec similicuir gris pour une touche moderne.<\/p>\n<\/li>\n<li data-mce-fragment=\"1\">\n<p data-mce-fragment=\"1\"><strong data-mce-fragment=\"1\">\ud83d\udecb\ufe0f Confort exceptionnel<\/strong>:Dossier et assise rembourr\u00e9s en mousse haute densit\u00e9, recouverts d&#039;un rev\u00eatement en similicuir souple. Le dossier ouvert assure une assise respirante, id\u00e9ale pour une utilisation prolong\u00e9e dans les cuisines, les bureaux, les bars ou les salons.<\/p>\n<\/li>\n<\/ul>\n<div><\/div>","protected":false},"excerpt":{"rendered":"<p>\ud83e\ude91 Armen Living Shelly Tabouret de bar moderne du milieu du si\u00e8cle \ud83d\udccf Dimensions du produit : 18\u2033D x 18\u2033W x 37\u2033H\ud83c\udfa8 Couleur : Cream\/Walnut\ud83c\udff7\ufe0f Marque : Armen<\/p>","protected":false},"featured_media":104777,"comment_status":"open","ping_status":"closed","template":"","meta":[],"product_brand":[],"product_cat":[30813,30826,30971,32],"product_tag":[],"class_list":{"0":"post-48145","1":"product","2":"type-product","3":"status-publish","4":"has-post-thumbnail","6":"product_cat-bar-stools","7":"product_cat-dining-room","8":"product_cat-hp","9":"product_cat-residential-furniture","11":"first","12":"instock","13":"sale","14":"taxable","15":"shipping-taxable","16":"purchasable","17":"product-type-variable"},"_links":{"self":[{"href":"https:\/\/nexgendecors.com\/fr\/wp-json\/wp\/v2\/product\/48145","targetHints":{"allow":["GET"]}}],"collection":[{"href":"https:\/\/nexgendecors.com\/fr\/wp-json\/wp\/v2\/product"}],"about":[{"href":"https:\/\/nexgendecors.com\/fr\/wp-json\/wp\/v2\/types\/product"}],"replies":[{"embeddable":true,"href":"https:\/\/nexgendecors.com\/fr\/wp-json\/wp\/v2\/comments?post=48145"}],"version-history":[{"count":0,"href":"https:\/\/nexgendecors.com\/fr\/wp-json\/wp\/v2\/product\/48145\/revisions"}],"wp:featuredmedia":[{"embeddable":true,"href":"https:\/\/nexgendecors.com\/fr\/wp-json\/wp\/v2\/media\/104777"}],"wp:attachment":[{"href":"https:\/\/nexgendecors.com\/fr\/wp-json\/wp\/v2\/media?parent=48145"}],"wp:term":[{"taxonomy":"product_brand","embeddable":true,"href":"https:\/\/nexgendecors.com\/fr\/wp-json\/wp\/v2\/product_brand?post=48145"},{"taxonomy":"product_cat","embeddable":true,"href":"https:\/\/nexgendecors.com\/fr\/wp-json\/wp\/v2\/product_cat?post=48145"},{"taxonomy":"product_tag","embeddable":true,"href":"https:\/\/nexgendecors.com\/fr\/wp-json\/wp\/v2\/product_tag?post=48145"}],"curies":[{"name":"wp","href":"https:\/\/api.w.org\/{rel}","templated":true}]}}