{"id":48156,"date":"2025-01-26T02:25:19","date_gmt":"2025-01-26T02:25:19","guid":{"rendered":"https:\/\/nexgendecors.com\/product\/art-chaojiang-horizon-sofa-villa-large-flat-leather-sofa-small-apartment-living-room-2024-new-leather-sofa\/"},"modified":"2025-04-06T08:14:43","modified_gmt":"2025-04-06T08:14:43","slug":"art-chaojiang-horizon-sofa-villa-large-flat-leather-sofa-small-apartment-living-room-2024-new-leather-sofa","status":"publish","type":"product","link":"https:\/\/nexgendecors.com\/fr\/product\/art-chaojiang-horizon-sofa-villa-large-flat-leather-sofa-small-apartment-living-room-2024-new-leather-sofa\/","title":{"rendered":"Canap\u00e9 en cuir Art Chaojiang Horizon pour salons modernes"},"content":{"rendered":"<ul>\n<li>\n<strong>Y a-t-il un espace de stockage ?<\/strong>:Non<\/li>\n<li>\n<strong>style<\/strong>:Luxe l\u00e9ger italien<\/li>\n<li>\n<strong>Assembler<\/strong>:Non<\/li>\n<li>\n<strong>La pr\u00e9vente est-elle disponible ?<\/strong>:Non<\/li>\n<li>\n<strong>Fonctionnalit\u00e9s suppl\u00e9mentaires<\/strong>:il peut bouger<\/li>\n<li>\n<strong>volume du colis<\/strong>:2<\/li>\n<li>\n<strong>Remplissage<\/strong>:\u00c9ponge \u00e0 haute r\u00e9silience<\/li>\n<li>\n<strong>Combinaison de canap\u00e9<\/strong>:droit<\/li>\n<li>\n<strong>Positionnement de style<\/strong>:Qualit\u00e9 Luxe<\/li>\n<li>\n<strong>Gamme de finitions en cuir<\/strong>:Surface de contact en cuir<\/li>\n<li>\n<strong>trier par couleur<\/strong>:[Upgraded 2.0mm S-grade leather with tumbled contact surface] [Full solid wood frame] [Upgraded 2.0mm S-grade leather with tumbled contact surface] [Full solid wood frame] [Time-added Maotai Feitian full green leather] [Full solid wood frame]<\/li>\n<li>\n<strong>marque<\/strong>:Artisan de tendance artistique<\/li>\n<li>\n<strong>mod\u00e8le<\/strong>:Horizon 5<\/li>\n<li>\n<strong>\u00e9l\u00e9ments populaires<\/strong>:Color matching elements with metal<\/li>\n<li>\n<strong>Mati\u00e8re cuir<\/strong>:Couche sup\u00e9rieure de cuir de vache<\/li>\n<li>\n<strong>taille<\/strong>:240x106x68cm 260x106x68cm 280x106x68cm 300x106x68cm 320x106x68cm 340x106x68cm 360x106x68cm 380x106x68cm 400x106x68cm 140x160x225cm<\/li>\n<li>\n<strong>Duret\u00e9 du remplissage<\/strong>:Duret\u00e9 et douceur mod\u00e9r\u00e9es<\/li>\n<li>\n<strong>Appropri\u00e9<\/strong>:Adultes<\/li>\n<li>\n<strong>Technologie structurelle<\/strong>:Artisanat du bois<\/li>\n<li>\n<strong>Technologie des structures en bois<\/strong>:mosaic<\/li>\n<li>\n<strong>Est-ce personnalisable ?<\/strong>:Non<\/li>\n<li>\n<strong>Mat\u00e9riel<\/strong>:Pin<\/li>\n<li>\n<strong>Instructions d&#039;installation d\u00e9taill\u00e9es<\/strong>:Installation par le ma\u00eetre<\/li>\n<li>\n<strong>mod\u00e8le<\/strong>:Art<\/li>\n<li>\n<strong>Un taxi est-il disponible pour le transport ?<\/strong>:Oui<\/li>\n<li>\n<strong>Livraison\/installation disponible<\/strong>:Foshan Zhengzhou Guiyang Guangzhou Fuzhou Harbin Xiamen Chongqing Changzhou Suzhou Xi&#039;an Shenzhen Nanjing Changsha P\u00e9kin Qingdao Wuxi Chengdu Shanghai Wuhan Nanning National Shenyang Dalian Taizhou Dongguan Tianjin Autre Jinhua Hangzhou Nanchang Ningbo Wenzhou<\/li>\n<li>\n<strong>Processus de finition du cuir<\/strong>:Gaufrage<\/li>\n<\/ul>\n<p><img><\/p>","protected":false},"excerpt":{"rendered":"<p>Y a-t-il un espace de rangement\u00a0? : non style\u00a0: luxe l\u00e9ger italien Assemblage\u00a0: non Pr\u00e9vente disponible\u00a0? : non Caract\u00e9ristiques suppl\u00e9mentaires\u00a0: il peut se d\u00e9placer volume du colis\u00a0: 2 Remplissage\u00a0: \u00e9ponge haute r\u00e9silience<\/p>","protected":false},"featured_media":104830,"comment_status":"open","ping_status":"closed","template":"","meta":[],"product_brand":[],"product_cat":[30971,30850],"product_tag":[],"class_list":{"0":"post-48156","1":"product","2":"type-product","3":"status-publish","4":"has-post-thumbnail","6":"product_cat-hp","7":"product_cat-wholesale-furniture","9":"first","10":"instock","11":"taxable","12":"shipping-taxable","13":"purchasable","14":"product-type-simple"},"_links":{"self":[{"href":"https:\/\/nexgendecors.com\/fr\/wp-json\/wp\/v2\/product\/48156","targetHints":{"allow":["GET"]}}],"collection":[{"href":"https:\/\/nexgendecors.com\/fr\/wp-json\/wp\/v2\/product"}],"about":[{"href":"https:\/\/nexgendecors.com\/fr\/wp-json\/wp\/v2\/types\/product"}],"replies":[{"embeddable":true,"href":"https:\/\/nexgendecors.com\/fr\/wp-json\/wp\/v2\/comments?post=48156"}],"version-history":[{"count":0,"href":"https:\/\/nexgendecors.com\/fr\/wp-json\/wp\/v2\/product\/48156\/revisions"}],"wp:featuredmedia":[{"embeddable":true,"href":"https:\/\/nexgendecors.com\/fr\/wp-json\/wp\/v2\/media\/104830"}],"wp:attachment":[{"href":"https:\/\/nexgendecors.com\/fr\/wp-json\/wp\/v2\/media?parent=48156"}],"wp:term":[{"taxonomy":"product_brand","embeddable":true,"href":"https:\/\/nexgendecors.com\/fr\/wp-json\/wp\/v2\/product_brand?post=48156"},{"taxonomy":"product_cat","embeddable":true,"href":"https:\/\/nexgendecors.com\/fr\/wp-json\/wp\/v2\/product_cat?post=48156"},{"taxonomy":"product_tag","embeddable":true,"href":"https:\/\/nexgendecors.com\/fr\/wp-json\/wp\/v2\/product_tag?post=48156"}],"curies":[{"name":"wp","href":"https:\/\/api.w.org\/{rel}","templated":true}]}}