{"id":48166,"date":"2025-01-26T02:25:26","date_gmt":"2025-01-26T02:25:26","guid":{"rendered":"https:\/\/nexgendecors.com\/product\/art-chaojiang-piano-key-sofa-villa-large-flat-living-room-free-combination-leather-sofa-first-layer-cowhide-designer\/"},"modified":"2025-04-06T08:14:55","modified_gmt":"2025-04-06T08:14:55","slug":"art-chaojiang-piano-key-sofa-villa-large-flat-living-room-free-combination-leather-sofa-first-layer-cowhide-designer","status":"publish","type":"product","link":"https:\/\/nexgendecors.com\/fr\/product\/art-chaojiang-piano-key-sofa-villa-large-flat-living-room-free-combination-leather-sofa-first-layer-cowhide-designer\/","title":{"rendered":"Canap\u00e9 en cuir design Art Chaojiang pour grands salons"},"content":{"rendered":"<ul>\n<li>\n<strong>marque<\/strong>:Artisan de tendance artistique<\/li>\n<li>\n<strong>mod\u00e8le<\/strong>:Piano keys black and white vertical<\/li>\n<li>\n<strong>\u00e9l\u00e9ments populaires<\/strong>:Buckle color matching metal<\/li>\n<li>\n<strong>Mati\u00e8re cuir<\/strong>:Couche sup\u00e9rieure de cuir de vache<\/li>\n<li>\n<strong>style<\/strong>:Luxe l\u00e9ger italien<\/li>\n<li>\n<strong>taille<\/strong>:272x106x62cm 292x106x62cm 312x106x62cm 332x106x62cm 372x106x62cm 332x186x62cm 372x226x62cm 412x226x62cm<\/li>\n<li>\n<strong>Assembler<\/strong>:Non<\/li>\n<li>\n<strong>Duret\u00e9 du remplissage<\/strong>:Duret\u00e9 et douceur mod\u00e9r\u00e9es<\/li>\n<li>\n<strong>Appropri\u00e9<\/strong>:Adultes<\/li>\n<li>\n<strong>La pr\u00e9vente est-elle disponible ?<\/strong>:Oui<\/li>\n<li>\n<strong>volume du colis<\/strong>:1<\/li>\n<li>\n<strong>Remplissage<\/strong>:\u00e9ponge<\/li>\n<li>\n<strong>Est-ce personnalisable ?<\/strong>:Non<\/li>\n<li>\n<strong>Combinaison de canap\u00e9<\/strong>:droit<\/li>\n<li>\n<strong>Mat\u00e9riel<\/strong>:Pin<\/li>\n<li>\n<strong>Instructions d&#039;installation d\u00e9taill\u00e9es<\/strong>:Installation par le ma\u00eetre<\/li>\n<li>\n<strong>Nombre de personnes applicable<\/strong>:combinaison<\/li>\n<li>\n<strong>Un taxi est-il disponible pour le transport ?<\/strong>:Oui<\/li>\n<li>\n<strong>Positionnement de style<\/strong>:Qualit\u00e9 Luxe<\/li>\n<li>\n<strong>Gamme de finitions en cuir<\/strong>:Surface de contact en cuir<\/li>\n<li>\n<strong>trier par couleur<\/strong>:First layer of leather [Fashion Edition] Contact surface leather + 45D high resilience sponge + manganese steel spring + solid wood feet 30% of users choose first layer of leather [Deluxe Edition] Contact surface leather + washed latex + 45D high resilience sponge + manganese steel spring + gray titanium bottom frame 70% of users choose first layer of leather [Ultimate Edition] Full leather + washed latex + 45D high resilience sponge + manganese steel spring + gray titanium bottom frame 70% of users choose [Support customized color and size] [Middle cabinet 500 yuan]<\/li>\n<\/ul>\n<p><img><\/p>","protected":false},"excerpt":{"rendered":"<p>Marque : Art Trend Craftsman Mod\u00e8le : Touches de piano verticales noires et blanches \u00c9l\u00e9ments populaires : Boucle en m\u00e9tal de couleur assortie Mat\u00e9riau du cuir : Couche sup\u00e9rieure en cuir de vache Style : Italien<\/p>","protected":false},"featured_media":104855,"comment_status":"open","ping_status":"closed","template":"","meta":[],"product_brand":[],"product_cat":[30971,30850],"product_tag":[],"class_list":{"0":"post-48166","1":"product","2":"type-product","3":"status-publish","4":"has-post-thumbnail","6":"product_cat-hp","7":"product_cat-wholesale-furniture","9":"first","10":"instock","11":"taxable","12":"shipping-taxable","13":"purchasable","14":"product-type-simple"},"_links":{"self":[{"href":"https:\/\/nexgendecors.com\/fr\/wp-json\/wp\/v2\/product\/48166","targetHints":{"allow":["GET"]}}],"collection":[{"href":"https:\/\/nexgendecors.com\/fr\/wp-json\/wp\/v2\/product"}],"about":[{"href":"https:\/\/nexgendecors.com\/fr\/wp-json\/wp\/v2\/types\/product"}],"replies":[{"embeddable":true,"href":"https:\/\/nexgendecors.com\/fr\/wp-json\/wp\/v2\/comments?post=48166"}],"version-history":[{"count":0,"href":"https:\/\/nexgendecors.com\/fr\/wp-json\/wp\/v2\/product\/48166\/revisions"}],"wp:featuredmedia":[{"embeddable":true,"href":"https:\/\/nexgendecors.com\/fr\/wp-json\/wp\/v2\/media\/104855"}],"wp:attachment":[{"href":"https:\/\/nexgendecors.com\/fr\/wp-json\/wp\/v2\/media?parent=48166"}],"wp:term":[{"taxonomy":"product_brand","embeddable":true,"href":"https:\/\/nexgendecors.com\/fr\/wp-json\/wp\/v2\/product_brand?post=48166"},{"taxonomy":"product_cat","embeddable":true,"href":"https:\/\/nexgendecors.com\/fr\/wp-json\/wp\/v2\/product_cat?post=48166"},{"taxonomy":"product_tag","embeddable":true,"href":"https:\/\/nexgendecors.com\/fr\/wp-json\/wp\/v2\/product_tag?post=48166"}],"curies":[{"name":"wp","href":"https:\/\/api.w.org\/{rel}","templated":true}]}}